{"id":9569,"date":"2021-01-13T14:57:54","date_gmt":"2021-01-13T13:57:54","guid":{"rendered":"https:\/\/www.delta-box.com\/es\/?page_id=9569"},"modified":"2021-06-09T11:47:54","modified_gmt":"2021-06-09T09:47:54","slug":"aplicacion-helipuerto","status":"publish","type":"page","link":"https:\/\/www.delta-box.com\/es\/aplicaciones\/balizaje-helipuerto","title":{"rendered":"Balizaje para Helipuerto"},"content":{"rendered":"<style type=\"text\/css\"> \n#cmsmasters_row_69fbf56c024c0 .cmsmasters_row_outer_parent { \n\tpadding-top: 0px; \n} \n\n#cmsmasters_row_69fbf56c024c0 .cmsmasters_row_outer_parent { \n\tpadding-bottom: 10px; \n} \n\n \n#cmsmasters_heading_69fbf56c02730 { \n\ttext-align:left; \n\tmargin-top:0px; \n\tmargin-bottom:0px; \n} \n\n#cmsmasters_heading_69fbf56c02730 .cmsmasters_heading { \n\ttext-align:left; \n} \n\n#cmsmasters_heading_69fbf56c02730 .cmsmasters_heading, #cmsmasters_heading_69fbf56c02730 .cmsmasters_heading a { \n\tfont-family:'Montserrat'; \n\tfont-size:15px; \n\tfont-weight:600; \n\tfont-style:normal; \n\tcolor:#f84e57;\n} \n\n#cmsmasters_heading_69fbf56c02730 .cmsmasters_heading_divider { \n} \n\n \n#cmsmasters_heading_69fbf56c02765 { \n\ttext-align:left; \n\tmargin-top:0px; \n\tmargin-bottom:20px; \n} \n\n#cmsmasters_heading_69fbf56c02765 .cmsmasters_heading { \n\ttext-align:left; \n} \n\n#cmsmasters_heading_69fbf56c02765 .cmsmasters_heading, #cmsmasters_heading_69fbf56c02765 .cmsmasters_heading a { \n\tfont-size:20px; \n\tfont-weight:600; \n\tfont-style:normal; \n\tcolor:#454545;\n} \n\n#cmsmasters_heading_69fbf56c02765 .cmsmasters_heading_divider { \n} \n\n \n#cmsmasters_row_69fbf56c02844 .cmsmasters_row_outer_parent { \n\tpadding-top: 30px; \n} \n\n#cmsmasters_row_69fbf56c02844 .cmsmasters_row_outer_parent { \n\tpadding-bottom: 10px; \n} \n\n \n#cmsmasters_row_69fbf56c02994 .cmsmasters_row_outer_parent { \n\tpadding-top: 0px; \n} \n\n#cmsmasters_row_69fbf56c02994 .cmsmasters_row_outer_parent { \n\tpadding-bottom: 50px; \n} \n\n \n#cmsmasters_row_69fbf56c02d23 .cmsmasters_row_outer_parent { \n\tpadding-top: 0px; \n} \n\n#cmsmasters_row_69fbf56c02d23 .cmsmasters_row_outer_parent { \n\tpadding-bottom: 50px; \n} \n\n \n#cmsmasters_row_69fbf56c03243 .cmsmasters_row_outer_parent { \n\tpadding-top: 30px; \n} \n\n#cmsmasters_row_69fbf56c03243 .cmsmasters_row_outer_parent { \n\tpadding-bottom: 10px; \n} \n\n \n#cmsmasters_row_69fbf56c032f3 .cmsmasters_row_outer_parent { \n\tpadding-top: 30px; \n} \n\n#cmsmasters_row_69fbf56c032f3 .cmsmasters_row_outer_parent { \n\tpadding-bottom: 10px; \n} \n\n \n#cmsmasters_row_69fbf56c03347 .cmsmasters_row_outer_parent { \n\tpadding-top: 0px; \n} \n\n#cmsmasters_row_69fbf56c03347 .cmsmasters_row_outer_parent { \n\tpadding-bottom: 50px; \n} \n\n<\/style><div id=\"cmsmasters_row_69fbf56c024c0\" class=\"cmsmasters_row cmsmasters_color_scheme_default general-title cmsmasters_row_top_default cmsmasters_row_bot_default cmsmasters_row_boxed\">\n<div class=\"cmsmasters_row_outer_parent\">\n<div class=\"cmsmasters_row_outer\">\n<div class=\"cmsmasters_row_inner\">\n<div class=\"cmsmasters_row_margin\">\n<div class=\"cmsmasters_column one_first\">\n\n<div id=\"cmsmasters_heading_69fbf56c02730\" class=\"cmsmasters_heading_wrap cmsmasters_heading_align_left\">\n\t<h3 class=\"cmsmasters_heading\">Aplicaciones<\/h3>\n<\/div>\n<div id=\"cmsmasters_heading_69fbf56c02765\" class=\"cmsmasters_heading_wrap cmsmasters_heading_align_left\">\n\t<h1 class=\"cmsmasters_heading\">Balizaje para Helipuerto<\/h1>\n<\/div>\n<\/div>\n<\/div>\n<\/div>\n<\/div>\n<\/div>\n<\/div>\n<div id=\"cmsmasters_row_69fbf56c02844\" class=\"cmsmasters_row cmsmasters_color_scheme_default db-modifh2 cmsmasters_row_top_default cmsmasters_row_bot_default cmsmasters_row_boxed\">\n<div class=\"cmsmasters_row_outer_parent\">\n<div class=\"cmsmasters_row_outer\">\n<div class=\"cmsmasters_row_inner\">\n<div class=\"cmsmasters_row_margin\">\n<div class=\"cmsmasters_column one_half\">\n<div class=\"cmsmasters_text title-icon title-icon-light\">\n<h2>Faros empotrados para <span style=\"color: #f1363d;\">balizaje de per\u00edmetro (1-2)<\/span><\/h2>\n<\/div>\n<div class=\"cmsmasters_text\">\n<p>Las balizas de per\u00edmetro no deben ser mas altas que 25cm y deben ser empotradas si los faros en la pista se consideran como obst\u00e1culo para las operaci\u00f3n de despegue. Sobre un helipuerto elevado las zonas FATO y TLOF pueden coincidir.<\/p>\n<p>Estas balizas sirven para :<\/p>\n<ul>\n<li>Balizar la TLOF (verde)<\/li>\n<li>Balizar la FATO (blanco)<\/li>\n<li>Balizar las marcas de punta (blanco)<\/li>\n<li>Indicar una direcci\u00f3n<\/li>\n<\/ul>\n<p><img loading=\"lazy\" class=\"alignnone size-full wp-image-9346\" src=\"https:\/\/www.delta-box.com\/wp-content\/uploads\/2020\/12\/delta-box-feux-encastres-balisage.png\" alt=\"delta-box-feux-encastres-balisage\" width=\"137\" height=\"86\" \/><\/p>\n<\/div>\n<\/div>\n<div class=\"cmsmasters_column one_half\">\n<div class=\"cmsmasters_text title-icon title-icon-light\">\n<h2>Reflectores ras de suelo para <span style=\"color: #f1363d;\">iluminaci\u00f3n de la TLOF (3)<\/span><\/h2>\n<\/div>\n<div class=\"cmsmasters_text\">\n<p>Los reflectores de \u00e1reas de toma de contacto y elevaci\u00f3n deben estar posicionado de manera a evitar el deslumbramiento de los pilotos durante el vuelo, o del personal que trabaja en la zona.<br \/>\nLos reflectores no pueden ser mas alto que 25cm de altura cuando est\u00e1n ubicados dentro la zona de seguridad de un helipuerto y deben ser frangibles. De iluminaci\u00f3n blanca, el nivel medio de luminosidad de los reflectores deber ser al por menos de 10 lux.<\/p>\n<p><img loading=\"lazy\" class=\"alignnone size-full wp-image-9347\" src=\"https:\/\/www.delta-box.com\/wp-content\/uploads\/2020\/12\/delta-box-projecteur-rasant.png\" alt=\"delta-box-projecteur-rasant\" width=\"135\" height=\"92\" \/><\/p>\n<\/div>\n<\/div>\n<\/div>\n<\/div>\n<\/div>\n<\/div>\n<\/div>\n<div id=\"cmsmasters_row_69fbf56c02994\" class=\"cmsmasters_row cmsmasters_color_scheme_default app-general-visu db-helicoplan cmsmasters_row_top_default cmsmasters_row_bot_default cmsmasters_row_boxed\">\n<div class=\"cmsmasters_row_outer_parent\">\n<div class=\"cmsmasters_row_outer\">\n<div class=\"cmsmasters_row_inner\">\n<div class=\"cmsmasters_row_margin\">\n<div class=\"cmsmasters_column one_first\">\n<div class=\"cmsmasters_img  cmsmasters_image_n\">\n<a href=\"https:\/\/www.delta-box.com\/es\/wp-content\/uploads\/sites\/3\/2021\/03\/delta-box-plan-organisation-equipement-helistation-1.png\"><img src=\"https:\/\/www.delta-box.com\/es\/wp-content\/uploads\/sites\/3\/2021\/03\/delta-box-plan-organisation-equipement-helistation-1.png\" alt=\"Deltabox Sch\u00e9ma application h\u00e9listation\" \/><\/a>\n<\/div>\n<\/div>\n<\/div>\n<\/div>\n<\/div>\n<\/div>\n<\/div>\n<div id=\"cmsmasters_row_69fbf56c02d23\" class=\"cmsmasters_row cmsmasters_color_scheme_default db-resprm cmsmasters_row_top_default cmsmasters_row_bot_default cmsmasters_row_boxed\">\n<div class=\"cmsmasters_row_outer_parent\">\n<div class=\"cmsmasters_row_outer\">\n<div class=\"cmsmasters_row_inner\">\n<div class=\"cmsmasters_row_margin\">\n<div class=\"cmsmasters_column one_half db-heli-mat\">\n<div class=\"cmsmasters_text only-show-desktop\">\n<p><img loading=\"lazy\" class=\"alignnone size-full wp-image-9349\" src=\"https:\/\/www.delta-box.com\/wp-content\/uploads\/2020\/12\/delta-box-indicateurs-visuels-pente-approche-hapi.png\" alt=\"delta-box-indicateurs-visuels-pente-approche-hapi\" width=\"124\" height=\"130\" \/><\/p>\n<\/div>\n<\/div>\n<div class=\"cmsmasters_column one_half db-heli-mat\">\n<div class=\"cmsmasters_img  cmsmasters_image_n only-show-desktop\">\n<img src=\"\" alt=\"\" \/>\n<\/div>\n<\/div>\n<\/div>\n<\/div>\n<\/div>\n<\/div>\n<\/div>\n<div id=\"cmsmasters_row_69fbf56c03243\" class=\"cmsmasters_row cmsmasters_color_scheme_default app-tp-last db-modifh2 cmsmasters_row_top_default cmsmasters_row_bot_default cmsmasters_row_boxed\">\n<div class=\"cmsmasters_row_outer_parent\">\n<div class=\"cmsmasters_row_outer\">\n<div class=\"cmsmasters_row_inner\">\n<div class=\"cmsmasters_row_margin\">\n<div class=\"cmsmasters_column one_half\">\n<div class=\"cmsmasters_text title-icon title-icon-light\">\n<h2>Indicador visual <span style=\"color: #f1363d;\">de aproximaci\u00f3n (4)<\/span><\/h2>\n<\/div>\n<div class=\"cmsmasters_text\">\n<p>El faro HAPI representa una ayuda visual que indica al pilote su posici\u00f3n en relaci\u00f3n a la senda de planeo definida para el helipuerto considerado.<\/p>\n<\/div>\n<\/div>\n<div class=\"cmsmasters_column one_half db-modiftoppad db-modifvent\">\n<div class=\"cmsmasters_text title-icon title-icon-vent\">\n<h2 class=\"dbnoth2th\">M\u00e1stil <span style=\"color: #f1363d;\">indicador de viento (5)<\/span><\/h2>\n<\/div>\n<div class=\"cmsmasters_text\">\n<p>Un helipuerto debe equiparse de por lo menos un m\u00e1stil indicador de viento. El m\u00e1stil indicador de viento tiene que estar ubicado de manera a indicar las condiciones meteorol\u00f3gicas al nivel de la FATO y de la TLOF sin estar molestado por los movimientos de aire<br \/>\nprovocados por las alas del helic\u00f3ptero. Debe ser visible por el piloto cuando se acerca del helipuerto.<br \/>\nEn el caso de un helipuerto que puede estar utilizado por la noche, el m\u00e1stil indicador de viento debe estar iluminado con un sistema de iluminaci\u00f3n de la manga de viento y una baliza de obstrucci\u00f3n en su cima.<\/p>\n<\/div>\n<\/div>\n<\/div>\n<\/div>\n<\/div>\n<\/div>\n<\/div>\n<div id=\"cmsmasters_row_69fbf56c032f3\" class=\"cmsmasters_row cmsmasters_color_scheme_default app-tp-last db-info-sgl-one db-mt-zero db-modifh2 cmsmasters_row_top_default cmsmasters_row_bot_default cmsmasters_row_boxed\">\n<div class=\"cmsmasters_row_outer_parent\">\n<div class=\"cmsmasters_row_outer\">\n<div class=\"cmsmasters_row_inner\">\n<div class=\"cmsmasters_row_margin\">\n<div class=\"cmsmasters_column one_half\">\n<div class=\"cmsmasters_text title-icon title-icon-light\">\n<h2>Faros empotrados para <span style=\"color: #f1363d;\">calles de rodaje (6)<\/span><\/h2>\n<\/div>\n<div class=\"cmsmasters_text\">\n<p>Las balizas de para calles de rodaje no deben ser mas altas que 25cm y deben ser empotradas si los faros en la pista se consideran como obst\u00e1culo para las operaci\u00f3n de despegue. Deben estar de color azul y permiten indicar el sentido de circulaci\u00f3n de los aparatos.<\/p>\n<\/div>\n<\/div>\n<div class=\"cmsmasters_column one_half\">\n<\/div>\n<\/div>\n<\/div>\n<\/div>\n<\/div>\n<\/div>\n<div id=\"cmsmasters_row_69fbf56c03347\" class=\"cmsmasters_row cmsmasters_color_scheme_default section-info-supp cmsmasters_row_top_default cmsmasters_row_bot_default cmsmasters_row_boxed\">\n<div class=\"cmsmasters_row_outer_parent\">\n<div class=\"cmsmasters_row_outer\">\n<div class=\"cmsmasters_row_inner\">\n<div class=\"cmsmasters_row_margin\">\n<div class=\"cmsmasters_column one_half\">\n<div class=\"cmsmasters_text\">\n<p class=\"bloc-info-supp\">Tambi\u00e9n proponemos<\/p>\n<div class=\"row-info-supp\"><img src=\"http:\/\/www.delta-box.com\/wp-content\/uploads\/2017\/07\/delta-box_applications_balisage-info-supplementaire-picto-solaire.jpg\" alt=\"delta-box_applications_balisage-info-supplementaire-picto-solaire\" \/><br \/>\nEstaci\u00f3n solar adaptada al lugar de instalaci\u00f3n para todo tipo de equipamiento<\/div>\n<div class=\"row-info-supp\"><img src=\"https:\/\/www.delta-box.com\/wp-content\/uploads\/2020\/12\/db-dimming-feux.jpg\" alt=\"delta-box_applications_balisage-info-supplementaire-picto-remorque\" \/><br \/>\nOptc\u00f3n de &#8220;dimming&#8221; de los faros empotrados (variaci\u00f3n de la intensidad luminosa &#8211; 10, 30, 100%)<\/div>\n<div class=\"row-info-supp\"><img src=\"https:\/\/www.delta-box.com\/wp-content\/uploads\/2020\/12\/db-systeme-allumage-distance.jpg\" alt=\"delta-box_applications_balisage-info-supplementaire-picto-remorque\" \/><br \/>\nSistema de ignici\u00f3n remota con PCL (Pilot Control Lighting)<\/div>\n<\/div>\n<\/div>\n<div class=\"cmsmasters_column one_half\">\n<div class=\"cmsmasters_text db-textpad\">\n<div class=\"row-info-supp\"><img src=\"http:\/\/www.delta-box.com\/en\/wp-content\/uploads\/sites\/2\/2017\/08\/delta-box_applications_warning-light-info-extra-picto-synchronization.jpg\" alt=\"delta-box_applications_warning-light-info-extra-picto-synchronization\" \/><br \/>\nBalizaje port\u00e1til para helipuerto<\/div>\n<div class=\"row-info-supp\"><img src=\"https:\/\/www.delta-box.com\/wp-content\/uploads\/2020\/12\/db-systeme-armoire-controle.jpg\" alt=\"delta-box_applications_balisage-info-supplementaire-picto-remorque\" \/><br \/>\nGabinete de control<\/div>\n<\/div>\n<\/div>\n<\/div>\n<\/div>\n<\/div>\n<\/div>\n<\/div>\n","protected":false},"excerpt":{"rendered":"","protected":false},"author":4,"featured_media":9682,"parent":0,"menu_order":0,"comment_status":"closed","ping_status":"closed","template":"page-produits.php","meta":[],"yoast_head":"<!-- This site is optimized with the Yoast SEO plugin v15.2 - https:\/\/yoast.com\/wordpress\/plugins\/seo\/ -->\n<title>Balizaje para Helipuerto - DeltaBox (ES)<\/title>\n<meta name=\"description\" content=\"Delta Box provee soluciones completas para el balizamiento de helipuertos. Faros empotrados para zonas TLOF y FATO, indicadores de viento...\" \/>\n<meta name=\"robots\" content=\"index, follow, max-snippet:-1, max-image-preview:large, max-video-preview:-1\" \/>\n<link rel=\"canonical\" href=\"https:\/\/www.delta-box.com\/es\/aplicaciones\/balizaje-helipuerto\/\" \/>\n<meta property=\"og:locale\" content=\"es_ES\" \/>\n<meta property=\"og:type\" content=\"article\" \/>\n<meta property=\"og:title\" content=\"Balizaje para Helipuerto - DeltaBox (ES)\" \/>\n<meta property=\"og:description\" content=\"Delta Box provee soluciones completas para el balizamiento de helipuertos. Faros empotrados para zonas TLOF y FATO, indicadores de viento...\" \/>\n<meta property=\"og:url\" content=\"https:\/\/www.delta-box.com\/es\/aplicaciones\/balizaje-helipuerto\/\" \/>\n<meta property=\"og:site_name\" content=\"DeltaBox (ES)\" \/>\n<meta property=\"article:modified_time\" content=\"2021-06-09T09:47:54+00:00\" \/>\n<meta property=\"og:image\" content=\"https:\/\/www.delta-box.com\/es\/wp-content\/uploads\/sites\/3\/2021\/03\/delta-box-plan-organisation-equipement-helistation-1.png\" \/>\n\t<meta property=\"og:image:width\" content=\"983\" \/>\n\t<meta property=\"og:image:height\" content=\"586\" \/>\n<meta name=\"twitter:card\" content=\"summary_large_image\" \/>\n<meta name=\"twitter:label1\" value=\"Escrito por\">\n\t<meta name=\"twitter:data1\" value=\"nicolasdeltabox\">\n\t<meta name=\"twitter:label2\" value=\"Tiempo de lectura\">\n\t<meta name=\"twitter:data2\" value=\"4 minutos\">\n<script type=\"application\/ld+json\" class=\"yoast-schema-graph\">{\"@context\":\"https:\/\/schema.org\",\"@graph\":[{\"@type\":\"WebSite\",\"@id\":\"https:\/\/www.delta-box.com\/es\/#website\",\"url\":\"https:\/\/www.delta-box.com\/es\/\",\"name\":\"DeltaBox (ES)\",\"description\":\"Un site utilisant WordPress\",\"potentialAction\":[{\"@type\":\"SearchAction\",\"target\":\"https:\/\/www.delta-box.com\/es\/?s={search_term_string}\",\"query-input\":\"required name=search_term_string\"}],\"inLanguage\":\"es\"},{\"@type\":\"ImageObject\",\"@id\":\"https:\/\/www.delta-box.com\/es\/aplicaciones\/balizaje-helipuerto\/#primaryimage\",\"inLanguage\":\"es\",\"url\":\"https:\/\/www.delta-box.com\/es\/wp-content\/uploads\/sites\/3\/2021\/03\/delta-box-plan-organisation-equipement-helistation-1.png\",\"width\":983,\"height\":586,\"caption\":\"Deltabox Sch\\u00e9ma application h\\u00e9listation\"},{\"@type\":\"WebPage\",\"@id\":\"https:\/\/www.delta-box.com\/es\/aplicaciones\/balizaje-helipuerto\/#webpage\",\"url\":\"https:\/\/www.delta-box.com\/es\/aplicaciones\/balizaje-helipuerto\/\",\"name\":\"Balizaje para Helipuerto - DeltaBox (ES)\",\"isPartOf\":{\"@id\":\"https:\/\/www.delta-box.com\/es\/#website\"},\"primaryImageOfPage\":{\"@id\":\"https:\/\/www.delta-box.com\/es\/aplicaciones\/balizaje-helipuerto\/#primaryimage\"},\"datePublished\":\"2021-01-13T13:57:54+00:00\",\"dateModified\":\"2021-06-09T09:47:54+00:00\",\"description\":\"Delta Box provee soluciones completas para el balizamiento de helipuertos. Faros empotrados para zonas TLOF y FATO, indicadores de viento...\",\"breadcrumb\":{\"@id\":\"https:\/\/www.delta-box.com\/es\/aplicaciones\/balizaje-helipuerto\/#breadcrumb\"},\"inLanguage\":\"es\",\"potentialAction\":[{\"@type\":\"ReadAction\",\"target\":[\"https:\/\/www.delta-box.com\/es\/aplicaciones\/balizaje-helipuerto\/\"]}]},{\"@type\":\"BreadcrumbList\",\"@id\":\"https:\/\/www.delta-box.com\/es\/aplicaciones\/balizaje-helipuerto\/#breadcrumb\",\"itemListElement\":[{\"@type\":\"ListItem\",\"position\":1,\"item\":{\"@type\":\"WebPage\",\"@id\":\"https:\/\/www.delta-box.com\/es\/\",\"url\":\"https:\/\/www.delta-box.com\/es\/\",\"name\":\"Inicio\"}},{\"@type\":\"ListItem\",\"position\":2,\"item\":{\"@type\":\"WebPage\",\"@id\":\"https:\/\/www.delta-box.com\/es\/aplicaciones\/balizaje-helipuerto\/\",\"url\":\"https:\/\/www.delta-box.com\/es\/aplicaciones\/balizaje-helipuerto\/\",\"name\":\"Balizaje para Helipuerto\"}}]}]}<\/script>\n<!-- \/ Yoast SEO plugin. -->","_links":{"self":[{"href":"https:\/\/www.delta-box.com\/es\/wp-json\/wp\/v2\/pages\/9569"}],"collection":[{"href":"https:\/\/www.delta-box.com\/es\/wp-json\/wp\/v2\/pages"}],"about":[{"href":"https:\/\/www.delta-box.com\/es\/wp-json\/wp\/v2\/types\/page"}],"author":[{"embeddable":true,"href":"https:\/\/www.delta-box.com\/es\/wp-json\/wp\/v2\/users\/4"}],"replies":[{"embeddable":true,"href":"https:\/\/www.delta-box.com\/es\/wp-json\/wp\/v2\/comments?post=9569"}],"version-history":[{"count":16,"href":"https:\/\/www.delta-box.com\/es\/wp-json\/wp\/v2\/pages\/9569\/revisions"}],"predecessor-version":[{"id":9735,"href":"https:\/\/www.delta-box.com\/es\/wp-json\/wp\/v2\/pages\/9569\/revisions\/9735"}],"wp:featuredmedia":[{"embeddable":true,"href":"https:\/\/www.delta-box.com\/es\/wp-json\/wp\/v2\/media\/9682"}],"wp:attachment":[{"href":"https:\/\/www.delta-box.com\/es\/wp-json\/wp\/v2\/media?parent=9569"}],"curies":[{"name":"wp","href":"https:\/\/api.w.org\/{rel}","templated":true}]}}