{"id":9566,"date":"2020-12-07T16:08:24","date_gmt":"2020-12-07T15:08:24","guid":{"rendered":"https:\/\/www.delta-box.com\/es\/?page_id=9566"},"modified":"2020-12-07T16:08:24","modified_gmt":"2020-12-07T15:08:24","slug":"politica-de-confidencialidad","status":"publish","type":"page","link":"https:\/\/www.delta-box.com\/es\/politica-de-confidencialidad\/","title":{"rendered":"Pol\u00edtica de confidencialidad"},"content":{"rendered":"<style type=\"text\/css\"> \n#cmsmasters_row_69f5c1de5aa4c .cmsmasters_row_outer_parent { \n\tpadding-top: 0px; \n} \n\n#cmsmasters_row_69f5c1de5aa4c .cmsmasters_row_outer_parent { \n\tpadding-bottom: 50px; \n} \n\n<\/style><div id=\"cmsmasters_row_69f5c1de5aa4c\" class=\"cmsmasters_row cmsmasters_color_scheme_default cmsmasters_row_top_default cmsmasters_row_bot_default cmsmasters_row_boxed\">\n<div class=\"cmsmasters_row_outer_parent\">\n<div class=\"cmsmasters_row_outer\">\n<div class=\"cmsmasters_row_inner\">\n<div class=\"cmsmasters_row_margin\">\n<div class=\"cmsmasters_column one_first mentions-rgpd\">\n<div class=\"cmsmasters_text\">\n<h2>PROTECCI\u00d3N Y SEGURIDAD DE LOS DATOS PERSONALES<\/h2>\n<p>El internauta puede verse obligado a proporcionar voluntariamente algunos datos personales respondiendo a los formularios (contacto) que se ofrecen en el sitio. Estos datos son necesarios para el tratamiento de la solicitud del internauta por DELTA BOX SA.<\/p>\n<p>La empresa Delta Box cumple con las disposiciones del reglamento (UE)2016\/679 del Parlamento Europeo y del Consejo de 27 de abril de 2016, denominado \u00abRGPD\u00bb relativo a la protecci\u00f3n de las personas f\u00edsicas con respecto al tratamiento de datos personales y a la circulaci\u00f3n libre de estos datos y a las disposiciones de la Ley Inform\u00e1tica y Libertad n\u00b078-17 de 6 de enero de 1978 (modificada el 6 de agosto de 2004).<\/p>\n<p>La empresa Delta Box es responsable del tratamiento de sus datos personales y se compromete en virtud de su obligaci\u00f3n de medios, tomar todas precauciones necesarias y aplicar las medidas t\u00e9cnicas y organizativas adecuadas para garantizar un nivel de seguridad adaptado y proteger los datos personales de los internautas contra las alteraciones, destrucciones y acceso no autorizado.<\/p>\n<h3>\u00bfQu\u00e9 datos personales tratamos?<\/h3>\n<p>Recogemos y utilizamos \u00fanicamente los datos personales necesarios para nuestra actividad para ofrecerle productos comerciales, servicios personalizados y de calidad. Podemos verse obligado a recopilar diferentes categor\u00edas de datos personales de su parte, por ejemplo:<\/p>\n<ul>\n<li>Informaci\u00f3n de identificaci\u00f3n y contacto (apellido, nombre, direcci\u00f3n postal y electr\u00f3nica, n\u00famero de tel\u00e9fono);<\/li>\n<\/ul>\n<p>A menos que lo exija la ley, nunca tratamos los datos en relaci\u00f3n con su origen racial o \u00e9tnico, opiniones pol\u00edticas, religi\u00f3n, ideas filos\u00f3ficas o su parte sindical, su vida sexual u orientaci\u00f3n sexual.<\/p>\n<p>Los datos que utilizamos pueden recopilarse de su parte directamente o las siguientes fuentes para verificar o completar nuestras bases de datos:<\/p>\n<ul>\n<li>Publicaciones \/ bases de datos accesibles por las autoridades oficiales (revista oficial);<\/li>\n<li>Nuestras empresas clientes o proveedores de servicios;<\/li>\n<li>Terceros como las organizaciones de informaci\u00f3n comercial, la lucha contra el fraude, de acuerdo con la normativa de protecci\u00f3n de datos.<\/li>\n<li>Sitio Internet\/ redes sociales que se componen de informaci\u00f3n que usted ha hecho p\u00fablica y bases de datos publicadas por terceros.<\/li>\n<\/ul>\n<h3>Casos especiales de recogida de datos, especialmente recogida indirecta<\/h3>\n<p>La empresa Delta Box SAS puede recopilar la informaci\u00f3n sobre usted, a pesar de que no sea un cliente Delta Box SAS. \u00a0La siguiente lista (no exhaustiva) constituye ejemplos de datos personales recopilados por Delta Box SAS a las personas no clientes, tales como:<\/p>\n<ul>\n<li>Prospectos, garantes, mandatorio;<\/li>\n<li>Representantes legales, funcionarios corporativos y personas autorizadas de un cliente corporativo de Delta Box SAS.<\/li>\n<li>Beneficiarios y accionistas de una persona jur\u00eddica cliente de Delta Box SAS<\/li>\n<li>Empleados de nuestros prestadores<\/li>\n<\/ul>\n<h3>\u00bfPor qu\u00e9 y en qu\u00e9 base utilizamos sus datos personales ?<\/h3>\n<p>La empresa Delta Box SAS recoge en el Sitio datos personales de internautas en contacto con \u00e9l, por ejemplo, a trav\u00e9s del formulario de contacto en l\u00ednea. El objetivo de tratamiento de datos personales es permitir que DELTA BOX SAS responda a sus solicitudes.<\/p>\n<p>Para ejecutar un contrato celebrado con usted o para proporcionarle informaci\u00f3n precontractual;<\/p>\n<ul>\n<li>Ofrecerle informaci\u00f3n sobre nuestros productos y servicios<\/li>\n<li>Evaluar sus necesidades y ofrecerles soluciones a sus requerimientos t\u00e9cnicos<\/li>\n<li>Ayudarle en sus solicitudes de cotizaci\u00f3n<\/li>\n<li>Informarle de nuestra presencia en ferias en relaci\u00f3n con la actividad de Delta Box SAS.<\/li>\n<\/ul>\n<p>Para respetar su opci\u00f3n cuando solicitamos su consentimiento para un tratamiento en particular. En algunos casos, el consentimiento es necesario para tratar sus datos, por ejemplo:<\/p>\n<ul>\n<li>Cuando los objetivos descritos anteriormente provocan una tome decisiones automatizada que produzcan efectos jur\u00eddicos, que le afecten significativamente, le informaremos por separado del motivo Subyacente y de la importancia y consecuencias previstas de este tratamiento;<\/li>\n<li>Si continuamos con el procesamiento, para fines distintos a los descritos en la Secci\u00f3n 4.3, le notificaremos y, si es necesario, le pediremos su consentimiento.<\/li>\n<\/ul>\n<h3>\u00bfA qu\u00e9 categor\u00edas de entidades se pueden divulgar sus datos personales?<\/h3>\n<p>Los datos personales recopilados en el sitio son procesados solo por las personas del equipo Delta box SAS. Los datos personales se almacenan en servidores de alojamiento ubicados en la Uni\u00f3n Europea. Delta SAS garantiza la confidencialidad de los datos personales tratados y se asegura que las personas autorizadas para tratar dichos datos personales \u00a0\u00a0tambi\u00e9n se comprometen a respetar esta obligaci\u00f3n de confidencialidad.<\/p>\n<p>Para cumplir los prop\u00f3sitos antes mencionados, divulgamos sus datos personales solo a:<\/p>\n<ul>\n<li>Filiales del grupo INDELEC SA<\/li>\n<li>Proveedores de servicios y subcontratistas que realizan servicios en nuestro nombre<\/li>\n<li>Asociados comerciales y bancarios<\/li>\n<li>Agencias financieras, judiciales o estatales, organismos p\u00fablicos<\/li>\n<li>A solicitud y dentro de los l\u00edmites de lo permitido por la normativa<\/li>\n<li>Algunas profesiones reguladas como abogados, notarios, auditores.<\/li>\n<\/ul>\n<h3>Transferencia de datos fuera del espacio econ\u00f3mico europeano (EEE)<\/h3>\n<p>En el caso de transferencias internacionales desde el Espacio econ\u00f3mico europeo (EEE):<\/p>\n<ul>\n<li>Si la Comisi\u00f3n Europea ha emitido una decisi\u00f3n de adecuaci\u00f3n, reconociendo en este pa\u00eds un nivel de protecci\u00f3n de datos personales equivalente al previsto por la legislaci\u00f3n del EEE, sus datos personales ser\u00e1n transferidos seg\u00fan esta base.<\/li>\n<li>Si el nivel de protecci\u00f3n no ha sido reconocido como equivalente por la Comisi\u00f3n Europea, nos basamos en una derogaci\u00f3n aplicable a la situaci\u00f3n (por ejemplo: en el caso de pago internacional, la transferencia e necesaria para la ejecuci\u00f3n del contrato), o con las garant\u00edas adecuadas para asegurar la protecci\u00f3n de sus datos personales (cl\u00e1usulas contractuales est\u00e1ndar aprobadas por la Comisi\u00f3n europea, normas de empresas vinculantes).<\/li>\n<\/ul>\n<h3>\u00bfCu\u00e1nto tiempo conservamos sus datos personales?<\/h3>\n<p>Conservamos sus datos personales durante el mayor tiempo necesario para cumplir con las disposiciones legales y reglamentarias aplicables o durante otro periodo teniendo en cuanta las limitaciones operativas, como la gesti\u00f3n eficaz de las relaciones con los clientes.<\/p>\n<ul>\n<li style=\"list-style-type: none;\">\n<ul>\n<li>En cuanto a los clientes, la mayor parte de la informaci\u00f3n se conserva durante el periodo de la relaci\u00f3n contractual y durante 10 a\u00f1os despu\u00e9s el fin de la relaci\u00f3n contractual.<\/li>\n<li>En cuanto a\u00a0los clientes potenciales, la informaci\u00f3n se conserva durante 3 a\u00f1os desde el principio o desde nuestro \u00faltimo contacto con usted.<\/li>\n<\/ul>\n<\/li>\n<\/ul>\n<h3>\u00bfCu\u00e1les son sus derechos y como puede ejercerlos?<\/h3>\n<p>Seg\u00fan la normativa aplicable, tiene varios derechos, es decir:<\/p>\n<ul>\n<li>Derecho de acceso: puede obtener informaci\u00f3n a prop\u00f3sito del tratamiento de sus datos personales y una copia de estos datos personales.<\/li>\n<li>Derecho de rectificaci\u00f3n: si piensa que sus datos personales son inexactos o incompletos, puede solicitar que estos datos personales sean modificados.<\/li>\n<li>Derecho de supresi\u00f3n: puede exigir la supresi\u00f3n de sus datos personales respetando lo que la regulaci\u00f3n limite<\/li>\n<li>Derecho a la restricci\u00f3n del procesamiento: puede solicitar la restricci\u00f3n del procesamiento de sus datos personales.<\/li>\n<li>Derecho de oposici\u00f3n: puede oponerse al procesamiento de sus datos personales; en relaci\u00f3n con su situaci\u00f3n particular. Tiene el derecho absoluto de oposici\u00f3n al procesamiento de sus datos personales con fines de prospecci\u00f3n comercial, incluida la elaboraci\u00f3n de perfiles en relaci\u00f3n con esta prospecci\u00f3n.<\/li>\n<li>Derecho de la portabilidad de sus datos personales: cuando este derecho sea aplicable, tiene derecho a que los datos personales dados, devueltos, o cuando sea posible t\u00e9cnicamente transferir a un tercero.<\/li>\n<li>Derecho a elaborar directrices para la retenci\u00f3n, la supresi\u00f3n o la comunicaci\u00f3n de sus datos personales, aplicables despu\u00e9s su muerte.<\/li>\n<li>Derecho de retirar su consentimiento: si ha dado su consentimiento al tratamiento de sus datos personales, tiene derecho a retirar su consentimiento en cualquier momento.<\/li>\n<\/ul>\n<p>Para ejercer alguno de estos derechos, tiene que enviar su solicitud al delegado de la Protecci\u00f3n de Datos (DPO) por correo electr\u00f3nico: <a href=\"mailto:dpo@delta-box.com\">dpo@delta-box.com<\/a> (especificando DPO en el asunto del correo electr\u00f3nico) o por correo a la siguiente direcci\u00f3n: DELTA BOX-DPO -540 RUE l2O Lagrange \u2013 59500 DOUAI. Para que Delta Box pueda satisfacer esta solicitud, el internauta tiene que enviarnos algunos elementos necesarios para identificaci\u00f3n: copia de un documento de identidad, apellido, nombre, correo electr\u00f3nico, y su direcci\u00f3n postal.<\/p>\n<p>De acuerdo con la normativa aplicable, si piensa que el procesamiento de sus datos personales constituye una infracci\u00f3n de la legislaci\u00f3n vigente, tiene derecho a presentar una reclamaci\u00f3n en la autoridad de control competente como la CNIL (Comisi\u00f3n nacional de inform\u00e1tica y de libertades) en Francia.<\/p>\n<h3>\u00bfComo puede saber las rectificaciones hechas en este documento de informaci\u00f3n sobre los datos personales?<\/h3>\n<p>En un mundo en contante cambio tecnol\u00f3gico, actualizaremos este documento de informaci\u00f3n. Le invitamos a verificar la \u00faltima versi\u00f3n de este documento en nuestro sitio y le informaremos de cualquier modificaci\u00f3n a trav\u00e9s de nuestro sitio o por nuestros medios habituales de comunicaci\u00f3n.<\/p>\n<h3>\u00bfComo contactarnos?<\/h3>\n<p>Si tiene algunas preguntas a prop\u00f3sito de la utilizaci\u00f3n de sus datos personales a que se refiere a este documento, puede contactar nuestro Delegado a la protecci\u00f3n de Datos (DPO) por correo electr\u00f3nico\u00a0: <a href=\"mailto:dpo@delta-box.com\">dpo@delta-box.com<\/a> ( especificando DPO en el asunto del correo o por correo a la siguiente direcci\u00f3n : DELTA BOX \u2013 DPO \u2013 540, Rue L\u00e9o Lagrange \u2013 59500 DOUAI que tratar\u00e1 su solicitud.<\/p>\n<h2>Cookies<\/h2>\n<p>El sitio puede pedir al internauta la aceptaci\u00f3n de los Cookies para necesidades estad\u00edsticas y de visualizaci\u00f3n. Una cookie es una informaci\u00f3n colocada en un disco duro en el servidor del sitio visitado. Se compone de varios datos conservados en el ordenador del internauta en un documento simple d\u00f3nde un servidor tiene la posibilidad de leer y guardar informaci\u00f3n. Algunas partes del sitio no pueden funcionar sin la aceptaci\u00f3n de cookies. El usuario del sitio tiene la posibilidad de desactivar las cookies accediendo a las opciones de su navegador como se indica a continuaci\u00f3n:<\/p>\n<ul>\n<li>Mozilla Firefox \/ men\u00fa \u00abherramientas\u00bb y opciones \/ icono de \u00abprivacidad\u00bb \/ men\u00fa \u00abcookie\u00bb y seleccione la opci\u00f3n adecuada.<\/li>\n<li>Microsoft Internet Explore: men\u00fa \u00abherramientas\u00bb \/ opciones Internet \/ pesta\u00f1a \u00abconfidencialidad\u00bb \/ y seleccione el nivel deseado<\/li>\n<li>Google Chrome: men\u00fa \u00abconfiguraci\u00f3n\u00bb &gt; mostrar configuraciones avanzadas &gt; &gt; Confidencialidad &gt; configuraci\u00f3n de contenido y seleccione opciones adecuadas.<\/li>\n<li>Opera 6.0 y m\u00e1s all\u00e1: en el men\u00fa principal, seleccione \u00abconfiguraci\u00f3n\u00bb haga clic en \u00abprivacidad y seguridad\u00bb en la barra lateral y en \u00abCookies\u00bb\u00a0y seleccione opciones adecuadas.<\/li>\n<li>Safari: en el men\u00fa elegir \u00abpreferencias\u00bb &gt; seguridad o \u00abconfidencialidad\u00bb y selecciona opciones adecuadas.<\/li>\n<\/ul>\n<h3>Cookies de terceros de medici\u00f3n de audiencia<\/h3>\n<p>Los datos generados por estas cookies se refieren a la utilizaci\u00f3n del Sitio y la direcci\u00f3n IP del internauta para determinar la ciudad de conexi\u00f3n (estos datos son inmediatamente an\u00f3nimos). Los datos recolectados son transferidos y conservados por la empresa Google Inc. en sus servidores en los Estados-Unidos y en Europa. Google Utiliza esta informaci\u00f3n para evaluar la utilizaci\u00f3n del Sitio por el internauta, para compilar informes sobre la actividad del Sitio para Delta Box SAS y para ofrecer otros servicios referentes a la actividad del Sitio delta-box.com y a la utilizaci\u00f3n de Internet.<\/p>\n<p>Estas cookies establecidas por Google Analytics permiten seguir la utilizaci\u00f3n de las p\u00e1ginas. Los datos recolectados son: La duraci\u00f3n de las visitas, p\u00e1ginas visitadas, la localizaci\u00f3n, el sistema operativo, el navegador, el camino de acceso y la cantidad de las visitas. Ninguno de los datos personales del internauta se recolecta a partir de estos datos. Para m\u00e1s informaci\u00f3n sobre el servicio Google Analytics, consulte: Google Analytics \u2013 Pol\u00edtica de privacidad <a href=\"https:\/\/policies.google.com\/privacy?hl=fr\">https:\/\/policies.google.com\/privacy?hl=fr<\/a>.<\/p>\n<p>Durante las campa\u00f1as de los emailings marketing generados por Delta Box, MailChimp registra las estad\u00edsticas sobre la actividad, de rendimiento y el compromiso, MailChimp asocia el comportamiento de un visitante en el sitio con el destinatario de una campa\u00f1a de emailing marketing para medir la eficiencia de la campa\u00f1a.<\/p>\n<h3>Cookies de terceros: redes sociales<\/h3>\n<p>Cookies de terceros se generan tambi\u00e9n por la opci\u00f3n repartir en los medios sociales. Estas opciones para compartir ofrecen al internauta la posibilidad de comprometerse m\u00e1s al compartir informaci\u00f3n con otras personas a trav\u00e9s algunos medios sociales como Facebook, LinkedIn, YouTube, Twitter y Google+. Estas opciones permiten crear un enlace a los medios sociales e identificar al internauta a trav\u00e9s de estos medios sociales cuando la funci\u00f3n de compartir. Le duraci\u00f3n de vida de estas cookies no supera los 13 meses.<\/p>\n<p>Delta Box SAS no tiene control sobre el proceso de recogida de datos personales y su procesamiento por los medios sociales. Para obtener m\u00e1s informaci\u00f3n sobre los datos recolectados, necesita consultar las distintas pol\u00edticas de privacidad de estos medios sociales.<\/p>\n<h2>Responsabilidades<\/h2>\n<p>Delta Box SAS declina toda responsabilidad por cualquier mal funcionamiento que pueda surgir en el sitio y producir una p\u00e9rdida de datos o la falta de disponibilidad de acceso a informaci\u00f3n producida en \u00e9l. Delta Box SAS no puede garantizar la integridad y la veracidad de la informaci\u00f3n en el Sito y tambi\u00e9n la ausencia de modificaci\u00f3n por un tercero (intrusi\u00f3n, Virus). El internauta es el \u00fanico responsable de la utilizaci\u00f3n que haga del contenido del sitio.<\/p>\n<h3>Contenido descargado<\/h3>\n<p>Todo contenido descargado se realiza por cuenta riesgos del usuario y bajo su responsabilidad. En consecuencia, no se hace responsable de ning\u00fan da\u00f1o al ordenador del usuario o de cualquier p\u00e9rdida de datos resultante de la descarga. Adem\u00e1s, el usuario del sitio se compromete a acceder al sitio utilizando un equipo reciente que no contienen virus, y con un navegador de \u00faltima generaci\u00f3n puesto actualizado.<\/p>\n<h3>Hiperv\u00ednculos<\/h3>\n<p>El sitio internet ofrece enlaces a otros sitios internet u otros recursos disponibles en internet. Delta Box no tiene medios para controlar sitios en conexi\u00f3n con sus sitios internet.<\/p>\n<p>Delta Box SAS no responde por la disponibilidad de dichos sitios y fuentes externas, y ni lo garantiza. No puede ser responsable de da\u00f1os, de cualquier naturaleza que sea, resultando del contenido de estos sitios o fuentes externas, y en particular de la informaci\u00f3n, productos, o servicios que ofrecen, o de cualquier utilizaci\u00f3n que se pueda hacer de estos elementos. Los riesgos en relaci\u00f3n con esta utilizaci\u00f3n recaen completamente al internauta, quien debe cumplir con sus condiciones de utilizaci\u00f3n.<\/p>\n<p>Los usuarios, suscriptores y visitantes del sitio no establecer un hiperv\u00ednculo a este sitio sin la autorizaci\u00f3n r\u00e1pida y previa de Delta Box SAS. En el caso de que un usuario o un visitante quer\u00eda establecer un hiperv\u00ednculo al sitio de Delta Box SAS, tiene la responsabilidad enviar un correo electr\u00f3nico accesible en el sitio para configurar un hiperv\u00ednculo. Delta Box SAS se reserva el derecho de aceptar o rechazar un hiperv\u00ednculo sin tener que justificar su decisi\u00f3n.<\/p>\n<h3>Declaraci\u00f3n a la CNIL<\/h3>\n<p>Seg\u00fan la ley 78-17 del 6 DE Enero de 1978 ( modificada por la ley 2004-801 del 6 de Agosto de 2004 sobre protecci\u00f3n de la personas\u00a0 sobre al tratamiento de datos personales) en relaci\u00f3n con la inform\u00e1tica , archivos\u00a0 y a libertades, este sitio no ha sido declarado a la declaraci\u00f3n Comisi\u00f3n Nacional de Inform\u00e1tica y Libertades (<a href=\"http:\/\/www.cnil.fr\">www.cnil.fr<\/a>).<\/p>\n<h3>Disputas<\/h3>\n<p>Estas condiciones del sitio <a href=\"http:\/\/www.delta.com\">www.delta.com<\/a> por la ley francesa y cualquiera disputa o litigo que pueda surgir de la interpretaci\u00f3n o ejecuci\u00f3n de estas, ser\u00e1 competencia exclusiva de los tribunales de lo que depende de la seda social de la empresa. El idioma de la referencia para la soluci\u00f3n de litigios posibles es el franc\u00e9s.<\/p>\n<\/div>\n<\/div>\n<\/div>\n<\/div>\n<\/div>\n<\/div>\n<\/div>\n","protected":false},"excerpt":{"rendered":"","protected":false},"author":4,"featured_media":0,"parent":0,"menu_order":0,"comment_status":"closed","ping_status":"closed","template":"","meta":[],"yoast_head":"<!-- This site is optimized with the Yoast SEO plugin v15.2 - https:\/\/yoast.com\/wordpress\/plugins\/seo\/ -->\n<title>Pol\u00edtica de confidencialidad | Delta Box<\/title>\n<meta name=\"description\" content=\"Para conocer sus derechos y todos los detalles sobre Delta Box (RGPS), favor mirar Pol\u00edtica de confidencialidad.\" \/>\n<meta name=\"robots\" content=\"index, follow, max-snippet:-1, max-image-preview:large, max-video-preview:-1\" \/>\n<link rel=\"canonical\" href=\"https:\/\/www.delta-box.com\/es\/politica-de-confidencialidad\/\" \/>\n<meta property=\"og:locale\" content=\"es_ES\" \/>\n<meta property=\"og:type\" content=\"article\" \/>\n<meta property=\"og:title\" content=\"Pol\u00edtica de confidencialidad | Delta Box\" \/>\n<meta property=\"og:description\" content=\"Para conocer sus derechos y todos los detalles sobre Delta Box (RGPS), favor mirar Pol\u00edtica de confidencialidad.\" \/>\n<meta property=\"og:url\" content=\"https:\/\/www.delta-box.com\/es\/politica-de-confidencialidad\/\" \/>\n<meta property=\"og:site_name\" content=\"DeltaBox (ES)\" \/>\n<meta name=\"twitter:card\" content=\"summary_large_image\" \/>\n<meta name=\"twitter:label1\" value=\"Escrito por\">\n\t<meta name=\"twitter:data1\" value=\"nicolasdeltabox\">\n\t<meta name=\"twitter:label2\" value=\"Tiempo de lectura\">\n\t<meta name=\"twitter:data2\" value=\"11 minutos\">\n<script type=\"application\/ld+json\" class=\"yoast-schema-graph\">{\"@context\":\"https:\/\/schema.org\",\"@graph\":[{\"@type\":\"WebSite\",\"@id\":\"https:\/\/www.delta-box.com\/es\/#website\",\"url\":\"https:\/\/www.delta-box.com\/es\/\",\"name\":\"DeltaBox (ES)\",\"description\":\"Un site utilisant WordPress\",\"potentialAction\":[{\"@type\":\"SearchAction\",\"target\":\"https:\/\/www.delta-box.com\/es\/?s={search_term_string}\",\"query-input\":\"required name=search_term_string\"}],\"inLanguage\":\"es\"},{\"@type\":\"WebPage\",\"@id\":\"https:\/\/www.delta-box.com\/es\/politica-de-confidencialidad\/#webpage\",\"url\":\"https:\/\/www.delta-box.com\/es\/politica-de-confidencialidad\/\",\"name\":\"Pol\\u00edtica de confidencialidad | Delta Box\",\"isPartOf\":{\"@id\":\"https:\/\/www.delta-box.com\/es\/#website\"},\"datePublished\":\"2020-12-07T15:08:24+00:00\",\"dateModified\":\"2020-12-07T15:08:24+00:00\",\"description\":\"Para conocer sus derechos y todos los detalles sobre Delta Box (RGPS), favor mirar Pol\\u00edtica de confidencialidad.\",\"breadcrumb\":{\"@id\":\"https:\/\/www.delta-box.com\/es\/politica-de-confidencialidad\/#breadcrumb\"},\"inLanguage\":\"es\",\"potentialAction\":[{\"@type\":\"ReadAction\",\"target\":[\"https:\/\/www.delta-box.com\/es\/politica-de-confidencialidad\/\"]}]},{\"@type\":\"BreadcrumbList\",\"@id\":\"https:\/\/www.delta-box.com\/es\/politica-de-confidencialidad\/#breadcrumb\",\"itemListElement\":[{\"@type\":\"ListItem\",\"position\":1,\"item\":{\"@type\":\"WebPage\",\"@id\":\"https:\/\/www.delta-box.com\/es\/\",\"url\":\"https:\/\/www.delta-box.com\/es\/\",\"name\":\"Inicio\"}},{\"@type\":\"ListItem\",\"position\":2,\"item\":{\"@type\":\"WebPage\",\"@id\":\"https:\/\/www.delta-box.com\/es\/politica-de-confidencialidad\/\",\"url\":\"https:\/\/www.delta-box.com\/es\/politica-de-confidencialidad\/\",\"name\":\"Pol\\u00edtica de confidencialidad\"}}]}]}<\/script>\n<!-- \/ Yoast SEO plugin. -->","_links":{"self":[{"href":"https:\/\/www.delta-box.com\/es\/wp-json\/wp\/v2\/pages\/9566"}],"collection":[{"href":"https:\/\/www.delta-box.com\/es\/wp-json\/wp\/v2\/pages"}],"about":[{"href":"https:\/\/www.delta-box.com\/es\/wp-json\/wp\/v2\/types\/page"}],"author":[{"embeddable":true,"href":"https:\/\/www.delta-box.com\/es\/wp-json\/wp\/v2\/users\/4"}],"replies":[{"embeddable":true,"href":"https:\/\/www.delta-box.com\/es\/wp-json\/wp\/v2\/comments?post=9566"}],"version-history":[{"count":1,"href":"https:\/\/www.delta-box.com\/es\/wp-json\/wp\/v2\/pages\/9566\/revisions"}],"predecessor-version":[{"id":9567,"href":"https:\/\/www.delta-box.com\/es\/wp-json\/wp\/v2\/pages\/9566\/revisions\/9567"}],"wp:attachment":[{"href":"https:\/\/www.delta-box.com\/es\/wp-json\/wp\/v2\/media?parent=9566"}],"curies":[{"name":"wp","href":"https:\/\/api.w.org\/{rel}","templated":true}]}}