{"id":9550,"date":"2021-01-13T14:58:34","date_gmt":"2021-01-13T13:58:34","guid":{"rendered":"https:\/\/www.delta-box.com\/es\/?page_id=9550"},"modified":"2021-06-09T11:47:40","modified_gmt":"2021-06-09T09:47:40","slug":"balisage-heliportuaire-pcl","status":"publish","type":"page","link":"https:\/\/www.delta-box.com\/es\/balizaje\/pcl-helipuerto","title":{"rendered":"Pilot Control Lighting &#8211; Helipuerto"},"content":{"rendered":"<style type=\"text\/css\"> \n#cmsmasters_row_69fbf5293cadd .cmsmasters_row_outer_parent { \n\tpadding-top: 0px; \n} \n\n#cmsmasters_row_69fbf5293cadd .cmsmasters_row_outer_parent { \n\tpadding-bottom: 10px; \n} \n\n \n#cmsmasters_heading_69fbf5293cbf2 { \n\ttext-align:left; \n\tmargin-top:0px; \n\tmargin-bottom:0px; \n} \n\n#cmsmasters_heading_69fbf5293cbf2 .cmsmasters_heading { \n\ttext-align:left; \n} \n\n#cmsmasters_heading_69fbf5293cbf2 .cmsmasters_heading, #cmsmasters_heading_69fbf5293cbf2 .cmsmasters_heading a { \n\tfont-family:'Montserrat'; \n\tfont-size:15px; \n\tfont-weight:600; \n\tfont-style:normal; \n\tcolor:#f84e57;\n} \n\n#cmsmasters_heading_69fbf5293cbf2 .cmsmasters_heading_divider { \n} \n\n \n#cmsmasters_heading_69fbf5293cc38 { \n\ttext-align:left; \n\tmargin-top:0px; \n\tmargin-bottom:20px; \n} \n\n#cmsmasters_heading_69fbf5293cc38 .cmsmasters_heading { \n\ttext-align:left; \n} \n\n#cmsmasters_heading_69fbf5293cc38 .cmsmasters_heading, #cmsmasters_heading_69fbf5293cc38 .cmsmasters_heading a { \n\tfont-size:20px; \n\tfont-weight:600; \n\tfont-style:normal; \n\tcolor:#454545;\n} \n\n#cmsmasters_heading_69fbf5293cc38 .cmsmasters_heading_divider { \n} \n\n \n#cmsmasters_row_69fbf5293ccb6 .cmsmasters_row_outer_parent { \n\tpadding-top: 0px; \n} \n\n#cmsmasters_row_69fbf5293ccb6 .cmsmasters_row_outer_parent { \n\tpadding-bottom: 10px; \n} \n\n \n#cmsmasters_row_69fbf5293e023 .cmsmasters_row_outer_parent { \n\tpadding-top: 30px; \n} \n\n#cmsmasters_row_69fbf5293e023 .cmsmasters_row_outer_parent { \n\tpadding-bottom: 10px; \n} \n\n \n#cmsmasters_row_69fbf5293e07e .cmsmasters_row_outer_parent { \n\tpadding-top: 0px; \n} \n\n#cmsmasters_row_69fbf5293e07e .cmsmasters_row_outer_parent { \n\tpadding-bottom: 0px; \n} \n\n \n#cmsmasters_row_69fbf5293e0d8 .cmsmasters_row_outer_parent { \n\tpadding-top: 0px; \n} \n\n#cmsmasters_row_69fbf5293e0d8 .cmsmasters_row_outer_parent { \n\tpadding-bottom: 0px; \n} \n\n \n#cmsmasters_row_69fbf5293e121 .cmsmasters_row_outer_parent { \n\tpadding-top: 30px; \n} \n\n#cmsmasters_row_69fbf5293e121 .cmsmasters_row_outer_parent { \n\tpadding-bottom: 10px; \n} \n\n \n#cmsmasters_row_69fbf5293e16f .cmsmasters_row_outer_parent { \n\tpadding-top: 0px; \n} \n\n#cmsmasters_row_69fbf5293e16f .cmsmasters_row_outer_parent { \n\tpadding-bottom: 50px; \n} \n\n \n#cmsmasters_row_69fbf5293e350 .cmsmasters_row_outer_parent { \n\tpadding-top: 0px; \n} \n\n#cmsmasters_row_69fbf5293e350 .cmsmasters_row_outer_parent { \n\tpadding-bottom: 50px; \n} \n\n \n#cmsmasters_row_69fbf5293f425 .cmsmasters_row_outer_parent { \n\tpadding-top: 0px; \n} \n\n#cmsmasters_row_69fbf5293f425 .cmsmasters_row_outer_parent { \n\tpadding-bottom: 50px; \n} \n\n<\/style><div id=\"cmsmasters_row_69fbf5293cadd\" class=\"cmsmasters_row cmsmasters_color_scheme_default general-title cmsmasters_row_top_default cmsmasters_row_bot_default cmsmasters_row_boxed\">\n<div class=\"cmsmasters_row_outer_parent\">\n<div class=\"cmsmasters_row_outer\">\n<div class=\"cmsmasters_row_inner\">\n<div class=\"cmsmasters_row_margin\">\n<div class=\"cmsmasters_column one_first\">\n\n<div id=\"cmsmasters_heading_69fbf5293cbf2\" class=\"cmsmasters_heading_wrap cmsmasters_heading_align_left\">\n\t<h3 class=\"cmsmasters_heading\">Productos<\/h3>\n<\/div>\n<div id=\"cmsmasters_heading_69fbf5293cc38\" class=\"cmsmasters_heading_wrap cmsmasters_heading_align_left\">\n\t<h1 class=\"cmsmasters_heading\">Pilot Control Lighting &#8211; Helipuerto<\/h1>\n<\/div>\n<\/div>\n<\/div>\n<\/div>\n<\/div>\n<\/div>\n<\/div>\n<div id=\"cmsmasters_row_69fbf5293cc60\" class=\"cmsmasters_row cmsmasters_color_scheme_default cmsmasters_row_top_default cmsmasters_row_bot_default cmsmasters_row_boxed\">\n<div class=\"cmsmasters_row_outer_parent\">\n<div class=\"cmsmasters_row_outer\">\n<div class=\"cmsmasters_row_inner\">\n<div class=\"cmsmasters_row_margin\">\n<div class=\"cmsmasters_column one_first\">\n<div class=\"cmsmasters_text\">\n<p>&nbsp;<\/p>\n<\/div>\n<\/div>\n<\/div>\n<\/div>\n<\/div>\n<\/div>\n<\/div>\n<div id=\"cmsmasters_row_69fbf5293ccb6\" class=\"cmsmasters_row cmsmasters_color_scheme_default cmsmasters_row_top_default cmsmasters_row_bot_default cmsmasters_row_boxed\">\n<div class=\"cmsmasters_row_outer_parent\">\n<div class=\"cmsmasters_row_outer\">\n<div class=\"cmsmasters_row_inner\">\n<div class=\"cmsmasters_row_margin\">\n<div class=\"cmsmasters_column one_third\">\n<div class=\"cmsmasters_content_slider_wrap\" style=\"max-width:px;\">\n<script type=\"text\/javascript\">jQuery(document).ready(function () { jQuery(\"#cmsmasters_slider_69fbf5293cd73.cmsmasters_content_slider\").owlCarousel( { singleItem : true, transitionStyle: false, rewindSpeed : 1000, slideSpeed : 600, autoHeight : true, paginationSpeed : \t600, autoPlay : 7000,navigationText : \t[ \"<span class=\\\"cmsmasters_prev_arrow\\\"><span><\/span><\/span>\", \"<span class=\\\"cmsmasters_next_arrow\\\"><span><\/span><\/span>\" ] } );} );<\/script>\n<div id=\"cmsmasters_slider_69fbf5293cd73\" class=\"cmsmasters_content_slider cmsmasters_owl_slider owl-carousel\">\n<div class=\"cmsmasters_content_slider_item\"><img width=\"1600\" height=\"900\" src=\"https:\/\/www.delta-box.com\/es\/wp-content\/uploads\/sites\/3\/2020\/10\/Piste-helistation-1.jpeg\" class=\"attachment-full size-full\" alt=\"delta box helipad full\" loading=\"lazy\" srcset=\"https:\/\/www.delta-box.com\/es\/wp-content\/uploads\/sites\/3\/2020\/10\/Piste-helistation-1.jpeg 1600w, https:\/\/www.delta-box.com\/es\/wp-content\/uploads\/sites\/3\/2020\/10\/Piste-helistation-1-300x169.jpeg 300w, https:\/\/www.delta-box.com\/es\/wp-content\/uploads\/sites\/3\/2020\/10\/Piste-helistation-1-1024x576.jpeg 1024w, https:\/\/www.delta-box.com\/es\/wp-content\/uploads\/sites\/3\/2020\/10\/Piste-helistation-1-768x432.jpeg 768w, https:\/\/www.delta-box.com\/es\/wp-content\/uploads\/sites\/3\/2020\/10\/Piste-helistation-1-1536x864.jpeg 1536w, https:\/\/www.delta-box.com\/es\/wp-content\/uploads\/sites\/3\/2020\/10\/Piste-helistation-1-580x326.jpeg 580w, https:\/\/www.delta-box.com\/es\/wp-content\/uploads\/sites\/3\/2020\/10\/Piste-helistation-1-860x484.jpeg 860w, https:\/\/www.delta-box.com\/es\/wp-content\/uploads\/sites\/3\/2020\/10\/Piste-helistation-1-1160x653.jpeg 1160w\" sizes=\"(max-width: 1600px) 100vw, 1600px\" \/><\/div><div class=\"cmsmasters_content_slider_item\"><img width=\"408\" height=\"431\" src=\"https:\/\/www.delta-box.com\/es\/wp-content\/uploads\/sites\/3\/2020\/10\/Photo-PCL-1.png\" class=\"attachment-full size-full\" alt=\"delta box helipad PCL\" loading=\"lazy\" srcset=\"https:\/\/www.delta-box.com\/es\/wp-content\/uploads\/sites\/3\/2020\/10\/Photo-PCL-1.png 408w, https:\/\/www.delta-box.com\/es\/wp-content\/uploads\/sites\/3\/2020\/10\/Photo-PCL-1-284x300.png 284w\" sizes=\"(max-width: 408px) 100vw, 408px\" \/><\/div><div class=\"cmsmasters_content_slider_item\"><img width=\"634\" height=\"274\" src=\"https:\/\/www.delta-box.com\/es\/wp-content\/uploads\/sites\/3\/2020\/10\/Photo-PCL-2.png\" class=\"attachment-full size-full\" alt=\"deltabox helipad PCL\" loading=\"lazy\" srcset=\"https:\/\/www.delta-box.com\/es\/wp-content\/uploads\/sites\/3\/2020\/10\/Photo-PCL-2.png 634w, https:\/\/www.delta-box.com\/es\/wp-content\/uploads\/sites\/3\/2020\/10\/Photo-PCL-2-300x130.png 300w, https:\/\/www.delta-box.com\/es\/wp-content\/uploads\/sites\/3\/2020\/10\/Photo-PCL-2-580x251.png 580w\" sizes=\"(max-width: 634px) 100vw, 634px\" \/><\/div><\/div>\n<\/div>\n<\/div>\n<div class=\"cmsmasters_column two_third\">\n<div class=\"cmsmasters_text\">\n<p>Nuestro sistema de control remoto de la iluminaci\u00f3n de pista permite a los pilotos encender y apagar el balizamiento de peque\u00f1os aeropuertos y helipuertos con presiones sobre el sistema radio del helic\u00f3ptero o del avi\u00f3n.<\/p>\n<p>Nuestro PCL posee 3 salidas protegidas con disyuntores de Tipo II. En est\u00e1ndar, 3 presiones sobre la micro radio en menos de 5 segundos encienden el balizamiento de la pista durante 15 min.<br \/>\nTodas las funcionalidades se pueden configurar en el software para ordenador que viene con el kit PCL.<\/p>\n<p>Tambi\u00e9n podemos configurar el software para controlar el nivel de atenuaci\u00f3n de la intensidad luminosa de las balizas, con umbrales a 100%, 30% y 10% (por ejemplo).<\/p>\n<\/div>\n<\/div>\n<\/div>\n<\/div>\n<\/div>\n<\/div>\n<\/div>\n<div id=\"cmsmasters_row_69fbf5293e023\" class=\"cmsmasters_row cmsmasters_color_scheme_default general-title cmsmasters_row_top_default cmsmasters_row_bot_default cmsmasters_row_boxed\">\n<div class=\"cmsmasters_row_outer_parent\">\n<div class=\"cmsmasters_row_outer\">\n<div class=\"cmsmasters_row_inner\">\n<div class=\"cmsmasters_row_margin\">\n<div class=\"cmsmasters_column one_first\">\n<div class=\"cmsmasters_text\">\n<h2>Los diferentes\u00a0<span style=\"color: #f1363d;\">\u00e1mbitos de aplicaciones<\/span><\/h2>\n<\/div>\n<\/div>\n<\/div>\n<\/div>\n<\/div>\n<\/div>\n<\/div>\n<div id=\"cmsmasters_row_69fbf5293e07e\" class=\"cmsmasters_row cmsmasters_color_scheme_default cmsmasters_row_top_default cmsmasters_row_bot_default cmsmasters_row_boxed\">\n<div class=\"cmsmasters_row_outer_parent\">\n<div class=\"cmsmasters_row_outer\">\n<div class=\"cmsmasters_row_inner\">\n<div class=\"cmsmasters_row_margin\">\n<div class=\"cmsmasters_column one_first\">\n<div class=\"cmsmasters_text\">\n<p>Las balizas y faros ubicados dentro de pistas de helipuertos est\u00e1n definidas por el Anexo 14, Volumen I, Cap\u00edtulo V \u00ab Ayuda Visual \u00bb. Estas normativas indican el tipo de faro y las caracter\u00edsticas t\u00e9cnicas requeridas para que se instalen estos sistemas luminosos.<\/p>\n<p>El sistema de control luminoso remoto permite controlar por frecuencia radio la iluminaci\u00f3n de pistas y est\u00e1 conforme a las normativas OACI \/ FAA L854.<\/p>\n<\/div>\n<\/div>\n<\/div>\n<\/div>\n<\/div>\n<\/div>\n<\/div>\n<div id=\"cmsmasters_row_69fbf5293e0d8\" class=\"cmsmasters_row cmsmasters_color_scheme_default cmsmasters_row_top_default cmsmasters_row_bot_default cmsmasters_row_boxed\">\n<div class=\"cmsmasters_row_outer_parent\">\n<div class=\"cmsmasters_row_outer\">\n<div class=\"cmsmasters_row_inner\">\n<div class=\"cmsmasters_row_margin\">\n<div class=\"cmsmasters_column one_first\">\n<div class=\"cmsmasters_text\">\n<p><a href=\"https:\/\/www.delta-box.com\/es\/wp-content\/uploads\/sites\/3\/2020\/10\/Picto_Helistation_Gris-e1604052944600.png\"><img loading=\"lazy\" class=\"alignnone size-full wp-image-9459\" src=\"https:\/\/www.delta-box.com\/es\/wp-content\/uploads\/sites\/3\/2020\/10\/Picto_Helistation_Gris-e1604052944600.png\" alt=\"\" width=\"120\" height=\"75\" \/><\/a><\/p>\n<\/div>\n<\/div>\n<\/div>\n<\/div>\n<\/div>\n<\/div>\n<\/div>\n<div id=\"cmsmasters_row_69fbf5293e121\" class=\"cmsmasters_row cmsmasters_color_scheme_default general-title cmsmasters_row_top_default cmsmasters_row_bot_default cmsmasters_row_boxed\">\n<div class=\"cmsmasters_row_outer_parent\">\n<div class=\"cmsmasters_row_outer\">\n<div class=\"cmsmasters_row_inner\">\n<div class=\"cmsmasters_row_margin\">\n<div class=\"cmsmasters_column one_first\">\n<div class=\"cmsmasters_text\">\n<h2>Las caracter\u00edsticas\u00a0<span style=\"color: #f1363d;\">t\u00e9cnicas<\/span><\/h2>\n<\/div>\n<\/div>\n<\/div>\n<\/div>\n<\/div>\n<\/div>\n<\/div>\n<div id=\"cmsmasters_row_69fbf5293e16f\" class=\"cmsmasters_row cmsmasters_color_scheme_default cmsmasters_row_top_default cmsmasters_row_bot_default cmsmasters_row_boxed\">\n<div class=\"cmsmasters_row_outer_parent\">\n<div class=\"cmsmasters_row_outer\">\n<div class=\"cmsmasters_row_inner\">\n<div class=\"cmsmasters_row_margin\">\n<div class=\"cmsmasters_column one_first\">\n<div class=\"cmsmasters_text\">\n<div class=\"caracteristique-tech-produit\">\n<div class=\"table-3-col\">\n<table>\n<tbody>\n<tr class=\"text-heading\">\n<td>\n<div class=\"heading-table\">ELECTRICAS<\/div>\n<\/td>\n<td><\/td>\n<\/tr>\n<tr>\n<td>\n<div class=\"label-table\">Voltaje<\/div>\n<\/td>\n<td>\n<div class=\"description-table db-produit-1\">110-240V<\/div>\n<\/td>\n<\/tr>\n<tr>\n<td>\n<div class=\"label-table\">Temperatura de funcionamiento<\/div>\n<\/td>\n<td>\n<div class=\"description-table db-produit-1\">-40\u00b0C hasta +55\u00b0C<\/div>\n<\/td>\n<\/tr>\n<tr>\n<td>\n<div class=\"label-table\">Consumo<\/div>\n<\/td>\n<td>\n<div class=\"description-table db-produit-1\">&lt; 15W<\/div>\n<\/td>\n<\/tr>\n<tr class=\"text-heading\">\n<td>\n<div class=\"heading-table\">MECANICAS<\/div>\n<\/td>\n<td><\/td>\n<\/tr>\n<tr>\n<td>\n<div class=\"label-table\">Elemento del caja<\/div>\n<\/td>\n<td>\n<div class=\"description-table\">Acero pintado<\/div>\n<\/td>\n<\/tr>\n<tr>\n<td>\n<div class=\"label-table\">Altura<\/div>\n<\/td>\n<td>\n<div class=\"description-table\">328mm<\/div>\n<\/td>\n<\/tr>\n<tr>\n<td>\n<div class=\"label-table\">Anchura<\/div>\n<\/td>\n<td>\n<div class=\"description-table\">330m<\/div>\n<\/td>\n<\/tr>\n<tr>\n<td>\n<div class=\"label-table\">Peso<\/div>\n<\/td>\n<td>\n<div class=\"description-table\">&lt;7Kg<\/div>\n<\/td>\n<\/tr>\n<tr class=\"text-heading\">\n<td>\n<div class=\"heading-table\">ACCESORIOS INCLUIDOS<\/div>\n<\/td>\n<td><\/td>\n<\/tr>\n<tr>\n<td>\n<div class=\"label-table\">Antena con cable de conexi\u00f3n<\/div>\n<\/td>\n<td>\n<div class=\"description-table\">2 metros<\/div>\n<\/td>\n<td><\/td>\n<\/tr>\n<tr class=\"text-heading\">\n<td>\n<div class=\"heading-table\">GARANTIA<\/div>\n<\/td>\n<td><\/td>\n<\/tr>\n<tr>\n<td>\n<div class=\"label-table\">Per\u00edodo de garant\u00eda<\/div>\n<\/td>\n<td>\n<div class=\"description-table\">2 a\u00f1os<\/div>\n<\/td>\n<\/tr>\n<\/tbody>\n<\/table>\n<\/div>\n<\/div>\n<\/div>\n<\/div>\n<\/div>\n<\/div>\n<\/div>\n<\/div>\n<\/div>\n<div id=\"cmsmasters_row_69fbf5293e350\" class=\"cmsmasters_row cmsmasters_color_scheme_default cmsmasters_row_top_default cmsmasters_row_bot_default cmsmasters_row_boxed\">\n<div class=\"cmsmasters_row_outer_parent\">\n<div class=\"cmsmasters_row_outer\">\n<div class=\"cmsmasters_row_inner\">\n<div class=\"cmsmasters_row_margin\">\n<div class=\"cmsmasters_column one_half\">\n<div class=\"cmsmasters_text label-schema-produits\">\n<p>Dimensiones<\/p>\n<\/div>\n<div class=\"cmsmasters_img  cmsmasters_image_n\">\n<a href=\"https:\/\/www.delta-box.com\/es\/wp-content\/uploads\/sites\/3\/2020\/10\/Dimensions-PCL.png\"><img src=\"https:\/\/www.delta-box.com\/es\/wp-content\/uploads\/sites\/3\/2020\/10\/Dimensions-PCL.png\" alt=\"deltabox Heliport PCL\" \/><\/a>\n<\/div>\n<\/div>\n<div class=\"cmsmasters_column one_half\">\n<\/div>\n<\/div>\n<\/div>\n<\/div>\n<\/div>\n<\/div>\n<div id=\"cmsmasters_row_69fbf5293f425\" class=\"cmsmasters_row cmsmasters_color_scheme_default cmsmasters_row_top_default cmsmasters_row_bot_default cmsmasters_row_boxed\">\n<div class=\"cmsmasters_row_outer_parent\">\n<div class=\"cmsmasters_row_outer\">\n<div class=\"cmsmasters_row_inner\">\n<div class=\"cmsmasters_row_margin\">\n<div class=\"cmsmasters_column one_first\">\n<div class=\"cmsmasters_text cta-download\">\n<p><a href=\"https:\/\/www.delta-box.com\/es\/wp-content\/uploads\/sites\/3\/2020\/10\/Helipuerto-PCL-1.pdf\" target=\"_blank\" rel=\"nofollow noopener noreferrer\">Descargar la ficha producto del PCL <\/a><\/p>\n<\/div>\n<\/div>\n<\/div>\n<\/div>\n<\/div>\n<\/div>\n<\/div>\n","protected":false},"excerpt":{"rendered":"","protected":false},"author":4,"featured_media":0,"parent":0,"menu_order":0,"comment_status":"closed","ping_status":"closed","template":"page-produits.php","meta":[],"yoast_head":"<!-- This site is optimized with the Yoast SEO plugin v15.2 - https:\/\/yoast.com\/wordpress\/plugins\/seo\/ -->\n<title>Pilot Control Lighting Helipuerto | Delta Box<\/title>\n<meta name=\"description\" content=\"Delta Box es el especialista del balizaje luminoso para pistas de Helipuerto. Cuenta con gran experiencia y experticia en el dominio.\" \/>\n<meta name=\"robots\" content=\"index, follow, max-snippet:-1, max-image-preview:large, max-video-preview:-1\" \/>\n<link rel=\"canonical\" href=\"https:\/\/www.delta-box.com\/es\/balizaje\/pcl-helipuerto\/\" \/>\n<meta property=\"og:locale\" content=\"es_ES\" \/>\n<meta property=\"og:type\" content=\"article\" \/>\n<meta property=\"og:title\" content=\"Pilot Control Lighting Helipuerto | Delta Box\" \/>\n<meta property=\"og:description\" content=\"Delta Box es el especialista del balizaje luminoso para pistas de Helipuerto. Cuenta con gran experiencia y experticia en el dominio.\" \/>\n<meta property=\"og:url\" content=\"https:\/\/www.delta-box.com\/es\/balizaje\/pcl-helipuerto\/\" \/>\n<meta property=\"og:site_name\" content=\"DeltaBox (ES)\" \/>\n<meta property=\"article:modified_time\" content=\"2021-06-09T09:47:40+00:00\" \/>\n<meta property=\"og:image\" content=\"https:\/\/www.delta-box.com\/es\/wp-content\/uploads\/sites\/3\/2020\/10\/Picto_Helistation_Gris-e1604052944600.png\" \/>\n<meta name=\"twitter:card\" content=\"summary_large_image\" \/>\n<meta name=\"twitter:label1\" value=\"Escrito por\">\n\t<meta name=\"twitter:data1\" value=\"nicolasdeltabox\">\n\t<meta name=\"twitter:label2\" value=\"Tiempo de lectura\">\n\t<meta name=\"twitter:data2\" value=\"3 minutos\">\n<script type=\"application\/ld+json\" class=\"yoast-schema-graph\">{\"@context\":\"https:\/\/schema.org\",\"@graph\":[{\"@type\":\"WebSite\",\"@id\":\"https:\/\/www.delta-box.com\/es\/#website\",\"url\":\"https:\/\/www.delta-box.com\/es\/\",\"name\":\"DeltaBox (ES)\",\"description\":\"Un site utilisant WordPress\",\"potentialAction\":[{\"@type\":\"SearchAction\",\"target\":\"https:\/\/www.delta-box.com\/es\/?s={search_term_string}\",\"query-input\":\"required name=search_term_string\"}],\"inLanguage\":\"es\"},{\"@type\":\"ImageObject\",\"@id\":\"https:\/\/www.delta-box.com\/es\/balizaje\/pcl-helipuerto\/#primaryimage\",\"inLanguage\":\"es\",\"url\":\"https:\/\/www.delta-box.com\/es\/wp-content\/uploads\/sites\/3\/2020\/10\/Picto_Helistation_Gris-e1604052944600.png\",\"width\":120,\"height\":75},{\"@type\":\"WebPage\",\"@id\":\"https:\/\/www.delta-box.com\/es\/balizaje\/pcl-helipuerto\/#webpage\",\"url\":\"https:\/\/www.delta-box.com\/es\/balizaje\/pcl-helipuerto\/\",\"name\":\"Pilot Control Lighting Helipuerto | Delta Box\",\"isPartOf\":{\"@id\":\"https:\/\/www.delta-box.com\/es\/#website\"},\"primaryImageOfPage\":{\"@id\":\"https:\/\/www.delta-box.com\/es\/balizaje\/pcl-helipuerto\/#primaryimage\"},\"datePublished\":\"2021-01-13T13:58:34+00:00\",\"dateModified\":\"2021-06-09T09:47:40+00:00\",\"description\":\"Delta Box es el especialista del balizaje luminoso para pistas de Helipuerto. Cuenta con gran experiencia y experticia en el dominio.\",\"breadcrumb\":{\"@id\":\"https:\/\/www.delta-box.com\/es\/balizaje\/pcl-helipuerto\/#breadcrumb\"},\"inLanguage\":\"es\",\"potentialAction\":[{\"@type\":\"ReadAction\",\"target\":[\"https:\/\/www.delta-box.com\/es\/balizaje\/pcl-helipuerto\/\"]}]},{\"@type\":\"BreadcrumbList\",\"@id\":\"https:\/\/www.delta-box.com\/es\/balizaje\/pcl-helipuerto\/#breadcrumb\",\"itemListElement\":[{\"@type\":\"ListItem\",\"position\":1,\"item\":{\"@type\":\"WebPage\",\"@id\":\"https:\/\/www.delta-box.com\/es\/\",\"url\":\"https:\/\/www.delta-box.com\/es\/\",\"name\":\"Inicio\"}},{\"@type\":\"ListItem\",\"position\":2,\"item\":{\"@type\":\"WebPage\",\"@id\":\"https:\/\/www.delta-box.com\/es\/balizaje\/pcl-helipuerto\/\",\"url\":\"https:\/\/www.delta-box.com\/es\/balizaje\/pcl-helipuerto\/\",\"name\":\"Pilot Control Lighting &#8211; Helipuerto\"}}]}]}<\/script>\n<!-- \/ Yoast SEO plugin. -->","_links":{"self":[{"href":"https:\/\/www.delta-box.com\/es\/wp-json\/wp\/v2\/pages\/9550"}],"collection":[{"href":"https:\/\/www.delta-box.com\/es\/wp-json\/wp\/v2\/pages"}],"about":[{"href":"https:\/\/www.delta-box.com\/es\/wp-json\/wp\/v2\/types\/page"}],"author":[{"embeddable":true,"href":"https:\/\/www.delta-box.com\/es\/wp-json\/wp\/v2\/users\/4"}],"replies":[{"embeddable":true,"href":"https:\/\/www.delta-box.com\/es\/wp-json\/wp\/v2\/comments?post=9550"}],"version-history":[{"count":8,"href":"https:\/\/www.delta-box.com\/es\/wp-json\/wp\/v2\/pages\/9550\/revisions"}],"predecessor-version":[{"id":9734,"href":"https:\/\/www.delta-box.com\/es\/wp-json\/wp\/v2\/pages\/9550\/revisions\/9734"}],"wp:attachment":[{"href":"https:\/\/www.delta-box.com\/es\/wp-json\/wp\/v2\/media?parent=9550"}],"curies":[{"name":"wp","href":"https:\/\/api.w.org\/{rel}","templated":true}]}}