{"id":9542,"date":"2021-01-13T14:58:43","date_gmt":"2021-01-13T13:58:43","guid":{"rendered":"https:\/\/www.delta-box.com\/es\/?page_id=9542"},"modified":"2021-03-03T12:06:37","modified_gmt":"2021-03-03T11:06:37","slug":"balisage-heliportuaire-feu-heliport","status":"publish","type":"page","link":"https:\/\/www.delta-box.com\/es\/balizaje\/faro-helipuerto","title":{"rendered":"Faro de identificaci\u00f3n de Helipuerto"},"content":{"rendered":"<style type=\"text\/css\"> \n#cmsmasters_row_69e30792f258b .cmsmasters_row_outer_parent { \n\tpadding-top: 0px; \n} \n\n#cmsmasters_row_69e30792f258b .cmsmasters_row_outer_parent { \n\tpadding-bottom: 10px; \n} \n\n \n#cmsmasters_heading_69e30792f277a { \n\ttext-align:left; \n\tmargin-top:0px; \n\tmargin-bottom:0px; \n} \n\n#cmsmasters_heading_69e30792f277a .cmsmasters_heading { \n\ttext-align:left; \n} \n\n#cmsmasters_heading_69e30792f277a .cmsmasters_heading, #cmsmasters_heading_69e30792f277a .cmsmasters_heading a { \n\tfont-family:'Montserrat'; \n\tfont-size:15px; \n\tfont-weight:600; \n\tfont-style:normal; \n\tcolor:#f84e57;\n} \n\n#cmsmasters_heading_69e30792f277a .cmsmasters_heading_divider { \n} \n\n \n#cmsmasters_heading_69e30792f27c1 { \n\ttext-align:left; \n\tmargin-top:0px; \n\tmargin-bottom:20px; \n} \n\n#cmsmasters_heading_69e30792f27c1 .cmsmasters_heading { \n\ttext-align:left; \n} \n\n#cmsmasters_heading_69e30792f27c1 .cmsmasters_heading, #cmsmasters_heading_69e30792f27c1 .cmsmasters_heading a { \n\tfont-size:20px; \n\tfont-weight:600; \n\tfont-style:normal; \n\tcolor:#454545;\n} \n\n#cmsmasters_heading_69e30792f27c1 .cmsmasters_heading_divider { \n} \n\n \n#cmsmasters_row_69e30792f28a0 .cmsmasters_row_outer_parent { \n\tpadding-top: 0px; \n} \n\n#cmsmasters_row_69e30792f28a0 .cmsmasters_row_outer_parent { \n\tpadding-bottom: 10px; \n} \n\n \n#cmsmasters_row_69e30792f35d8 .cmsmasters_row_outer_parent { \n\tpadding-top: 30px; \n} \n\n#cmsmasters_row_69e30792f35d8 .cmsmasters_row_outer_parent { \n\tpadding-bottom: 10px; \n} \n\n \n#cmsmasters_row_69e30792f3649 .cmsmasters_row_outer_parent { \n\tpadding-top: 0px; \n} \n\n#cmsmasters_row_69e30792f3649 .cmsmasters_row_outer_parent { \n\tpadding-bottom: 0px; \n} \n\n \n#cmsmasters_row_69e30792f36bf .cmsmasters_row_outer_parent { \n\tpadding-top: 0px; \n} \n\n#cmsmasters_row_69e30792f36bf .cmsmasters_row_outer_parent { \n\tpadding-bottom: 0px; \n} \n\n \n#cmsmasters_row_69e30792f372e .cmsmasters_row_outer_parent { \n\tpadding-top: 30px; \n} \n\n#cmsmasters_row_69e30792f372e .cmsmasters_row_outer_parent { \n\tpadding-bottom: 10px; \n} \n\n \n#cmsmasters_row_69e30792f3798 .cmsmasters_row_outer_parent { \n\tpadding-top: 0px; \n} \n\n#cmsmasters_row_69e30792f3798 .cmsmasters_row_outer_parent { \n\tpadding-bottom: 50px; \n} \n\n \n#cmsmasters_row_69e30792f3ba0 .cmsmasters_row_outer_parent { \n\tpadding-top: 0px; \n} \n\n#cmsmasters_row_69e30792f3ba0 .cmsmasters_row_outer_parent { \n\tpadding-bottom: 50px; \n} \n\n \n#cmsmasters_row_69e30792f40a5 .cmsmasters_row_outer_parent { \n\tpadding-top: 0px; \n} \n\n#cmsmasters_row_69e30792f40a5 .cmsmasters_row_outer_parent { \n\tpadding-bottom: 50px; \n} \n\n<\/style><div id=\"cmsmasters_row_69e30792f216f\" class=\"cmsmasters_row cmsmasters_color_scheme_default cmsmasters_row_top_default cmsmasters_row_bot_default cmsmasters_row_boxed\">\n<div class=\"cmsmasters_row_outer_parent\">\n<div class=\"cmsmasters_row_outer\">\n<div class=\"cmsmasters_row_inner\">\n<div class=\"cmsmasters_row_margin\">\n<div class=\"cmsmasters_column one_first\">\n<div class=\"cmsmasters_text\">\n<p>&nbsp;<\/p>\n<\/div>\n<\/div>\n<\/div>\n<\/div>\n<\/div>\n<\/div>\n<\/div>\n<div id=\"cmsmasters_row_69e30792f258b\" class=\"cmsmasters_row cmsmasters_color_scheme_default general-title cmsmasters_row_top_default cmsmasters_row_bot_default cmsmasters_row_boxed\">\n<div class=\"cmsmasters_row_outer_parent\">\n<div class=\"cmsmasters_row_outer\">\n<div class=\"cmsmasters_row_inner\">\n<div class=\"cmsmasters_row_margin\">\n<div class=\"cmsmasters_column one_first\">\n\n<div id=\"cmsmasters_heading_69e30792f277a\" class=\"cmsmasters_heading_wrap cmsmasters_heading_align_left\">\n\t<h3 class=\"cmsmasters_heading\">Productos<\/h3>\n<\/div>\n<div id=\"cmsmasters_heading_69e30792f27c1\" class=\"cmsmasters_heading_wrap cmsmasters_heading_align_left\">\n\t<h1 class=\"cmsmasters_heading\">Faro de Identificaci\u00f3n de Helipuerto<\/h1>\n<\/div>\n<\/div>\n<\/div>\n<\/div>\n<\/div>\n<\/div>\n<\/div>\n<div id=\"cmsmasters_row_69e30792f27e0\" class=\"cmsmasters_row cmsmasters_color_scheme_default cmsmasters_row_top_default cmsmasters_row_bot_default cmsmasters_row_boxed\">\n<div class=\"cmsmasters_row_outer_parent\">\n<div class=\"cmsmasters_row_outer\">\n<div class=\"cmsmasters_row_inner\">\n<div class=\"cmsmasters_row_margin\">\n<div class=\"cmsmasters_column one_first\">\n<div class=\"cmsmasters_text\">\n<p>&nbsp;<\/p>\n<\/div>\n<\/div>\n<\/div>\n<\/div>\n<\/div>\n<\/div>\n<\/div>\n<div id=\"cmsmasters_row_69e30792f2845\" class=\"cmsmasters_row cmsmasters_color_scheme_default cmsmasters_row_top_default cmsmasters_row_bot_default cmsmasters_row_boxed\">\n<div class=\"cmsmasters_row_outer_parent\">\n<div class=\"cmsmasters_row_outer\">\n<div class=\"cmsmasters_row_inner\">\n<div class=\"cmsmasters_row_margin\">\n<div class=\"cmsmasters_column one_first\">\n<div class=\"cmsmasters_text\">\n<p>&nbsp;<\/p>\n<\/div>\n<\/div>\n<\/div>\n<\/div>\n<\/div>\n<\/div>\n<\/div>\n<div id=\"cmsmasters_row_69e30792f28a0\" class=\"cmsmasters_row cmsmasters_color_scheme_default cmsmasters_row_top_default cmsmasters_row_bot_default cmsmasters_row_boxed\">\n<div class=\"cmsmasters_row_outer_parent\">\n<div class=\"cmsmasters_row_outer\">\n<div class=\"cmsmasters_row_inner\">\n<div class=\"cmsmasters_row_margin\">\n<div class=\"cmsmasters_column one_third\">\n<div class=\"cmsmasters_content_slider_wrap\" style=\"max-width:px;\">\n<script type=\"text\/javascript\">jQuery(document).ready(function () { jQuery(\"#cmsmasters_slider_69e30792f2970.cmsmasters_content_slider\").owlCarousel( { singleItem : true, transitionStyle: false, rewindSpeed : 1000, slideSpeed : 600, autoHeight : true, paginationSpeed : \t600, autoPlay : 7000,navigationText : \t[ \"<span class=\\\"cmsmasters_prev_arrow\\\"><span><\/span><\/span>\", \"<span class=\\\"cmsmasters_next_arrow\\\"><span><\/span><\/span>\" ] } );} );<\/script>\n<div id=\"cmsmasters_slider_69e30792f2970\" class=\"cmsmasters_content_slider cmsmasters_owl_slider owl-carousel\">\n<div class=\"cmsmasters_content_slider_item\"><img width=\"1600\" height=\"900\" src=\"https:\/\/www.delta-box.com\/es\/wp-content\/uploads\/sites\/3\/2020\/10\/Piste-helistation-1.jpeg\" class=\"attachment-full size-full\" alt=\"delta box helipad full\" loading=\"lazy\" srcset=\"https:\/\/www.delta-box.com\/es\/wp-content\/uploads\/sites\/3\/2020\/10\/Piste-helistation-1.jpeg 1600w, https:\/\/www.delta-box.com\/es\/wp-content\/uploads\/sites\/3\/2020\/10\/Piste-helistation-1-300x169.jpeg 300w, https:\/\/www.delta-box.com\/es\/wp-content\/uploads\/sites\/3\/2020\/10\/Piste-helistation-1-1024x576.jpeg 1024w, https:\/\/www.delta-box.com\/es\/wp-content\/uploads\/sites\/3\/2020\/10\/Piste-helistation-1-768x432.jpeg 768w, https:\/\/www.delta-box.com\/es\/wp-content\/uploads\/sites\/3\/2020\/10\/Piste-helistation-1-1536x864.jpeg 1536w, https:\/\/www.delta-box.com\/es\/wp-content\/uploads\/sites\/3\/2020\/10\/Piste-helistation-1-580x326.jpeg 580w, https:\/\/www.delta-box.com\/es\/wp-content\/uploads\/sites\/3\/2020\/10\/Piste-helistation-1-860x484.jpeg 860w, https:\/\/www.delta-box.com\/es\/wp-content\/uploads\/sites\/3\/2020\/10\/Piste-helistation-1-1160x653.jpeg 1160w\" sizes=\"(max-width: 1600px) 100vw, 1600px\" \/><\/div><div class=\"cmsmasters_content_slider_item\"><img width=\"255\" height=\"250\" src=\"https:\/\/www.delta-box.com\/es\/wp-content\/uploads\/sites\/3\/2020\/10\/LMIH.png\" class=\"attachment-full size-full\" alt=\"delta box LMIH\" loading=\"lazy\" srcset=\"https:\/\/www.delta-box.com\/es\/wp-content\/uploads\/sites\/3\/2020\/10\/LMIH.png 255w, https:\/\/www.delta-box.com\/es\/wp-content\/uploads\/sites\/3\/2020\/10\/LMIH-60x60.png 60w\" sizes=\"(max-width: 255px) 100vw, 255px\" \/><\/div><div class=\"cmsmasters_content_slider_item\"><img width=\"268\" height=\"234\" src=\"https:\/\/www.delta-box.com\/es\/wp-content\/uploads\/sites\/3\/2020\/10\/LMIH-cote.png\" class=\"attachment-full size-full\" alt=\"delta box LMIH\" loading=\"lazy\" \/><\/div><\/div>\n<\/div>\n<\/div>\n<div class=\"cmsmasters_column two_third\">\n<div class=\"cmsmasters_text\">\n<p>Nuestro LEDEOMIH es un faro de helipuerto blanco, monobloc, de tecnolog\u00eda multi-LEDs.<br \/>\nOfrece numerosas ventajas en t\u00e9rminos de duraci\u00f3n de vida (100 000 horas), rigidez y consumo de energ\u00eda.<\/p>\n<p>El control del faro puede hacerse desde un sistema deportado (UPS, gabinete de control).<br \/>\nLa fotocelda para enciende autom\u00e1tico y el contacto seco para alarma est\u00e1n en opci\u00f3n.<br \/>\nEste faro de helipuerto env\u00eda series de 4 destellos cada 1.2 segundas (C\u00f3digo Morse H en est\u00e1ndar \u2013 c\u00f3digo personalizado sobre demanda). Su dise\u00f1o permite una instalaci\u00f3n f\u00e1cil.<\/p>\n<\/div>\n<\/div>\n<\/div>\n<\/div>\n<\/div>\n<\/div>\n<\/div>\n<div id=\"cmsmasters_row_69e30792f35d8\" class=\"cmsmasters_row cmsmasters_color_scheme_default general-title cmsmasters_row_top_default cmsmasters_row_bot_default cmsmasters_row_boxed\">\n<div class=\"cmsmasters_row_outer_parent\">\n<div class=\"cmsmasters_row_outer\">\n<div class=\"cmsmasters_row_inner\">\n<div class=\"cmsmasters_row_margin\">\n<div class=\"cmsmasters_column one_first\">\n<div class=\"cmsmasters_text\">\n<h2>Los diferentes\u00a0<span style=\"color: #f1363d;\">\u00e1mbitos de aplicaciones<\/span><\/h2>\n<\/div>\n<\/div>\n<\/div>\n<\/div>\n<\/div>\n<\/div>\n<\/div>\n<div id=\"cmsmasters_row_69e30792f3649\" class=\"cmsmasters_row cmsmasters_color_scheme_default cmsmasters_row_top_default cmsmasters_row_bot_default cmsmasters_row_boxed\">\n<div class=\"cmsmasters_row_outer_parent\">\n<div class=\"cmsmasters_row_outer\">\n<div class=\"cmsmasters_row_inner\">\n<div class=\"cmsmasters_row_margin\">\n<div class=\"cmsmasters_column one_first\">\n<div class=\"cmsmasters_text\">\n<p>Las balizas y faros ubicados dentro de pistas de helipuertos est\u00e1n definidas por el Anexo 14, Volumen I, Cap\u00edtulo V \u00ab Ayuda Visual \u00bb. Estas normativas indican el tipo de faro y las caracter\u00edsticas t\u00e9cnicas requeridas para que se instalen estos sistemas luminosos.<\/p>\n<p>Las balizas de identificaci\u00f3n tienen que estar instaladas sobre un helipuerto donde :<\/p>\n<p>a) La gu\u00eda visual de larga distancia considerada necesaria no est\u00e1 posible por otras maneras ;<br \/>\nb) La identificaci\u00f3n del helipuerto est\u00e1 dif\u00edcil por culpa de iluminaci\u00f3n a proximidad<\/p>\n<\/div>\n<\/div>\n<\/div>\n<\/div>\n<\/div>\n<\/div>\n<\/div>\n<div id=\"cmsmasters_row_69e30792f36bf\" class=\"cmsmasters_row cmsmasters_color_scheme_default cmsmasters_row_top_default cmsmasters_row_bot_default cmsmasters_row_boxed\">\n<div class=\"cmsmasters_row_outer_parent\">\n<div class=\"cmsmasters_row_outer\">\n<div class=\"cmsmasters_row_inner\">\n<div class=\"cmsmasters_row_margin\">\n<div class=\"cmsmasters_column one_first\">\n<div class=\"cmsmasters_text\">\n<p><a href=\"https:\/\/www.delta-box.com\/es\/wp-content\/uploads\/sites\/3\/2020\/10\/Picto_Helistation_Gris-e1604052944600.png\"><img loading=\"lazy\" class=\"alignnone size-full wp-image-9459\" src=\"https:\/\/www.delta-box.com\/es\/wp-content\/uploads\/sites\/3\/2020\/10\/Picto_Helistation_Gris-e1604052944600.png\" alt=\"\" width=\"120\" height=\"75\" \/><\/a><\/p>\n<\/div>\n<\/div>\n<\/div>\n<\/div>\n<\/div>\n<\/div>\n<\/div>\n<div id=\"cmsmasters_row_69e30792f372e\" class=\"cmsmasters_row cmsmasters_color_scheme_default general-title cmsmasters_row_top_default cmsmasters_row_bot_default cmsmasters_row_boxed\">\n<div class=\"cmsmasters_row_outer_parent\">\n<div class=\"cmsmasters_row_outer\">\n<div class=\"cmsmasters_row_inner\">\n<div class=\"cmsmasters_row_margin\">\n<div class=\"cmsmasters_column one_first\">\n<div class=\"cmsmasters_text\">\n<h2>Las caracter\u00edsticas\u00a0<span style=\"color: #f1363d;\">t\u00e9cnicas<\/span><\/h2>\n<\/div>\n<\/div>\n<\/div>\n<\/div>\n<\/div>\n<\/div>\n<\/div>\n<div id=\"cmsmasters_row_69e30792f3798\" class=\"cmsmasters_row cmsmasters_color_scheme_default cmsmasters_row_top_default cmsmasters_row_bot_default cmsmasters_row_boxed\">\n<div class=\"cmsmasters_row_outer_parent\">\n<div class=\"cmsmasters_row_outer\">\n<div class=\"cmsmasters_row_inner\">\n<div class=\"cmsmasters_row_margin\">\n<div class=\"cmsmasters_column one_first\">\n<div class=\"cmsmasters_text\">\n<div class=\"caracteristique-tech-produit\">\n<div class=\"table-3-col\">\n<table>\n<tbody>\n<tr class=\"text-heading\">\n<td>\n<div class=\"heading-table\">LUMINOSAS<\/div>\n<\/td>\n<td>\n<div class=\"heading-table\"><\/div>\n<\/td>\n<\/tr>\n<tr>\n<td>\n<div class=\"label-table\">Fuente de luz<\/div>\n<\/td>\n<td>\n<div class=\"description-table db-produit-1\">LEDs<\/div>\n<\/td>\n<\/tr>\n<tr>\n<td>\n<div class=\"label-table\">Color<\/div>\n<\/td>\n<td>\n<div class=\"description-table db-produit-1\">Blanco destellante<\/div>\n<\/td>\n<\/tr>\n<tr>\n<td>\n<div class=\"label-table\">Apertura del rayo horizontal<\/div>\n<\/td>\n<td>\n<div class=\"description-table db-produit-1\">360\u00b0<\/div>\n<\/td>\n<\/tr>\n<tr>\n<td>\n<div class=\"label-table\">Apertura del rayo vertical<\/div>\n<\/td>\n<td>\n<div class=\"description-table db-produit-1\">0\u00b0 a 10\u00b0<\/div>\n<\/td>\n<\/tr>\n<tr>\n<td>\n<div class=\"label-table\">Intensidad luminosa<\/div>\n<\/td>\n<td class=\"table-intensite\">\n<div class=\"description-table db-produit-1\">&gt; 1 700 Cd a 0\u00b0<\/div>\n<div class=\"description-table db-produit-1\">&gt; 2 500 Cd entre 1,5\u00b0 y 2,5\u00b0<\/div>\n<div class=\"description-table db-produit-1\">&gt; 1 700 Cd entre 3\u00b0 y 4\u00b0<\/div>\n<div class=\"description-table db-produit-1\">&gt; 750 Cd entre 5\u00b0 y 7\u00b0<\/div>\n<div class=\"description-table db-produit-1\">&gt; 250 Cd entre 8\u00b0 y 10\u00b0<\/div>\n<\/td>\n<\/tr>\n<tr>\n<td>\n<div class=\"label-table\">Frecuencia de destello<\/div>\n<\/td>\n<td>\n<div class=\"description-table db-produit-1\">C\u00f3digo Morse &#8220;H&#8221;<\/div>\n<div class=\"description-table db-produit-1\">(Se puede personalizar)<\/div>\n<\/td>\n<\/tr>\n<tr>\n<td>\n<div class=\"label-table\">Vida \u00fatil<\/div>\n<\/td>\n<td>\n<div class=\"description-table db-produit-1\">100 000 Horas<\/div>\n<\/td>\n<\/tr>\n<tr class=\"text-heading\">\n<td>\n<div class=\"heading-table\">ELECTRICAS<\/div>\n<\/td>\n<td><\/td>\n<\/tr>\n<tr>\n<td>\n<div class=\"label-table\">Voltaje<\/div>\n<\/td>\n<td>\n<div class=\"description-table db-produit-1\">110-240V \/ 50 Hz<\/div>\n<\/td>\n<\/tr>\n<tr>\n<td>\n<div class=\"label-table\">Temperatura de funcionamiento<\/div>\n<\/td>\n<td>\n<div class=\"description-table db-produit-1\">-55\u00b0C hasta +55\u00b0C<\/div>\n<\/td>\n<\/tr>\n<tr>\n<td>\n<div class=\"label-table\">Corriente max.<\/div>\n<\/td>\n<td>\n<div class=\"description-table db-produit-1\">I &lt; 500mA en 240V AC<\/div>\n<\/td>\n<\/tr>\n<tr>\n<td>\n<div class=\"label-table\">Grado de protecci\u00f3n<\/div>\n<\/td>\n<td>\n<div class=\"description-table db-produit-1\">IP66<\/div>\n<\/td>\n<\/tr>\n<tr class=\"text-heading\">\n<td>\n<div class=\"heading-table\">MECANICAS<\/div>\n<\/td>\n<td><\/td>\n<\/tr>\n<tr>\n<td>\n<div class=\"label-table\">Elemento del cuerpo de la caja<\/div>\n<\/td>\n<td>\n<div class=\"description-table\">Zamak<\/div>\n<\/td>\n<\/tr>\n<tr>\n<td>\n<div class=\"label-table\">Elemento del cuerpo de la luz<\/div>\n<\/td>\n<td>\n<div class=\"description-table\">Aluminio<\/div>\n<\/td>\n<\/tr>\n<tr>\n<td>\n<div class=\"label-table\">Elemento del lente<\/div>\n<\/td>\n<td>\n<div class=\"description-table\">Policarbonato<\/div>\n<\/td>\n<\/tr>\n<tr>\n<td>\n<div class=\"label-table\">Fijaci\u00f3n<\/div>\n<\/td>\n<td>\n<div class=\"description-table\">Tornillos M8 (en opci<span style=\"display: inline !important; float: none; background-color: #ffffff; color: #333333; cursor: text; font-family: Arial,Helvetica,'Nimbus Sans L',sans-serif; font-size: 13px; font-style: normal; font-variant: normal; font-weight: 400; letter-spacing: normal; orphans: 2; text-align: left; text-decoration: none; text-indent: 0px; text-transform: none; -webkit-text-stroke-width: 0px; white-space: normal; word-spacing: 0px;\">\u00f3<\/span>n)<\/div>\n<\/td>\n<\/tr>\n<tr>\n<td>\n<div class=\"label-table\">Altura \/ Anchura<\/div>\n<\/td>\n<td>\n<div class=\"description-table\">410mm \/ 410mm<\/div>\n<\/td>\n<\/tr>\n<tr>\n<td>\n<div class=\"label-table\">Peso<\/div>\n<\/td>\n<td>\n<div class=\"description-table\">&lt;16Kg<\/div>\n<\/td>\n<\/tr>\n<tr class=\"text-heading\">\n<td>\n<div class=\"heading-table\">ENTORNO<\/div>\n<\/td>\n<td><\/td>\n<\/tr>\n<tr>\n<td>\n<div class=\"label-table\">Humedad<\/div>\n<\/td>\n<td>\n<div class=\"description-table\">100%<\/div>\n<\/td>\n<\/tr>\n<tr>\n<td>\n<div class=\"label-table\">Helada<\/div>\n<\/td>\n<td>\n<div class=\"description-table\">-60\u00b0C<\/div>\n<\/td>\n<\/tr>\n<tr>\n<td>\n<div class=\"label-table\">Velocidad del viento<\/div>\n<\/td>\n<td>\n<div class=\"description-table\">240 Km\/h<\/div>\n<\/td>\n<td><\/td>\n<\/tr>\n<tr class=\"text-heading\">\n<td>\n<div class=\"heading-table\">CERTIFICACIONES<\/div>\n<\/td>\n<td><\/td>\n<\/tr>\n<tr>\n<td>\n<div class=\"label-table\">CE<\/div>\n<\/td>\n<td>\n<div class=\"description-table\">EN60947-1<br \/>\nCEI60364, NF C15-100<br \/>\n2014 \/ 35 \/ UE<\/div>\n<\/td>\n<\/tr>\n<tr>\n<td>\n<div class=\"label-table\">OACI<\/div>\n<\/td>\n<td>\n<div class=\"description-table\">Anexo 14, Volumen I, Cap\u00edtulo 5<\/div>\n<\/td>\n<\/tr>\n<tr>\n<td>\n<div class=\"label-table\">Calidad<\/div>\n<\/td>\n<td>\n<div class=\"description-table\">ISO 9001 ; 2015<\/div>\n<\/td>\n<\/tr>\n<tr class=\"text-heading\">\n<td>\n<div class=\"heading-table\">GARANTIA<\/div>\n<\/td>\n<td><\/td>\n<\/tr>\n<tr>\n<td>\n<div class=\"label-table\">Per\u00edodo de garant\u00eda<\/div>\n<\/td>\n<td>\n<div class=\"description-table\">2 a\u00f1os<\/div>\n<\/td>\n<\/tr>\n<\/tbody>\n<\/table>\n<\/div>\n<\/div>\n<\/div>\n<\/div>\n<\/div>\n<\/div>\n<\/div>\n<\/div>\n<\/div>\n<div id=\"cmsmasters_row_69e30792f3ba0\" class=\"cmsmasters_row cmsmasters_color_scheme_default cmsmasters_row_top_default cmsmasters_row_bot_default cmsmasters_row_boxed\">\n<div class=\"cmsmasters_row_outer_parent\">\n<div class=\"cmsmasters_row_outer\">\n<div class=\"cmsmasters_row_inner\">\n<div class=\"cmsmasters_row_margin\">\n<div class=\"cmsmasters_column one_half\">\n<div class=\"cmsmasters_text label-schema-produits\">\n<p>Dimensiones<\/p>\n<\/div>\n<div class=\"cmsmasters_img  cmsmasters_image_n\">\n<a href=\"https:\/\/www.delta-box.com\/es\/wp-content\/uploads\/sites\/3\/2020\/10\/Dimensions-LMIH.png\"><img src=\"https:\/\/www.delta-box.com\/es\/wp-content\/uploads\/sites\/3\/2020\/10\/Dimensions-LMIH.png\" alt=\"delta box LMIH\" \/><\/a>\n<\/div>\n<\/div>\n<div class=\"cmsmasters_column one_half\">\n<\/div>\n<\/div>\n<\/div>\n<\/div>\n<\/div>\n<\/div>\n<div id=\"cmsmasters_row_69e30792f40a5\" class=\"cmsmasters_row cmsmasters_color_scheme_default cmsmasters_row_top_default cmsmasters_row_bot_default cmsmasters_row_boxed\">\n<div class=\"cmsmasters_row_outer_parent\">\n<div class=\"cmsmasters_row_outer\">\n<div class=\"cmsmasters_row_inner\">\n<div class=\"cmsmasters_row_margin\">\n<div class=\"cmsmasters_column one_first\">\n<div class=\"cmsmasters_text cta-download\">\n<p><a href=\"https:\/\/www.delta-box.com\/es\/wp-content\/uploads\/sites\/3\/2020\/10\/Helipuerto-Faro-de-Helipuerto.pdf\" target=\"_blank\" rel=\"nofollow noopener noreferrer\">Descargar la ficha producto del faro de Helipuerto<\/a><\/p>\n<\/div>\n<\/div>\n<\/div>\n<\/div>\n<\/div>\n<\/div>\n<\/div>\n","protected":false},"excerpt":{"rendered":"","protected":false},"author":4,"featured_media":0,"parent":0,"menu_order":0,"comment_status":"closed","ping_status":"closed","template":"page-produits.php","meta":[],"yoast_head":"<!-- This site is optimized with the Yoast SEO plugin v15.2 - https:\/\/yoast.com\/wordpress\/plugins\/seo\/ -->\n<title>Faro de Identificaci\u00f3n Helipuerto | Delta Box<\/title>\n<meta name=\"description\" content=\"Delta Box es el especialista del balizaje luminoso para pistas de Helipuerto. Cuenta con gran experiencia y experticia en el dominio.\" \/>\n<meta name=\"robots\" content=\"index, follow, max-snippet:-1, max-image-preview:large, max-video-preview:-1\" \/>\n<link rel=\"canonical\" href=\"https:\/\/www.delta-box.com\/es\/balizaje\/faro-helipuerto\/\" \/>\n<meta property=\"og:locale\" content=\"es_ES\" \/>\n<meta property=\"og:type\" content=\"article\" \/>\n<meta property=\"og:title\" content=\"Faro de Identificaci\u00f3n Helipuerto | Delta Box\" \/>\n<meta property=\"og:description\" content=\"Delta Box es el especialista del balizaje luminoso para pistas de Helipuerto. Cuenta con gran experiencia y experticia en el dominio.\" \/>\n<meta property=\"og:url\" content=\"https:\/\/www.delta-box.com\/es\/balizaje\/faro-helipuerto\/\" \/>\n<meta property=\"og:site_name\" content=\"DeltaBox (ES)\" \/>\n<meta property=\"article:modified_time\" content=\"2021-03-03T11:06:37+00:00\" \/>\n<meta property=\"og:image\" content=\"https:\/\/www.delta-box.com\/es\/wp-content\/uploads\/sites\/3\/2020\/10\/Picto_Helistation_Gris-e1604052944600.png\" \/>\n<meta name=\"twitter:card\" content=\"summary_large_image\" \/>\n<meta name=\"twitter:label1\" value=\"Escrito por\">\n\t<meta name=\"twitter:data1\" value=\"nicolasdeltabox\">\n\t<meta name=\"twitter:label2\" value=\"Tiempo de lectura\">\n\t<meta name=\"twitter:data2\" value=\"4 minutos\">\n<script type=\"application\/ld+json\" class=\"yoast-schema-graph\">{\"@context\":\"https:\/\/schema.org\",\"@graph\":[{\"@type\":\"WebSite\",\"@id\":\"https:\/\/www.delta-box.com\/es\/#website\",\"url\":\"https:\/\/www.delta-box.com\/es\/\",\"name\":\"DeltaBox (ES)\",\"description\":\"Un site utilisant WordPress\",\"potentialAction\":[{\"@type\":\"SearchAction\",\"target\":\"https:\/\/www.delta-box.com\/es\/?s={search_term_string}\",\"query-input\":\"required name=search_term_string\"}],\"inLanguage\":\"es\"},{\"@type\":\"ImageObject\",\"@id\":\"https:\/\/www.delta-box.com\/es\/balizaje\/faro-helipuerto\/#primaryimage\",\"inLanguage\":\"es\",\"url\":\"https:\/\/www.delta-box.com\/es\/wp-content\/uploads\/sites\/3\/2020\/10\/Picto_Helistation_Gris-e1604052944600.png\",\"width\":120,\"height\":75},{\"@type\":\"WebPage\",\"@id\":\"https:\/\/www.delta-box.com\/es\/balizaje\/faro-helipuerto\/#webpage\",\"url\":\"https:\/\/www.delta-box.com\/es\/balizaje\/faro-helipuerto\/\",\"name\":\"Faro de Identificaci\\u00f3n Helipuerto | Delta Box\",\"isPartOf\":{\"@id\":\"https:\/\/www.delta-box.com\/es\/#website\"},\"primaryImageOfPage\":{\"@id\":\"https:\/\/www.delta-box.com\/es\/balizaje\/faro-helipuerto\/#primaryimage\"},\"datePublished\":\"2021-01-13T13:58:43+00:00\",\"dateModified\":\"2021-03-03T11:06:37+00:00\",\"description\":\"Delta Box es el especialista del balizaje luminoso para pistas de Helipuerto. Cuenta con gran experiencia y experticia en el dominio.\",\"breadcrumb\":{\"@id\":\"https:\/\/www.delta-box.com\/es\/balizaje\/faro-helipuerto\/#breadcrumb\"},\"inLanguage\":\"es\",\"potentialAction\":[{\"@type\":\"ReadAction\",\"target\":[\"https:\/\/www.delta-box.com\/es\/balizaje\/faro-helipuerto\/\"]}]},{\"@type\":\"BreadcrumbList\",\"@id\":\"https:\/\/www.delta-box.com\/es\/balizaje\/faro-helipuerto\/#breadcrumb\",\"itemListElement\":[{\"@type\":\"ListItem\",\"position\":1,\"item\":{\"@type\":\"WebPage\",\"@id\":\"https:\/\/www.delta-box.com\/es\/\",\"url\":\"https:\/\/www.delta-box.com\/es\/\",\"name\":\"Inicio\"}},{\"@type\":\"ListItem\",\"position\":2,\"item\":{\"@type\":\"WebPage\",\"@id\":\"https:\/\/www.delta-box.com\/es\/balizaje\/faro-helipuerto\/\",\"url\":\"https:\/\/www.delta-box.com\/es\/balizaje\/faro-helipuerto\/\",\"name\":\"Faro de identificaci\\u00f3n de Helipuerto\"}}]}]}<\/script>\n<!-- \/ Yoast SEO plugin. -->","_links":{"self":[{"href":"https:\/\/www.delta-box.com\/es\/wp-json\/wp\/v2\/pages\/9542"}],"collection":[{"href":"https:\/\/www.delta-box.com\/es\/wp-json\/wp\/v2\/pages"}],"about":[{"href":"https:\/\/www.delta-box.com\/es\/wp-json\/wp\/v2\/types\/page"}],"author":[{"embeddable":true,"href":"https:\/\/www.delta-box.com\/es\/wp-json\/wp\/v2\/users\/4"}],"replies":[{"embeddable":true,"href":"https:\/\/www.delta-box.com\/es\/wp-json\/wp\/v2\/comments?post=9542"}],"version-history":[{"count":14,"href":"https:\/\/www.delta-box.com\/es\/wp-json\/wp\/v2\/pages\/9542\/revisions"}],"predecessor-version":[{"id":9676,"href":"https:\/\/www.delta-box.com\/es\/wp-json\/wp\/v2\/pages\/9542\/revisions\/9676"}],"wp:attachment":[{"href":"https:\/\/www.delta-box.com\/es\/wp-json\/wp\/v2\/media?parent=9542"}],"curies":[{"name":"wp","href":"https:\/\/api.w.org\/{rel}","templated":true}]}}