{"id":9471,"date":"2021-01-13T14:58:15","date_gmt":"2021-01-13T13:58:15","guid":{"rendered":"https:\/\/www.delta-box.com\/es\/?page_id=9471"},"modified":"2021-03-03T17:00:16","modified_gmt":"2021-03-03T16:00:16","slug":"balisage-heliportuaire-encastre","status":"publish","type":"page","link":"https:\/\/www.delta-box.com\/es\/balizaje\/balizas-empotradas-helipuerto","title":{"rendered":"Balizas empotradas para pistas de Helipuerto"},"content":{"rendered":"<style type=\"text\/css\"> \n#cmsmasters_row_69e7ff734b81c .cmsmasters_row_outer_parent { \n\tpadding-top: 0px; \n} \n\n#cmsmasters_row_69e7ff734b81c .cmsmasters_row_outer_parent { \n\tpadding-bottom: 10px; \n} \n\n \n#cmsmasters_heading_69e7ff734bb44 { \n\ttext-align:left; \n\tmargin-top:0px; \n\tmargin-bottom:0px; \n} \n\n#cmsmasters_heading_69e7ff734bb44 .cmsmasters_heading { \n\ttext-align:left; \n} \n\n#cmsmasters_heading_69e7ff734bb44 .cmsmasters_heading, #cmsmasters_heading_69e7ff734bb44 .cmsmasters_heading a { \n\tfont-family:'Montserrat'; \n\tfont-size:15px; \n\tfont-weight:600; \n\tfont-style:normal; \n\tcolor:#f84e57;\n} \n\n#cmsmasters_heading_69e7ff734bb44 .cmsmasters_heading_divider { \n} \n\n \n#cmsmasters_heading_69e7ff734bb99 { \n\ttext-align:left; \n\tmargin-top:0px; \n\tmargin-bottom:20px; \n} \n\n#cmsmasters_heading_69e7ff734bb99 .cmsmasters_heading { \n\ttext-align:left; \n} \n\n#cmsmasters_heading_69e7ff734bb99 .cmsmasters_heading, #cmsmasters_heading_69e7ff734bb99 .cmsmasters_heading a { \n\tfont-size:20px; \n\tfont-weight:600; \n\tfont-style:normal; \n\tcolor:#454545;\n} \n\n#cmsmasters_heading_69e7ff734bb99 .cmsmasters_heading_divider { \n} \n\n \n#cmsmasters_row_69e7ff734be21 .cmsmasters_row_outer_parent { \n\tpadding-top: 0px; \n} \n\n#cmsmasters_row_69e7ff734be21 .cmsmasters_row_outer_parent { \n\tpadding-bottom: 10px; \n} \n\n \n#cmsmasters_row_69e7ff734e47d .cmsmasters_row_outer_parent { \n\tpadding-top: 30px; \n} \n\n#cmsmasters_row_69e7ff734e47d .cmsmasters_row_outer_parent { \n\tpadding-bottom: 10px; \n} \n\n \n#cmsmasters_row_69e7ff734e4e3 .cmsmasters_row_outer_parent { \n\tpadding-top: 0px; \n} \n\n#cmsmasters_row_69e7ff734e4e3 .cmsmasters_row_outer_parent { \n\tpadding-bottom: 0px; \n} \n\n \n#cmsmasters_row_69e7ff734e574 .cmsmasters_row_outer_parent { \n\tpadding-top: 0px; \n} \n\n#cmsmasters_row_69e7ff734e574 .cmsmasters_row_outer_parent { \n\tpadding-bottom: 0px; \n} \n\n \n#cmsmasters_row_69e7ff734e5df .cmsmasters_row_outer_parent { \n\tpadding-top: 30px; \n} \n\n#cmsmasters_row_69e7ff734e5df .cmsmasters_row_outer_parent { \n\tpadding-bottom: 10px; \n} \n\n \n#cmsmasters_row_69e7ff734e645 .cmsmasters_row_outer_parent { \n\tpadding-top: 0px; \n} \n\n#cmsmasters_row_69e7ff734e645 .cmsmasters_row_outer_parent { \n\tpadding-bottom: 50px; \n} \n\n \n#cmsmasters_row_69e7ff734ea1f .cmsmasters_row_outer_parent { \n\tpadding-top: 0px; \n} \n\n#cmsmasters_row_69e7ff734ea1f .cmsmasters_row_outer_parent { \n\tpadding-bottom: 50px; \n} \n\n \n#cmsmasters_row_69e7ff734ea85 .cmsmasters_row_outer_parent { \n\tpadding-top: 0px; \n} \n\n#cmsmasters_row_69e7ff734ea85 .cmsmasters_row_outer_parent { \n\tpadding-bottom: 50px; \n} \n\n \n#cmsmasters_row_69e7ff734f528 .cmsmasters_row_outer_parent { \n\tpadding-top: 0px; \n} \n\n#cmsmasters_row_69e7ff734f528 .cmsmasters_row_outer_parent { \n\tpadding-bottom: 50px; \n} \n\n \n#cmsmasters_row_69e7ff7350217 .cmsmasters_row_outer_parent { \n\tpadding-top: 0px; \n} \n\n#cmsmasters_row_69e7ff7350217 .cmsmasters_row_outer_parent { \n\tpadding-bottom: 50px; \n} \n\n<\/style><div id=\"cmsmasters_row_69e7ff734b81c\" class=\"cmsmasters_row cmsmasters_color_scheme_default general-title cmsmasters_row_top_default cmsmasters_row_bot_default cmsmasters_row_boxed\">\n<div class=\"cmsmasters_row_outer_parent\">\n<div class=\"cmsmasters_row_outer\">\n<div class=\"cmsmasters_row_inner\">\n<div class=\"cmsmasters_row_margin\">\n<div class=\"cmsmasters_column one_first\">\n\n<div id=\"cmsmasters_heading_69e7ff734bb44\" class=\"cmsmasters_heading_wrap cmsmasters_heading_align_left\">\n\t<h3 class=\"cmsmasters_heading\">Productos<\/h3>\n<\/div>\n<div id=\"cmsmasters_heading_69e7ff734bb99\" class=\"cmsmasters_heading_wrap cmsmasters_heading_align_left\">\n\t<h1 class=\"cmsmasters_heading\">Balizas empotradas para pistas de Helipuerto<\/h1>\n<\/div>\n<\/div>\n<\/div>\n<\/div>\n<\/div>\n<\/div>\n<\/div>\n<div id=\"cmsmasters_row_69e7ff734bd17\" class=\"cmsmasters_row cmsmasters_color_scheme_default cmsmasters_row_top_default cmsmasters_row_bot_default cmsmasters_row_boxed\">\n<div class=\"cmsmasters_row_outer_parent\">\n<div class=\"cmsmasters_row_outer\">\n<div class=\"cmsmasters_row_inner\">\n<div class=\"cmsmasters_row_margin\">\n<div class=\"cmsmasters_column one_first\">\n<div class=\"cmsmasters_text\">\n<p>&nbsp;<\/p>\n<\/div>\n<\/div>\n<\/div>\n<\/div>\n<\/div>\n<\/div>\n<\/div>\n<div id=\"cmsmasters_row_69e7ff734be21\" class=\"cmsmasters_row cmsmasters_color_scheme_default cmsmasters_row_top_default cmsmasters_row_bot_default cmsmasters_row_boxed\">\n<div class=\"cmsmasters_row_outer_parent\">\n<div class=\"cmsmasters_row_outer\">\n<div class=\"cmsmasters_row_inner\">\n<div class=\"cmsmasters_row_margin\">\n<div class=\"cmsmasters_column one_third\">\n<div class=\"cmsmasters_content_slider_wrap\" style=\"max-width:px;\">\n<script type=\"text\/javascript\">jQuery(document).ready(function () { jQuery(\"#cmsmasters_slider_69e7ff734bf05.cmsmasters_content_slider\").owlCarousel( { singleItem : true, transitionStyle: false, rewindSpeed : 1000, slideSpeed : 600, autoHeight : true, paginationSpeed : \t600, autoPlay : 7000,navigationText : \t[ \"<span class=\\\"cmsmasters_prev_arrow\\\"><span><\/span><\/span>\", \"<span class=\\\"cmsmasters_next_arrow\\\"><span><\/span><\/span>\" ] } );} );<\/script>\n<div id=\"cmsmasters_slider_69e7ff734bf05\" class=\"cmsmasters_content_slider cmsmasters_owl_slider owl-carousel\">\n<div class=\"cmsmasters_content_slider_item\"><img width=\"1600\" height=\"900\" src=\"https:\/\/www.delta-box.com\/es\/wp-content\/uploads\/sites\/3\/2020\/10\/Piste-helistation-1.jpeg\" class=\"attachment-full size-full\" alt=\"delta box helipad full\" loading=\"lazy\" srcset=\"https:\/\/www.delta-box.com\/es\/wp-content\/uploads\/sites\/3\/2020\/10\/Piste-helistation-1.jpeg 1600w, https:\/\/www.delta-box.com\/es\/wp-content\/uploads\/sites\/3\/2020\/10\/Piste-helistation-1-300x169.jpeg 300w, https:\/\/www.delta-box.com\/es\/wp-content\/uploads\/sites\/3\/2020\/10\/Piste-helistation-1-1024x576.jpeg 1024w, https:\/\/www.delta-box.com\/es\/wp-content\/uploads\/sites\/3\/2020\/10\/Piste-helistation-1-768x432.jpeg 768w, https:\/\/www.delta-box.com\/es\/wp-content\/uploads\/sites\/3\/2020\/10\/Piste-helistation-1-1536x864.jpeg 1536w, https:\/\/www.delta-box.com\/es\/wp-content\/uploads\/sites\/3\/2020\/10\/Piste-helistation-1-580x326.jpeg 580w, https:\/\/www.delta-box.com\/es\/wp-content\/uploads\/sites\/3\/2020\/10\/Piste-helistation-1-860x484.jpeg 860w, https:\/\/www.delta-box.com\/es\/wp-content\/uploads\/sites\/3\/2020\/10\/Piste-helistation-1-1160x653.jpeg 1160w\" sizes=\"(max-width: 1600px) 100vw, 1600px\" \/><\/div><div class=\"cmsmasters_content_slider_item\"><img width=\"1000\" height=\"486\" src=\"https:\/\/www.delta-box.com\/es\/wp-content\/uploads\/sites\/3\/2021\/03\/20201202_174516.jpg\" class=\"attachment-full size-full\" alt=\"\" loading=\"lazy\" srcset=\"https:\/\/www.delta-box.com\/es\/wp-content\/uploads\/sites\/3\/2021\/03\/20201202_174516.jpg 1000w, https:\/\/www.delta-box.com\/es\/wp-content\/uploads\/sites\/3\/2021\/03\/20201202_174516-300x146.jpg 300w, https:\/\/www.delta-box.com\/es\/wp-content\/uploads\/sites\/3\/2021\/03\/20201202_174516-768x373.jpg 768w, https:\/\/www.delta-box.com\/es\/wp-content\/uploads\/sites\/3\/2021\/03\/20201202_174516-580x282.jpg 580w, https:\/\/www.delta-box.com\/es\/wp-content\/uploads\/sites\/3\/2021\/03\/20201202_174516-860x418.jpg 860w\" sizes=\"(max-width: 1000px) 100vw, 1000px\" \/><\/div><div class=\"cmsmasters_content_slider_item\"><img width=\"1000\" height=\"486\" src=\"https:\/\/www.delta-box.com\/es\/wp-content\/uploads\/sites\/3\/2021\/03\/20201202_174503.jpg\" class=\"attachment-full size-full\" alt=\"\" loading=\"lazy\" srcset=\"https:\/\/www.delta-box.com\/es\/wp-content\/uploads\/sites\/3\/2021\/03\/20201202_174503.jpg 1000w, https:\/\/www.delta-box.com\/es\/wp-content\/uploads\/sites\/3\/2021\/03\/20201202_174503-300x146.jpg 300w, https:\/\/www.delta-box.com\/es\/wp-content\/uploads\/sites\/3\/2021\/03\/20201202_174503-768x373.jpg 768w, https:\/\/www.delta-box.com\/es\/wp-content\/uploads\/sites\/3\/2021\/03\/20201202_174503-580x282.jpg 580w, https:\/\/www.delta-box.com\/es\/wp-content\/uploads\/sites\/3\/2021\/03\/20201202_174503-860x418.jpg 860w\" sizes=\"(max-width: 1000px) 100vw, 1000px\" \/><\/div><\/div>\n<\/div>\n<\/div>\n<div class=\"cmsmasters_column two_third\">\n<div class=\"cmsmasters_text\">\n<p>Nuestras balizas empotradas LED sirven a la identificaci\u00f3n del perimetro de las zonas TLOF (verde) y FATO (blanco) de un Helipuerto y tambi\u00e9n como marcas de alineaci\u00f3n y de punta. Sobre helipuertos elevados las zonas FATO y TLOF pueden coincidir con balizamiento verde.<\/p>\n<p>Nuestras balizas tambi\u00e9n est\u00e1n certificadas y cumplen con las normativas de la OACI y su grado de protecci\u00f3n IP68 permite la instalaci\u00f3n en cualquiera zona con cualquiera condici\u00f3n ambiental. Tambi\u00e9n la opci\u00f3n NGV est\u00e1 disponible y vienen con su base de fijaci\u00f3n. La versi\u00f3n full flush est\u00e1 disponible para pistas donde no se requieren operaciones con propulsi\u00f3n.<\/p>\n<\/div>\n<\/div>\n<\/div>\n<\/div>\n<\/div>\n<\/div>\n<\/div>\n<div id=\"cmsmasters_row_69e7ff734e47d\" class=\"cmsmasters_row cmsmasters_color_scheme_default general-title cmsmasters_row_top_default cmsmasters_row_bot_default cmsmasters_row_boxed\">\n<div class=\"cmsmasters_row_outer_parent\">\n<div class=\"cmsmasters_row_outer\">\n<div class=\"cmsmasters_row_inner\">\n<div class=\"cmsmasters_row_margin\">\n<div class=\"cmsmasters_column one_first\">\n<div class=\"cmsmasters_text\">\n<h2>Los diferentes\u00a0<span style=\"color: #f1363d;\">\u00e1mbitos de aplicaciones<\/span><\/h2>\n<\/div>\n<\/div>\n<\/div>\n<\/div>\n<\/div>\n<\/div>\n<\/div>\n<div id=\"cmsmasters_row_69e7ff734e4e3\" class=\"cmsmasters_row cmsmasters_color_scheme_default cmsmasters_row_top_default cmsmasters_row_bot_default cmsmasters_row_boxed\">\n<div class=\"cmsmasters_row_outer_parent\">\n<div class=\"cmsmasters_row_outer\">\n<div class=\"cmsmasters_row_inner\">\n<div class=\"cmsmasters_row_margin\">\n<div class=\"cmsmasters_column one_first\">\n<div class=\"cmsmasters_text\">\n<p>Nuestras balizas empotradas pueden estar configuradas para diferentes usos, con adaptaci\u00f3n del color y\/o de la intensidad luminosa:<\/p>\n<p>Verde:<br \/>\n&#8211; \u00c1rea de toma de contacto y de elevaci\u00f3n inicial &#8211; TLOF (OACI\/FAA)<br \/>\n&#8211; \u00c1rea de aproximaci\u00f3n final y de despegue &#8211; FATO (FAA)<br \/>\n&#8211; Marcas de alineaci\u00f3n para pistas y rutas de rodaje en el suelo (OACI)<\/p>\n<p>Blanco:<br \/>\n&#8211; \u00c1rea de aproximaci\u00f3n final y de despegue &#8211; FATO (OACI)<br \/>\n&#8211; Marcas de puntos de llegada (OACI)<br \/>\n&#8211; Marcas de alineaci\u00f3n para pistas y rutas de rodaje en el suelo (OACI)<\/p>\n<p>\u00c1mbar:<br \/>\n&#8211; \u00c1rea de toma de contacto y de elevaci\u00f3n inicial &#8211; TLOF (OACI &lt; 2008)<br \/>\n&#8211; Pista y ruta de rodaje en el suelo (OACI)<br \/>\n&#8211; Codificaci\u00f3n TLOF<\/p>\n<p>Azul:<br \/>\n&#8211; Codificaci\u00f3n TLOF<br \/>\n&#8211; Luz de borde de pista de rodaje (OACI)<\/p>\n<\/div>\n<\/div>\n<\/div>\n<\/div>\n<\/div>\n<\/div>\n<\/div>\n<div id=\"cmsmasters_row_69e7ff734e574\" class=\"cmsmasters_row cmsmasters_color_scheme_default cmsmasters_row_top_default cmsmasters_row_bot_default cmsmasters_row_boxed\">\n<div class=\"cmsmasters_row_outer_parent\">\n<div class=\"cmsmasters_row_outer\">\n<div class=\"cmsmasters_row_inner\">\n<div class=\"cmsmasters_row_margin\">\n<div class=\"cmsmasters_column one_first\">\n<div class=\"cmsmasters_text\">\n<p><a href=\"https:\/\/www.delta-box.com\/es\/wp-content\/uploads\/sites\/3\/2020\/10\/Picto_Helistation_Gris-e1604052944600.png\"><img loading=\"lazy\" class=\"alignnone size-full wp-image-9459\" src=\"https:\/\/www.delta-box.com\/es\/wp-content\/uploads\/sites\/3\/2020\/10\/Picto_Helistation_Gris-e1604052944600.png\" alt=\"\" width=\"120\" height=\"75\" \/><\/a><\/p>\n<\/div>\n<\/div>\n<\/div>\n<\/div>\n<\/div>\n<\/div>\n<\/div>\n<div id=\"cmsmasters_row_69e7ff734e5df\" class=\"cmsmasters_row cmsmasters_color_scheme_default general-title cmsmasters_row_top_default cmsmasters_row_bot_default cmsmasters_row_boxed\">\n<div class=\"cmsmasters_row_outer_parent\">\n<div class=\"cmsmasters_row_outer\">\n<div class=\"cmsmasters_row_inner\">\n<div class=\"cmsmasters_row_margin\">\n<div class=\"cmsmasters_column one_first\">\n<div class=\"cmsmasters_text\">\n<h2>Las caracter\u00edsticas\u00a0<span style=\"color: #f1363d;\">t\u00e9cnicas<\/span><\/h2>\n<\/div>\n<\/div>\n<\/div>\n<\/div>\n<\/div>\n<\/div>\n<\/div>\n<div id=\"cmsmasters_row_69e7ff734e645\" class=\"cmsmasters_row cmsmasters_color_scheme_default cmsmasters_row_top_default cmsmasters_row_bot_default cmsmasters_row_boxed\">\n<div class=\"cmsmasters_row_outer_parent\">\n<div class=\"cmsmasters_row_outer\">\n<div class=\"cmsmasters_row_inner\">\n<div class=\"cmsmasters_row_margin\">\n<div class=\"cmsmasters_column one_first\">\n<div class=\"cmsmasters_text\">\n<div class=\"caracteristique-tech-produit\">\n<div class=\"table-3-col\">\n<table>\n<tbody>\n<tr class=\"text-heading\">\n<td>\n<div class=\"heading-table\">LUMINOSAS<\/div>\n<\/td>\n<td>\n<div class=\"heading-table\">BALIZA TLOF<\/div>\n<\/td>\n<td>\n<div class=\"heading-table\">BALIZA FATO<\/div>\n<\/td>\n<\/tr>\n<tr>\n<td>\n<div class=\"label-table\">Fuente de luz<\/div>\n<\/td>\n<td>\n<div class=\"description-table db-produit-1\">LEDs<\/div>\n<\/td>\n<td>\n<div class=\"description-table\">LEDs<\/div>\n<\/td>\n<\/tr>\n<tr>\n<td>\n<div class=\"label-table\">Color<\/div>\n<\/td>\n<td>\n<div class=\"description-table db-produit-1\">Verde<\/div>\n<\/td>\n<td>\n<div class=\"description-table\">Blanco<\/div>\n<\/td>\n<\/tr>\n<tr>\n<td>\n<div class=\"label-table\">Vida \u00fatil<\/div>\n<\/td>\n<td>\n<div class=\"description-table db-produit-1\">100 000 Horas<\/div>\n<\/td>\n<td>\n<div class=\"description-table\">100 000 Horas<\/div>\n<\/td>\n<\/tr>\n<tr class=\"text-heading\">\n<td>\n<div class=\"heading-table\">ELECTRICAS<\/div>\n<\/td>\n<td><\/td>\n<td><\/td>\n<\/tr>\n<tr>\n<td>\n<div class=\"label-table\">Voltaje<\/div>\n<\/td>\n<td>\n<div class=\"description-table db-produit-1\">24V<\/div>\n<\/td>\n<td>\n<div class=\"description-table\">24V<\/div>\n<\/td>\n<\/tr>\n<tr>\n<td>\n<div class=\"label-table\">Temperatura de funcionamiento<\/div>\n<\/td>\n<td>\n<div class=\"description-table db-produit-1\">-40\u00b0C hasta +55\u00b0C<\/div>\n<\/td>\n<td>\n<div class=\"description-table\">-40\u00b0C hasta +55\u00b0C<\/div>\n<\/td>\n<\/tr>\n<tr>\n<td>\n<div class=\"label-table\">Consumo<\/div>\n<\/td>\n<td>\n<div class=\"description-table db-produit-1\">&lt; 6W<\/div>\n<\/td>\n<td>\n<div class=\"description-table\">&lt; 10W<\/div>\n<\/td>\n<\/tr>\n<tr>\n<td>\n<div class=\"label-table\">Grado de protecci\u00f3n<\/div>\n<\/td>\n<td>\n<div class=\"description-table db-produit-1\">IP68<\/div>\n<\/td>\n<td>\n<div class=\"description-table\">IP68<\/div>\n<\/td>\n<\/tr>\n<tr class=\"text-heading\">\n<td>\n<div class=\"heading-table\">MECANICAS<\/div>\n<\/td>\n<td><\/td>\n<td><\/td>\n<\/tr>\n<tr>\n<td>\n<div class=\"label-table\">Ensamblaje<\/div>\n<\/td>\n<td>\n<div class=\"description-table\">Full Flush \/ Semi Flush<\/div>\n<\/td>\n<td>\n<div class=\"description-table\"><span style=\"display: inline !important; float: none; background-color: #ffffff; color: #333333; cursor: text; font-family: Arial,Helvetica,'Nimbus Sans L',sans-serif; font-size: 13px; font-style: normal; font-variant: normal; font-weight: 400; letter-spacing: normal; orphans: 2; text-align: left; text-decoration: none; text-indent: 0px; text-transform: none; -webkit-text-stroke-width: 0px; white-space: normal; word-spacing: 0px;\">Full Flush \/ Semi Flush<\/span><\/div>\n<\/td>\n<\/tr>\n<tr>\n<td>\n<div class=\"label-table\">Altura \/ Anchura<\/div>\n<\/td>\n<td>\n<div class=\"description-table\">52,5mm \/ 120mm<\/div>\n<\/td>\n<td>\n<div class=\"description-table\">52,5mm \/ 120mm<\/div>\n<\/td>\n<\/tr>\n<tr class=\"text-heading\">\n<td>\n<div class=\"heading-table\">ENTORNO<\/div>\n<\/td>\n<td><\/td>\n<td><\/td>\n<\/tr>\n<tr>\n<td>\n<div class=\"label-table\">Humedad<\/div>\n<\/td>\n<td>\n<div class=\"description-table\">100%<\/div>\n<\/td>\n<td>\n<div class=\"description-table\">100%<\/div>\n<\/td>\n<\/tr>\n<tr>\n<td>\n<div class=\"label-table\">Helada<\/div>\n<\/td>\n<td>\n<div class=\"description-table\">-60\u00b0C<\/div>\n<\/td>\n<td>\n<div class=\"description-table\">-60\u00b0C<\/div>\n<\/td>\n<\/tr>\n<tr>\n<td>\n<div class=\"label-table\">Velocidad del viento<\/div>\n<\/td>\n<td>\n<div class=\"description-table\">240 Km\/h<\/div>\n<\/td>\n<td>\n<div class=\"description-table\">240 Km\/h<\/div>\n<\/td>\n<td><\/td>\n<\/tr>\n<tr class=\"text-heading\">\n<td>\n<div class=\"heading-table\">CERTIFICACIONES<\/div>\n<\/td>\n<td><\/td>\n<td><\/td>\n<\/tr>\n<tr>\n<td>\n<div class=\"label-table\">CE<\/div>\n<\/td>\n<td>\n<div class=\"description-table\">EN60947-1<br \/>\nCEI60364, NF C15-100<br \/>\n2014 \/ 35 \/ UE<\/div>\n<\/td>\n<td>\n<div class=\"description-table\">EN60947-1<br \/>\nCEI60364, NF C15-100<br \/>\n2014 \/ 35 \/ UE<\/div>\n<\/td>\n<\/tr>\n<tr>\n<td>\n<div class=\"label-table\">OACI<\/div>\n<\/td>\n<td>\n<div class=\"description-table\">Anexo 14, Volumen I, Cap\u00edtulo 5<\/div>\n<\/td>\n<td>\n<div class=\"description-table\"><span style=\"display: inline !important; float: none; background-color: #ffffff; color: #333333; cursor: text; font-family: Arial,Helvetica,'Nimbus Sans L',sans-serif; font-size: 13px; font-style: normal; font-variant: normal; font-weight: 400; letter-spacing: normal; orphans: 2; text-align: left; text-decoration: none; text-indent: 0px; text-transform: none; -webkit-text-stroke-width: 0px; white-space: normal; word-spacing: 0px;\">Anexo 14, Volumen I, Cap\u00edtulo 5<\/span><\/div>\n<\/td>\n<\/tr>\n<tr>\n<td>\n<div class=\"label-table\">Calidad<\/div>\n<\/td>\n<td>\n<div class=\"description-table\">ISO 9001 ; 2015<\/div>\n<\/td>\n<td>\n<div class=\"description-table\">ISO 9001 ; 2015<\/div>\n<\/td>\n<\/tr>\n<tr class=\"text-heading\">\n<td>\n<div class=\"heading-table\">GARANTIA<\/div>\n<\/td>\n<td><\/td>\n<td><\/td>\n<\/tr>\n<tr>\n<td>\n<div class=\"label-table\">Per\u00edodo de garant\u00eda<\/div>\n<\/td>\n<td>\n<div class=\"description-table\">2 a\u00f1os<\/div>\n<\/td>\n<td>\n<div class=\"description-table\">2 a\u00f1os<\/div>\n<\/td>\n<\/tr>\n<\/tbody>\n<\/table>\n<\/div>\n<\/div>\n<\/div>\n<\/div>\n<\/div>\n<\/div>\n<\/div>\n<\/div>\n<\/div>\n<div id=\"cmsmasters_row_69e7ff734ea1f\" class=\"cmsmasters_row cmsmasters_color_scheme_default cmsmasters_row_top_default cmsmasters_row_bot_default cmsmasters_row_boxed\">\n<div class=\"cmsmasters_row_outer_parent\">\n<div class=\"cmsmasters_row_outer\">\n<div class=\"cmsmasters_row_inner\">\n<div class=\"cmsmasters_row_margin\">\n<div class=\"cmsmasters_column one_first\">\n<div class=\"cmsmasters_text label-schema-produits\">\n<p>Dimensiones<\/p>\n<\/div>\n<\/div>\n<\/div>\n<\/div>\n<\/div>\n<\/div>\n<\/div>\n<div id=\"cmsmasters_row_69e7ff734ea85\" class=\"cmsmasters_row cmsmasters_color_scheme_default cmsmasters_row_top_default cmsmasters_row_bot_default cmsmasters_row_boxed\">\n<div class=\"cmsmasters_row_outer_parent\">\n<div class=\"cmsmasters_row_outer\">\n<div class=\"cmsmasters_row_inner\">\n<div class=\"cmsmasters_row_margin\">\n<div class=\"cmsmasters_column two_third\">\n<div class=\"cmsmasters_img  cmsmasters_image_n\">\n<a href=\"https:\/\/www.delta-box.com\/es\/wp-content\/uploads\/sites\/3\/2020\/10\/Dimensions-full-flush-flush.png\"><img src=\"https:\/\/www.delta-box.com\/es\/wp-content\/uploads\/sites\/3\/2020\/10\/Dimensions-full-flush-flush.png\" alt=\"Dimensiones fijacion\" \/><\/a>\n<\/div>\n<\/div>\n<div class=\"cmsmasters_column one_third\">\n<\/div>\n<\/div>\n<\/div>\n<\/div>\n<\/div>\n<\/div>\n<div id=\"cmsmasters_row_69e7ff734f528\" class=\"cmsmasters_row cmsmasters_color_scheme_default cmsmasters_row_top_default cmsmasters_row_bot_default cmsmasters_row_boxed\">\n<div class=\"cmsmasters_row_outer_parent\">\n<div class=\"cmsmasters_row_outer\">\n<div class=\"cmsmasters_row_inner\">\n<div class=\"cmsmasters_row_margin\">\n<div class=\"cmsmasters_column one_half\">\n<div class=\"cmsmasters_img  cmsmasters_image_n\">\n<a href=\"https:\/\/www.delta-box.com\/es\/wp-content\/uploads\/sites\/3\/2020\/10\/Dimensions-shallow-base-1.png\"><img src=\"https:\/\/www.delta-box.com\/es\/wp-content\/uploads\/sites\/3\/2020\/10\/Dimensions-shallow-base-1.png\" alt=\"deltabox base inset\" \/><\/a>\n<\/div>\n<\/div>\n<div class=\"cmsmasters_column one_half\">\n<div class=\"cmsmasters_img  cmsmasters_image_n\">\n<a href=\"https:\/\/www.delta-box.com\/es\/wp-content\/uploads\/sites\/3\/2020\/10\/Dimensions-shallow-base-2.png\"><img src=\"https:\/\/www.delta-box.com\/es\/wp-content\/uploads\/sites\/3\/2020\/10\/Dimensions-shallow-base-2.png\" alt=\"Base de fijacion\" \/><\/a>\n<\/div>\n<\/div>\n<\/div>\n<\/div>\n<\/div>\n<\/div>\n<\/div>\n<div id=\"cmsmasters_row_69e7ff7350217\" class=\"cmsmasters_row cmsmasters_color_scheme_default cmsmasters_row_top_default cmsmasters_row_bot_default cmsmasters_row_boxed\">\n<div class=\"cmsmasters_row_outer_parent\">\n<div class=\"cmsmasters_row_outer\">\n<div class=\"cmsmasters_row_inner\">\n<div class=\"cmsmasters_row_margin\">\n<div class=\"cmsmasters_column one_first\">\n<div class=\"cmsmasters_text cta-download\">\n<p><a href=\"https:\/\/www.delta-box.com\/es\/wp-content\/uploads\/sites\/3\/2020\/10\/Helipuerto-Balizas-Empotradas-FATO-TLOF.pdf\" target=\"_blank\" rel=\"nofollow noopener noreferrer\">Descargar la ficha producto de la baliza empotrada<\/a><\/p>\n<\/div>\n<\/div>\n<\/div>\n<\/div>\n<\/div>\n<\/div>\n<\/div>\n","protected":false},"excerpt":{"rendered":"","protected":false},"author":4,"featured_media":0,"parent":0,"menu_order":0,"comment_status":"closed","ping_status":"closed","template":"page-produits.php","meta":[],"yoast_head":"<!-- This site is optimized with the Yoast SEO plugin v15.2 - https:\/\/yoast.com\/wordpress\/plugins\/seo\/ -->\n<title>Balizas empotradas para helipuertos | Delta Box<\/title>\n<meta name=\"description\" content=\"Delta Box es el especialista del balizaje luminoso para pistas de Helipuerto. Cuenta con gran experiencia y experticia en el dominio.\" \/>\n<meta name=\"robots\" content=\"index, follow, max-snippet:-1, max-image-preview:large, max-video-preview:-1\" \/>\n<link rel=\"canonical\" href=\"https:\/\/www.delta-box.com\/es\/balizaje\/balizas-empotradas-helipuerto\/\" \/>\n<meta property=\"og:locale\" content=\"es_ES\" \/>\n<meta property=\"og:type\" content=\"article\" \/>\n<meta property=\"og:title\" content=\"Balizas empotradas para helipuertos | Delta Box\" \/>\n<meta property=\"og:description\" content=\"Delta Box es el especialista del balizaje luminoso para pistas de Helipuerto. Cuenta con gran experiencia y experticia en el dominio.\" \/>\n<meta property=\"og:url\" content=\"https:\/\/www.delta-box.com\/es\/balizaje\/balizas-empotradas-helipuerto\/\" \/>\n<meta property=\"og:site_name\" content=\"DeltaBox (ES)\" \/>\n<meta property=\"article:modified_time\" content=\"2021-03-03T16:00:16+00:00\" \/>\n<meta property=\"og:image\" content=\"https:\/\/www.delta-box.com\/es\/wp-content\/uploads\/sites\/3\/2020\/10\/Picto_Helistation_Gris-e1604052944600.png\" \/>\n<meta name=\"twitter:card\" content=\"summary_large_image\" \/>\n<meta name=\"twitter:label1\" value=\"Escrito por\">\n\t<meta name=\"twitter:data1\" value=\"nicolasdeltabox\">\n\t<meta name=\"twitter:label2\" value=\"Tiempo de lectura\">\n\t<meta name=\"twitter:data2\" value=\"5 minutos\">\n<script type=\"application\/ld+json\" class=\"yoast-schema-graph\">{\"@context\":\"https:\/\/schema.org\",\"@graph\":[{\"@type\":\"WebSite\",\"@id\":\"https:\/\/www.delta-box.com\/es\/#website\",\"url\":\"https:\/\/www.delta-box.com\/es\/\",\"name\":\"DeltaBox (ES)\",\"description\":\"Un site utilisant WordPress\",\"potentialAction\":[{\"@type\":\"SearchAction\",\"target\":\"https:\/\/www.delta-box.com\/es\/?s={search_term_string}\",\"query-input\":\"required name=search_term_string\"}],\"inLanguage\":\"es\"},{\"@type\":\"ImageObject\",\"@id\":\"https:\/\/www.delta-box.com\/es\/balizaje\/balizas-empotradas-helipuerto\/#primaryimage\",\"inLanguage\":\"es\",\"url\":\"https:\/\/www.delta-box.com\/es\/wp-content\/uploads\/sites\/3\/2020\/10\/Picto_Helistation_Gris-e1604052944600.png\",\"width\":120,\"height\":75},{\"@type\":\"WebPage\",\"@id\":\"https:\/\/www.delta-box.com\/es\/balizaje\/balizas-empotradas-helipuerto\/#webpage\",\"url\":\"https:\/\/www.delta-box.com\/es\/balizaje\/balizas-empotradas-helipuerto\/\",\"name\":\"Balizas empotradas para helipuertos | Delta Box\",\"isPartOf\":{\"@id\":\"https:\/\/www.delta-box.com\/es\/#website\"},\"primaryImageOfPage\":{\"@id\":\"https:\/\/www.delta-box.com\/es\/balizaje\/balizas-empotradas-helipuerto\/#primaryimage\"},\"datePublished\":\"2021-01-13T13:58:15+00:00\",\"dateModified\":\"2021-03-03T16:00:16+00:00\",\"description\":\"Delta Box es el especialista del balizaje luminoso para pistas de Helipuerto. Cuenta con gran experiencia y experticia en el dominio.\",\"breadcrumb\":{\"@id\":\"https:\/\/www.delta-box.com\/es\/balizaje\/balizas-empotradas-helipuerto\/#breadcrumb\"},\"inLanguage\":\"es\",\"potentialAction\":[{\"@type\":\"ReadAction\",\"target\":[\"https:\/\/www.delta-box.com\/es\/balizaje\/balizas-empotradas-helipuerto\/\"]}]},{\"@type\":\"BreadcrumbList\",\"@id\":\"https:\/\/www.delta-box.com\/es\/balizaje\/balizas-empotradas-helipuerto\/#breadcrumb\",\"itemListElement\":[{\"@type\":\"ListItem\",\"position\":1,\"item\":{\"@type\":\"WebPage\",\"@id\":\"https:\/\/www.delta-box.com\/es\/\",\"url\":\"https:\/\/www.delta-box.com\/es\/\",\"name\":\"Inicio\"}},{\"@type\":\"ListItem\",\"position\":2,\"item\":{\"@type\":\"WebPage\",\"@id\":\"https:\/\/www.delta-box.com\/es\/balizaje\/balizas-empotradas-helipuerto\/\",\"url\":\"https:\/\/www.delta-box.com\/es\/balizaje\/balizas-empotradas-helipuerto\/\",\"name\":\"Balizas empotradas para pistas de Helipuerto\"}}]}]}<\/script>\n<!-- \/ Yoast SEO plugin. -->","_links":{"self":[{"href":"https:\/\/www.delta-box.com\/es\/wp-json\/wp\/v2\/pages\/9471"}],"collection":[{"href":"https:\/\/www.delta-box.com\/es\/wp-json\/wp\/v2\/pages"}],"about":[{"href":"https:\/\/www.delta-box.com\/es\/wp-json\/wp\/v2\/types\/page"}],"author":[{"embeddable":true,"href":"https:\/\/www.delta-box.com\/es\/wp-json\/wp\/v2\/users\/4"}],"replies":[{"embeddable":true,"href":"https:\/\/www.delta-box.com\/es\/wp-json\/wp\/v2\/comments?post=9471"}],"version-history":[{"count":25,"href":"https:\/\/www.delta-box.com\/es\/wp-json\/wp\/v2\/pages\/9471\/revisions"}],"predecessor-version":[{"id":9680,"href":"https:\/\/www.delta-box.com\/es\/wp-json\/wp\/v2\/pages\/9471\/revisions\/9680"}],"wp:attachment":[{"href":"https:\/\/www.delta-box.com\/es\/wp-json\/wp\/v2\/media?parent=9471"}],"curies":[{"name":"wp","href":"https:\/\/api.w.org\/{rel}","templated":true}]}}