{"id":8456,"date":"2017-07-19T14:58:03","date_gmt":"2017-07-19T12:58:03","guid":{"rendered":"http:\/\/www.delta-box.com\/es\/?page_id=8456"},"modified":"2017-07-31T14:28:01","modified_gmt":"2017-07-31T12:28:01","slug":"plan-du-site","status":"publish","type":"page","link":"https:\/\/www.delta-box.com\/es\/mapa-web\/","title":{"rendered":"Mapa web"},"content":{"rendered":"<style type=\"text\/css\"><\/style>","protected":false},"excerpt":{"rendered":"","protected":false},"author":1,"featured_media":0,"parent":0,"menu_order":0,"comment_status":"closed","ping_status":"closed","template":"sitemap.php","meta":[],"yoast_head":"<!-- This site is optimized with the Yoast SEO plugin v15.2 - https:\/\/yoast.com\/wordpress\/plugins\/seo\/ -->\n<title>Mapa web | Delta Box<\/title>\n<meta name=\"description\" content=\"Para conocer las p\u00e1ginas de nuestra web, puede consultar nuestro mapa web. Para m\u00e1s informaciones, cont\u00e1ctenos.\" \/>\n<meta name=\"robots\" content=\"index, follow, max-snippet:-1, max-image-preview:large, max-video-preview:-1\" \/>\n<link rel=\"canonical\" href=\"https:\/\/www.delta-box.com\/es\/mapa-web\/\" \/>\n<meta property=\"og:locale\" content=\"es_ES\" \/>\n<meta property=\"og:type\" content=\"article\" \/>\n<meta property=\"og:title\" content=\"Mapa web | Delta Box\" \/>\n<meta property=\"og:description\" content=\"Para conocer las p\u00e1ginas de nuestra web, puede consultar nuestro mapa web. Para m\u00e1s informaciones, cont\u00e1ctenos.\" \/>\n<meta property=\"og:url\" content=\"https:\/\/www.delta-box.com\/es\/mapa-web\/\" \/>\n<meta property=\"og:site_name\" content=\"DeltaBox (ES)\" \/>\n<meta property=\"article:modified_time\" content=\"2017-07-31T12:28:01+00:00\" \/>\n<meta name=\"twitter:card\" content=\"summary_large_image\" \/>\n<meta name=\"twitter:label1\" value=\"Escrito por\">\n\t<meta name=\"twitter:data1\" value=\"IkadiaDeltaBox\">\n<script type=\"application\/ld+json\" class=\"yoast-schema-graph\">{\"@context\":\"https:\/\/schema.org\",\"@graph\":[{\"@type\":\"WebSite\",\"@id\":\"https:\/\/www.delta-box.com\/es\/#website\",\"url\":\"https:\/\/www.delta-box.com\/es\/\",\"name\":\"DeltaBox (ES)\",\"description\":\"Un site utilisant WordPress\",\"potentialAction\":[{\"@type\":\"SearchAction\",\"target\":\"https:\/\/www.delta-box.com\/es\/?s={search_term_string}\",\"query-input\":\"required name=search_term_string\"}],\"inLanguage\":\"es\"},{\"@type\":\"WebPage\",\"@id\":\"https:\/\/www.delta-box.com\/es\/mapa-web\/#webpage\",\"url\":\"https:\/\/www.delta-box.com\/es\/mapa-web\/\",\"name\":\"Mapa web | Delta Box\",\"isPartOf\":{\"@id\":\"https:\/\/www.delta-box.com\/es\/#website\"},\"datePublished\":\"2017-07-19T12:58:03+00:00\",\"dateModified\":\"2017-07-31T12:28:01+00:00\",\"description\":\"Para conocer las p\\u00e1ginas de nuestra web, puede consultar nuestro mapa web. Para m\\u00e1s informaciones, cont\\u00e1ctenos.\",\"breadcrumb\":{\"@id\":\"https:\/\/www.delta-box.com\/es\/mapa-web\/#breadcrumb\"},\"inLanguage\":\"es\",\"potentialAction\":[{\"@type\":\"ReadAction\",\"target\":[\"https:\/\/www.delta-box.com\/es\/mapa-web\/\"]}]},{\"@type\":\"BreadcrumbList\",\"@id\":\"https:\/\/www.delta-box.com\/es\/mapa-web\/#breadcrumb\",\"itemListElement\":[{\"@type\":\"ListItem\",\"position\":1,\"item\":{\"@type\":\"WebPage\",\"@id\":\"https:\/\/www.delta-box.com\/es\/\",\"url\":\"https:\/\/www.delta-box.com\/es\/\",\"name\":\"Inicio\"}},{\"@type\":\"ListItem\",\"position\":2,\"item\":{\"@type\":\"WebPage\",\"@id\":\"https:\/\/www.delta-box.com\/es\/mapa-web\/\",\"url\":\"https:\/\/www.delta-box.com\/es\/mapa-web\/\",\"name\":\"Mapa web\"}}]}]}<\/script>\n<!-- \/ Yoast SEO plugin. -->","_links":{"self":[{"href":"https:\/\/www.delta-box.com\/es\/wp-json\/wp\/v2\/pages\/8456"}],"collection":[{"href":"https:\/\/www.delta-box.com\/es\/wp-json\/wp\/v2\/pages"}],"about":[{"href":"https:\/\/www.delta-box.com\/es\/wp-json\/wp\/v2\/types\/page"}],"author":[{"embeddable":true,"href":"https:\/\/www.delta-box.com\/es\/wp-json\/wp\/v2\/users\/1"}],"replies":[{"embeddable":true,"href":"https:\/\/www.delta-box.com\/es\/wp-json\/wp\/v2\/comments?post=8456"}],"version-history":[{"count":2,"href":"https:\/\/www.delta-box.com\/es\/wp-json\/wp\/v2\/pages\/8456\/revisions"}],"predecessor-version":[{"id":8626,"href":"https:\/\/www.delta-box.com\/es\/wp-json\/wp\/v2\/pages\/8456\/revisions\/8626"}],"wp:attachment":[{"href":"https:\/\/www.delta-box.com\/es\/wp-json\/wp\/v2\/media?parent=8456"}],"curies":[{"name":"wp","href":"https:\/\/api.w.org\/{rel}","templated":true}]}}