{"id":8363,"date":"2017-07-18T15:03:36","date_gmt":"2017-07-18T13:03:36","guid":{"rendered":"http:\/\/www.delta-box.com\/es\/?page_id=8363"},"modified":"2021-03-03T11:57:56","modified_gmt":"2021-03-03T10:57:56","slug":"balisage-lignes-haute-tension","status":"publish","type":"page","link":"https:\/\/www.delta-box.com\/es\/aplicaciones\/balizaje-linea-alta-tension\/","title":{"rendered":"Balizaje l\u00ednea Alta Tensi\u00f3n"},"content":{"rendered":"<style type=\"text\/css\"> \n#cmsmasters_row_69f3ca122f211 .cmsmasters_row_outer_parent { \n\tpadding-top: 0px; \n} \n\n#cmsmasters_row_69f3ca122f211 .cmsmasters_row_outer_parent { \n\tpadding-bottom: 10px; \n} \n\n \n#cmsmasters_heading_69f3ca122f322 { \n\ttext-align:left; \n\tmargin-top:0px; \n\tmargin-bottom:0px; \n} \n\n#cmsmasters_heading_69f3ca122f322 .cmsmasters_heading { \n\ttext-align:left; \n} \n\n#cmsmasters_heading_69f3ca122f322 .cmsmasters_heading, #cmsmasters_heading_69f3ca122f322 .cmsmasters_heading a { \n\tfont-family:'Montserrat'; \n\tfont-size:15px; \n\tfont-weight:600; \n\tfont-style:normal; \n\tcolor:#f84e57;\n} \n\n#cmsmasters_heading_69f3ca122f322 .cmsmasters_heading_divider { \n} \n\n \n#cmsmasters_heading_69f3ca122f35c { \n\ttext-align:left; \n\tmargin-top:0px; \n\tmargin-bottom:20px; \n} \n\n#cmsmasters_heading_69f3ca122f35c .cmsmasters_heading { \n\ttext-align:left; \n} \n\n#cmsmasters_heading_69f3ca122f35c .cmsmasters_heading, #cmsmasters_heading_69f3ca122f35c .cmsmasters_heading a { \n\tfont-size:20px; \n\tfont-weight:600; \n\tfont-style:normal; \n\tcolor:#454545;\n} \n\n#cmsmasters_heading_69f3ca122f35c .cmsmasters_heading_divider { \n} \n\n \n#cmsmasters_row_69f3ca122f398 .cmsmasters_row_outer_parent { \n\tpadding-top: 0px; \n} \n\n#cmsmasters_row_69f3ca122f398 .cmsmasters_row_outer_parent { \n\tpadding-bottom: 50px; \n} \n\n \n#cmsmasters_row_69f3ca122f902 .cmsmasters_row_outer_parent { \n\tpadding-top: 30px; \n} \n\n#cmsmasters_row_69f3ca122f902 .cmsmasters_row_outer_parent { \n\tpadding-bottom: 10px; \n} \n\n \n#cmsmasters_row_69f3ca122fa15 .cmsmasters_row_outer_parent { \n\tpadding-top: 0px; \n} \n\n#cmsmasters_row_69f3ca122fa15 .cmsmasters_row_outer_parent { \n\tpadding-bottom: 50px; \n} \n\n \n#cmsmasters_row_69f3ca122fa6a .cmsmasters_row_outer_parent { \n\tpadding-top: 0px; \n} \n\n#cmsmasters_row_69f3ca122fa6a .cmsmasters_row_outer_parent { \n\tpadding-bottom: 50px; \n} \n\n<\/style><div id=\"cmsmasters_row_69f3ca122f211\" class=\"cmsmasters_row cmsmasters_color_scheme_default general-title cmsmasters_row_top_default cmsmasters_row_bot_default cmsmasters_row_boxed\">\n<div class=\"cmsmasters_row_outer_parent\">\n<div class=\"cmsmasters_row_outer\">\n<div class=\"cmsmasters_row_inner\">\n<div class=\"cmsmasters_row_margin\">\n<div class=\"cmsmasters_column one_first\">\n\n<div id=\"cmsmasters_heading_69f3ca122f322\" class=\"cmsmasters_heading_wrap cmsmasters_heading_align_left\">\n\t<h3 class=\"cmsmasters_heading\">Aplicaciones<\/h3>\n<\/div>\n<div id=\"cmsmasters_heading_69f3ca122f35c\" class=\"cmsmasters_heading_wrap cmsmasters_heading_align_left\">\n\t<h1 class=\"cmsmasters_heading\">Balizaje l\u00ednea Alta Tensi\u00f3n<\/h1>\n<\/div>\n<\/div>\n<\/div>\n<\/div>\n<\/div>\n<\/div>\n<\/div>\n<div id=\"cmsmasters_row_69f3ca122f398\" class=\"cmsmasters_row cmsmasters_color_scheme_default cmsmasters_row_top_default cmsmasters_row_bot_default cmsmasters_row_boxed\">\n<div class=\"cmsmasters_row_outer_parent\">\n<div class=\"cmsmasters_row_outer\">\n<div class=\"cmsmasters_row_inner\">\n<div class=\"cmsmasters_row_margin\">\n<div class=\"cmsmasters_column one_third\">\n<div class=\"cmsmasters_text\">\n<div class=\"application-schema\">\n<div class=\"application-schema-row\"><a href=\"http:\/\/www.delta-box.com\/es\/balizaje\/balizaje-aereo-led-alta-intensidad\/\"><img src=\"http:\/\/www.delta-box.com\/es\/wp-content\/uploads\/sites\/3\/2017\/08\/delta-box_aplicaciones_balizaje-linea-alta-tension_schema-1.jpg\" alt=\"delta-box_aplicaciones_balizaje-linea-alta-tension_schema-1\" \/><br \/>\nFuego Alta Intensidad, destellante blanco, d\u00eda crep\u00fasculo y noche<\/a><\/div>\n<div class=\"application-schema-row\"><a href=\"http:\/\/www.delta-box.com\/es\/balizaje\/balizaje-linea-alta-tension-bht\/\"><img src=\"http:\/\/www.delta-box.com\/es\/wp-content\/uploads\/sites\/3\/2017\/08\/delta-box_aplicaciones_balizaje-linea-alta-tension_schema-2.jpg\" alt=\"delta-box_aplicaciones_balizaje-linea-alta-tension_schema-2\" \/><br \/>\nBaliza luminosa de l\u00ednea alta tensi\u00f3n alimentada por inducci\u00f3n<\/a><\/div>\n<div class=\"application-schema-row\"><a href=\"http:\/\/www.delta-box.com\/es\/balizaje\/esferas-de-balizaje\/\"><img src=\"http:\/\/www.delta-box.com\/es\/wp-content\/uploads\/sites\/3\/2017\/08\/delta-box_aplicaciones_balizaje-linea-alta-tension_schema-3.jpg\" alt=\"delta-box_aplicaciones_balizaje-linea-alta-tension_schema-3\" \/><br \/>\nEsfera de balizaje diurno<\/a><\/div>\n<div class=\"application-schema-row\"><a href=\"http:\/\/www.delta-box.com\/es\/balizaje\/balizaje-aereo-led-media-intensidad\/\"><img src=\"http:\/\/www.delta-box.com\/es\/wp-content\/uploads\/sites\/3\/2017\/08\/delta-box_aplicaciones_balizaje-aereo-de-edificios-schema-3.jpg\" alt=\"delta-box_aplicaciones_balizaje-aereo-de-edificios-schema-3\" \/><br \/>\nFuego Media Intensidad Tipo B, destellante rojo de noche<\/a><\/div>\n<div class=\"application-schema-row\"><a href=\"http:\/\/www.delta-box.com\/es\/balizaje\/balizaje-aereo-led-baja-intensidad\/\"><img src=\"http:\/\/www.delta-box.com\/es\/wp-content\/uploads\/sites\/3\/2017\/08\/delta-box_aplicaciones_balizaje-linea-alta-tension_schema-5.jpg\" alt=\"delta-box_aplicaciones_balizaje-linea-alta-tension_schema-5\" \/><br \/>\nFuego Baja Intensidad, Tipo A o B, rojo fijo de noche versi\u00f3n solar<\/a><\/div>\n<div class=\"application-schema-row\"><a href=\"http:\/\/www.delta-box.com\/es\/balizaje\/alimentacion-de-seguridad\/\"><img src=\"http:\/\/www.delta-box.com\/es\/wp-content\/uploads\/sites\/3\/2017\/08\/delta-box_aplicaciones_balizaje-aereo-para-chimeneas-schema-4.jpg\" alt=\"delta-box_aplicaciones_balizaje-aereo-para-chimeneas-schema-4\" \/><br \/>\nGabinete de alimentaci\u00f3n y de seguridad<\/a><\/div>\n<\/div>\n<\/div>\n<\/div>\n<div class=\"cmsmasters_column two_third\">\n<div class=\"cmsmasters_img  cmsmasters_image_n schema-batiment\">\n<img src=\"https:\/\/www.delta-box.com\/es\/wp-content\/uploads\/sites\/3\/2017\/07\/delta-box_aplicaciones_balizaje-linea-alta-tension-schema-visuel.jpg\" alt=\"delta-box_aplicaciones_balizaje-linea-alta-tension-schema-visuel\" \/>\n<\/div>\n<\/div>\n<\/div>\n<\/div>\n<\/div>\n<\/div>\n<\/div>\n<div id=\"cmsmasters_row_69f3ca122f902\" class=\"cmsmasters_row cmsmasters_color_scheme_default cmsmasters_row_top_default cmsmasters_row_bot_default cmsmasters_row_boxed\">\n<div class=\"cmsmasters_row_outer_parent\">\n<div class=\"cmsmasters_row_outer\">\n<div class=\"cmsmasters_row_inner\">\n<div class=\"cmsmasters_row_margin\">\n<div class=\"cmsmasters_column one_first\">\n<div class=\"cmsmasters_text title-icon title-icon-light\">\n<h2>Balizaje\u00a0<span style=\"color: #f1363d;\">de obstaculos leds<\/span><\/h2>\n<\/div>\n<div class=\"cmsmasters_text\">\n<div class=\"application-table\">\n<div class=\"application-table-row\">\n<div class=\"application-table-col application-table-header\">Altura del obst\u00e1culo<\/div>\n<div class=\"application-table-col\">Balizaje diurno<br \/>\n<img src=\"http:\/\/www.delta-box.com\/es\/wp-content\/uploads\/sites\/3\/2017\/08\/delta-box_aplicaciones_balizaje-cuadro-picto-sol.png\" alt=\"delta-box_aplicaciones_balizaje-cuadro-picto-sol\" \/><br \/>\n(si la torre no est\u00e1 pintada en rojo y blanco)<\/div>\n<div class=\"application-table-col\">Balizaje nocturno<br \/>\n<img src=\"http:\/\/www.delta-box.com\/es\/wp-content\/uploads\/sites\/3\/2017\/08\/delta-box_applications_balisage-cuadro-picto-luna.png\" alt=\"delta-box_applications_balisage-cuadro-picto-luna\" \/><\/div>\n<\/div>\n<div class=\"application-table-row\">\n<div class=\"application-table-col application-table-header\">M\u00e1s de 150 metros<\/div>\n<div class=\"application-table-col application-table-col-1\">Alta Intensidad Tipo B en la cumbre, al nivel lo m\u00e1s abajo de la suspensi\u00f3n de los cables y a la mitad de altura de aquellos niveles<\/div>\n<\/div>\n<div class=\"application-table-row\">\n<div class=\"application-table-col application-table-header\">\n<div class=\"application-sub-row\">90 &#8211; 150 metros<\/div>\n<div class=\"application-sub-row\">45 &#8211; 90 metros<\/div>\n<div class=\"application-sub-row\">0 &#8211; 45 metros<\/div>\n<\/div>\n<div class=\"application-table-col application-no-sub-row\">Media Intensidad de Tipo A en la cumbre y al nivel intermedio si m\u00e1s de 90 metros<\/div>\n<div class=\"application-table-col\">\n<div class=\"application-sub-row\">Media Intensidad de Tipo B en la cumbre y al nivel intermedio<\/div>\n<div class=\"application-sub-row\">&#8211; Media Intensidad de Tipo B<br \/>\n&#8211; Baja Intensidad de Tipo B al nivel intermedio<\/div>\n<div class=\"application-sub-row\">Baja Intensidad de Tipo A<\/div>\n<\/div>\n<\/div>\n<div class=\"application-table-row\">\n<div class=\"application-table-col application-table-header\">Balizaje de cables<\/div>\n<div class=\"application-table-col\">Esfera de balizaje diurno sobre los cables (cada 30 metros)<\/div>\n<div class=\"application-table-col\">Baja Intensidad de Tipo A (cada 70 metros en zona aeroportuaria y 105 metros fuera de zona aeroportuaria)<\/div>\n<\/div>\n<\/div>\n<\/div>\n<div class=\"cmsmasters_text cta-download\">\n<p><a href=\"http:\/\/www.delta-box.com\/es\/wp-content\/uploads\/sites\/3\/2017\/07\/delta-box-ficha-aplicacion-alta-tension.pdf\" target=\"_blank\" rel=\"nofollow noopener noreferrer\">Acceso al ficha t\u00e9cnica<\/a><\/p>\n<\/div>\n<\/div>\n<\/div>\n<\/div>\n<\/div>\n<\/div>\n<\/div>\n<div id=\"cmsmasters_row_69f3ca122fa15\" class=\"cmsmasters_row cmsmasters_color_scheme_default cmsmasters_row_top_default cmsmasters_row_bot_default cmsmasters_row_boxed\">\n<div class=\"cmsmasters_row_outer_parent\">\n<div class=\"cmsmasters_row_outer\">\n<div class=\"cmsmasters_row_inner\">\n<div class=\"cmsmasters_row_margin\">\n<div class=\"cmsmasters_column one_first\">\n<div class=\"cmsmasters_text title-icon title-icon-armoire\">\n<h2>Optima <span style=\"color: #f1363d;\">Seguridad<\/span><\/h2>\n<\/div>\n<div class=\"cmsmasters_text\">\n<p>Gabinete de alimentaci\u00f3n y\/o de seguridad para garantizar una alimentaci\u00f3n en caso de corte de red, <strong>durante 12h m\u00ednimum<\/strong>.<\/p>\n<\/div>\n<\/div>\n<\/div>\n<\/div>\n<\/div>\n<\/div>\n<\/div>\n<div id=\"cmsmasters_row_69f3ca122fa6a\" class=\"cmsmasters_row cmsmasters_color_scheme_default section-info-supp cmsmasters_row_top_default cmsmasters_row_bot_default cmsmasters_row_boxed\">\n<div class=\"cmsmasters_row_outer_parent\">\n<div class=\"cmsmasters_row_outer\">\n<div class=\"cmsmasters_row_inner\">\n<div class=\"cmsmasters_row_margin\">\n<div class=\"cmsmasters_column one_first\">\n<div class=\"cmsmasters_text\">\n<p class=\"bloc-info-supp\">Proponemos tambi\u00e9n<\/p>\n<div class=\"row-info-supp\"><img src=\"http:\/\/www.delta-box.com\/es\/wp-content\/uploads\/sites\/3\/2017\/08\/delta-box_aplicaciones_balizaje-mas-informacion-picto-solar.jpg\" alt=\"delta-box_aplicaciones_balizaje-mas-informacion-picto-solar\" \/><br \/>\nEstaci\u00f3n solar adaptada al sitio<\/div>\n<div class=\"row-info-supp\"><img src=\"http:\/\/www.delta-box.com\/es\/wp-content\/uploads\/sites\/3\/2017\/08\/delta-box_aplicaciones_balizaje-mas-informacion-picto-sincronizacion.jpg\" alt=\"delta-box_aplicaciones_balizaje-mas-informacion-picto-sincronizacion\" \/><br \/>\nSincronizaci\u00f3n de los fuegos por GPS, al\u00e1mbrico, TCP\/IP, fibra \u00f3ptica, GSM,\u2026<\/div>\n<div class=\"row-info-supp\"><img src=\"http:\/\/www.delta-box.com\/es\/wp-content\/uploads\/sites\/3\/2017\/08\/delta-box_aplicaciones_balizaje-mas-informacion-picto-informe.jpg\" alt=\"delta-box_aplicaciones_balizaje-mas-informacion-picto-informe\" \/><br \/>\nContacto de fallo via contacto seco, TCP\/IP, fibra \u00f3ptica, GSM,\u2026<\/div>\n<\/div>\n<\/div>\n<\/div>\n<\/div>\n<\/div>\n<\/div>\n<\/div>\n","protected":false},"excerpt":{"rendered":"","protected":false},"author":1,"featured_media":0,"parent":0,"menu_order":0,"comment_status":"closed","ping_status":"closed","template":"page-produits.php","meta":[],"yoast_head":"<!-- This site is optimized with the Yoast SEO plugin v15.2 - https:\/\/yoast.com\/wordpress\/plugins\/seo\/ -->\n<title>Balizaje l\u00ednea Alta Tensi\u00f3n | Delta Box<\/title>\n<meta name=\"description\" content=\"Delta Box os propone varios productos de balizaje de l\u00edneas alta tensi\u00f3n. Baliza LBIA BHT, esferas, SOLEO,\u2026 Consulte nuestro cat\u00e1logo en l\u00ednea.\" \/>\n<meta name=\"robots\" content=\"index, follow, max-snippet:-1, max-image-preview:large, max-video-preview:-1\" \/>\n<link rel=\"canonical\" href=\"https:\/\/www.delta-box.com\/es\/aplicaciones\/balizaje-linea-alta-tension\/\" \/>\n<meta property=\"og:locale\" content=\"es_ES\" \/>\n<meta property=\"og:type\" content=\"article\" \/>\n<meta property=\"og:title\" content=\"Balizaje l\u00ednea Alta Tensi\u00f3n | Delta Box\" \/>\n<meta property=\"og:description\" content=\"Delta Box os propone varios productos de balizaje de l\u00edneas alta tensi\u00f3n. Baliza LBIA BHT, esferas, SOLEO,\u2026 Consulte nuestro cat\u00e1logo en l\u00ednea.\" \/>\n<meta property=\"og:url\" content=\"https:\/\/www.delta-box.com\/es\/aplicaciones\/balizaje-linea-alta-tension\/\" \/>\n<meta property=\"og:site_name\" content=\"DeltaBox (ES)\" \/>\n<meta property=\"article:modified_time\" content=\"2021-03-03T10:57:56+00:00\" \/>\n<meta property=\"og:image\" content=\"http:\/\/www.delta-box.com\/es\/wp-content\/uploads\/sites\/3\/2017\/08\/delta-box_aplicaciones_balizaje-linea-alta-tension_schema-1.jpg\" \/>\n<meta name=\"twitter:card\" content=\"summary_large_image\" \/>\n<meta name=\"twitter:label1\" value=\"Escrito por\">\n\t<meta name=\"twitter:data1\" value=\"IkadiaDeltaBox\">\n\t<meta name=\"twitter:label2\" value=\"Tiempo de lectura\">\n\t<meta name=\"twitter:data2\" value=\"2 minutos\">\n<script type=\"application\/ld+json\" class=\"yoast-schema-graph\">{\"@context\":\"https:\/\/schema.org\",\"@graph\":[{\"@type\":\"WebSite\",\"@id\":\"https:\/\/www.delta-box.com\/es\/#website\",\"url\":\"https:\/\/www.delta-box.com\/es\/\",\"name\":\"DeltaBox (ES)\",\"description\":\"Un site utilisant WordPress\",\"potentialAction\":[{\"@type\":\"SearchAction\",\"target\":\"https:\/\/www.delta-box.com\/es\/?s={search_term_string}\",\"query-input\":\"required name=search_term_string\"}],\"inLanguage\":\"es\"},{\"@type\":\"ImageObject\",\"@id\":\"https:\/\/www.delta-box.com\/es\/aplicaciones\/balizaje-linea-alta-tension\/#primaryimage\",\"inLanguage\":\"es\",\"url\":\"http:\/\/www.delta-box.com\/es\/wp-content\/uploads\/sites\/3\/2017\/08\/delta-box_aplicaciones_balizaje-linea-alta-tension_schema-1.jpg\"},{\"@type\":\"WebPage\",\"@id\":\"https:\/\/www.delta-box.com\/es\/aplicaciones\/balizaje-linea-alta-tension\/#webpage\",\"url\":\"https:\/\/www.delta-box.com\/es\/aplicaciones\/balizaje-linea-alta-tension\/\",\"name\":\"Balizaje l\\u00ednea Alta Tensi\\u00f3n | Delta Box\",\"isPartOf\":{\"@id\":\"https:\/\/www.delta-box.com\/es\/#website\"},\"primaryImageOfPage\":{\"@id\":\"https:\/\/www.delta-box.com\/es\/aplicaciones\/balizaje-linea-alta-tension\/#primaryimage\"},\"datePublished\":\"2017-07-18T13:03:36+00:00\",\"dateModified\":\"2021-03-03T10:57:56+00:00\",\"description\":\"Delta Box os propone varios productos de balizaje de l\\u00edneas alta tensi\\u00f3n. Baliza LBIA BHT, esferas, SOLEO,\\u2026 Consulte nuestro cat\\u00e1logo en l\\u00ednea.\",\"breadcrumb\":{\"@id\":\"https:\/\/www.delta-box.com\/es\/aplicaciones\/balizaje-linea-alta-tension\/#breadcrumb\"},\"inLanguage\":\"es\",\"potentialAction\":[{\"@type\":\"ReadAction\",\"target\":[\"https:\/\/www.delta-box.com\/es\/aplicaciones\/balizaje-linea-alta-tension\/\"]}]},{\"@type\":\"BreadcrumbList\",\"@id\":\"https:\/\/www.delta-box.com\/es\/aplicaciones\/balizaje-linea-alta-tension\/#breadcrumb\",\"itemListElement\":[{\"@type\":\"ListItem\",\"position\":1,\"item\":{\"@type\":\"WebPage\",\"@id\":\"https:\/\/www.delta-box.com\/es\/\",\"url\":\"https:\/\/www.delta-box.com\/es\/\",\"name\":\"Inicio\"}},{\"@type\":\"ListItem\",\"position\":2,\"item\":{\"@type\":\"WebPage\",\"@id\":\"https:\/\/www.delta-box.com\/es\/aplicaciones\/balizaje-linea-alta-tension\/\",\"url\":\"https:\/\/www.delta-box.com\/es\/aplicaciones\/balizaje-linea-alta-tension\/\",\"name\":\"Balizaje l\\u00ednea Alta Tensi\\u00f3n\"}}]}]}<\/script>\n<!-- \/ Yoast SEO plugin. -->","_links":{"self":[{"href":"https:\/\/www.delta-box.com\/es\/wp-json\/wp\/v2\/pages\/8363"}],"collection":[{"href":"https:\/\/www.delta-box.com\/es\/wp-json\/wp\/v2\/pages"}],"about":[{"href":"https:\/\/www.delta-box.com\/es\/wp-json\/wp\/v2\/types\/page"}],"author":[{"embeddable":true,"href":"https:\/\/www.delta-box.com\/es\/wp-json\/wp\/v2\/users\/1"}],"replies":[{"embeddable":true,"href":"https:\/\/www.delta-box.com\/es\/wp-json\/wp\/v2\/comments?post=8363"}],"version-history":[{"count":24,"href":"https:\/\/www.delta-box.com\/es\/wp-json\/wp\/v2\/pages\/8363\/revisions"}],"predecessor-version":[{"id":9667,"href":"https:\/\/www.delta-box.com\/es\/wp-json\/wp\/v2\/pages\/8363\/revisions\/9667"}],"wp:attachment":[{"href":"https:\/\/www.delta-box.com\/es\/wp-json\/wp\/v2\/media?parent=8363"}],"curies":[{"name":"wp","href":"https:\/\/api.w.org\/{rel}","templated":true}]}}