{"id":8353,"date":"2017-07-18T14:47:15","date_gmt":"2017-07-18T12:47:15","guid":{"rendered":"http:\/\/www.delta-box.com\/es\/?page_id=8353"},"modified":"2021-03-03T11:58:50","modified_gmt":"2021-03-03T10:58:50","slug":"balisage-aerien-de-grues","status":"publish","type":"page","link":"https:\/\/www.delta-box.com\/es\/aplicaciones\/balizaje-aereo-de-gruas\/","title":{"rendered":"Balizaje a\u00e9reo de gr\u00faas"},"content":{"rendered":"<style type=\"text\/css\"> \n#cmsmasters_row_69f40ed5e66f8 .cmsmasters_row_outer_parent { \n\tpadding-top: 0px; \n} \n\n#cmsmasters_row_69f40ed5e66f8 .cmsmasters_row_outer_parent { \n\tpadding-bottom: 10px; \n} \n\n \n#cmsmasters_heading_69f40ed5e67d1 { \n\ttext-align:left; \n\tmargin-top:0px; \n\tmargin-bottom:0px; \n} \n\n#cmsmasters_heading_69f40ed5e67d1 .cmsmasters_heading { \n\ttext-align:left; \n} \n\n#cmsmasters_heading_69f40ed5e67d1 .cmsmasters_heading, #cmsmasters_heading_69f40ed5e67d1 .cmsmasters_heading a { \n\tfont-family:'Montserrat'; \n\tfont-size:15px; \n\tfont-weight:600; \n\tfont-style:normal; \n\tcolor:#f84e57;\n} \n\n#cmsmasters_heading_69f40ed5e67d1 .cmsmasters_heading_divider { \n} \n\n \n#cmsmasters_heading_69f40ed5e6809 { \n\ttext-align:left; \n\tmargin-top:0px; \n\tmargin-bottom:20px; \n} \n\n#cmsmasters_heading_69f40ed5e6809 .cmsmasters_heading { \n\ttext-align:left; \n} \n\n#cmsmasters_heading_69f40ed5e6809 .cmsmasters_heading, #cmsmasters_heading_69f40ed5e6809 .cmsmasters_heading a { \n\tfont-size:20px; \n\tfont-weight:600; \n\tfont-style:normal; \n\tcolor:#454545;\n} \n\n#cmsmasters_heading_69f40ed5e6809 .cmsmasters_heading_divider { \n} \n\n \n#cmsmasters_row_69f40ed5e682f .cmsmasters_row_outer_parent { \n\tpadding-top: 0px; \n} \n\n#cmsmasters_row_69f40ed5e682f .cmsmasters_row_outer_parent { \n\tpadding-bottom: 50px; \n} \n\n \n#cmsmasters_row_69f40ed5e6daa .cmsmasters_row_outer_parent { \n\tpadding-top: 30px; \n} \n\n#cmsmasters_row_69f40ed5e6daa .cmsmasters_row_outer_parent { \n\tpadding-bottom: 10px; \n} \n\n \n#cmsmasters_row_69f40ed5e6ec4 .cmsmasters_row_outer_parent { \n\tpadding-top: 0px; \n} \n\n#cmsmasters_row_69f40ed5e6ec4 .cmsmasters_row_outer_parent { \n\tpadding-bottom: 50px; \n} \n\n \n#cmsmasters_row_69f40ed5e6f1d .cmsmasters_row_outer_parent { \n\tpadding-top: 0px; \n} \n\n#cmsmasters_row_69f40ed5e6f1d .cmsmasters_row_outer_parent { \n\tpadding-bottom: 50px; \n} \n\n<\/style><div id=\"cmsmasters_row_69f40ed5e66f8\" class=\"cmsmasters_row cmsmasters_color_scheme_default general-title cmsmasters_row_top_default cmsmasters_row_bot_default cmsmasters_row_boxed\">\n<div class=\"cmsmasters_row_outer_parent\">\n<div class=\"cmsmasters_row_outer\">\n<div class=\"cmsmasters_row_inner\">\n<div class=\"cmsmasters_row_margin\">\n<div class=\"cmsmasters_column one_first\">\n\n<div id=\"cmsmasters_heading_69f40ed5e67d1\" class=\"cmsmasters_heading_wrap cmsmasters_heading_align_left\">\n\t<h3 class=\"cmsmasters_heading\">Aplicaciones<\/h3>\n<\/div>\n<div id=\"cmsmasters_heading_69f40ed5e6809\" class=\"cmsmasters_heading_wrap cmsmasters_heading_align_left\">\n\t<h1 class=\"cmsmasters_heading\">Balizaje a\u00e9reo de gr\u00faas<\/h1>\n<\/div>\n<\/div>\n<\/div>\n<\/div>\n<\/div>\n<\/div>\n<\/div>\n<div id=\"cmsmasters_row_69f40ed5e682f\" class=\"cmsmasters_row cmsmasters_color_scheme_default cmsmasters_row_top_default cmsmasters_row_bot_default cmsmasters_row_boxed\">\n<div class=\"cmsmasters_row_outer_parent\">\n<div class=\"cmsmasters_row_outer\">\n<div class=\"cmsmasters_row_inner\">\n<div class=\"cmsmasters_row_margin\">\n<div class=\"cmsmasters_column one_third\">\n<div class=\"cmsmasters_text\">\n<div class=\"application-schema\">\n<div class=\"application-schema-row\"><a href=\"http:\/\/www.delta-box.com\/es\/balizaje\/balizaje-aereo-led-media-intensidad\/\"><img src=\"http:\/\/www.delta-box.com\/es\/wp-content\/uploads\/sites\/3\/2017\/08\/delta-box_aplicaciones_balizaje-aereo-para-eolicas_schema-1.jpg\" alt=\"delta-box_aplicaciones_balizaje-aereo-para-eolicas_schema-1\" \/><br \/>\nFuego Media Intensidad combinado Tipo A y B, destellante blanco de d\u00eda y rojo de noche<\/a><\/div>\n<div class=\"application-schema-row\"><a href=\"http:\/\/www.delta-box.com\/es\/balizaje\/balizaje-aereo-led-baja-intensidad\/\"><img src=\"http:\/\/www.delta-box.com\/es\/wp-content\/uploads\/sites\/3\/2017\/08\/delta-box_aplicaciones_balizaje-aereo-de-gruas_schema-1.jpg\" alt=\"delta-box_aplicaciones_balizaje-aereo-de-gruas_schema-1\" \/><br \/>\nBaliza solar baja Intensidad Tipo A o B rojo fijo de noche<\/a><\/div>\n<div class=\"application-schema-row\"><a href=\"http:\/\/www.delta-box.com\/es\/balizaje\/balizaje-aereo-led-baja-intensidad\/\"><img src=\"http:\/\/www.delta-box.com\/es\/wp-content\/uploads\/sites\/3\/2017\/08\/delta-box_aplicaciones_balizaje-aereo-para-eolicas_schema-2.jpg\" alt=\"delta-box_aplicaciones_balizaje-aereo-para-eolicas_schema-2\" \/><br \/>\nBaliza de obst\u00e1culo Baja Intensidad Tipo B rojo fijo de noche<\/a><\/div>\n<div class=\"application-schema-row\"><a href=\"http:\/\/www.delta-box.com\/es\/balizaje\/alimentacion-de-seguridad\/\"><img src=\"http:\/\/www.delta-box.com\/es\/wp-content\/uploads\/sites\/3\/2017\/08\/delta-box_aplicaciones_balizaje-aereo-para-eolicas_schema-3.jpg\" alt=\"delta-box_aplicaciones_balizaje-aereo-para-eolicas_schema-3\" \/><br \/>\nGabinete de alimentaci\u00f3n y de seguridad<\/a><\/div>\n<\/div>\n<\/div>\n<\/div>\n<div class=\"cmsmasters_column two_third\">\n<div class=\"cmsmasters_img  cmsmasters_image_n schema-batiment\">\n<img src=\"https:\/\/www.delta-box.com\/es\/wp-content\/uploads\/sites\/3\/2017\/07\/delta-box_aplicaciones_balizaje-aereo-de-gruas-schema-visuel.jpg\" alt=\"delta-box_aplicaciones_balizaje-aereo-de-gruas-schema-visuel\" \/>\n<\/div>\n<\/div>\n<\/div>\n<\/div>\n<\/div>\n<\/div>\n<\/div>\n<div id=\"cmsmasters_row_69f40ed5e6daa\" class=\"cmsmasters_row cmsmasters_color_scheme_default cmsmasters_row_top_default cmsmasters_row_bot_default cmsmasters_row_boxed\">\n<div class=\"cmsmasters_row_outer_parent\">\n<div class=\"cmsmasters_row_outer\">\n<div class=\"cmsmasters_row_inner\">\n<div class=\"cmsmasters_row_margin\">\n<div class=\"cmsmasters_column one_first\">\n<div class=\"cmsmasters_text title-icon title-icon-light\">\n<h2>Balizaje\u00a0<span style=\"color: #f1363d;\">de obstaculos leds<\/span><\/h2>\n<\/div>\n<div class=\"cmsmasters_text\">\n<div class=\"application-table\">\n<div class=\"application-table-row\">\n<div class=\"application-table-col application-table-header\">Altura del obst\u00e1culo<\/div>\n<div class=\"application-table-col\">Balizaje diurno<br \/>\n<img src=\"http:\/\/www.delta-box.com\/es\/wp-content\/uploads\/sites\/3\/2017\/08\/delta-box_aplicaciones_balizaje-cuadro-picto-sol.png\" alt=\"delta-box_aplicaciones_balizaje-cuadro-picto-sol\" \/><br \/>\n(si la gr\u00faa no est\u00e1 pintada en rojo y blanco)<\/div>\n<div class=\"application-table-col\">Balizaje nocturno<br \/>\n<img src=\"http:\/\/www.delta-box.com\/es\/wp-content\/uploads\/sites\/3\/2017\/08\/delta-box_applications_balisage-cuadro-picto-luna.png\" alt=\"delta-box_applications_balisage-cuadro-picto-luna\" \/><\/div>\n<\/div>\n<div class=\"application-table-row\">\n<div class=\"application-table-col application-table-header\">\n<div class=\"application-sub-row\">Plus de 90 metros<\/div>\n<div class=\"application-sub-row\">45 &#8211; 90 metros<\/div>\n<div class=\"application-sub-row\">0 &#8211; 45 metros<\/div>\n<\/div>\n<div class=\"application-table-col application-no-sub-row\">Media Intensidad Tipo A en la cumbre<\/div>\n<div class=\"application-table-col\">\n<div class=\"application-sub-row\">&#8211; Media Intensidad Tipo B<br \/>\n&#8211; Baja Intensidad Tipo B al nivel intermedio + pluma y contra-pluma<\/div>\n<div class=\"application-sub-row\">Baja Intensidad Tipo A en la torre, pluma y contra-pluma<\/div>\n<\/div>\n<\/div>\n<\/div>\n<\/div>\n<div class=\"cmsmasters_text cta-download\">\n<p><a href=\"http:\/\/www.delta-box.com\/es\/wp-content\/uploads\/sites\/3\/2017\/07\/delta-box-ficha-aplicacion-grua.pdf\" target=\"_blank\" rel=\"nofollow noopener noreferrer\">Acceso al ficha t\u00e9cnica<\/a><\/p>\n<\/div>\n<\/div>\n<\/div>\n<\/div>\n<\/div>\n<\/div>\n<\/div>\n<div id=\"cmsmasters_row_69f40ed5e6ec4\" class=\"cmsmasters_row cmsmasters_color_scheme_default cmsmasters_row_top_default cmsmasters_row_bot_default cmsmasters_row_boxed\">\n<div class=\"cmsmasters_row_outer_parent\">\n<div class=\"cmsmasters_row_outer\">\n<div class=\"cmsmasters_row_inner\">\n<div class=\"cmsmasters_row_margin\">\n<div class=\"cmsmasters_column one_first\">\n<div class=\"cmsmasters_text title-icon title-icon-armoire\">\n<h2>Optima <span style=\"color: #f1363d;\">Seguridad<\/span><\/h2>\n<\/div>\n<div class=\"cmsmasters_text\">\n<p>Gabinete de alimentaci\u00f3n y\/o de seguridad para garantizar una alimentaci\u00f3n en caso de corte de red, <strong>durante 12h m\u00ednimum<\/strong>.<\/p>\n<\/div>\n<\/div>\n<\/div>\n<\/div>\n<\/div>\n<\/div>\n<\/div>\n<div id=\"cmsmasters_row_69f40ed5e6f1d\" class=\"cmsmasters_row cmsmasters_color_scheme_default section-info-supp cmsmasters_row_top_default cmsmasters_row_bot_default cmsmasters_row_boxed\">\n<div class=\"cmsmasters_row_outer_parent\">\n<div class=\"cmsmasters_row_outer\">\n<div class=\"cmsmasters_row_inner\">\n<div class=\"cmsmasters_row_margin\">\n<div class=\"cmsmasters_column one_first\">\n<div class=\"cmsmasters_text\">\n<p class=\"bloc-info-supp\">Proponemos tambi\u00e9n<\/p>\n<div class=\"row-info-supp\"><img src=\"http:\/\/www.delta-box.com\/es\/wp-content\/uploads\/sites\/3\/2017\/08\/delta-box_aplicaciones_balizaje-aereo-para-eolicas_picto-cle.jpg\" alt=\"delta-box_aplicaciones_balizaje-aereo-para-eolicas_picto-cle\" \/><br \/>\nSistema de fijaci\u00f3n para instalaci\u00f3n sobre gr\u00faa<\/div>\n<div class=\"row-info-supp\"><img src=\"http:\/\/www.delta-box.com\/es\/wp-content\/uploads\/sites\/3\/2017\/08\/delta-box_aplicaciones_balizaje-mas-informacion-picto-solar.jpg\" alt=\"delta-box_aplicaciones_balizaje-mas-informacion-picto-solar\" \/><br \/>\nEstaci\u00f3n solar adaptada al sitio<\/div>\n<div class=\"row-info-supp\"><img src=\"http:\/\/www.delta-box.com\/es\/wp-content\/uploads\/sites\/3\/2017\/08\/delta-box_aplicationes_balizaje-picto-estacion.jpg\" alt=\"delta-box_aplicationes_balizaje-picto-estacion\" \/><br \/>\nGabinete de alimentaci\u00f3n y de seguridad entrada 230\/400V y\/o con autonom\u00eda superior a 72 horas.<\/div>\n<\/div>\n<\/div>\n<\/div>\n<\/div>\n<\/div>\n<\/div>\n<\/div>\n","protected":false},"excerpt":{"rendered":"","protected":false},"author":1,"featured_media":0,"parent":0,"menu_order":0,"comment_status":"closed","ping_status":"closed","template":"page-produits.php","meta":[],"yoast_head":"<!-- This site is optimized with the Yoast SEO plugin v15.2 - https:\/\/yoast.com\/wordpress\/plugins\/seo\/ -->\n<title>Balizaje a\u00e9reo de gr\u00faas | Delta Box<\/title>\n<meta name=\"description\" content=\"Delta Box os propone una amplia gama de equipamientos para el balizaje a\u00e9reo de gr\u00faas con LED. Consulte nuestro cat\u00e1logo de productos en l\u00ednea.\" \/>\n<meta name=\"robots\" content=\"index, follow, max-snippet:-1, max-image-preview:large, max-video-preview:-1\" \/>\n<link rel=\"canonical\" href=\"https:\/\/www.delta-box.com\/es\/aplicaciones\/balizaje-aereo-de-gruas\/\" \/>\n<meta property=\"og:locale\" content=\"es_ES\" \/>\n<meta property=\"og:type\" content=\"article\" \/>\n<meta property=\"og:title\" content=\"Balizaje a\u00e9reo de gr\u00faas | Delta Box\" \/>\n<meta property=\"og:description\" content=\"Delta Box os propone una amplia gama de equipamientos para el balizaje a\u00e9reo de gr\u00faas con LED. Consulte nuestro cat\u00e1logo de productos en l\u00ednea.\" \/>\n<meta property=\"og:url\" content=\"https:\/\/www.delta-box.com\/es\/aplicaciones\/balizaje-aereo-de-gruas\/\" \/>\n<meta property=\"og:site_name\" content=\"DeltaBox (ES)\" \/>\n<meta property=\"article:modified_time\" content=\"2021-03-03T10:58:50+00:00\" \/>\n<meta property=\"og:image\" content=\"http:\/\/www.delta-box.com\/es\/wp-content\/uploads\/sites\/3\/2017\/08\/delta-box_aplicaciones_balizaje-aereo-para-eolicas_schema-1.jpg\" \/>\n<meta name=\"twitter:card\" content=\"summary_large_image\" \/>\n<meta name=\"twitter:label1\" value=\"Escrito por\">\n\t<meta name=\"twitter:data1\" value=\"IkadiaDeltaBox\">\n\t<meta name=\"twitter:label2\" value=\"Tiempo de lectura\">\n\t<meta name=\"twitter:data2\" value=\"2 minutos\">\n<script type=\"application\/ld+json\" class=\"yoast-schema-graph\">{\"@context\":\"https:\/\/schema.org\",\"@graph\":[{\"@type\":\"WebSite\",\"@id\":\"https:\/\/www.delta-box.com\/es\/#website\",\"url\":\"https:\/\/www.delta-box.com\/es\/\",\"name\":\"DeltaBox (ES)\",\"description\":\"Un site utilisant WordPress\",\"potentialAction\":[{\"@type\":\"SearchAction\",\"target\":\"https:\/\/www.delta-box.com\/es\/?s={search_term_string}\",\"query-input\":\"required name=search_term_string\"}],\"inLanguage\":\"es\"},{\"@type\":\"ImageObject\",\"@id\":\"https:\/\/www.delta-box.com\/es\/aplicaciones\/balizaje-aereo-de-gruas\/#primaryimage\",\"inLanguage\":\"es\",\"url\":\"http:\/\/www.delta-box.com\/es\/wp-content\/uploads\/sites\/3\/2017\/08\/delta-box_aplicaciones_balizaje-aereo-para-eolicas_schema-1.jpg\"},{\"@type\":\"WebPage\",\"@id\":\"https:\/\/www.delta-box.com\/es\/aplicaciones\/balizaje-aereo-de-gruas\/#webpage\",\"url\":\"https:\/\/www.delta-box.com\/es\/aplicaciones\/balizaje-aereo-de-gruas\/\",\"name\":\"Balizaje a\\u00e9reo de gr\\u00faas | Delta Box\",\"isPartOf\":{\"@id\":\"https:\/\/www.delta-box.com\/es\/#website\"},\"primaryImageOfPage\":{\"@id\":\"https:\/\/www.delta-box.com\/es\/aplicaciones\/balizaje-aereo-de-gruas\/#primaryimage\"},\"datePublished\":\"2017-07-18T12:47:15+00:00\",\"dateModified\":\"2021-03-03T10:58:50+00:00\",\"description\":\"Delta Box os propone una amplia gama de equipamientos para el balizaje a\\u00e9reo de gr\\u00faas con LED. Consulte nuestro cat\\u00e1logo de productos en l\\u00ednea.\",\"breadcrumb\":{\"@id\":\"https:\/\/www.delta-box.com\/es\/aplicaciones\/balizaje-aereo-de-gruas\/#breadcrumb\"},\"inLanguage\":\"es\",\"potentialAction\":[{\"@type\":\"ReadAction\",\"target\":[\"https:\/\/www.delta-box.com\/es\/aplicaciones\/balizaje-aereo-de-gruas\/\"]}]},{\"@type\":\"BreadcrumbList\",\"@id\":\"https:\/\/www.delta-box.com\/es\/aplicaciones\/balizaje-aereo-de-gruas\/#breadcrumb\",\"itemListElement\":[{\"@type\":\"ListItem\",\"position\":1,\"item\":{\"@type\":\"WebPage\",\"@id\":\"https:\/\/www.delta-box.com\/es\/\",\"url\":\"https:\/\/www.delta-box.com\/es\/\",\"name\":\"Inicio\"}},{\"@type\":\"ListItem\",\"position\":2,\"item\":{\"@type\":\"WebPage\",\"@id\":\"https:\/\/www.delta-box.com\/es\/aplicaciones\/balizaje-aereo-de-gruas\/\",\"url\":\"https:\/\/www.delta-box.com\/es\/aplicaciones\/balizaje-aereo-de-gruas\/\",\"name\":\"Balizaje a\\u00e9reo de gr\\u00faas\"}}]}]}<\/script>\n<!-- \/ Yoast SEO plugin. -->","_links":{"self":[{"href":"https:\/\/www.delta-box.com\/es\/wp-json\/wp\/v2\/pages\/8353"}],"collection":[{"href":"https:\/\/www.delta-box.com\/es\/wp-json\/wp\/v2\/pages"}],"about":[{"href":"https:\/\/www.delta-box.com\/es\/wp-json\/wp\/v2\/types\/page"}],"author":[{"embeddable":true,"href":"https:\/\/www.delta-box.com\/es\/wp-json\/wp\/v2\/users\/1"}],"replies":[{"embeddable":true,"href":"https:\/\/www.delta-box.com\/es\/wp-json\/wp\/v2\/comments?post=8353"}],"version-history":[{"count":17,"href":"https:\/\/www.delta-box.com\/es\/wp-json\/wp\/v2\/pages\/8353\/revisions"}],"predecessor-version":[{"id":9671,"href":"https:\/\/www.delta-box.com\/es\/wp-json\/wp\/v2\/pages\/8353\/revisions\/9671"}],"wp:attachment":[{"href":"https:\/\/www.delta-box.com\/es\/wp-json\/wp\/v2\/media?parent=8353"}],"curies":[{"name":"wp","href":"https:\/\/api.w.org\/{rel}","templated":true}]}}