{"id":8224,"date":"2017-07-07T09:58:00","date_gmt":"2017-07-07T07:58:00","guid":{"rendered":"http:\/\/www.delta-box.com\/es\/?page_id=8224"},"modified":"2021-03-03T12:06:00","modified_gmt":"2021-03-03T11:06:00","slug":"aplicacionesbalizaje-aeropuerto","status":"publish","type":"page","link":"https:\/\/www.delta-box.com\/es\/aplicaciones\/balizaje-aeropuerto\/","title":{"rendered":"Balizaje aeropuerto"},"content":{"rendered":"<style type=\"text\/css\"> \n#cmsmasters_row_69f16c6faf362 .cmsmasters_row_outer_parent { \n\tpadding-top: 0px; \n} \n\n#cmsmasters_row_69f16c6faf362 .cmsmasters_row_outer_parent { \n\tpadding-bottom: 10px; \n} \n\n \n#cmsmasters_heading_69f16c6faf676 { \n\ttext-align:left; \n\tmargin-top:0px; \n\tmargin-bottom:0px; \n} \n\n#cmsmasters_heading_69f16c6faf676 .cmsmasters_heading { \n\ttext-align:left; \n} \n\n#cmsmasters_heading_69f16c6faf676 .cmsmasters_heading, #cmsmasters_heading_69f16c6faf676 .cmsmasters_heading a { \n\tfont-family:'Montserrat'; \n\tfont-size:15px; \n\tfont-weight:600; \n\tfont-style:normal; \n\tcolor:#f84e57;\n} \n\n#cmsmasters_heading_69f16c6faf676 .cmsmasters_heading_divider { \n} \n\n \n#cmsmasters_heading_69f16c6faf6b9 { \n\ttext-align:left; \n\tmargin-top:0px; \n\tmargin-bottom:20px; \n} \n\n#cmsmasters_heading_69f16c6faf6b9 .cmsmasters_heading { \n\ttext-align:left; \n} \n\n#cmsmasters_heading_69f16c6faf6b9 .cmsmasters_heading, #cmsmasters_heading_69f16c6faf6b9 .cmsmasters_heading a { \n\tfont-size:20px; \n\tfont-weight:600; \n\tfont-style:normal; \n\tcolor:#454545;\n} \n\n#cmsmasters_heading_69f16c6faf6b9 .cmsmasters_heading_divider { \n} \n\n \n#cmsmasters_row_69f16c6faf7ed .cmsmasters_row_outer_parent { \n\tpadding-top: 30px; \n} \n\n#cmsmasters_row_69f16c6faf7ed .cmsmasters_row_outer_parent { \n\tpadding-bottom: 10px; \n} \n\n \n#cmsmasters_row_69f16c6fafa03 .cmsmasters_row_outer_parent { \n\tpadding-top: 0px; \n} \n\n#cmsmasters_row_69f16c6fafa03 .cmsmasters_row_outer_parent { \n\tpadding-bottom: 50px; \n} \n\n \n#cmsmasters_row_69f16c6fafec7 .cmsmasters_row_outer_parent { \n\tpadding-top: 0px; \n} \n\n#cmsmasters_row_69f16c6fafec7 .cmsmasters_row_outer_parent { \n\tpadding-bottom: 50px; \n} \n\n \n#cmsmasters_row_69f16c6fb036a .cmsmasters_row_outer_parent { \n\tpadding-top: 30px; \n} \n\n#cmsmasters_row_69f16c6fb036a .cmsmasters_row_outer_parent { \n\tpadding-bottom: 10px; \n} \n\n \n#cmsmasters_row_69f16c6fb04a0 .cmsmasters_row_outer_parent { \n\tpadding-top: 0px; \n} \n\n#cmsmasters_row_69f16c6fb04a0 .cmsmasters_row_outer_parent { \n\tpadding-bottom: 50px; \n} \n\n<\/style><div id=\"cmsmasters_row_69f16c6faf362\" class=\"cmsmasters_row cmsmasters_color_scheme_default general-title cmsmasters_row_top_default cmsmasters_row_bot_default cmsmasters_row_boxed\">\n<div class=\"cmsmasters_row_outer_parent\">\n<div class=\"cmsmasters_row_outer\">\n<div class=\"cmsmasters_row_inner\">\n<div class=\"cmsmasters_row_margin\">\n<div class=\"cmsmasters_column one_first\">\n\n<div id=\"cmsmasters_heading_69f16c6faf676\" class=\"cmsmasters_heading_wrap cmsmasters_heading_align_left\">\n\t<h3 class=\"cmsmasters_heading\">Aplicaciones<\/h3>\n<\/div>\n<div id=\"cmsmasters_heading_69f16c6faf6b9\" class=\"cmsmasters_heading_wrap cmsmasters_heading_align_left\">\n\t<h1 class=\"cmsmasters_heading\">Balizaje aeropuerto <\/h1>\n<\/div>\n<\/div>\n<\/div>\n<\/div>\n<\/div>\n<\/div>\n<\/div>\n<div id=\"cmsmasters_row_69f16c6faf7ed\" class=\"cmsmasters_row cmsmasters_color_scheme_default cmsmasters_row_top_default cmsmasters_row_bot_default cmsmasters_row_boxed\">\n<div class=\"cmsmasters_row_outer_parent\">\n<div class=\"cmsmasters_row_outer\">\n<div class=\"cmsmasters_row_inner\">\n<div class=\"cmsmasters_row_margin\">\n<div class=\"cmsmasters_column one_half\">\n<div class=\"cmsmasters_text title-icon title-icon-light\">\n<h2>Balizaje\u00a0<span style=\"color: #f1363d;\">de obstaculos leds<\/span><\/h2>\n<\/div>\n<div class=\"cmsmasters_text\">\n<p>Balizaje Leds para se\u00f1alizar los edificios, vallas, m\u00e1stiles meteorol\u00f3gicos, parapetos o candelabros y todo otro tipo de obst\u00e1culo a la navegaci\u00f3n a\u00e9rea.<\/p>\n<ul class=\"list-icon\">\n<li>Baliza Baja Intensidad Tipo A, B y C<\/li>\n<li>Fuego Media Intensidad Tipo A, B y C<\/li>\n<li>Alimentaciones disponibles : 48V, 230V, 6,6A, solar<\/li>\n<\/ul>\n<div class=\"app-col-3\"><a href=\"http:\/\/www.delta-box.com\/es\/balizaje\/balizaje-aereo-led-baja-intensidad\/\"><img src=\"http:\/\/www.delta-box.com\/es\/wp-content\/uploads\/sites\/3\/2017\/08\/delta-box_aplicaciones_balizaje-aeropuerto-y-helipuerto-balise-obstacle-1.jpg\" alt=\"delta-box_aplicaciones_balizaje-aeropuerto-y-helipuerto-balise-obstacle-1\" \/>Baliza Baja Intensidad TWINY solar<\/a><\/div>\n<div class=\"app-col-3\"><a href=\"http:\/\/www.delta-box.com\/es\/balizaje\/balizaje-aereo-led-media-intensidad\/\"><img src=\"http:\/\/www.delta-box.com\/es\/wp-content\/uploads\/sites\/3\/2017\/08\/delta-box_aplicaciones_balizaje-aeropuerto-y-helipuerto-balise-obstacle-3.jpg\" alt=\"delta-box_aplicaciones_balizaje-aeropuerto-y-helipuerto-balise-obstacle-3\" \/>Fuego Media Intensidad<\/a><\/div>\n<div class=\"app-col-3\"><a href=\"http:\/\/www.delta-box.com\/es\/balizaje\/balizaje-aereo-led-baja-intensidad\/\"><img src=\"http:\/\/www.delta-box.com\/es\/wp-content\/uploads\/sites\/3\/2017\/08\/delta-box_aplicaciones_balizaje-aeropuerto-y-helipuerto-balise-obstacle-2.jpg\" alt=\"delta-box_aplicaciones_balizaje-aeropuerto-y-helipuerto-balise-obstacle-2\" \/>Baliza Baja Intensidad<\/a><\/div>\n<\/div>\n<\/div>\n<div class=\"cmsmasters_column one_half\">\n<div class=\"cmsmasters_text title-icon title-icon-light\">\n<h2>Balizaje\u00a0<span style=\"color: #f1363d;\">provisional luminoso<\/span><\/h2>\n<\/div>\n<div class=\"cmsmasters_text\">\n<p>Balizajes port\u00e1tiles aut\u00f3nomos para balizaje provisional de zonas de obras o de cierre de pista.<br \/>\nPuede ser utilizada para la iluminaci\u00f3n temporaria de una pista de aer\u00f3dromo o todo otro tipo de balizaje luminoso.<br \/>\nDisponible con su remolque y controlable a distancia en opci\u00f3n.<\/p>\n<div class=\"app-col-3\"><a href=\"http:\/\/www.delta-box.com\/es\/balizaje\/balizaje-aeroportuario-portatil\/\"><img src=\"http:\/\/www.delta-box.com\/es\/wp-content\/uploads\/sites\/3\/2017\/08\/delta-box_aplicaciones_balizaje-aeropuerto-y-helipuerto-balise-lumineux-1.jpg\" alt=\"delta-box_aplicaciones_balizaje-aeropuerto-y-helipuerto-balise-lumineux-1\" \/><\/a><\/div>\n<div class=\"app-col-3\"><a href=\"http:\/\/www.delta-box.com\/es\/balizaje\/balizaje-aeroportuario-portatil\/\"><img src=\"http:\/\/www.delta-box.com\/es\/wp-content\/uploads\/sites\/3\/2017\/08\/delta-box_aplicaciones_balizaje-aeropuerto-y-helipuerto-balise-lumineux-2.jpg\" alt=\"delta-box_aplicaciones_balizaje-aeropuerto-y-helipuerto-balise-lumineux-2\" \/><\/a><\/div>\n<div><\/div>\n<div><\/div>\n<div><a href=\"http:\/\/www.delta-box.com\/applications\/balisage-aeroport\"><img loading=\"lazy\" class=\"alignnone wp-image-9313\" src=\"http:\/\/www.delta-box.com\/es\/wp-content\/uploads\/sites\/3\/2018\/08\/BPM-Copie2.png\" alt=\"BPM\" width=\"55\" height=\"73\" srcset=\"https:\/\/www.delta-box.com\/es\/wp-content\/uploads\/sites\/3\/2018\/08\/BPM-Copie2.png 232w, https:\/\/www.delta-box.com\/es\/wp-content\/uploads\/sites\/3\/2018\/08\/BPM-Copie2-229x300.png 229w\" sizes=\"(max-width: 55px) 100vw, 55px\" \/><\/a><\/div>\n<\/div>\n<\/div>\n<\/div>\n<\/div>\n<\/div>\n<\/div>\n<\/div>\n<div id=\"cmsmasters_row_69f16c6fafa03\" class=\"cmsmasters_row cmsmasters_color_scheme_default app-general-visu cmsmasters_row_top_default cmsmasters_row_bot_default cmsmasters_row_boxed\">\n<div class=\"cmsmasters_row_outer_parent\">\n<div class=\"cmsmasters_row_outer\">\n<div class=\"cmsmasters_row_inner\">\n<div class=\"cmsmasters_row_margin\">\n<div class=\"cmsmasters_column one_first\">\n<div class=\"cmsmasters_img  cmsmasters_image_n\">\n<img src=\"https:\/\/www.delta-box.com\/es\/wp-content\/uploads\/sites\/3\/2017\/07\/delta-box_aplicaciones_balizaje-aeropuerto-y-helipuerto-visuel-general.jpg\" alt=\"delta-box_aplicaciones_balizaje-aeropuerto-y-helipuerto-visuel-general\" \/>\n<\/div>\n<\/div>\n<\/div>\n<\/div>\n<\/div>\n<\/div>\n<\/div>\n<div id=\"cmsmasters_row_69f16c6fafec7\" class=\"cmsmasters_row cmsmasters_color_scheme_default cmsmasters_row_top_default cmsmasters_row_bot_default cmsmasters_row_boxed\">\n<div class=\"cmsmasters_row_outer_parent\">\n<div class=\"cmsmasters_row_outer\">\n<div class=\"cmsmasters_row_inner\">\n<div class=\"cmsmasters_row_margin\">\n<div class=\"cmsmasters_column one_half\">\n<div class=\"cmsmasters_text only-show-desktop\">\n<div class=\"app-col-2\"><a href=\"http:\/\/www.delta-box.com\/es\/balizaje\/balizaje-para-pistas-de-cesped\/\"><img src=\"http:\/\/www.delta-box.com\/es\/wp-content\/uploads\/sites\/3\/2017\/08\/delta-box_aplicaciones_balizaje-aeropuerto-y-helipuerto-balise-piste-diurne-2.jpg\" alt=\"delta-box_aplicaciones_balizaje-aeropuerto-y-helipuerto-balise-piste-diurne-2\" \/><\/a><\/div>\n<div class=\"app-col-2\"><a href=\"http:\/\/www.delta-box.com\/es\/balizaje\/balizaje-para-pistas-de-cesped\/\"><img src=\"http:\/\/www.delta-box.com\/es\/wp-content\/uploads\/sites\/3\/2017\/08\/delta-box_aplicaciones_balizaje-aeropuerto-y-helipuerto-balise-piste-diurne-1.jpg\" alt=\"delta-box_aplicaciones_balizaje-aeropuerto-y-helipuerto-balise-piste-diurne-1\" \/><\/a><\/div>\n<\/div>\n<\/div>\n<div class=\"cmsmasters_column one_half\">\n<div class=\"cmsmasters_img  cmsmasters_image_n only-show-desktop\">\n<a href=\"http:\/\/www.delta-box.com\/es\/balizaje\/mastiles-indicadores-de-viento-icao-stna\/\"><img src=\"https:\/\/www.delta-box.com\/es\/wp-content\/uploads\/sites\/3\/2017\/07\/delta-box_aplicaciones_balizaje-aeropuerto-y-helipuerto-mat-indicateur-vent-1.jpg\" alt=\"delta-box_aplicaciones_balizaje-aeropuerto-y-helipuerto-mat-indicateur-vent-1\" \/><\/a>\n<\/div>\n<\/div>\n<\/div>\n<\/div>\n<\/div>\n<\/div>\n<\/div>\n<div id=\"cmsmasters_row_69f16c6fb036a\" class=\"cmsmasters_row cmsmasters_color_scheme_default app-tp-last cmsmasters_row_top_default cmsmasters_row_bot_default cmsmasters_row_boxed\">\n<div class=\"cmsmasters_row_outer_parent\">\n<div class=\"cmsmasters_row_outer\">\n<div class=\"cmsmasters_row_inner\">\n<div class=\"cmsmasters_row_margin\">\n<div class=\"cmsmasters_column one_half\">\n<div class=\"cmsmasters_text title-icon title-icon-piste\">\n<h2>Balizaje\u00a0<span style=\"color: #f1363d;\">de pista diurno<\/span><\/h2>\n<\/div>\n<div class=\"cmsmasters_text\">\n<p>Balizas compuestas dedicadas a la materializaci\u00f3n de las pistas y carreteras presentes en el aeropuerto. Est\u00e1n estudiadas de manera a no deteriorar el equipo en caso de choque. Disponibles en versi\u00f3n diedra (delimitaci\u00f3n de las extremidades de pista) o troncoc\u00f3nica (blanco para delimitar la pista o amarillo para delimitar las v\u00edas de circulaci\u00f3n).<\/p>\n<div class=\"app-col-3 only-show-mobile\"><a href=\"http:\/\/www.delta-box.com\/es\/balizaje\/balizaje-para-pistas-de-cesped\/\"><img src=\"http:\/\/www.delta-box.com\/es\/wp-content\/uploads\/sites\/3\/2017\/08\/delta-box_aplicaciones_balizaje-aeropuerto-y-helipuerto-balise-piste-diurne-1.jpg\" alt=\"delta-box_aplicaciones_balizaje-aeropuerto-y-helipuerto-balise-piste-diurne-1\" \/><\/a><\/div>\n<div class=\"app-col-3 only-show-mobile\"><a href=\"http:\/\/www.delta-box.com\/es\/balizaje\/balizaje-para-pistas-de-cesped\/\"><img src=\"http:\/\/www.delta-box.com\/es\/wp-content\/uploads\/sites\/3\/2017\/08\/delta-box_aplicaciones_balizaje-aeropuerto-y-helipuerto-balise-piste-diurne-2.jpg\" alt=\"delta-box_aplicaciones_balizaje-aeropuerto-y-helipuerto-balise-piste-diurne-2\" \/><\/a><\/div>\n<\/div>\n<\/div>\n<div class=\"cmsmasters_column one_half\">\n<div class=\"cmsmasters_text title-icon title-icon-vent\">\n<h2>Mastil\u00a0<span style=\"color: #f1363d;\">indicador de viento<\/span><\/h2>\n<\/div>\n<div class=\"cmsmasters_text\">\n<p>M\u00e1stiles indicadores de viento iluminados para pistas, terrenos de aviaci\u00f3n y helipuertos al suelo o en terraza. Disponibles en versi\u00f3n frangible.<\/p>\n<ul class=\"list-icon\">\n<li>Alimentaciones disponibles : 48V, 230V, 6,6A, solar<\/li>\n<\/ul>\n<div class=\"app-col-3 only-show-mobile\"><a href=\"http:\/\/www.delta-box.com\/es\/balizaje\/mastiles-indicadores-de-viento-icao-stna\/\"><img loading=\"lazy\" class=\"alignnone\" src=\"http:\/\/www.delta-box.com\/es\/wp-content\/uploads\/sites\/3\/2017\/07\/delta-box_aplicaciones_balizaje-aeropuerto-y-helipuerto-mat-indicateur-vent-1.jpg\" alt=\"delta-box_aplicaciones_balizaje-aeropuerto-y-helipuerto-mat-indicateur-vent-1\" width=\"274\" height=\"278\" \/><\/a><\/div>\n<\/div>\n<\/div>\n<\/div>\n<\/div>\n<\/div>\n<\/div>\n<\/div>\n<div id=\"cmsmasters_row_69f16c6fb04a0\" class=\"cmsmasters_row cmsmasters_color_scheme_default section-info-supp cmsmasters_row_top_default cmsmasters_row_bot_default cmsmasters_row_boxed\">\n<div class=\"cmsmasters_row_outer_parent\">\n<div class=\"cmsmasters_row_outer\">\n<div class=\"cmsmasters_row_inner\">\n<div class=\"cmsmasters_row_margin\">\n<div class=\"cmsmasters_column one_first\">\n<div class=\"cmsmasters_text\">\n<p class=\"bloc-info-supp\">Proponemos tambi\u00e9n<\/p>\n<div class=\"row-info-supp\"><img src=\"http:\/\/www.delta-box.com\/es\/wp-content\/uploads\/sites\/3\/2017\/08\/delta-box_aplicaciones_balizaje-mas-informaciones-picto-viento.jpg\" alt=\"delta-box_aplicaciones_balizaje-mas-informaciones-picto-viento\" \/><br \/>\nM\u00e1stiles indicadores de viento en diferentes materiales (fibra de vidrio, Acero Inoxidable, aluminio, celos\u00edas,\u2026)<\/div>\n<div class=\"row-info-supp\"><img src=\"http:\/\/www.delta-box.com\/es\/wp-content\/uploads\/sites\/3\/2017\/08\/delta-box_aplicaciones_balizaje-mas-informacion-picto-solar.jpg\" alt=\"delta-box_aplicaciones_balizaje-mas-informacion-picto-solar\" \/><br \/>\nEstaci\u00f3n solar adaptada al sitio para todo tipo de equipo<\/div>\n<div class=\"row-info-supp\"><img src=\"http:\/\/www.delta-box.com\/es\/wp-content\/uploads\/sites\/3\/2017\/08\/delta-box_aplicaciones_balizaje-mas-informacion-picto-remolque.jpg\" alt=\"delta-box_aplicaciones_balizaje-mas-informacion-picto-remolque\" \/><br \/>\nRemolque de transporte y de carga para balizas port\u00e1tiles<\/div>\n<\/div>\n<\/div>\n<\/div>\n<\/div>\n<\/div>\n<\/div>\n<\/div>\n","protected":false},"excerpt":{"rendered":"","protected":false},"author":1,"featured_media":0,"parent":0,"menu_order":0,"comment_status":"closed","ping_status":"closed","template":"page-produits.php","meta":[],"yoast_head":"<!-- This site is optimized with the Yoast SEO plugin v15.2 - https:\/\/yoast.com\/wordpress\/plugins\/seo\/ -->\n<title>Balizaje aeropuerto | Delta Box<\/title>\n<meta name=\"description\" content=\"Delta Box es el especialista del balizaje a\u00e9reo para aeropuertos en Francia y todo el mundo. Un balizaje eficaz para la seguridad de todos.\" \/>\n<meta name=\"robots\" content=\"index, follow, max-snippet:-1, max-image-preview:large, max-video-preview:-1\" \/>\n<link rel=\"canonical\" href=\"https:\/\/www.delta-box.com\/es\/aplicaciones\/balizaje-aeropuerto\/\" \/>\n<meta property=\"og:locale\" content=\"es_ES\" \/>\n<meta property=\"og:type\" content=\"article\" \/>\n<meta property=\"og:title\" content=\"Balizaje aeropuerto | Delta Box\" \/>\n<meta property=\"og:description\" content=\"Delta Box es el especialista del balizaje a\u00e9reo para aeropuertos en Francia y todo el mundo. Un balizaje eficaz para la seguridad de todos.\" \/>\n<meta property=\"og:url\" content=\"https:\/\/www.delta-box.com\/es\/aplicaciones\/balizaje-aeropuerto\/\" \/>\n<meta property=\"og:site_name\" content=\"DeltaBox (ES)\" \/>\n<meta property=\"article:modified_time\" content=\"2021-03-03T11:06:00+00:00\" \/>\n<meta property=\"og:image\" content=\"http:\/\/www.delta-box.com\/es\/wp-content\/uploads\/sites\/3\/2017\/08\/delta-box_aplicaciones_balizaje-aeropuerto-y-helipuerto-balise-obstacle-1.jpg\" \/>\n<meta name=\"twitter:card\" content=\"summary_large_image\" \/>\n<meta name=\"twitter:label1\" value=\"Escrito por\">\n\t<meta name=\"twitter:data1\" value=\"IkadiaDeltaBox\">\n\t<meta name=\"twitter:label2\" value=\"Tiempo de lectura\">\n\t<meta name=\"twitter:data2\" value=\"3 minutos\">\n<script type=\"application\/ld+json\" class=\"yoast-schema-graph\">{\"@context\":\"https:\/\/schema.org\",\"@graph\":[{\"@type\":\"WebSite\",\"@id\":\"https:\/\/www.delta-box.com\/es\/#website\",\"url\":\"https:\/\/www.delta-box.com\/es\/\",\"name\":\"DeltaBox (ES)\",\"description\":\"Un site utilisant WordPress\",\"potentialAction\":[{\"@type\":\"SearchAction\",\"target\":\"https:\/\/www.delta-box.com\/es\/?s={search_term_string}\",\"query-input\":\"required name=search_term_string\"}],\"inLanguage\":\"es\"},{\"@type\":\"ImageObject\",\"@id\":\"https:\/\/www.delta-box.com\/es\/aplicaciones\/balizaje-aeropuerto\/#primaryimage\",\"inLanguage\":\"es\",\"url\":\"http:\/\/www.delta-box.com\/es\/wp-content\/uploads\/sites\/3\/2017\/08\/delta-box_aplicaciones_balizaje-aeropuerto-y-helipuerto-balise-obstacle-1.jpg\"},{\"@type\":\"WebPage\",\"@id\":\"https:\/\/www.delta-box.com\/es\/aplicaciones\/balizaje-aeropuerto\/#webpage\",\"url\":\"https:\/\/www.delta-box.com\/es\/aplicaciones\/balizaje-aeropuerto\/\",\"name\":\"Balizaje aeropuerto | Delta Box\",\"isPartOf\":{\"@id\":\"https:\/\/www.delta-box.com\/es\/#website\"},\"primaryImageOfPage\":{\"@id\":\"https:\/\/www.delta-box.com\/es\/aplicaciones\/balizaje-aeropuerto\/#primaryimage\"},\"datePublished\":\"2017-07-07T07:58:00+00:00\",\"dateModified\":\"2021-03-03T11:06:00+00:00\",\"description\":\"Delta Box es el especialista del balizaje a\\u00e9reo para aeropuertos en Francia y todo el mundo. Un balizaje eficaz para la seguridad de todos.\",\"breadcrumb\":{\"@id\":\"https:\/\/www.delta-box.com\/es\/aplicaciones\/balizaje-aeropuerto\/#breadcrumb\"},\"inLanguage\":\"es\",\"potentialAction\":[{\"@type\":\"ReadAction\",\"target\":[\"https:\/\/www.delta-box.com\/es\/aplicaciones\/balizaje-aeropuerto\/\"]}]},{\"@type\":\"BreadcrumbList\",\"@id\":\"https:\/\/www.delta-box.com\/es\/aplicaciones\/balizaje-aeropuerto\/#breadcrumb\",\"itemListElement\":[{\"@type\":\"ListItem\",\"position\":1,\"item\":{\"@type\":\"WebPage\",\"@id\":\"https:\/\/www.delta-box.com\/es\/\",\"url\":\"https:\/\/www.delta-box.com\/es\/\",\"name\":\"Inicio\"}},{\"@type\":\"ListItem\",\"position\":2,\"item\":{\"@type\":\"WebPage\",\"@id\":\"https:\/\/www.delta-box.com\/es\/aplicaciones\/balizaje-aeropuerto\/\",\"url\":\"https:\/\/www.delta-box.com\/es\/aplicaciones\/balizaje-aeropuerto\/\",\"name\":\"Balizaje aeropuerto\"}}]}]}<\/script>\n<!-- \/ Yoast SEO plugin. -->","_links":{"self":[{"href":"https:\/\/www.delta-box.com\/es\/wp-json\/wp\/v2\/pages\/8224"}],"collection":[{"href":"https:\/\/www.delta-box.com\/es\/wp-json\/wp\/v2\/pages"}],"about":[{"href":"https:\/\/www.delta-box.com\/es\/wp-json\/wp\/v2\/types\/page"}],"author":[{"embeddable":true,"href":"https:\/\/www.delta-box.com\/es\/wp-json\/wp\/v2\/users\/1"}],"replies":[{"embeddable":true,"href":"https:\/\/www.delta-box.com\/es\/wp-json\/wp\/v2\/comments?post=8224"}],"version-history":[{"count":41,"href":"https:\/\/www.delta-box.com\/es\/wp-json\/wp\/v2\/pages\/8224\/revisions"}],"predecessor-version":[{"id":9673,"href":"https:\/\/www.delta-box.com\/es\/wp-json\/wp\/v2\/pages\/8224\/revisions\/9673"}],"wp:attachment":[{"href":"https:\/\/www.delta-box.com\/es\/wp-json\/wp\/v2\/media?parent=8224"}],"curies":[{"name":"wp","href":"https:\/\/api.w.org\/{rel}","templated":true}]}}