{"id":8091,"date":"2017-05-24T16:07:56","date_gmt":"2017-05-24T14:07:56","guid":{"rendered":"http:\/\/www.delta-box.com\/es\/?page_id=8091"},"modified":"2021-03-15T18:16:05","modified_gmt":"2021-03-15T17:16:05","slug":"balisagebalisage-terrain-enherbe","status":"publish","type":"page","link":"https:\/\/www.delta-box.com\/es\/balizaje\/balizaje-para-pistas-de-cesped\/","title":{"rendered":"Balizaje para pistas de cesped"},"content":{"rendered":"<style type=\"text\/css\"> \n#cmsmasters_row_69f4478ed626e .cmsmasters_row_outer_parent { \n\tpadding-top: 0px; \n} \n\n#cmsmasters_row_69f4478ed626e .cmsmasters_row_outer_parent { \n\tpadding-bottom: 10px; \n} \n\n \n#cmsmasters_heading_69f4478ed65c8 { \n\ttext-align:left; \n\tmargin-top:0px; \n\tmargin-bottom:0px; \n} \n\n#cmsmasters_heading_69f4478ed65c8 .cmsmasters_heading { \n\ttext-align:left; \n} \n\n#cmsmasters_heading_69f4478ed65c8 .cmsmasters_heading, #cmsmasters_heading_69f4478ed65c8 .cmsmasters_heading a { \n\tfont-family:'Montserrat'; \n\tfont-size:15px; \n\tfont-weight:600; \n\tfont-style:normal; \n\tcolor:#f84e57;\n} \n\n#cmsmasters_heading_69f4478ed65c8 .cmsmasters_heading_divider { \n} \n\n \n#cmsmasters_heading_69f4478ed6602 { \n\ttext-align:left; \n\tmargin-top:0px; \n\tmargin-bottom:20px; \n} \n\n#cmsmasters_heading_69f4478ed6602 .cmsmasters_heading { \n\ttext-align:left; \n} \n\n#cmsmasters_heading_69f4478ed6602 .cmsmasters_heading, #cmsmasters_heading_69f4478ed6602 .cmsmasters_heading a { \n\tfont-size:20px; \n\tfont-weight:600; \n\tfont-style:normal; \n\tcolor:#454545;\n} \n\n#cmsmasters_heading_69f4478ed6602 .cmsmasters_heading_divider { \n} \n\n \n#cmsmasters_row_69f4478ed66f0 .cmsmasters_row_outer_parent { \n\tpadding-top: 0px; \n} \n\n#cmsmasters_row_69f4478ed66f0 .cmsmasters_row_outer_parent { \n\tpadding-bottom: 10px; \n} \n\n \n#cmsmasters_row_69f4478ed7572 .cmsmasters_row_outer_parent { \n\tpadding-top: 30px; \n} \n\n#cmsmasters_row_69f4478ed7572 .cmsmasters_row_outer_parent { \n\tpadding-bottom: 10px; \n} \n\n \n#cmsmasters_row_69f4478ed75e2 .cmsmasters_row_outer_parent { \n\tpadding-top: 0px; \n} \n\n#cmsmasters_row_69f4478ed75e2 .cmsmasters_row_outer_parent { \n\tpadding-bottom: 0px; \n} \n\n \n#cmsmasters_row_69f4478ed762c .cmsmasters_row_outer_parent { \n\tpadding-top: 0px; \n} \n\n#cmsmasters_row_69f4478ed762c .cmsmasters_row_outer_parent { \n\tpadding-bottom: 50px; \n} \n\n \n#cmsmasters_row_69f4478ed76a0 .cmsmasters_row_outer_parent { \n\tpadding-top: 0px; \n} \n\n#cmsmasters_row_69f4478ed76a0 .cmsmasters_row_outer_parent { \n\tpadding-bottom: 50px; \n} \n\n \n#cmsmasters_row_69f4478ed7b35 .cmsmasters_row_outer_parent { \n\tpadding-top: 0px; \n} \n\n#cmsmasters_row_69f4478ed7b35 .cmsmasters_row_outer_parent { \n\tpadding-bottom: 0px; \n} \n\n \n#cmsmasters_row_69f4478ed7b83 .cmsmasters_row_outer_parent { \n\tpadding-top: 0px; \n} \n\n#cmsmasters_row_69f4478ed7b83 .cmsmasters_row_outer_parent { \n\tpadding-bottom: 50px; \n} \n\n \n#cmsmasters_row_69f4478ed7beb .cmsmasters_row_outer_parent { \n\tpadding-top: 0px; \n} \n\n#cmsmasters_row_69f4478ed7beb .cmsmasters_row_outer_parent { \n\tpadding-bottom: 50px; \n} \n\n \n#cmsmasters_row_69f4478ed7ff6 .cmsmasters_row_outer_parent { \n\tpadding-top: 0px; \n} \n\n#cmsmasters_row_69f4478ed7ff6 .cmsmasters_row_outer_parent { \n\tpadding-bottom: 50px; \n} \n\n<\/style><div id=\"cmsmasters_row_69f4478ed626e\" class=\"cmsmasters_row cmsmasters_color_scheme_default general-title cmsmasters_row_top_default cmsmasters_row_bot_default cmsmasters_row_boxed\">\n<div class=\"cmsmasters_row_outer_parent\">\n<div class=\"cmsmasters_row_outer\">\n<div class=\"cmsmasters_row_inner\">\n<div class=\"cmsmasters_row_margin\">\n<div class=\"cmsmasters_column one_first\">\n\n<div id=\"cmsmasters_heading_69f4478ed65c8\" class=\"cmsmasters_heading_wrap cmsmasters_heading_align_left\">\n\t<h3 class=\"cmsmasters_heading\">Productos<\/h3>\n<\/div>\n<div id=\"cmsmasters_heading_69f4478ed6602\" class=\"cmsmasters_heading_wrap cmsmasters_heading_align_left\">\n\t<h1 class=\"cmsmasters_heading\">Balizaje para pistas de cesped<\/h1>\n<\/div>\n<\/div>\n<\/div>\n<\/div>\n<\/div>\n<\/div>\n<\/div>\n<div id=\"cmsmasters_row_69f4478ed66f0\" class=\"cmsmasters_row cmsmasters_color_scheme_default cmsmasters_row_top_default cmsmasters_row_bot_default cmsmasters_row_boxed\">\n<div class=\"cmsmasters_row_outer_parent\">\n<div class=\"cmsmasters_row_outer\">\n<div class=\"cmsmasters_row_inner\">\n<div class=\"cmsmasters_row_margin\">\n<div class=\"cmsmasters_column one_third\">\n<div class=\"cmsmasters_content_slider_wrap\" style=\"max-width:px;\">\n<script type=\"text\/javascript\">jQuery(document).ready(function () { jQuery(\"#cmsmasters_slider_69f4478ed6795.cmsmasters_content_slider\").owlCarousel( { singleItem : true, transitionStyle: false, rewindSpeed : 1000, slideSpeed : 600, autoHeight : true, paginationSpeed : \t600, autoPlay : 7000,navigationText : \t[ \"<span class=\\\"cmsmasters_prev_arrow\\\"><span><\/span><\/span>\", \"<span class=\\\"cmsmasters_next_arrow\\\"><span><\/span><\/span>\" ] } );} );<\/script>\n<div id=\"cmsmasters_slider_69f4478ed6795\" class=\"cmsmasters_content_slider cmsmasters_owl_slider owl-carousel produits-slider\">\n<div class=\"cmsmasters_content_slider_item\"><img width=\"1296\" height=\"864\" src=\"https:\/\/www.delta-box.com\/es\/wp-content\/uploads\/sites\/3\/2017\/05\/IMG_0549.jpg\" class=\"attachment-full size-full\" alt=\"\" loading=\"lazy\" srcset=\"https:\/\/www.delta-box.com\/es\/wp-content\/uploads\/sites\/3\/2017\/05\/IMG_0549.jpg 1296w, https:\/\/www.delta-box.com\/es\/wp-content\/uploads\/sites\/3\/2017\/05\/IMG_0549-300x200.jpg 300w, https:\/\/www.delta-box.com\/es\/wp-content\/uploads\/sites\/3\/2017\/05\/IMG_0549-768x512.jpg 768w, https:\/\/www.delta-box.com\/es\/wp-content\/uploads\/sites\/3\/2017\/05\/IMG_0549-1024x683.jpg 1024w, https:\/\/www.delta-box.com\/es\/wp-content\/uploads\/sites\/3\/2017\/05\/IMG_0549-580x387.jpg 580w, https:\/\/www.delta-box.com\/es\/wp-content\/uploads\/sites\/3\/2017\/05\/IMG_0549-860x573.jpg 860w, https:\/\/www.delta-box.com\/es\/wp-content\/uploads\/sites\/3\/2017\/05\/IMG_0549-1160x773.jpg 1160w\" sizes=\"(max-width: 1296px) 100vw, 1296px\" \/><\/div><div class=\"cmsmasters_content_slider_item\"><img width=\"524\" height=\"560\" src=\"https:\/\/www.delta-box.com\/es\/wp-content\/uploads\/sites\/3\/2017\/05\/delta-box_balizaje_balizaje-para-pistas-de-cesped_slider_2.jpg\" class=\"attachment-full size-full\" alt=\"delta-box_balizaje_balizaje-para-pistas-de-cesped_slider_2\" loading=\"lazy\" srcset=\"https:\/\/www.delta-box.com\/es\/wp-content\/uploads\/sites\/3\/2017\/05\/delta-box_balizaje_balizaje-para-pistas-de-cesped_slider_2.jpg 524w, https:\/\/www.delta-box.com\/es\/wp-content\/uploads\/sites\/3\/2017\/05\/delta-box_balizaje_balizaje-para-pistas-de-cesped_slider_2-281x300.jpg 281w\" sizes=\"(max-width: 524px) 100vw, 524px\" \/><\/div><div class=\"cmsmasters_content_slider_item\"><img width=\"864\" height=\"1296\" src=\"https:\/\/www.delta-box.com\/es\/wp-content\/uploads\/sites\/3\/2017\/05\/IMG_0550.jpg\" class=\"attachment-full size-full\" alt=\"\" loading=\"lazy\" srcset=\"https:\/\/www.delta-box.com\/es\/wp-content\/uploads\/sites\/3\/2017\/05\/IMG_0550.jpg 864w, https:\/\/www.delta-box.com\/es\/wp-content\/uploads\/sites\/3\/2017\/05\/IMG_0550-200x300.jpg 200w, https:\/\/www.delta-box.com\/es\/wp-content\/uploads\/sites\/3\/2017\/05\/IMG_0550-768x1152.jpg 768w, https:\/\/www.delta-box.com\/es\/wp-content\/uploads\/sites\/3\/2017\/05\/IMG_0550-683x1024.jpg 683w, https:\/\/www.delta-box.com\/es\/wp-content\/uploads\/sites\/3\/2017\/05\/IMG_0550-580x870.jpg 580w, https:\/\/www.delta-box.com\/es\/wp-content\/uploads\/sites\/3\/2017\/05\/IMG_0550-860x1290.jpg 860w\" sizes=\"(max-width: 864px) 100vw, 864px\" \/><\/div><\/div>\n<\/div>\n<\/div>\n<div class=\"cmsmasters_column two_third\">\n<div class=\"cmsmasters_text\">\n<p>Nuestras balizas diedras y troncoc\u00f3nicas est\u00e1n dedicadas al balizaje de pistas o carreteras situadas en \u00e1mbito aeroportuario.<\/p>\n<p>Las balizas diedras, que son de color rojo y blanco est\u00e1n equipadas de piquetes frangibles y permiten de se\u00f1alar el extremo de las pistas y las carreteras presentes en el aer\u00f3dromo.<\/p>\n<p>En cuanto a las balizas troncoc\u00f3nicas, disponibles en color amarillo o blanco, permiten de delimitar las pistas o v\u00edas de circulaci\u00f3n.<\/p>\n<p>De otra parte, proponemos tambi\u00e9n varias opciones: pegatinas, balizaje luminoso o fijaciones.<\/p>\n<p>Todas nuestras balizas est\u00e1n estudiadas de manera a no deteriorar el equipo en caso de choque.<\/p>\n<\/div>\n<\/div>\n<\/div>\n<\/div>\n<\/div>\n<\/div>\n<\/div>\n<div id=\"cmsmasters_row_69f4478ed7572\" class=\"cmsmasters_row cmsmasters_color_scheme_default general-title cmsmasters_row_top_default cmsmasters_row_bot_default cmsmasters_row_boxed\">\n<div class=\"cmsmasters_row_outer_parent\">\n<div class=\"cmsmasters_row_outer\">\n<div class=\"cmsmasters_row_inner\">\n<div class=\"cmsmasters_row_margin\">\n<div class=\"cmsmasters_column one_first\">\n<div class=\"cmsmasters_text\">\n<h2>Las caracter\u00edsticas\u00a0<span style=\"color: #f1363d;\">t\u00e9cnicas<\/span><\/h2>\n<\/div>\n<\/div>\n<\/div>\n<\/div>\n<\/div>\n<\/div>\n<\/div>\n<div id=\"cmsmasters_row_69f4478ed75e2\" class=\"cmsmasters_row cmsmasters_color_scheme_default cmsmasters_row_top_default cmsmasters_row_bot_default cmsmasters_row_boxed\">\n<div class=\"cmsmasters_row_outer_parent\">\n<div class=\"cmsmasters_row_outer\">\n<div class=\"cmsmasters_row_inner\">\n<div class=\"cmsmasters_row_margin\">\n<div class=\"cmsmasters_column one_first\">\n<div class=\"cmsmasters_text balises-description\">\n<h3>Baliza troncoconica<\/h3>\n<p>Estas balizas de compuesto se emplean para materializar las pistas y carreteras del aeropuerto. Est\u00e1n dise\u00f1adas para no da\u00f1ar el aparato en caso de choque. Estas balizas pueden ser blancas para delinear la pista o amarillas para delimitar los carriles de tr\u00e1fico.<\/p>\n<\/div>\n<\/div>\n<\/div>\n<\/div>\n<\/div>\n<\/div>\n<\/div>\n<div id=\"cmsmasters_row_69f4478ed762c\" class=\"cmsmasters_row cmsmasters_color_scheme_default cmsmasters_row_top_default cmsmasters_row_bot_default cmsmasters_row_boxed\">\n<div class=\"cmsmasters_row_outer_parent\">\n<div class=\"cmsmasters_row_outer\">\n<div class=\"cmsmasters_row_inner\">\n<div class=\"cmsmasters_row_margin\">\n<div class=\"cmsmasters_column one_first\">\n<div class=\"cmsmasters_text\">\n<div class=\"caracteristique-tech-produit table-specifique\">\n<div class=\"row-table\">\n<div class=\"heading-table\">Referencia<\/div>\n<div class=\"heading-table\">Designacion<\/div>\n<div class=\"heading-table\">Color<\/div>\n<div class=\"label-table\">BPTRY<\/div>\n<div class=\"description-table\">Baliza troncoc\u00f3nica<\/div>\n<div class=\"description-table\">Amarillo<\/div>\n<div class=\"label-table\">BPTRW<\/div>\n<div class=\"description-table\">Baliza troncoc\u00f3nica<\/div>\n<div class=\"description-table\">Blanco<\/div>\n<\/div>\n<\/div>\n<\/div>\n<\/div>\n<\/div>\n<\/div>\n<\/div>\n<\/div>\n<\/div>\n<div id=\"cmsmasters_row_69f4478ed76a0\" class=\"cmsmasters_row cmsmasters_color_scheme_default cmsmasters_row_top_default cmsmasters_row_bot_default cmsmasters_row_boxed\">\n<div class=\"cmsmasters_row_outer_parent\">\n<div class=\"cmsmasters_row_outer\">\n<div class=\"cmsmasters_row_inner\">\n<div class=\"cmsmasters_row_margin\">\n<div class=\"cmsmasters_column one_half\">\n<div class=\"cmsmasters_text label-schema-produits\">\n<p>Dimensiones<\/p>\n<\/div>\n<div class=\"cmsmasters_img  cmsmasters_image_n\">\n<img src=\"https:\/\/www.delta-box.com\/es\/wp-content\/uploads\/sites\/3\/2017\/05\/delta-box_balizaje_balizaje-para-pistas-de-cesped-dimensions.jpg\" alt=\"delta-box_balizaje_balizaje-para-pistas-de-cesped-dimensions\" \/>\n<\/div>\n<\/div>\n<div class=\"cmsmasters_column one_half\">\n<div class=\"cmsmasters_text label-schema-produits\">\n<p>Accesorios disponibles<\/p>\n<\/div>\n<div class=\"cmsmasters_text options-list\">\n<ul>\n<li>Adhesivos<\/li>\n<li>Ilumicaci\u00f3n<\/li>\n<li>Fijaci\u00f3n<\/li>\n<\/ul>\n<\/div>\n<\/div>\n<\/div>\n<\/div>\n<\/div>\n<\/div>\n<\/div>\n<div id=\"cmsmasters_row_69f4478ed7b35\" class=\"cmsmasters_row cmsmasters_color_scheme_default cmsmasters_row_top_default cmsmasters_row_bot_default cmsmasters_row_boxed\">\n<div class=\"cmsmasters_row_outer_parent\">\n<div class=\"cmsmasters_row_outer\">\n<div class=\"cmsmasters_row_inner\">\n<div class=\"cmsmasters_row_margin\">\n<div class=\"cmsmasters_column one_first\">\n<div class=\"cmsmasters_text balises-description\">\n<h3>Baliza diedra<\/h3>\n<p>Las balizas de compuesto est\u00e1n dedicadas para materializar las pistas y carreteras en los aeropuertos. Est\u00e1n dise\u00f1adas para no da\u00f1ar el aparato en caso de choque. Las balizas rojas y blancas sirven para la delimitacion de los extremos de pistas. Est\u00e1n suministradas con dos piquetes frangibles y con 4 tuercas de fijaci\u00f3n.<\/p>\n<\/div>\n<\/div>\n<\/div>\n<\/div>\n<\/div>\n<\/div>\n<\/div>\n<div id=\"cmsmasters_row_69f4478ed7b83\" class=\"cmsmasters_row cmsmasters_color_scheme_default cmsmasters_row_top_default cmsmasters_row_bot_default cmsmasters_row_boxed\">\n<div class=\"cmsmasters_row_outer_parent\">\n<div class=\"cmsmasters_row_outer\">\n<div class=\"cmsmasters_row_inner\">\n<div class=\"cmsmasters_row_margin\">\n<div class=\"cmsmasters_column one_first\">\n<div class=\"cmsmasters_text\">\n<div class=\"caracteristique-tech-produit table-specifique\">\n<div class=\"row-table\">\n<div class=\"heading-table\">Referencia<\/div>\n<div class=\"heading-table\">Designacion<\/div>\n<div class=\"heading-table\">Color<\/div>\n<div class=\"label-table\">BPDIEDRE<\/div>\n<div class=\"description-table\">Baliza diedra<\/div>\n<div class=\"description-table\">Rojo y blanco<\/div>\n<\/div>\n<\/div>\n<\/div>\n<\/div>\n<\/div>\n<\/div>\n<\/div>\n<\/div>\n<\/div>\n<div id=\"cmsmasters_row_69f4478ed7beb\" class=\"cmsmasters_row cmsmasters_color_scheme_default cmsmasters_row_top_default cmsmasters_row_bot_default cmsmasters_row_boxed\">\n<div class=\"cmsmasters_row_outer_parent\">\n<div class=\"cmsmasters_row_outer\">\n<div class=\"cmsmasters_row_inner\">\n<div class=\"cmsmasters_row_margin\">\n<div class=\"cmsmasters_column one_half\">\n<div class=\"cmsmasters_text label-schema-produits\">\n<p>Dimensiones<\/p>\n<\/div>\n<div class=\"cmsmasters_img  cmsmasters_image_n\">\n<img src=\"https:\/\/www.delta-box.com\/es\/wp-content\/uploads\/sites\/3\/2017\/05\/delta-box_balizaje_balizaje-para-pistas-de-cesped-dimensions-2.jpg\" alt=\"\" \/>\n<\/div>\n<\/div>\n<div class=\"cmsmasters_column one_half\">\n<\/div>\n<\/div>\n<\/div>\n<\/div>\n<\/div>\n<\/div>\n<div id=\"cmsmasters_row_69f4478ed7ff6\" class=\"cmsmasters_row cmsmasters_color_scheme_default cmsmasters_row_top_default cmsmasters_row_bot_default cmsmasters_row_boxed\">\n<div class=\"cmsmasters_row_outer_parent\">\n<div class=\"cmsmasters_row_outer\">\n<div class=\"cmsmasters_row_inner\">\n<div class=\"cmsmasters_row_margin\">\n<div class=\"cmsmasters_column one_first\">\n<div class=\"cmsmasters_text cta-download\">\n<p><a href=\"https:\/\/www.delta-box.com\/es\/wp-content\/uploads\/sites\/3\/2021\/03\/Balizaje-de-pista-Baliza-truncada-y-baliza-diedra.pdf\" target=\"_blank\" rel=\"nofollow noopener noreferrer\">Descargar la ficha producto<\/a><\/p>\n<\/div>\n<\/div>\n<\/div>\n<\/div>\n<\/div>\n<\/div>\n<\/div>\n","protected":false},"excerpt":{"rendered":"","protected":false},"author":1,"featured_media":0,"parent":0,"menu_order":0,"comment_status":"closed","ping_status":"closed","template":"page-produits.php","meta":[],"yoast_head":"<!-- This site is optimized with the Yoast SEO plugin v15.2 - https:\/\/yoast.com\/wordpress\/plugins\/seo\/ -->\n<title>Balizaje para pistas de cesped | Delta Box<\/title>\n<meta name=\"description\" content=\"Delta Box es el especialista del balizaje para terrenos en c\u00e9sped con el fin de materializar pistas o carreteras presentes en aer\u00f3dromos y aeropuertos.\" \/>\n<meta name=\"robots\" content=\"index, follow, max-snippet:-1, max-image-preview:large, max-video-preview:-1\" \/>\n<link rel=\"canonical\" href=\"https:\/\/www.delta-box.com\/es\/balizaje\/balizaje-para-pistas-de-cesped\/\" \/>\n<meta property=\"og:locale\" content=\"es_ES\" \/>\n<meta property=\"og:type\" content=\"article\" \/>\n<meta property=\"og:title\" content=\"Balizaje para pistas de cesped | Delta Box\" \/>\n<meta property=\"og:description\" content=\"Delta Box es el especialista del balizaje para terrenos en c\u00e9sped con el fin de materializar pistas o carreteras presentes en aer\u00f3dromos y aeropuertos.\" \/>\n<meta property=\"og:url\" content=\"https:\/\/www.delta-box.com\/es\/balizaje\/balizaje-para-pistas-de-cesped\/\" \/>\n<meta property=\"og:site_name\" content=\"DeltaBox (ES)\" \/>\n<meta property=\"article:modified_time\" content=\"2021-03-15T17:16:05+00:00\" \/>\n<meta name=\"twitter:card\" content=\"summary_large_image\" \/>\n<meta name=\"twitter:label1\" value=\"Escrito por\">\n\t<meta name=\"twitter:data1\" value=\"IkadiaDeltaBox\">\n\t<meta name=\"twitter:label2\" value=\"Tiempo de lectura\">\n\t<meta name=\"twitter:data2\" value=\"4 minutos\">\n<script type=\"application\/ld+json\" class=\"yoast-schema-graph\">{\"@context\":\"https:\/\/schema.org\",\"@graph\":[{\"@type\":\"WebSite\",\"@id\":\"https:\/\/www.delta-box.com\/es\/#website\",\"url\":\"https:\/\/www.delta-box.com\/es\/\",\"name\":\"DeltaBox (ES)\",\"description\":\"Un site utilisant WordPress\",\"potentialAction\":[{\"@type\":\"SearchAction\",\"target\":\"https:\/\/www.delta-box.com\/es\/?s={search_term_string}\",\"query-input\":\"required name=search_term_string\"}],\"inLanguage\":\"es\"},{\"@type\":\"WebPage\",\"@id\":\"https:\/\/www.delta-box.com\/es\/balizaje\/balizaje-para-pistas-de-cesped\/#webpage\",\"url\":\"https:\/\/www.delta-box.com\/es\/balizaje\/balizaje-para-pistas-de-cesped\/\",\"name\":\"Balizaje para pistas de cesped | Delta Box\",\"isPartOf\":{\"@id\":\"https:\/\/www.delta-box.com\/es\/#website\"},\"datePublished\":\"2017-05-24T14:07:56+00:00\",\"dateModified\":\"2021-03-15T17:16:05+00:00\",\"description\":\"Delta Box es el especialista del balizaje para terrenos en c\\u00e9sped con el fin de materializar pistas o carreteras presentes en aer\\u00f3dromos y aeropuertos.\",\"breadcrumb\":{\"@id\":\"https:\/\/www.delta-box.com\/es\/balizaje\/balizaje-para-pistas-de-cesped\/#breadcrumb\"},\"inLanguage\":\"es\",\"potentialAction\":[{\"@type\":\"ReadAction\",\"target\":[\"https:\/\/www.delta-box.com\/es\/balizaje\/balizaje-para-pistas-de-cesped\/\"]}]},{\"@type\":\"BreadcrumbList\",\"@id\":\"https:\/\/www.delta-box.com\/es\/balizaje\/balizaje-para-pistas-de-cesped\/#breadcrumb\",\"itemListElement\":[{\"@type\":\"ListItem\",\"position\":1,\"item\":{\"@type\":\"WebPage\",\"@id\":\"https:\/\/www.delta-box.com\/es\/\",\"url\":\"https:\/\/www.delta-box.com\/es\/\",\"name\":\"Inicio\"}},{\"@type\":\"ListItem\",\"position\":2,\"item\":{\"@type\":\"WebPage\",\"@id\":\"https:\/\/www.delta-box.com\/es\/balizaje\/balizaje-para-pistas-de-cesped\/\",\"url\":\"https:\/\/www.delta-box.com\/es\/balizaje\/balizaje-para-pistas-de-cesped\/\",\"name\":\"Balizaje para pistas de cesped\"}}]}]}<\/script>\n<!-- \/ Yoast SEO plugin. -->","_links":{"self":[{"href":"https:\/\/www.delta-box.com\/es\/wp-json\/wp\/v2\/pages\/8091"}],"collection":[{"href":"https:\/\/www.delta-box.com\/es\/wp-json\/wp\/v2\/pages"}],"about":[{"href":"https:\/\/www.delta-box.com\/es\/wp-json\/wp\/v2\/types\/page"}],"author":[{"embeddable":true,"href":"https:\/\/www.delta-box.com\/es\/wp-json\/wp\/v2\/users\/1"}],"replies":[{"embeddable":true,"href":"https:\/\/www.delta-box.com\/es\/wp-json\/wp\/v2\/comments?post=8091"}],"version-history":[{"count":23,"href":"https:\/\/www.delta-box.com\/es\/wp-json\/wp\/v2\/pages\/8091\/revisions"}],"predecessor-version":[{"id":9723,"href":"https:\/\/www.delta-box.com\/es\/wp-json\/wp\/v2\/pages\/8091\/revisions\/9723"}],"wp:attachment":[{"href":"https:\/\/www.delta-box.com\/es\/wp-json\/wp\/v2\/media?parent=8091"}],"curies":[{"name":"wp","href":"https:\/\/api.w.org\/{rel}","templated":true}]}}