{"id":7927,"date":"2017-03-16T16:15:16","date_gmt":"2017-03-16T15:15:16","guid":{"rendered":"http:\/\/www.delta-box.com\/es\/?page_id=7927"},"modified":"2021-06-30T13:43:52","modified_gmt":"2021-06-30T11:43:52","slug":"balizaje-ligne-haute-tension-induccion","status":"publish","type":"page","link":"https:\/\/www.delta-box.com\/es\/balizaje\/balizaje-linea-alta-tension-bht\/","title":{"rendered":"Balizaje L\u00ednea de Alta Tensi\u00f3n por Inducci\u00f3n"},"content":{"rendered":"<style type=\"text\/css\"> \n#cmsmasters_row_69e7eb9b1cb66 .cmsmasters_row_outer_parent { \n\tpadding-top: 0px; \n} \n\n#cmsmasters_row_69e7eb9b1cb66 .cmsmasters_row_outer_parent { \n\tpadding-bottom: 10px; \n} \n\n \n#cmsmasters_heading_69e7eb9b1cc89 { \n\ttext-align:left; \n\tmargin-top:0px; \n\tmargin-bottom:0px; \n} \n\n#cmsmasters_heading_69e7eb9b1cc89 .cmsmasters_heading { \n\ttext-align:left; \n} \n\n#cmsmasters_heading_69e7eb9b1cc89 .cmsmasters_heading, #cmsmasters_heading_69e7eb9b1cc89 .cmsmasters_heading a { \n\tfont-family:'Montserrat'; \n\tfont-size:15px; \n\tfont-weight:600; \n\tfont-style:normal; \n\tcolor:#f84e57;\n} \n\n#cmsmasters_heading_69e7eb9b1cc89 .cmsmasters_heading_divider { \n} \n\n \n#cmsmasters_heading_69e7eb9b1ccc2 { \n\ttext-align:left; \n\tmargin-top:0px; \n\tmargin-bottom:20px; \n} \n\n#cmsmasters_heading_69e7eb9b1ccc2 .cmsmasters_heading { \n\ttext-align:left; \n} \n\n#cmsmasters_heading_69e7eb9b1ccc2 .cmsmasters_heading, #cmsmasters_heading_69e7eb9b1ccc2 .cmsmasters_heading a { \n\tfont-size:20px; \n\tfont-weight:600; \n\tfont-style:normal; \n\tcolor:#454545;\n} \n\n#cmsmasters_heading_69e7eb9b1ccc2 .cmsmasters_heading_divider { \n} \n\n \n#cmsmasters_row_69e7eb9b1cce7 .cmsmasters_row_outer_parent { \n\tpadding-top: 0px; \n} \n\n#cmsmasters_row_69e7eb9b1cce7 .cmsmasters_row_outer_parent { \n\tpadding-bottom: 10px; \n} \n\n \n#cmsmasters_row_69e7eb9b1ddd4 .cmsmasters_row_outer_parent { \n\tpadding-top: 30px; \n} \n\n#cmsmasters_row_69e7eb9b1ddd4 .cmsmasters_row_outer_parent { \n\tpadding-bottom: 10px; \n} \n\n \n#cmsmasters_row_69e7eb9b1de20 .cmsmasters_row_outer_parent { \n\tpadding-top: 0px; \n} \n\n#cmsmasters_row_69e7eb9b1de20 .cmsmasters_row_outer_parent { \n\tpadding-bottom: 0px; \n} \n\n \n#cmsmasters_row_69e7eb9b1de64 .cmsmasters_row_outer_parent { \n\tpadding-top: 0px; \n} \n\n#cmsmasters_row_69e7eb9b1de64 .cmsmasters_row_outer_parent { \n\tpadding-bottom: 0px; \n} \n\n \n#cmsmasters_row_69e7eb9b1deae .cmsmasters_row_outer_parent { \n\tpadding-top: 30px; \n} \n\n#cmsmasters_row_69e7eb9b1deae .cmsmasters_row_outer_parent { \n\tpadding-bottom: 10px; \n} \n\n \n#cmsmasters_row_69e7eb9b1def3 .cmsmasters_row_outer_parent { \n\tpadding-top: 0px; \n} \n\n#cmsmasters_row_69e7eb9b1def3 .cmsmasters_row_outer_parent { \n\tpadding-bottom: 50px; \n} \n\n \n#cmsmasters_row_69e7eb9b1e049 .cmsmasters_row_outer_parent { \n\tpadding-top: 0px; \n} \n\n#cmsmasters_row_69e7eb9b1e049 .cmsmasters_row_outer_parent { \n\tpadding-bottom: 50px; \n} \n\n \n#cmsmasters_row_69e7eb9b1eaa4 .cmsmasters_row_outer_parent { \n\tpadding-top: 0px; \n} \n\n#cmsmasters_row_69e7eb9b1eaa4 .cmsmasters_row_outer_parent { \n\tpadding-bottom: 50px; \n} \n\n<\/style><div id=\"cmsmasters_row_69e7eb9b1cb66\" class=\"cmsmasters_row cmsmasters_color_scheme_default general-title cmsmasters_row_top_default cmsmasters_row_bot_default cmsmasters_row_boxed\">\n<div class=\"cmsmasters_row_outer_parent\">\n<div class=\"cmsmasters_row_outer\">\n<div class=\"cmsmasters_row_inner\">\n<div class=\"cmsmasters_row_margin\">\n<div class=\"cmsmasters_column one_first\">\n\n<div id=\"cmsmasters_heading_69e7eb9b1cc89\" class=\"cmsmasters_heading_wrap cmsmasters_heading_align_left\">\n\t<h3 class=\"cmsmasters_heading\">Productos<\/h3>\n<\/div>\n<div id=\"cmsmasters_heading_69e7eb9b1ccc2\" class=\"cmsmasters_heading_wrap cmsmasters_heading_align_left\">\n\t<h1 class=\"cmsmasters_heading\">Balizaje a\u00e9reo para l\u00ednea de Alta Tensi\u00f3n <\/h1>\n<\/div>\n<\/div>\n<\/div>\n<\/div>\n<\/div>\n<\/div>\n<\/div>\n<div id=\"cmsmasters_row_69e7eb9b1cce7\" class=\"cmsmasters_row cmsmasters_color_scheme_default cmsmasters_row_top_default cmsmasters_row_bot_default cmsmasters_row_boxed\">\n<div class=\"cmsmasters_row_outer_parent\">\n<div class=\"cmsmasters_row_outer\">\n<div class=\"cmsmasters_row_inner\">\n<div class=\"cmsmasters_row_margin\">\n<div class=\"cmsmasters_column one_third\">\n<div class=\"cmsmasters_content_slider_wrap\" style=\"max-width:px;\">\n<script type=\"text\/javascript\">jQuery(document).ready(function () { jQuery(\"#cmsmasters_slider_69e7eb9b1cd2a.cmsmasters_content_slider\").owlCarousel( { singleItem : true, transitionStyle: false, rewindSpeed : 1000, slideSpeed : 600, autoHeight : true, paginationSpeed : \t600, autoPlay : 7000,navigationText : \t[ \"<span class=\\\"cmsmasters_prev_arrow\\\"><span><\/span><\/span>\", \"<span class=\\\"cmsmasters_next_arrow\\\"><span><\/span><\/span>\" ] } );} );<\/script>\n<div id=\"cmsmasters_slider_69e7eb9b1cd2a\" class=\"cmsmasters_content_slider cmsmasters_owl_slider owl-carousel\">\n<div class=\"cmsmasters_content_slider_item\"><img width=\"524\" height=\"560\" src=\"https:\/\/www.delta-box.com\/es\/wp-content\/uploads\/sites\/3\/2017\/03\/delta-box_balizaje_balizaje-aereo-para-torres-de-telecomunicacion-1.jpg\" class=\"attachment-full size-full\" alt=\"delta-box_balizaje_balizaje-aereo-para-torres-de-telecomunicacion-1\" loading=\"lazy\" srcset=\"https:\/\/www.delta-box.com\/es\/wp-content\/uploads\/sites\/3\/2017\/03\/delta-box_balizaje_balizaje-aereo-para-torres-de-telecomunicacion-1.jpg 524w, https:\/\/www.delta-box.com\/es\/wp-content\/uploads\/sites\/3\/2017\/03\/delta-box_balizaje_balizaje-aereo-para-torres-de-telecomunicacion-1-281x300.jpg 281w\" sizes=\"(max-width: 524px) 100vw, 524px\" \/><\/div><div class=\"cmsmasters_content_slider_item\"><img width=\"524\" height=\"560\" src=\"https:\/\/www.delta-box.com\/es\/wp-content\/uploads\/sites\/3\/2017\/03\/delta-box_balizaje_balizaje-aereo-para-torres-de-telecomunicacion-2-1.jpg\" class=\"attachment-full size-full\" alt=\"delta-box_balizaje_balizaje-aereo-para-torres-de-telecomunicacion-2-1\" loading=\"lazy\" srcset=\"https:\/\/www.delta-box.com\/es\/wp-content\/uploads\/sites\/3\/2017\/03\/delta-box_balizaje_balizaje-aereo-para-torres-de-telecomunicacion-2-1.jpg 524w, https:\/\/www.delta-box.com\/es\/wp-content\/uploads\/sites\/3\/2017\/03\/delta-box_balizaje_balizaje-aereo-para-torres-de-telecomunicacion-2-1-281x300.jpg 281w\" sizes=\"(max-width: 524px) 100vw, 524px\" \/><\/div><div class=\"cmsmasters_content_slider_item\"><img width=\"524\" height=\"560\" src=\"https:\/\/www.delta-box.com\/es\/wp-content\/uploads\/sites\/3\/2017\/03\/delta-box_balizaje_balizaje-aereo-para-torres-de-telecomunicacion-3-1.jpg\" class=\"attachment-full size-full\" alt=\"delta-box_balizaje_balizaje-aereo-para-torres-de-telecomunicacion-3-1\" loading=\"lazy\" srcset=\"https:\/\/www.delta-box.com\/es\/wp-content\/uploads\/sites\/3\/2017\/03\/delta-box_balizaje_balizaje-aereo-para-torres-de-telecomunicacion-3-1.jpg 524w, https:\/\/www.delta-box.com\/es\/wp-content\/uploads\/sites\/3\/2017\/03\/delta-box_balizaje_balizaje-aereo-para-torres-de-telecomunicacion-3-1-281x300.jpg 281w\" sizes=\"(max-width: 524px) 100vw, 524px\" \/><\/div><\/div>\n<\/div>\n<\/div>\n<div class=\"cmsmasters_column two_third\">\n<div class=\"cmsmasters_text\">\n<p>Nuestro balizaje para la se\u00f1alizaci\u00f3n a\u00e9rea de las l\u00edneas Alta Tensi\u00f3n es un producto \u00fanico en el mercado por su tecnolog\u00eda. De hecho, nuestra baliza de l\u00ednea alta tensi\u00f3n se alimenta directamente con el corriente que atraviesa la l\u00ednea por medio de un transformador directamente integrado en el cuerpo de la baliza. As\u00ed nuestra baliza funcciona con inducci\u00f3n y se adapta a todas las tensiones de l\u00ednea.<\/p>\n<p>El elemento luminoso, que est\u00e1 recogido al id\u00e9ntico de nuestra gama de baliza baja intensidad, utiliza la tecnolog\u00eda Multi-LEDs que nos permite proponer una vida \u00fatil importante (100 000 Horas), una robustez y una muy buena estanqueidad.<\/p>\n<p>Por fin, nuestra baliza de l\u00ednea alta tensi\u00f3n, fue desarrollada para facilitar su instalaci\u00f3n en la l\u00ednea el\u00e9ctrica que se realiza \u00fanicamente gracias a la fijaci\u00f3n de una nuez esf\u00e9rica especial sobre la cual la baliza se reposa. El peso de la baliza repartido hacia abajo permite auto centrar la baliza alta tensi\u00f3n sobre la l\u00ednea.<\/p>\n<\/div>\n<\/div>\n<\/div>\n<\/div>\n<\/div>\n<\/div>\n<\/div>\n<div id=\"cmsmasters_row_69e7eb9b1ddd4\" class=\"cmsmasters_row cmsmasters_color_scheme_default general-title cmsmasters_row_top_default cmsmasters_row_bot_default cmsmasters_row_boxed\">\n<div class=\"cmsmasters_row_outer_parent\">\n<div class=\"cmsmasters_row_outer\">\n<div class=\"cmsmasters_row_inner\">\n<div class=\"cmsmasters_row_margin\">\n<div class=\"cmsmasters_column one_first\">\n<div class=\"cmsmasters_text\">\n<h2>Los diferentes\u00a0<span style=\"color: #f1363d;\">\u00e1mbitos de aplicaciones<\/span><\/h2>\n<\/div>\n<\/div>\n<\/div>\n<\/div>\n<\/div>\n<\/div>\n<\/div>\n<div id=\"cmsmasters_row_69e7eb9b1de20\" class=\"cmsmasters_row cmsmasters_color_scheme_default cmsmasters_row_top_default cmsmasters_row_bot_default cmsmasters_row_boxed\">\n<div class=\"cmsmasters_row_outer_parent\">\n<div class=\"cmsmasters_row_outer\">\n<div class=\"cmsmasters_row_inner\">\n<div class=\"cmsmasters_row_margin\">\n<div class=\"cmsmasters_column one_first\">\n<div class=\"cmsmasters_text\">\n<p>Las normas de balizaje de obst\u00e1culos a\u00e9reos est\u00e1n establecidos por la OACI (Anexo 14, Capitulo 6). Las balizas Baja Intensidad por inducci\u00f3n sirven a balizar las l\u00edneas alta tensi\u00f3n. Para las l\u00edneas situadas cerca de una plataforma aeroportuaria, hay que balizar la l\u00ednea cada 70 metros. Para las l\u00edneas fuera de estas zonas un espaciamiento de 105 metros esta preconizado.<\/p>\n<\/div>\n<\/div>\n<\/div>\n<\/div>\n<\/div>\n<\/div>\n<\/div>\n<div id=\"cmsmasters_row_69e7eb9b1de64\" class=\"cmsmasters_row cmsmasters_color_scheme_default cmsmasters_row_top_default cmsmasters_row_bot_default cmsmasters_row_boxed\">\n<div class=\"cmsmasters_row_outer_parent\">\n<div class=\"cmsmasters_row_outer\">\n<div class=\"cmsmasters_row_inner\">\n<div class=\"cmsmasters_row_margin\">\n<div class=\"cmsmasters_column one_first\">\n<div class=\"cmsmasters_text\">\n<div class=\"row-produit-app-col\">\n<div class=\"produit-app-col\"><a href=\"http:\/\/www.delta-box.com\/es\/aplicaciones\/balizaje-linea-alta-tension\/\"><img src=\"http:\/\/www.delta-box.com\/es\/wp-content\/uploads\/sites\/3\/2017\/08\/delta-box_balizaje_picto-balizaje-linea-alta-tension.png\" alt=\"delta-box_balizaje_picto-balizaje-linea-alta-tension\" \/><\/a><\/div>\n<\/div>\n<\/div>\n<\/div>\n<\/div>\n<\/div>\n<\/div>\n<\/div>\n<\/div>\n<div id=\"cmsmasters_row_69e7eb9b1deae\" class=\"cmsmasters_row cmsmasters_color_scheme_default general-title cmsmasters_row_top_default cmsmasters_row_bot_default cmsmasters_row_boxed\">\n<div class=\"cmsmasters_row_outer_parent\">\n<div class=\"cmsmasters_row_outer\">\n<div class=\"cmsmasters_row_inner\">\n<div class=\"cmsmasters_row_margin\">\n<div class=\"cmsmasters_column one_first\">\n<div class=\"cmsmasters_text\">\n<h2>Las caracter\u00edsticas\u00a0<span style=\"color: #f1363d;\">t\u00e9cnicas<\/span><\/h2>\n<\/div>\n<\/div>\n<\/div>\n<\/div>\n<\/div>\n<\/div>\n<\/div>\n<div id=\"cmsmasters_row_69e7eb9b1def3\" class=\"cmsmasters_row cmsmasters_color_scheme_default cmsmasters_row_top_default cmsmasters_row_bot_default cmsmasters_row_boxed\">\n<div class=\"cmsmasters_row_outer_parent\">\n<div class=\"cmsmasters_row_outer\">\n<div class=\"cmsmasters_row_inner\">\n<div class=\"cmsmasters_row_margin\">\n<div class=\"cmsmasters_column one_first\">\n<div class=\"cmsmasters_text\">\n<div class=\"caracteristique-tech-produit\">\n<div class=\"row-table\">\n<div class=\"heading-table\">LUMINOSAS<\/div>\n<div class=\"label-table\">Fuente de luz<\/div>\n<div class=\"description-table\">LEDS<\/div>\n<div class=\"label-table\">Color<\/div>\n<div class=\"description-table\">Rojo<\/div>\n<div class=\"label-table\">Apertura del haz horizontal<\/div>\n<div class=\"description-table\">360\u00b0<\/div>\n<div class=\"label-table\">Apertura del haz vertical<\/div>\n<div class=\"description-table\">10\u00b0<\/div>\n<div class=\"label-table\">Intensidad efectiva<\/div>\n<div class=\"description-table\">&gt; 10 Cd<\/div>\n<div class=\"label-table\">Vida \u00fatil<\/div>\n<div class=\"description-table\">100 000 Horas<\/div>\n<\/div>\n<div class=\"row-table\">\n<div class=\"heading-table\">ELECTRICAS<\/div>\n<div class=\"label-table\">Tensi\u00f3n de la l\u00ednea<\/div>\n<div class=\"description-table\">Desde 1V hasta 500kV<\/div>\n<div class=\"label-table\">Temperatura de funcionamiento<\/div>\n<div class=\"description-table\">-55\u00b0C hasta +55\u00b0C<\/div>\n<div class=\"label-table\">Corriente | min<\/div>\n<div class=\"description-table\">7A<\/div>\n<div class=\"label-table\">Corriente | 10Cd<\/div>\n<div class=\"description-table\">10A<\/div>\n<div class=\"label-table\">Corriente | max<\/div>\n<div class=\"description-table\">800A<\/div>\n<div class=\"label-table\">Grado de protecci\u00f2n<\/div>\n<div class=\"description-table\">IP66<\/div>\n<\/div>\n<div class=\"row-table\">\n<div class=\"heading-table\">MECANICAS<\/div>\n<div class=\"label-table\">Elemento de la caja<\/div>\n<div class=\"description-table\">Aluminio ABS<\/div>\n<div class=\"label-table\">Material del lente<\/div>\n<div class=\"description-table\">Policarbonato con pico anti vol\u00e1til<\/div>\n<div class=\"label-table\">Fijaci\u00f3n<\/div>\n<div class=\"description-table\">Tuerca de posicionamiento<\/div>\n<div class=\"label-table\">Altura<\/div>\n<div class=\"description-table\">380mm<\/div>\n<div class=\"label-table\">Longitud<\/div>\n<div class=\"description-table\">215mm<\/div>\n<div class=\"label-table\">Peso<\/div>\n<div class=\"description-table\">&lt; 6 Kg<\/div>\n<\/div>\n<div class=\"row-table\">\n<div class=\"heading-table\">ENTORNO<\/div>\n<div class=\"label-table\">Humedad<\/div>\n<div class=\"description-table\">100%<\/div>\n<div class=\"label-table\">Helada<\/div>\n<div class=\"description-table\">-60\u00b0C<\/div>\n<div class=\"label-table\">Velocidad del viento<\/div>\n<div class=\"description-table\">160 Km\/h<\/div>\n<\/div>\n<div class=\"row-table\">\n<div class=\"heading-table\">CERTIFICACIONES<\/div>\n<div class=\"label-table\">CE<\/div>\n<div class=\"description-table\">EN60947-1<br \/>\nCEI60364, NF C15-100<br \/>\n2014 \/ 35 \/ UE<\/div>\n<div class=\"label-table\">OACI<\/div>\n<div class=\"description-table\">Anexo 14, Vol.l, Capitulo 6<\/div>\n<div class=\"label-table\">Calidad<\/div>\n<div class=\"description-table\">ISO 9001 ; 2008<\/div>\n<\/div>\n<div class=\"row-table\">\n<div class=\"heading-table\">Garantia<\/div>\n<div class=\"label-table\">Per\u00edodo de garant\u00eda<\/div>\n<div class=\"description-table\">2 a\u00f1os<\/div>\n<\/div>\n<\/div>\n<\/div>\n<\/div>\n<\/div>\n<\/div>\n<\/div>\n<\/div>\n<\/div>\n<div id=\"cmsmasters_row_69e7eb9b1e049\" class=\"cmsmasters_row cmsmasters_color_scheme_default cmsmasters_row_top_default cmsmasters_row_bot_default cmsmasters_row_boxed\">\n<div class=\"cmsmasters_row_outer_parent\">\n<div class=\"cmsmasters_row_outer\">\n<div class=\"cmsmasters_row_inner\">\n<div class=\"cmsmasters_row_margin\">\n<div class=\"cmsmasters_column one_half\">\n<div class=\"cmsmasters_text label-schema-produits\">\n<p>Dimensiones<\/p>\n<\/div>\n<div class=\"cmsmasters_img  cmsmasters_image_n\">\n<img src=\"https:\/\/www.delta-box.com\/es\/wp-content\/uploads\/sites\/3\/2017\/03\/delta-box_balizaje_balizaje-aereo-para-torres-de-telecomunicacion-dimensions-02.jpg\" alt=\"delta-box_balizaje_balizaje-aereo-para-torres-de-telecomunicacion-dimensions-02\" \/>\n<\/div>\n<\/div>\n<div class=\"cmsmasters_column one_half space-top-col-product\">\n<div class=\"cmsmasters_img  cmsmasters_image_n small-product-image\">\n<img src=\"https:\/\/www.delta-box.com\/es\/wp-content\/uploads\/sites\/3\/2017\/03\/delta-box_balizaje_balizaje-aereo-para-torres-de-telecomunicacion-dimensions-01.jpg\" alt=\"delta-box_balizaje_balizaje-aereo-para-torres-de-telecomunicacion-dimensions-01\" \/>\n<\/div>\n<\/div>\n<\/div>\n<\/div>\n<\/div>\n<\/div>\n<\/div>\n<div id=\"cmsmasters_row_69e7eb9b1eaa4\" class=\"cmsmasters_row cmsmasters_color_scheme_default cmsmasters_row_top_default cmsmasters_row_bot_default cmsmasters_row_boxed\">\n<div class=\"cmsmasters_row_outer_parent\">\n<div class=\"cmsmasters_row_outer\">\n<div class=\"cmsmasters_row_inner\">\n<div class=\"cmsmasters_row_margin\">\n<div class=\"cmsmasters_column one_first\">\n<div class=\"cmsmasters_text cta-download\">\n<p><a href=\"https:\/\/www.delta-box.com\/es\/wp-content\/uploads\/sites\/3\/2021\/03\/Baliza-conductora-BHT.pdf\" target=\"_blank\" rel=\"nofollow noopener noreferrer\">Descargar la ficha producto<\/a><\/p>\n<\/div>\n<\/div>\n<\/div>\n<\/div>\n<\/div>\n<\/div>\n<\/div>\n","protected":false},"excerpt":{"rendered":"","protected":false},"author":1,"featured_media":0,"parent":0,"menu_order":0,"comment_status":"closed","ping_status":"closed","template":"page-produits.php","meta":[],"yoast_head":"<!-- This site is optimized with the Yoast SEO plugin v15.2 - https:\/\/yoast.com\/wordpress\/plugins\/seo\/ -->\n<title>Balizaje l\u00ednea Alta Tensi\u00f3n por Inducci\u00f3n | Delta Box<\/title>\n<meta name=\"description\" content=\"Delta Box se especializa en el balizaje de l\u00edneas de alta tensi\u00f3n conforme con la OACI. Consulte nuestro cat\u00e1logo de productos en l\u00ednea.\" \/>\n<meta name=\"robots\" content=\"index, follow, max-snippet:-1, max-image-preview:large, max-video-preview:-1\" \/>\n<link rel=\"canonical\" href=\"https:\/\/www.delta-box.com\/es\/balizaje\/balizaje-linea-alta-tension-bht\/\" \/>\n<meta property=\"og:locale\" content=\"es_ES\" \/>\n<meta property=\"og:type\" content=\"article\" \/>\n<meta property=\"og:title\" content=\"Balizaje l\u00ednea Alta Tensi\u00f3n por Inducci\u00f3n | Delta Box\" \/>\n<meta property=\"og:description\" content=\"Delta Box se especializa en el balizaje de l\u00edneas de alta tensi\u00f3n conforme con la OACI. Consulte nuestro cat\u00e1logo de productos en l\u00ednea.\" \/>\n<meta property=\"og:url\" content=\"https:\/\/www.delta-box.com\/es\/balizaje\/balizaje-linea-alta-tension-bht\/\" \/>\n<meta property=\"og:site_name\" content=\"DeltaBox (ES)\" \/>\n<meta property=\"article:modified_time\" content=\"2021-06-30T11:43:52+00:00\" \/>\n<meta property=\"og:image\" content=\"http:\/\/www.delta-box.com\/es\/wp-content\/uploads\/sites\/3\/2017\/08\/delta-box_balizaje_picto-balizaje-linea-alta-tension.png\" \/>\n<meta name=\"twitter:card\" content=\"summary_large_image\" \/>\n<meta name=\"twitter:label1\" value=\"Escrito por\">\n\t<meta name=\"twitter:data1\" value=\"IkadiaDeltaBox\">\n\t<meta name=\"twitter:label2\" value=\"Tiempo de lectura\">\n\t<meta name=\"twitter:data2\" value=\"4 minutos\">\n<script type=\"application\/ld+json\" class=\"yoast-schema-graph\">{\"@context\":\"https:\/\/schema.org\",\"@graph\":[{\"@type\":\"WebSite\",\"@id\":\"https:\/\/www.delta-box.com\/es\/#website\",\"url\":\"https:\/\/www.delta-box.com\/es\/\",\"name\":\"DeltaBox (ES)\",\"description\":\"Un site utilisant WordPress\",\"potentialAction\":[{\"@type\":\"SearchAction\",\"target\":\"https:\/\/www.delta-box.com\/es\/?s={search_term_string}\",\"query-input\":\"required name=search_term_string\"}],\"inLanguage\":\"es\"},{\"@type\":\"ImageObject\",\"@id\":\"https:\/\/www.delta-box.com\/es\/balizaje\/balizaje-linea-alta-tension-bht\/#primaryimage\",\"inLanguage\":\"es\",\"url\":\"http:\/\/www.delta-box.com\/es\/wp-content\/uploads\/sites\/3\/2017\/08\/delta-box_balizaje_picto-balizaje-linea-alta-tension.png\"},{\"@type\":\"WebPage\",\"@id\":\"https:\/\/www.delta-box.com\/es\/balizaje\/balizaje-linea-alta-tension-bht\/#webpage\",\"url\":\"https:\/\/www.delta-box.com\/es\/balizaje\/balizaje-linea-alta-tension-bht\/\",\"name\":\"Balizaje l\\u00ednea Alta Tensi\\u00f3n por Inducci\\u00f3n | Delta Box\",\"isPartOf\":{\"@id\":\"https:\/\/www.delta-box.com\/es\/#website\"},\"primaryImageOfPage\":{\"@id\":\"https:\/\/www.delta-box.com\/es\/balizaje\/balizaje-linea-alta-tension-bht\/#primaryimage\"},\"datePublished\":\"2017-03-16T15:15:16+00:00\",\"dateModified\":\"2021-06-30T11:43:52+00:00\",\"description\":\"Delta Box se especializa en el balizaje de l\\u00edneas de alta tensi\\u00f3n conforme con la OACI. Consulte nuestro cat\\u00e1logo de productos en l\\u00ednea.\",\"breadcrumb\":{\"@id\":\"https:\/\/www.delta-box.com\/es\/balizaje\/balizaje-linea-alta-tension-bht\/#breadcrumb\"},\"inLanguage\":\"es\",\"potentialAction\":[{\"@type\":\"ReadAction\",\"target\":[\"https:\/\/www.delta-box.com\/es\/balizaje\/balizaje-linea-alta-tension-bht\/\"]}]},{\"@type\":\"BreadcrumbList\",\"@id\":\"https:\/\/www.delta-box.com\/es\/balizaje\/balizaje-linea-alta-tension-bht\/#breadcrumb\",\"itemListElement\":[{\"@type\":\"ListItem\",\"position\":1,\"item\":{\"@type\":\"WebPage\",\"@id\":\"https:\/\/www.delta-box.com\/es\/\",\"url\":\"https:\/\/www.delta-box.com\/es\/\",\"name\":\"Inicio\"}},{\"@type\":\"ListItem\",\"position\":2,\"item\":{\"@type\":\"WebPage\",\"@id\":\"https:\/\/www.delta-box.com\/es\/balizaje\/balizaje-linea-alta-tension-bht\/\",\"url\":\"https:\/\/www.delta-box.com\/es\/balizaje\/balizaje-linea-alta-tension-bht\/\",\"name\":\"Balizaje L\\u00ednea de Alta Tensi\\u00f3n por Inducci\\u00f3n\"}}]}]}<\/script>\n<!-- \/ Yoast SEO plugin. -->","_links":{"self":[{"href":"https:\/\/www.delta-box.com\/es\/wp-json\/wp\/v2\/pages\/7927"}],"collection":[{"href":"https:\/\/www.delta-box.com\/es\/wp-json\/wp\/v2\/pages"}],"about":[{"href":"https:\/\/www.delta-box.com\/es\/wp-json\/wp\/v2\/types\/page"}],"author":[{"embeddable":true,"href":"https:\/\/www.delta-box.com\/es\/wp-json\/wp\/v2\/users\/1"}],"replies":[{"embeddable":true,"href":"https:\/\/www.delta-box.com\/es\/wp-json\/wp\/v2\/comments?post=7927"}],"version-history":[{"count":32,"href":"https:\/\/www.delta-box.com\/es\/wp-json\/wp\/v2\/pages\/7927\/revisions"}],"predecessor-version":[{"id":9736,"href":"https:\/\/www.delta-box.com\/es\/wp-json\/wp\/v2\/pages\/7927\/revisions\/9736"}],"wp:attachment":[{"href":"https:\/\/www.delta-box.com\/es\/wp-json\/wp\/v2\/media?parent=7927"}],"curies":[{"name":"wp","href":"https:\/\/api.w.org\/{rel}","templated":true}]}}