{"id":7720,"date":"2016-10-21T10:28:29","date_gmt":"2016-10-21T08:28:29","guid":{"rendered":"http:\/\/www.delta-box.com\/es\/?page_id=7720"},"modified":"2021-03-15T18:31:03","modified_gmt":"2021-03-15T17:31:03","slug":"balisagealimentation-secourue","status":"publish","type":"page","link":"https:\/\/www.delta-box.com\/es\/balizaje\/alimentacion-de-seguridad\/","title":{"rendered":"Gabinetes de Control &#8211; Alimentaci\u00f3n de seguridad"},"content":{"rendered":"<style type=\"text\/css\"> \n#cmsmasters_row_69e7ea8362cce .cmsmasters_row_outer_parent { \n\tpadding-top: 0px; \n} \n\n#cmsmasters_row_69e7ea8362cce .cmsmasters_row_outer_parent { \n\tpadding-bottom: 10px; \n} \n\n \n#cmsmasters_heading_69e7ea8362d9f { \n\ttext-align:left; \n\tmargin-top:0px; \n\tmargin-bottom:0px; \n} \n\n#cmsmasters_heading_69e7ea8362d9f .cmsmasters_heading { \n\ttext-align:left; \n} \n\n#cmsmasters_heading_69e7ea8362d9f .cmsmasters_heading, #cmsmasters_heading_69e7ea8362d9f .cmsmasters_heading a { \n\tfont-family:'Montserrat'; \n\tfont-size:15px; \n\tfont-weight:600; \n\tfont-style:normal; \n\tcolor:#f84e57;\n} \n\n#cmsmasters_heading_69e7ea8362d9f .cmsmasters_heading_divider { \n} \n\n \n#cmsmasters_heading_69e7ea8362dde { \n\ttext-align:left; \n\tmargin-top:0px; \n\tmargin-bottom:20px; \n} \n\n#cmsmasters_heading_69e7ea8362dde .cmsmasters_heading { \n\ttext-align:left; \n} \n\n#cmsmasters_heading_69e7ea8362dde .cmsmasters_heading, #cmsmasters_heading_69e7ea8362dde .cmsmasters_heading a { \n\tfont-size:20px; \n\tfont-weight:600; \n\tfont-style:normal; \n\tcolor:#454545;\n} \n\n#cmsmasters_heading_69e7ea8362dde .cmsmasters_heading_divider { \n} \n\n \n#cmsmasters_row_69e7ea8362e08 .cmsmasters_row_outer_parent { \n\tpadding-top: 0px; \n} \n\n#cmsmasters_row_69e7ea8362e08 .cmsmasters_row_outer_parent { \n\tpadding-bottom: 10px; \n} \n\n \n#cmsmasters_row_69e7ea8365c43 .cmsmasters_row_outer_parent { \n\tpadding-top: 30px; \n} \n\n#cmsmasters_row_69e7ea8365c43 .cmsmasters_row_outer_parent { \n\tpadding-bottom: 10px; \n} \n\n \n#cmsmasters_row_69e7ea8365ca8 .cmsmasters_row_outer_parent { \n\tpadding-top: 0px; \n} \n\n \n#cmsmasters_row_69e7ea8365cef .cmsmasters_row_outer_parent { \n\tpadding-top: 0px; \n} \n\n#cmsmasters_row_69e7ea8365cef .cmsmasters_row_outer_parent { \n\tpadding-bottom: 0px; \n} \n\n \n#cmsmasters_row_69e7ea8365db4 .cmsmasters_row_outer_parent { \n\tpadding-top: 30px; \n} \n\n#cmsmasters_row_69e7ea8365db4 .cmsmasters_row_outer_parent { \n\tpadding-bottom: 10px; \n} \n\n \n#cmsmasters_row_69e7ea8365dfa .cmsmasters_row_outer_parent { \n\tpadding-top: 0px; \n} \n\n#cmsmasters_row_69e7ea8365dfa .cmsmasters_row_outer_parent { \n\tpadding-bottom: 50px; \n} \n\n \n#cmsmasters_row_69e7ea8365e3d .cmsmasters_row_outer_parent { \n\tpadding-top: 0px; \n} \n\n#cmsmasters_row_69e7ea8365e3d .cmsmasters_row_outer_parent { \n\tpadding-bottom: 50px; \n} \n\n<\/style><div id=\"cmsmasters_row_69e7ea8362cce\" class=\"cmsmasters_row cmsmasters_color_scheme_default general-title cmsmasters_row_top_default cmsmasters_row_bot_default cmsmasters_row_boxed\">\n<div class=\"cmsmasters_row_outer_parent\">\n<div class=\"cmsmasters_row_outer\">\n<div class=\"cmsmasters_row_inner\">\n<div class=\"cmsmasters_row_margin\">\n<div class=\"cmsmasters_column one_first\">\n\n<div id=\"cmsmasters_heading_69e7ea8362d9f\" class=\"cmsmasters_heading_wrap cmsmasters_heading_align_left\">\n\t<h3 class=\"cmsmasters_heading\">Productos<\/h3>\n<\/div>\n<div id=\"cmsmasters_heading_69e7ea8362dde\" class=\"cmsmasters_heading_wrap cmsmasters_heading_align_left\">\n\t<h1 class=\"cmsmasters_heading\">Gabinetes de control &#8211; Alimentaci\u00f3n de seguridad<\/h1>\n<\/div>\n<\/div>\n<\/div>\n<\/div>\n<\/div>\n<\/div>\n<\/div>\n<div id=\"cmsmasters_row_69e7ea8362e08\" class=\"cmsmasters_row cmsmasters_color_scheme_default cmsmasters_row_top_default cmsmasters_row_bot_default cmsmasters_row_boxed\">\n<div class=\"cmsmasters_row_outer_parent\">\n<div class=\"cmsmasters_row_outer\">\n<div class=\"cmsmasters_row_inner\">\n<div class=\"cmsmasters_row_margin\">\n<div class=\"cmsmasters_column one_third\">\n<div class=\"cmsmasters_content_slider_wrap\" style=\"max-width:px;\">\n<script type=\"text\/javascript\">jQuery(document).ready(function () { jQuery(\"#cmsmasters_slider_69e7ea8362ed7.cmsmasters_content_slider\").owlCarousel( { singleItem : true, transitionStyle: false, rewindSpeed : 1000, slideSpeed : 600, autoHeight : true, paginationSpeed : \t600, autoPlay : 7000,navigationText : \t[ \"<span class=\\\"cmsmasters_prev_arrow\\\"><span><\/span><\/span>\", \"<span class=\\\"cmsmasters_next_arrow\\\"><span><\/span><\/span>\" ] } );} );<\/script>\n<div id=\"cmsmasters_slider_69e7ea8362ed7\" class=\"cmsmasters_content_slider cmsmasters_owl_slider owl-carousel\">\n<div class=\"cmsmasters_content_slider_item\"><img width=\"524\" height=\"560\" src=\"https:\/\/www.delta-box.com\/es\/wp-content\/uploads\/sites\/3\/2016\/10\/delta-box_alimentacion-de-seguridad-slider-1.jpg\" class=\"attachment-full size-full\" alt=\"delta-box_alimentacion-de-seguridad-slider-1\" loading=\"lazy\" srcset=\"https:\/\/www.delta-box.com\/es\/wp-content\/uploads\/sites\/3\/2016\/10\/delta-box_alimentacion-de-seguridad-slider-1.jpg 524w, https:\/\/www.delta-box.com\/es\/wp-content\/uploads\/sites\/3\/2016\/10\/delta-box_alimentacion-de-seguridad-slider-1-281x300.jpg 281w\" sizes=\"(max-width: 524px) 100vw, 524px\" \/><\/div><div class=\"cmsmasters_content_slider_item\"><img width=\"524\" height=\"560\" src=\"https:\/\/www.delta-box.com\/es\/wp-content\/uploads\/sites\/3\/2016\/10\/delta-box_alimentacion-de-seguridad-slider-2.jpg\" class=\"attachment-full size-full\" alt=\"delta-box_alimentacion-de-seguridad-slider-2\" loading=\"lazy\" srcset=\"https:\/\/www.delta-box.com\/es\/wp-content\/uploads\/sites\/3\/2016\/10\/delta-box_alimentacion-de-seguridad-slider-2.jpg 524w, https:\/\/www.delta-box.com\/es\/wp-content\/uploads\/sites\/3\/2016\/10\/delta-box_alimentacion-de-seguridad-slider-2-281x300.jpg 281w\" sizes=\"(max-width: 524px) 100vw, 524px\" \/><\/div><div class=\"cmsmasters_content_slider_item\"><img width=\"524\" height=\"560\" src=\"https:\/\/www.delta-box.com\/es\/wp-content\/uploads\/sites\/3\/2016\/10\/delta-box_alimentacion-de-seguridad-slider-3.jpg\" class=\"attachment-full size-full\" alt=\"delta-box_alimentacion-de-seguridad-slider-3\" loading=\"lazy\" srcset=\"https:\/\/www.delta-box.com\/es\/wp-content\/uploads\/sites\/3\/2016\/10\/delta-box_alimentacion-de-seguridad-slider-3.jpg 524w, https:\/\/www.delta-box.com\/es\/wp-content\/uploads\/sites\/3\/2016\/10\/delta-box_alimentacion-de-seguridad-slider-3-281x300.jpg 281w\" sizes=\"(max-width: 524px) 100vw, 524px\" \/><\/div><\/div>\n<\/div>\n<\/div>\n<div class=\"cmsmasters_column two_third\">\n<div class=\"cmsmasters_text\">\n<p>Nuestros gabinetes de control permiten simplificar la distribuci\u00f3n del corriente al balizaje. Un faro solo sabr\u00e1 funcionar de manera autonoma, con los componentes electr\u00f3nicos dentro del sistema; poner un gabinete de control permitir\u00e1 que todas las balizas sobre una misma estructura est\u00e9n configuradas seg\u00fan el mismo comportamiento.<\/p>\n<p>Nuestros gabinetes de seguridad permiten a la instalaci\u00f3n tener un balizaje siguiendo funcionar mientras que se corte la red. Ofrecen un funcionamiento en total autonom\u00eda durante 12 horas m\u00ednimum.<\/p>\n<p>Est\u00e1n compuestos de varias bater\u00edas de dimensiones diferentes seg\u00fan el tipo de fuegos a alimentar.<\/p>\n<p>Proponemos dos tensiones de salida: 48 o 230 Voltios.<\/p>\n<p>Nuestros armarios de seguridad disponen de un pararrayo, un contacto de fallo y tienen una protecci\u00f3n IP66.<\/p>\n<\/div>\n<\/div>\n<\/div>\n<\/div>\n<\/div>\n<\/div>\n<\/div>\n<div id=\"cmsmasters_row_69e7ea8365c43\" class=\"cmsmasters_row cmsmasters_color_scheme_default general-title cmsmasters_row_top_default cmsmasters_row_bot_default cmsmasters_row_boxed\">\n<div class=\"cmsmasters_row_outer_parent\">\n<div class=\"cmsmasters_row_outer\">\n<div class=\"cmsmasters_row_inner\">\n<div class=\"cmsmasters_row_margin\">\n<div class=\"cmsmasters_column one_first\">\n<div class=\"cmsmasters_text\">\n<h2>Los diferentes <span style=\"color: #f1363d;\">\u00e1mbitos de aplicaci\u00f3n<\/span><\/h2>\n<\/div>\n<\/div>\n<\/div>\n<\/div>\n<\/div>\n<\/div>\n<\/div>\n<div id=\"cmsmasters_row_69e7ea8365ca8\" class=\"cmsmasters_row cmsmasters_color_scheme_default cmsmasters_row_top_default cmsmasters_row_bot_default cmsmasters_row_boxed\">\n<div class=\"cmsmasters_row_outer_parent\">\n<div class=\"cmsmasters_row_outer\">\n<div class=\"cmsmasters_row_inner\">\n<div class=\"cmsmasters_row_margin\">\n<div class=\"cmsmasters_column one_first\">\n<div class=\"cmsmasters_text\">\n<p>Las recomendaciones m\u00ednimas en t\u00e9rminos de balizamiento de obst\u00e1culos se pueden encontrar en el Anexo 14, Vol.l, Capitulo 6 de la Organizaci\u00f3n de Aviaci\u00f3n Civil Internacional. De acuerdo con la reglamentaci\u00f3n, un sistema UPS puede ser instalado para tener una autonom\u00eda m\u00ednima de 12 horas.<\/p>\n<\/div>\n<\/div>\n<\/div>\n<\/div>\n<\/div>\n<\/div>\n<\/div>\n<div id=\"cmsmasters_row_69e7ea8365cef\" class=\"cmsmasters_row cmsmasters_color_scheme_default cmsmasters_row_top_default cmsmasters_row_bot_default cmsmasters_row_boxed\">\n<div class=\"cmsmasters_row_outer_parent\">\n<div class=\"cmsmasters_row_outer\">\n<div class=\"cmsmasters_row_inner\">\n<div class=\"cmsmasters_row_margin\">\n<div class=\"cmsmasters_column one_first\">\n<div class=\"cmsmasters_text\">\n<div class=\"row-produit-app-col\">\n<div class=\"produit-app-col\"><a href=\"http:\/\/www.delta-box.com\/es\/aplicaciones\/balizaje-aeropuerto\/\"><img loading=\"lazy\" class=\"alignnone\" src=\"http:\/\/www.delta-box.com\/es\/wp-content\/uploads\/sites\/3\/2017\/08\/delta-box_balizaje_picto-balizaje-aeropuerto-y-helipuerto.png\" alt=\"delta-box_balizaje_picto-balizaje-aeropuerto-y-helipuerto\" width=\"120\" height=\"120\" \/><\/a><\/div>\n<div class=\"produit-app-col\"><a href=\"http:\/\/www.delta-box.com\/es\/aplicaciones\/balizaje-aereo-de-edificios\/\"><img src=\"http:\/\/www.delta-box.com\/es\/wp-content\/uploads\/sites\/3\/2017\/08\/delta-box_balizaje_picto-balizaje-aereo-de-edificios.png\" alt=\"delta-box_balizaje_picto-balizaje-aereo-de-edificios\" \/><\/a><\/div>\n<div class=\"produit-app-col\"><a href=\"http:\/\/www.delta-box.com\/es\/aplicaciones\/balizaje-aereo-para-chimeneas\/\"><img src=\"http:\/\/www.delta-box.com\/es\/wp-content\/uploads\/sites\/3\/2017\/08\/delta-box_balizaje_picto-balizaje-aereo-para-chimeneas.png\" alt=\"delta-box_balizaje_picto-balizaje-aereo-para-chimeneas.png\" \/><\/a><\/div>\n<div class=\"produit-app-col\"><a href=\"http:\/\/www.delta-box.com\/es\/aplicaciones\/balizaje-aereo-para-eolicas\/\"><img src=\"http:\/\/www.delta-box.com\/es\/wp-content\/uploads\/sites\/3\/2017\/08\/delta-box_balizaje_picto-balizaje-aereo-para-eolicas.png\" alt=\"delta-box_balizaje_picto-balizaje-aereo-para-eolicas\" \/><\/a><\/div>\n<div class=\"produit-app-col\"><a href=\"http:\/\/www.delta-box.com\/es\/aplicaciones\/balizaje-aereo-de-gruas\/\"><img src=\"http:\/\/www.delta-box.com\/es\/wp-content\/uploads\/sites\/3\/2017\/08\/delta-box_balizaje_picto-balizaje-aereo-de-gruas.png\" alt=\"delta-box_balizaje_picto-balizaje-aereo-de-gruas\" \/><\/a><\/div>\n<div class=\"produit-app-col\"><a href=\"http:\/\/www.delta-box.com\/es\/aplicaciones\/balizaje-linea-alta-tension\/\"><img src=\"http:\/\/www.delta-box.com\/es\/wp-content\/uploads\/sites\/3\/2017\/08\/delta-box_balizaje_picto-balizaje-linea-alta-tension.png\" alt=\"delta-box_balizaje_picto-balizaje-linea-alta-tension\" \/><\/a><\/div>\n<div class=\"produit-app-col\"><a href=\"http:\/\/www.delta-box.com\/es\/aplicaciones\/balizaje-de-obras-de-ingenieria\/\"><img src=\"http:\/\/www.delta-box.com\/es\/wp-content\/uploads\/sites\/3\/2017\/08\/delta-box_balizaje_picto-balizaje-de-obras-de-ingenieria.png\" alt=\"delta-box_balizaje_picto-balizaje-de-obras-de-ingenieria\" \/><\/a><\/div>\n<div class=\"produit-app-col\"><a href=\"http:\/\/www.delta-box.com\/es\/aplicaciones\/balizaje-aereo-para-torres-de-telecomunicacion\/\"><img src=\"http:\/\/www.delta-box.com\/es\/wp-content\/uploads\/sites\/3\/2017\/08\/delta-box_balizaje_picto-balizaje-aereo-para-torres-de-telecomunicacion.png\" alt=\"delta-box_balizaje_picto-balizaje-aereo-para-torres-de-telecomunicacion\" \/><\/a><\/div>\n<\/div>\n<\/div>\n<\/div>\n<\/div>\n<\/div>\n<\/div>\n<\/div>\n<\/div>\n<div id=\"cmsmasters_row_69e7ea8365db4\" class=\"cmsmasters_row cmsmasters_color_scheme_default general-title cmsmasters_row_top_default cmsmasters_row_bot_default cmsmasters_row_boxed\">\n<div class=\"cmsmasters_row_outer_parent\">\n<div class=\"cmsmasters_row_outer\">\n<div class=\"cmsmasters_row_inner\">\n<div class=\"cmsmasters_row_margin\">\n<div class=\"cmsmasters_column one_first\">\n<div class=\"cmsmasters_text\">\n<h2>Las caracter\u00edsticas\u00a0<span style=\"color: #f1363d;\">t\u00e9cnicas<\/span><\/h2>\n<\/div>\n<\/div>\n<\/div>\n<\/div>\n<\/div>\n<\/div>\n<\/div>\n<div id=\"cmsmasters_row_69e7ea8365dfa\" class=\"cmsmasters_row cmsmasters_color_scheme_default cmsmasters_row_top_default cmsmasters_row_bot_default cmsmasters_row_boxed\">\n<div class=\"cmsmasters_row_outer_parent\">\n<div class=\"cmsmasters_row_outer\">\n<div class=\"cmsmasters_row_inner\">\n<div class=\"cmsmasters_row_margin\">\n<div class=\"cmsmasters_column one_first\">\n<div class=\"cmsmasters_text\">\n<p>Nuestro armario de seguridad est\u00e1 pensado para garantizar a su instalaci\u00f3n un sistema de balizamiento con suministro ininterrumpido en caso de corte de la red. El tama\u00f1o de la bater\u00eda depende del tipo de balizaje y asegura la continuidad del funcionamiento durante 12 horas. Las tensiones de salida pueden ser 48 o 110 \/ 240V. En versi\u00f3n est\u00e1ndar, el armario est\u00e1 equipado de una protecci\u00f3n contra rayos as\u00ed que de un contacto de fallo para la red y las balizas.<\/p>\n<\/div>\n<\/div>\n<\/div>\n<\/div>\n<\/div>\n<\/div>\n<\/div>\n<div id=\"cmsmasters_row_69e7ea8365e3d\" class=\"cmsmasters_row cmsmasters_color_scheme_default cmsmasters_row_top_default cmsmasters_row_bot_default cmsmasters_row_boxed\">\n<div class=\"cmsmasters_row_outer_parent\">\n<div class=\"cmsmasters_row_outer\">\n<div class=\"cmsmasters_row_inner\">\n<div class=\"cmsmasters_row_margin\">\n<div class=\"cmsmasters_column one_half\">\n<div class=\"cmsmasters_text description-title-armoires\">\n<h3>Gabinetes de control\u00a0<strong>para distribuci\u00f3n<\/strong><\/h3>\n<\/div>\n<div class=\"cmsmasters_text cta-download\">\n<p><a href=\"https:\/\/www.delta-box.com\/es\/wp-content\/uploads\/sites\/3\/2021\/03\/Gabinetes-de-Alimentacion.pdf\" target=\"_blank\" rel=\"nofollow noopener noreferrer\">Descargar ficha t\u00e9cnica<\/a><\/p>\n<\/div>\n<\/div>\n<div class=\"cmsmasters_column one_half\">\n<div class=\"cmsmasters_text description-title-armoires\">\n<h3>Gabinetes de control\u00a0<strong>con alimentaci\u00f3n socorrida<\/strong><\/h3>\n<\/div>\n<div class=\"cmsmasters_text cta-download\">\n<p><a href=\"https:\/\/www.delta-box.com\/es\/wp-content\/uploads\/sites\/3\/2021\/03\/Gabinetes-de-Alimentacion-Socorrida.pdf\" target=\"_blank\" rel=\"nofollow noopener noreferrer\">Descargar ficha t\u00e9cnica<\/a><\/p>\n<\/div>\n<\/div>\n<\/div>\n<\/div>\n<\/div>\n<\/div>\n<\/div>\n","protected":false},"excerpt":{"rendered":"","protected":false},"author":1,"featured_media":0,"parent":0,"menu_order":0,"comment_status":"closed","ping_status":"closed","template":"page-produits.php","meta":[],"yoast_head":"<!-- This site is optimized with the Yoast SEO plugin v15.2 - https:\/\/yoast.com\/wordpress\/plugins\/seo\/ -->\n<title>Alimentaci\u00f3n de seguridad | Delta Box<\/title>\n<meta name=\"description\" content=\"Delta Box os propone gabinetes de control, para todos tipos de balizaje conformes a las exigencias de la OACI. Consulte nuestro cat\u00e1logo.\" \/>\n<meta name=\"robots\" content=\"index, follow, max-snippet:-1, max-image-preview:large, max-video-preview:-1\" \/>\n<link rel=\"canonical\" href=\"https:\/\/www.delta-box.com\/es\/balizaje\/alimentacion-de-seguridad\/\" \/>\n<meta property=\"og:locale\" content=\"es_ES\" \/>\n<meta property=\"og:type\" content=\"article\" \/>\n<meta property=\"og:title\" content=\"Alimentaci\u00f3n de seguridad | Delta Box\" \/>\n<meta property=\"og:description\" content=\"Delta Box os propone gabinetes de control, para todos tipos de balizaje conformes a las exigencias de la OACI. Consulte nuestro cat\u00e1logo.\" \/>\n<meta property=\"og:url\" content=\"https:\/\/www.delta-box.com\/es\/balizaje\/alimentacion-de-seguridad\/\" \/>\n<meta property=\"og:site_name\" content=\"DeltaBox (ES)\" \/>\n<meta property=\"article:modified_time\" content=\"2021-03-15T17:31:03+00:00\" \/>\n<meta property=\"og:image\" content=\"http:\/\/www.delta-box.com\/es\/wp-content\/uploads\/sites\/3\/2017\/08\/delta-box_balizaje_picto-balizaje-aeropuerto-y-helipuerto.png\" \/>\n<meta name=\"twitter:card\" content=\"summary_large_image\" \/>\n<meta name=\"twitter:label1\" value=\"Escrito por\">\n\t<meta name=\"twitter:data1\" value=\"IkadiaDeltaBox\">\n\t<meta name=\"twitter:label2\" value=\"Tiempo de lectura\">\n\t<meta name=\"twitter:data2\" value=\"3 minutos\">\n<script type=\"application\/ld+json\" class=\"yoast-schema-graph\">{\"@context\":\"https:\/\/schema.org\",\"@graph\":[{\"@type\":\"WebSite\",\"@id\":\"https:\/\/www.delta-box.com\/es\/#website\",\"url\":\"https:\/\/www.delta-box.com\/es\/\",\"name\":\"DeltaBox (ES)\",\"description\":\"Un site utilisant WordPress\",\"potentialAction\":[{\"@type\":\"SearchAction\",\"target\":\"https:\/\/www.delta-box.com\/es\/?s={search_term_string}\",\"query-input\":\"required name=search_term_string\"}],\"inLanguage\":\"es\"},{\"@type\":\"ImageObject\",\"@id\":\"https:\/\/www.delta-box.com\/es\/balizaje\/alimentacion-de-seguridad\/#primaryimage\",\"inLanguage\":\"es\",\"url\":\"http:\/\/www.delta-box.com\/es\/wp-content\/uploads\/sites\/3\/2017\/08\/delta-box_balizaje_picto-balizaje-aeropuerto-y-helipuerto.png\"},{\"@type\":\"WebPage\",\"@id\":\"https:\/\/www.delta-box.com\/es\/balizaje\/alimentacion-de-seguridad\/#webpage\",\"url\":\"https:\/\/www.delta-box.com\/es\/balizaje\/alimentacion-de-seguridad\/\",\"name\":\"Alimentaci\\u00f3n de seguridad | Delta Box\",\"isPartOf\":{\"@id\":\"https:\/\/www.delta-box.com\/es\/#website\"},\"primaryImageOfPage\":{\"@id\":\"https:\/\/www.delta-box.com\/es\/balizaje\/alimentacion-de-seguridad\/#primaryimage\"},\"datePublished\":\"2016-10-21T08:28:29+00:00\",\"dateModified\":\"2021-03-15T17:31:03+00:00\",\"description\":\"Delta Box os propone gabinetes de control, para todos tipos de balizaje conformes a las exigencias de la OACI. Consulte nuestro cat\\u00e1logo.\",\"breadcrumb\":{\"@id\":\"https:\/\/www.delta-box.com\/es\/balizaje\/alimentacion-de-seguridad\/#breadcrumb\"},\"inLanguage\":\"es\",\"potentialAction\":[{\"@type\":\"ReadAction\",\"target\":[\"https:\/\/www.delta-box.com\/es\/balizaje\/alimentacion-de-seguridad\/\"]}]},{\"@type\":\"BreadcrumbList\",\"@id\":\"https:\/\/www.delta-box.com\/es\/balizaje\/alimentacion-de-seguridad\/#breadcrumb\",\"itemListElement\":[{\"@type\":\"ListItem\",\"position\":1,\"item\":{\"@type\":\"WebPage\",\"@id\":\"https:\/\/www.delta-box.com\/es\/\",\"url\":\"https:\/\/www.delta-box.com\/es\/\",\"name\":\"Inicio\"}},{\"@type\":\"ListItem\",\"position\":2,\"item\":{\"@type\":\"WebPage\",\"@id\":\"https:\/\/www.delta-box.com\/es\/balizaje\/alimentacion-de-seguridad\/\",\"url\":\"https:\/\/www.delta-box.com\/es\/balizaje\/alimentacion-de-seguridad\/\",\"name\":\"Gabinetes de Control &#8211; Alimentaci\\u00f3n de seguridad\"}}]}]}<\/script>\n<!-- \/ Yoast SEO plugin. -->","_links":{"self":[{"href":"https:\/\/www.delta-box.com\/es\/wp-json\/wp\/v2\/pages\/7720"}],"collection":[{"href":"https:\/\/www.delta-box.com\/es\/wp-json\/wp\/v2\/pages"}],"about":[{"href":"https:\/\/www.delta-box.com\/es\/wp-json\/wp\/v2\/types\/page"}],"author":[{"embeddable":true,"href":"https:\/\/www.delta-box.com\/es\/wp-json\/wp\/v2\/users\/1"}],"replies":[{"embeddable":true,"href":"https:\/\/www.delta-box.com\/es\/wp-json\/wp\/v2\/comments?post=7720"}],"version-history":[{"count":35,"href":"https:\/\/www.delta-box.com\/es\/wp-json\/wp\/v2\/pages\/7720\/revisions"}],"predecessor-version":[{"id":9730,"href":"https:\/\/www.delta-box.com\/es\/wp-json\/wp\/v2\/pages\/7720\/revisions\/9730"}],"wp:attachment":[{"href":"https:\/\/www.delta-box.com\/es\/wp-json\/wp\/v2\/media?parent=7720"}],"curies":[{"name":"wp","href":"https:\/\/api.w.org\/{rel}","templated":true}]}}