{"id":7717,"date":"2016-10-21T10:27:21","date_gmt":"2016-10-21T08:27:21","guid":{"rendered":"http:\/\/www.delta-box.com\/es\/?page_id=7717"},"modified":"2021-03-03T11:57:07","modified_gmt":"2021-03-03T10:57:07","slug":"kit-solaire","status":"publish","type":"page","link":"https:\/\/www.delta-box.com\/es\/balizaje\/kit-solar\/","title":{"rendered":"Alimentaci\u00f3n solar &#8211; Estaci\u00f3n solar para balizaje"},"content":{"rendered":"<style type=\"text\/css\"> \n#cmsmasters_row_69f393a3234f9 .cmsmasters_row_outer_parent { \n\tpadding-top: 0px; \n} \n\n#cmsmasters_row_69f393a3234f9 .cmsmasters_row_outer_parent { \n\tpadding-bottom: 10px; \n} \n\n \n#cmsmasters_heading_69f393a32381b { \n\ttext-align:left; \n\tmargin-top:0px; \n\tmargin-bottom:0px; \n} \n\n#cmsmasters_heading_69f393a32381b .cmsmasters_heading { \n\ttext-align:left; \n} \n\n#cmsmasters_heading_69f393a32381b .cmsmasters_heading, #cmsmasters_heading_69f393a32381b .cmsmasters_heading a { \n\tfont-family:'Montserrat'; \n\tfont-size:15px; \n\tfont-weight:600; \n\tfont-style:normal; \n\tcolor:#f84e57;\n} \n\n#cmsmasters_heading_69f393a32381b .cmsmasters_heading_divider { \n} \n\n \n#cmsmasters_heading_69f393a32385a { \n\ttext-align:left; \n\tmargin-top:0px; \n\tmargin-bottom:20px; \n} \n\n#cmsmasters_heading_69f393a32385a .cmsmasters_heading { \n\ttext-align:left; \n} \n\n#cmsmasters_heading_69f393a32385a .cmsmasters_heading, #cmsmasters_heading_69f393a32385a .cmsmasters_heading a { \n\tfont-size:20px; \n\tfont-weight:600; \n\tfont-style:normal; \n\tcolor:#454545;\n} \n\n#cmsmasters_heading_69f393a32385a .cmsmasters_heading_divider { \n} \n\n \n#cmsmasters_row_69f393a323960 .cmsmasters_row_outer_parent { \n\tpadding-top: 0px; \n} \n\n#cmsmasters_row_69f393a323960 .cmsmasters_row_outer_parent { \n\tpadding-bottom: 10px; \n} \n\n \n#cmsmasters_row_69f393a324ccf .cmsmasters_row_outer_parent { \n\tpadding-top: 30px; \n} \n\n#cmsmasters_row_69f393a324ccf .cmsmasters_row_outer_parent { \n\tpadding-bottom: 10px; \n} \n\n \n#cmsmasters_row_69f393a324d8f .cmsmasters_row_outer_parent { \n\tpadding-top: 0px; \n} \n\n#cmsmasters_row_69f393a324d8f .cmsmasters_row_outer_parent { \n\tpadding-bottom: 0px; \n} \n\n \n#cmsmasters_row_69f393a324e0c .cmsmasters_row_outer_parent { \n\tpadding-top: 0px; \n} \n\n#cmsmasters_row_69f393a324e0c .cmsmasters_row_outer_parent { \n\tpadding-bottom: 0px; \n} \n\n \n#cmsmasters_row_69f393a324f61 .cmsmasters_row_outer_parent { \n\tpadding-top: 30px; \n} \n\n#cmsmasters_row_69f393a324f61 .cmsmasters_row_outer_parent { \n\tpadding-bottom: 10px; \n} \n\n \n#cmsmasters_row_69f393a324fde .cmsmasters_row_outer_parent { \n\tpadding-top: 0px; \n} \n\n#cmsmasters_row_69f393a324fde .cmsmasters_row_outer_parent { \n\tpadding-bottom: 0px; \n} \n\n<\/style><div id=\"cmsmasters_row_69f393a3234f9\" class=\"cmsmasters_row cmsmasters_color_scheme_default general-title cmsmasters_row_top_default cmsmasters_row_bot_default cmsmasters_row_boxed\">\n<div class=\"cmsmasters_row_outer_parent\">\n<div class=\"cmsmasters_row_outer\">\n<div class=\"cmsmasters_row_inner\">\n<div class=\"cmsmasters_row_margin\">\n<div class=\"cmsmasters_column one_first\">\n\n<div id=\"cmsmasters_heading_69f393a32381b\" class=\"cmsmasters_heading_wrap cmsmasters_heading_align_left\">\n\t<h3 class=\"cmsmasters_heading\">Productos<\/h3>\n<\/div>\n<div id=\"cmsmasters_heading_69f393a32385a\" class=\"cmsmasters_heading_wrap cmsmasters_heading_align_left\">\n\t<h1 class=\"cmsmasters_heading\">Alimentaci\u00f3n solar &#8211; Estaci\u00f3n solar para balizaje <\/h1>\n<\/div>\n<\/div>\n<\/div>\n<\/div>\n<\/div>\n<\/div>\n<\/div>\n<div id=\"cmsmasters_row_69f393a323960\" class=\"cmsmasters_row cmsmasters_color_scheme_default cmsmasters_row_top_default cmsmasters_row_bot_default cmsmasters_row_boxed\">\n<div class=\"cmsmasters_row_outer_parent\">\n<div class=\"cmsmasters_row_outer\">\n<div class=\"cmsmasters_row_inner\">\n<div class=\"cmsmasters_row_margin\">\n<div class=\"cmsmasters_column one_third\">\n<div class=\"cmsmasters_content_slider_wrap\" style=\"max-width:px;\">\n<script type=\"text\/javascript\">jQuery(document).ready(function () { jQuery(\"#cmsmasters_slider_69f393a323a15.cmsmasters_content_slider\").owlCarousel( { singleItem : true, transitionStyle: false, rewindSpeed : 1000, slideSpeed : 600, autoHeight : true, paginationSpeed : \t600, autoPlay : 7000,navigationText : \t[ \"<span class=\\\"cmsmasters_prev_arrow\\\"><span><\/span><\/span>\", \"<span class=\\\"cmsmasters_next_arrow\\\"><span><\/span><\/span>\" ] } );} );<\/script>\n<div id=\"cmsmasters_slider_69f393a323a15\" class=\"cmsmasters_content_slider cmsmasters_owl_slider owl-carousel\">\n<div class=\"cmsmasters_content_slider_item\"><img width=\"524\" height=\"560\" src=\"https:\/\/www.delta-box.com\/es\/wp-content\/uploads\/sites\/3\/2016\/10\/delta-box_balizaje_kit-solar_slider_1.jpg\" class=\"attachment-full size-full\" alt=\"delta-box_balizaje_kit-solar_slider_1\" loading=\"lazy\" srcset=\"https:\/\/www.delta-box.com\/es\/wp-content\/uploads\/sites\/3\/2016\/10\/delta-box_balizaje_kit-solar_slider_1.jpg 524w, https:\/\/www.delta-box.com\/es\/wp-content\/uploads\/sites\/3\/2016\/10\/delta-box_balizaje_kit-solar_slider_1-281x300.jpg 281w\" sizes=\"(max-width: 524px) 100vw, 524px\" \/><\/div><div class=\"cmsmasters_content_slider_item\"><img width=\"524\" height=\"560\" src=\"https:\/\/www.delta-box.com\/es\/wp-content\/uploads\/sites\/3\/2016\/10\/delta-box_balizaje_kit-solar_slider_2.jpg\" class=\"attachment-full size-full\" alt=\"delta-box_balizaje_kit-solar_slider_2\" loading=\"lazy\" srcset=\"https:\/\/www.delta-box.com\/es\/wp-content\/uploads\/sites\/3\/2016\/10\/delta-box_balizaje_kit-solar_slider_2.jpg 524w, https:\/\/www.delta-box.com\/es\/wp-content\/uploads\/sites\/3\/2016\/10\/delta-box_balizaje_kit-solar_slider_2-281x300.jpg 281w\" sizes=\"(max-width: 524px) 100vw, 524px\" \/><\/div><div class=\"cmsmasters_content_slider_item\"><img width=\"524\" height=\"560\" src=\"https:\/\/www.delta-box.com\/es\/wp-content\/uploads\/sites\/3\/2016\/10\/delta-box_balizaje_kit-solar_slider_3.jpg\" class=\"attachment-full size-full\" alt=\"delta-box_balizaje_kit-solar_slider_3\" loading=\"lazy\" srcset=\"https:\/\/www.delta-box.com\/es\/wp-content\/uploads\/sites\/3\/2016\/10\/delta-box_balizaje_kit-solar_slider_3.jpg 524w, https:\/\/www.delta-box.com\/es\/wp-content\/uploads\/sites\/3\/2016\/10\/delta-box_balizaje_kit-solar_slider_3-281x300.jpg 281w\" sizes=\"(max-width: 524px) 100vw, 524px\" \/><\/div><\/div>\n<\/div>\n<\/div>\n<div class=\"cmsmasters_column two_third\">\n<div class=\"cmsmasters_text\">\n<p>Gracias a la integraci\u00f3n de la tecnolog\u00eda LED dentro de los productos de balizaje, lo que permiti\u00f3 bajar los consumos de electricidad, y con el fin de ofrecer una soluci\u00f3n de alimentaci\u00f3n el\u00e9ctrica en los sitios aislados, Delta Box adquiri\u00f3 aut\u00e9nticos conocimientos desde una d\u00e9cada en alimentaciones solares aut\u00f3nomas. Proponemos soluciones solares tanto para nuestro balizaje de obst\u00e1culos que para todo tipo de equipo (equipo radiof\u00f3nico, luminarias, c\u00e1maras, equipo de vigilancia en general, y todo tipo de dispositivos el\u00e9ctricos\u2026)<\/p>\n<p>Nuestra experiencia viene primero de un estudio de los consumidores y de su modo de funcionamiento pero sobre todo del lugar geogr\u00e1fico de instalaci\u00f3n de la estaci\u00f3n, acoplada a nuestra experiencia del solar en toda Francia, como al internacional con instalaciones desarrolladas sobre todos los continentes. As\u00ed, podemos garantizar una tasa de utilizaci\u00f3n de los equipos a 100% mismo en los casos extremos y cr\u00edticos.<\/p>\n<p>La electr\u00f3nica de potencia como la de control y de gesti\u00f3n est\u00e1 desarrollada en nuestro departamento de desarrollo lo que nos permite dominar todo el funcionamiento y as\u00ed acoplarlo con otras tecnolog\u00edas, de comunicaci\u00f3n particularmente. De este modo, un control a distancia es realizable para un pilotaje de la instalaci\u00f3n o retornos espec\u00edficos de alarmas.<\/p>\n<p>Por fin, proponemos sistemas de fijaciones est\u00e1ndares (paneles, bater\u00edas, gesti\u00f3n) para una instalaci\u00f3n simplificada y, seg\u00fan vuestras especificaciones, desarrollamos sistemas de fijaci\u00f3n especiales para vuestra instalaci\u00f3n.<\/p>\n<\/div>\n<\/div>\n<\/div>\n<\/div>\n<\/div>\n<\/div>\n<\/div>\n<div id=\"cmsmasters_row_69f393a324ccf\" class=\"cmsmasters_row cmsmasters_color_scheme_default general-title cmsmasters_row_top_default cmsmasters_row_bot_default cmsmasters_row_boxed\">\n<div class=\"cmsmasters_row_outer_parent\">\n<div class=\"cmsmasters_row_outer\">\n<div class=\"cmsmasters_row_inner\">\n<div class=\"cmsmasters_row_margin\">\n<div class=\"cmsmasters_column one_first\">\n<div class=\"cmsmasters_text\">\n<h2>Los diferentes\u00a0<span style=\"color: #f1363d;\">\u00e1mbitos de aplicaci\u00f3n<\/span><\/h2>\n<\/div>\n<\/div>\n<\/div>\n<\/div>\n<\/div>\n<\/div>\n<\/div>\n<div id=\"cmsmasters_row_69f393a324d8f\" class=\"cmsmasters_row cmsmasters_color_scheme_default cmsmasters_row_top_default cmsmasters_row_bot_default cmsmasters_row_boxed\">\n<div class=\"cmsmasters_row_outer_parent\">\n<div class=\"cmsmasters_row_outer\">\n<div class=\"cmsmasters_row_inner\">\n<div class=\"cmsmasters_row_margin\">\n<div class=\"cmsmasters_column one_first\">\n<div class=\"cmsmasters_text\">\n<p>Nuestras alimentaciones solares est\u00e1n totalmente previstas para una alimentaci\u00f3n en sitios aislados que no tienen acceso a la red el\u00e9ctrica est\u00e1ndar. Tambi\u00e9n pueden estar utilizadas para sitios no aislados pero sobre los cuales el trabajo de cableado representa un trabajo demasiado importante y dif\u00edcil (pistas de aeropuertos por ejemplo, techos de edificios,\u2026). Por fin, las soluciones solares tambi\u00e9n pueden estar utilizadas con la intenci\u00f3n de ahorrar la energ\u00eda y limitar el impacto en los recursos del planeta.<\/p>\n<\/div>\n<\/div>\n<\/div>\n<\/div>\n<\/div>\n<\/div>\n<\/div>\n<div id=\"cmsmasters_row_69f393a324e0c\" class=\"cmsmasters_row cmsmasters_color_scheme_default cmsmasters_row_top_default cmsmasters_row_bot_default cmsmasters_row_boxed\">\n<div class=\"cmsmasters_row_outer_parent\">\n<div class=\"cmsmasters_row_outer\">\n<div class=\"cmsmasters_row_inner\">\n<div class=\"cmsmasters_row_margin\">\n<div class=\"cmsmasters_column one_first\">\n<div class=\"cmsmasters_text\">\n<div class=\"row-produit-app-col\">\n<div class=\"produit-app-col\"><a href=\"http:\/\/www.delta-box.com\/es\/aplicaciones\/balizaje-aeropuerto\/\"><img loading=\"lazy\" class=\"alignnone\" src=\"http:\/\/www.delta-box.com\/es\/wp-content\/uploads\/sites\/3\/2017\/08\/delta-box_balizaje_picto-balizaje-aeropuerto-y-helipuerto.png\" alt=\"delta-box_balizaje_picto-balizaje-aeropuerto-y-helipuerto\" width=\"120\" height=\"120\" \/><\/a><\/div>\n<div class=\"produit-app-col\"><a href=\"http:\/\/www.delta-box.com\/es\/aplicaciones\/balizaje-aereo-de-edificios\/\"><img src=\"http:\/\/www.delta-box.com\/es\/wp-content\/uploads\/sites\/3\/2017\/08\/delta-box_balizaje_picto-balizaje-aereo-de-edificios.png\" alt=\"delta-box_balizaje_picto-balizaje-aereo-de-edificios\" \/><\/a><\/div>\n<div class=\"produit-app-col\"><a href=\"http:\/\/www.delta-box.com\/es\/aplicaciones\/balizaje-aereo-para-chimeneas\/\"><img src=\"http:\/\/www.delta-box.com\/es\/wp-content\/uploads\/sites\/3\/2017\/08\/delta-box_balizaje_picto-balizaje-aereo-para-chimeneas.png\" alt=\"delta-box_balizaje_picto-balizaje-aereo-para-chimeneas.png\" \/><\/a><\/div>\n<div class=\"produit-app-col\"><a href=\"http:\/\/www.delta-box.com\/es\/aplicaciones\/balizaje-aereo-para-eolicas\/\"><img src=\"http:\/\/www.delta-box.com\/es\/wp-content\/uploads\/sites\/3\/2017\/08\/delta-box_balizaje_picto-balizaje-aereo-para-eolicas.png\" alt=\"delta-box_balizaje_picto-balizaje-aereo-para-eolicas\" \/><\/a><\/div>\n<div class=\"produit-app-col\"><a href=\"http:\/\/www.delta-box.com\/es\/aplicaciones\/balizaje-aereo-de-gruas\/\"><img src=\"http:\/\/www.delta-box.com\/es\/wp-content\/uploads\/sites\/3\/2017\/08\/delta-box_balizaje_picto-balizaje-aereo-de-gruas.png\" alt=\"delta-box_balizaje_picto-balizaje-aereo-de-gruas\" \/><\/a><\/div>\n<div class=\"produit-app-col\"><a href=\"http:\/\/www.delta-box.com\/es\/aplicaciones\/balizaje-linea-alta-tension\/\"><img src=\"http:\/\/www.delta-box.com\/es\/wp-content\/uploads\/sites\/3\/2017\/08\/delta-box_balizaje_picto-balizaje-linea-alta-tension.png\" alt=\"delta-box_balizaje_picto-balizaje-linea-alta-tension\" \/><\/a><\/div>\n<div class=\"produit-app-col\"><a href=\"http:\/\/www.delta-box.com\/es\/aplicaciones\/balizaje-de-obras-de-ingenieria\/\"><img src=\"http:\/\/www.delta-box.com\/es\/wp-content\/uploads\/sites\/3\/2017\/08\/delta-box_balizaje_picto-balizaje-de-obras-de-ingenieria.png\" alt=\"delta-box_balizaje_picto-balizaje-de-obras-de-ingenieria\" \/><\/a><\/div>\n<div class=\"produit-app-col\"><a href=\"http:\/\/www.delta-box.com\/es\/aplicaciones\/balizaje-aereo-para-torres-de-telecomunicacion\/\"><img src=\"http:\/\/www.delta-box.com\/es\/wp-content\/uploads\/sites\/3\/2017\/08\/delta-box_balizaje_picto-balizaje-aereo-para-torres-de-telecomunicacion.png\" alt=\"delta-box_balizaje_picto-balizaje-aereo-para-torres-de-telecomunicacion\" \/><\/a><\/div>\n<\/div>\n<\/div>\n<\/div>\n<\/div>\n<\/div>\n<\/div>\n<\/div>\n<\/div>\n<div id=\"cmsmasters_row_69f393a324f61\" class=\"cmsmasters_row cmsmasters_color_scheme_default general-title cmsmasters_row_top_default cmsmasters_row_bot_default cmsmasters_row_boxed\">\n<div class=\"cmsmasters_row_outer_parent\">\n<div class=\"cmsmasters_row_outer\">\n<div class=\"cmsmasters_row_inner\">\n<div class=\"cmsmasters_row_margin\">\n<div class=\"cmsmasters_column one_first\">\n<div class=\"cmsmasters_text\">\n<h2>Las caracter\u00edsticas\u00a0<span style=\"color: #f1363d;\">t\u00e9cnicas<\/span><\/h2>\n<\/div>\n<\/div>\n<\/div>\n<\/div>\n<\/div>\n<\/div>\n<\/div>\n<div id=\"cmsmasters_row_69f393a324fde\" class=\"cmsmasters_row cmsmasters_color_scheme_default cmsmasters_row_top_default cmsmasters_row_bot_default cmsmasters_row_boxed\">\n<div class=\"cmsmasters_row_outer_parent\">\n<div class=\"cmsmasters_row_outer\">\n<div class=\"cmsmasters_row_inner\">\n<div class=\"cmsmasters_row_margin\">\n<div class=\"cmsmasters_column one_first\">\n<div class=\"cmsmasters_text\">\n<p>Las caracter\u00edsticas t\u00e9cnicas de vuestra instalaci\u00f3n solo dependen de vuestra solicitud.<br \/>\nLa totalidad de los componentes son modulables seg\u00fan su necesidad.<br \/>\nNo dude en ponerse en contacto con nosotros para que estudiemos en totalidad su proyecto.<\/p>\n<\/div>\n<\/div>\n<\/div>\n<\/div>\n<\/div>\n<\/div>\n<\/div>\n","protected":false},"excerpt":{"rendered":"","protected":false},"author":1,"featured_media":0,"parent":0,"menu_order":0,"comment_status":"closed","ping_status":"closed","template":"page-produits.php","meta":[],"yoast_head":"<!-- This site is optimized with the Yoast SEO plugin v15.2 - https:\/\/yoast.com\/wordpress\/plugins\/seo\/ -->\n<title>Kit solar | Delta Box<\/title>\n<meta name=\"description\" content=\"Delta Box os propone un kit solar, para la alimentaci\u00f3n de vuestros balizajes, estudiado seg\u00fan las necesidades de cada sitio. Consulte nuestro cat\u00e1logo.\" \/>\n<meta name=\"robots\" content=\"index, follow, max-snippet:-1, max-image-preview:large, max-video-preview:-1\" \/>\n<link rel=\"canonical\" href=\"https:\/\/www.delta-box.com\/es\/balizaje\/kit-solar\/\" \/>\n<meta property=\"og:locale\" content=\"es_ES\" \/>\n<meta property=\"og:type\" content=\"article\" \/>\n<meta property=\"og:title\" content=\"Kit solar | Delta Box\" \/>\n<meta property=\"og:description\" content=\"Delta Box os propone un kit solar, para la alimentaci\u00f3n de vuestros balizajes, estudiado seg\u00fan las necesidades de cada sitio. Consulte nuestro cat\u00e1logo.\" \/>\n<meta property=\"og:url\" content=\"https:\/\/www.delta-box.com\/es\/balizaje\/kit-solar\/\" \/>\n<meta property=\"og:site_name\" content=\"DeltaBox (ES)\" \/>\n<meta property=\"article:modified_time\" content=\"2021-03-03T10:57:07+00:00\" \/>\n<meta property=\"og:image\" content=\"http:\/\/www.delta-box.com\/es\/wp-content\/uploads\/sites\/3\/2017\/08\/delta-box_balizaje_picto-balizaje-aeropuerto-y-helipuerto.png\" \/>\n<meta name=\"twitter:card\" content=\"summary_large_image\" \/>\n<meta name=\"twitter:label1\" value=\"Escrito por\">\n\t<meta name=\"twitter:data1\" value=\"IkadiaDeltaBox\">\n\t<meta name=\"twitter:label2\" value=\"Tiempo de lectura\">\n\t<meta name=\"twitter:data2\" value=\"3 minutos\">\n<script type=\"application\/ld+json\" class=\"yoast-schema-graph\">{\"@context\":\"https:\/\/schema.org\",\"@graph\":[{\"@type\":\"WebSite\",\"@id\":\"https:\/\/www.delta-box.com\/es\/#website\",\"url\":\"https:\/\/www.delta-box.com\/es\/\",\"name\":\"DeltaBox (ES)\",\"description\":\"Un site utilisant WordPress\",\"potentialAction\":[{\"@type\":\"SearchAction\",\"target\":\"https:\/\/www.delta-box.com\/es\/?s={search_term_string}\",\"query-input\":\"required name=search_term_string\"}],\"inLanguage\":\"es\"},{\"@type\":\"ImageObject\",\"@id\":\"https:\/\/www.delta-box.com\/es\/balizaje\/kit-solar\/#primaryimage\",\"inLanguage\":\"es\",\"url\":\"http:\/\/www.delta-box.com\/es\/wp-content\/uploads\/sites\/3\/2017\/08\/delta-box_balizaje_picto-balizaje-aeropuerto-y-helipuerto.png\"},{\"@type\":\"WebPage\",\"@id\":\"https:\/\/www.delta-box.com\/es\/balizaje\/kit-solar\/#webpage\",\"url\":\"https:\/\/www.delta-box.com\/es\/balizaje\/kit-solar\/\",\"name\":\"Kit solar | Delta Box\",\"isPartOf\":{\"@id\":\"https:\/\/www.delta-box.com\/es\/#website\"},\"primaryImageOfPage\":{\"@id\":\"https:\/\/www.delta-box.com\/es\/balizaje\/kit-solar\/#primaryimage\"},\"datePublished\":\"2016-10-21T08:27:21+00:00\",\"dateModified\":\"2021-03-03T10:57:07+00:00\",\"description\":\"Delta Box os propone un kit solar, para la alimentaci\\u00f3n de vuestros balizajes, estudiado seg\\u00fan las necesidades de cada sitio. Consulte nuestro cat\\u00e1logo.\",\"breadcrumb\":{\"@id\":\"https:\/\/www.delta-box.com\/es\/balizaje\/kit-solar\/#breadcrumb\"},\"inLanguage\":\"es\",\"potentialAction\":[{\"@type\":\"ReadAction\",\"target\":[\"https:\/\/www.delta-box.com\/es\/balizaje\/kit-solar\/\"]}]},{\"@type\":\"BreadcrumbList\",\"@id\":\"https:\/\/www.delta-box.com\/es\/balizaje\/kit-solar\/#breadcrumb\",\"itemListElement\":[{\"@type\":\"ListItem\",\"position\":1,\"item\":{\"@type\":\"WebPage\",\"@id\":\"https:\/\/www.delta-box.com\/es\/\",\"url\":\"https:\/\/www.delta-box.com\/es\/\",\"name\":\"Inicio\"}},{\"@type\":\"ListItem\",\"position\":2,\"item\":{\"@type\":\"WebPage\",\"@id\":\"https:\/\/www.delta-box.com\/es\/balizaje\/kit-solar\/\",\"url\":\"https:\/\/www.delta-box.com\/es\/balizaje\/kit-solar\/\",\"name\":\"Alimentaci\\u00f3n solar &#8211; Estaci\\u00f3n solar para balizaje\"}}]}]}<\/script>\n<!-- \/ Yoast SEO plugin. -->","_links":{"self":[{"href":"https:\/\/www.delta-box.com\/es\/wp-json\/wp\/v2\/pages\/7717"}],"collection":[{"href":"https:\/\/www.delta-box.com\/es\/wp-json\/wp\/v2\/pages"}],"about":[{"href":"https:\/\/www.delta-box.com\/es\/wp-json\/wp\/v2\/types\/page"}],"author":[{"embeddable":true,"href":"https:\/\/www.delta-box.com\/es\/wp-json\/wp\/v2\/users\/1"}],"replies":[{"embeddable":true,"href":"https:\/\/www.delta-box.com\/es\/wp-json\/wp\/v2\/comments?post=7717"}],"version-history":[{"count":19,"href":"https:\/\/www.delta-box.com\/es\/wp-json\/wp\/v2\/pages\/7717\/revisions"}],"predecessor-version":[{"id":9663,"href":"https:\/\/www.delta-box.com\/es\/wp-json\/wp\/v2\/pages\/7717\/revisions\/9663"}],"wp:attachment":[{"href":"https:\/\/www.delta-box.com\/es\/wp-json\/wp\/v2\/media?parent=7717"}],"curies":[{"name":"wp","href":"https:\/\/api.w.org\/{rel}","templated":true}]}}