{"id":7696,"date":"2016-10-21T10:06:05","date_gmt":"2016-10-21T08:06:05","guid":{"rendered":"http:\/\/www.delta-box.com\/es\/?page_id=7696"},"modified":"2021-03-15T18:18:48","modified_gmt":"2021-03-15T17:18:48","slug":"mats-indicateurs-de-vents","status":"publish","type":"page","link":"https:\/\/www.delta-box.com\/es\/balizaje\/mastiles-indicadores-de-viento\/","title":{"rendered":"M\u00e1stiles indicadores de viento simplificados"},"content":{"rendered":"<style type=\"text\/css\"> \n#cmsmasters_row_69d1642a3f71b .cmsmasters_row_outer_parent { \n\tpadding-top: 0px; \n} \n\n#cmsmasters_row_69d1642a3f71b .cmsmasters_row_outer_parent { \n\tpadding-bottom: 10px; \n} \n\n \n#cmsmasters_heading_69d1642a3fadc { \n\ttext-align:left; \n\tmargin-top:0px; \n\tmargin-bottom:0px; \n} \n\n#cmsmasters_heading_69d1642a3fadc .cmsmasters_heading { \n\ttext-align:left; \n} \n\n#cmsmasters_heading_69d1642a3fadc .cmsmasters_heading, #cmsmasters_heading_69d1642a3fadc .cmsmasters_heading a { \n\tfont-family:'Montserrat'; \n\tfont-size:15px; \n\tfont-weight:600; \n\tfont-style:normal; \n\tcolor:#f84e57;\n} \n\n#cmsmasters_heading_69d1642a3fadc .cmsmasters_heading_divider { \n} \n\n \n#cmsmasters_heading_69d1642a3fb3d { \n\ttext-align:left; \n\tmargin-top:0px; \n\tmargin-bottom:20px; \n} \n\n#cmsmasters_heading_69d1642a3fb3d .cmsmasters_heading { \n\ttext-align:left; \n} \n\n#cmsmasters_heading_69d1642a3fb3d .cmsmasters_heading, #cmsmasters_heading_69d1642a3fb3d .cmsmasters_heading a { \n\tfont-size:20px; \n\tfont-weight:600; \n\tfont-style:normal; \n\tcolor:#454545;\n} \n\n#cmsmasters_heading_69d1642a3fb3d .cmsmasters_heading_divider { \n} \n\n \n#cmsmasters_row_69d1642a3fcbe .cmsmasters_row_outer_parent { \n\tpadding-top: 0px; \n} \n\n#cmsmasters_row_69d1642a3fcbe .cmsmasters_row_outer_parent { \n\tpadding-bottom: 10px; \n} \n\n \n#cmsmasters_row_69d1642a408c4 .cmsmasters_row_outer_parent { \n\tpadding-top: 30px; \n} \n\n#cmsmasters_row_69d1642a408c4 .cmsmasters_row_outer_parent { \n\tpadding-bottom: 10px; \n} \n\n \n#cmsmasters_row_69d1642a40976 .cmsmasters_row_outer_parent { \n\tpadding-top: 0px; \n} \n\n#cmsmasters_row_69d1642a40976 .cmsmasters_row_outer_parent { \n\tpadding-bottom: 0px; \n} \n\n \n#cmsmasters_row_69d1642a409e8 .cmsmasters_row_outer_parent { \n\tpadding-top: 0px; \n} \n\n#cmsmasters_row_69d1642a409e8 .cmsmasters_row_outer_parent { \n\tpadding-bottom: 0px; \n} \n\n \n#cmsmasters_row_69d1642a40a8c .cmsmasters_row_outer_parent { \n\tpadding-top: 30px; \n} \n\n#cmsmasters_row_69d1642a40a8c .cmsmasters_row_outer_parent { \n\tpadding-bottom: 10px; \n} \n\n \n#cmsmasters_row_69d1642a40af5 .cmsmasters_row_outer_parent { \n\tpadding-top: 0px; \n} \n\n#cmsmasters_row_69d1642a40af5 .cmsmasters_row_outer_parent { \n\tpadding-bottom: 50px; \n} \n\n \n#cmsmasters_row_69d1642a40c78 .cmsmasters_row_outer_parent { \n\tpadding-top: 0px; \n} \n\n#cmsmasters_row_69d1642a40c78 .cmsmasters_row_outer_parent { \n\tpadding-bottom: 50px; \n} \n\n \n#cmsmasters_row_69d1642a41b6c .cmsmasters_row_outer_parent { \n\tpadding-top: 0px; \n} \n\n#cmsmasters_row_69d1642a41b6c .cmsmasters_row_outer_parent { \n\tpadding-bottom: 50px; \n} \n\n \n#cmsmasters_row_69d1642a41c0a .cmsmasters_row_outer_parent { \n\tpadding-top: 0px; \n} \n\n#cmsmasters_row_69d1642a41c0a .cmsmasters_row_outer_parent { \n\tpadding-bottom: 50px; \n} \n\n<\/style><div id=\"cmsmasters_row_69d1642a3f71b\" class=\"cmsmasters_row cmsmasters_color_scheme_default general-title cmsmasters_row_top_default cmsmasters_row_bot_default cmsmasters_row_boxed\">\n<div class=\"cmsmasters_row_outer_parent\">\n<div class=\"cmsmasters_row_outer\">\n<div class=\"cmsmasters_row_inner\">\n<div class=\"cmsmasters_row_margin\">\n<div class=\"cmsmasters_column one_first\">\n\n<div id=\"cmsmasters_heading_69d1642a3fadc\" class=\"cmsmasters_heading_wrap cmsmasters_heading_align_left\">\n\t<h3 class=\"cmsmasters_heading\">Productos<\/h3>\n<\/div>\n<div id=\"cmsmasters_heading_69d1642a3fb3d\" class=\"cmsmasters_heading_wrap cmsmasters_heading_align_left\">\n\t<h1 class=\"cmsmasters_heading\">M\u00e1stiles indicadores de viento simplificados<\/h1>\n<\/div>\n<\/div>\n<\/div>\n<\/div>\n<\/div>\n<\/div>\n<\/div>\n<div id=\"cmsmasters_row_69d1642a3fcbe\" class=\"cmsmasters_row cmsmasters_color_scheme_default cmsmasters_row_top_default cmsmasters_row_bot_default cmsmasters_row_boxed\">\n<div class=\"cmsmasters_row_outer_parent\">\n<div class=\"cmsmasters_row_outer\">\n<div class=\"cmsmasters_row_inner\">\n<div class=\"cmsmasters_row_margin\">\n<div class=\"cmsmasters_column one_third\">\n<div class=\"cmsmasters_content_slider_wrap\" style=\"max-width:px;\">\n<script type=\"text\/javascript\">jQuery(document).ready(function () { jQuery(\"#cmsmasters_slider_69d1642a3fdaa.cmsmasters_content_slider\").owlCarousel( { singleItem : true, transitionStyle: false, rewindSpeed : 1000, slideSpeed : 600, autoHeight : true, paginationSpeed : \t600, autoPlay : 7000,navigationText : \t[ \"<span class=\\\"cmsmasters_prev_arrow\\\"><span><\/span><\/span>\", \"<span class=\\\"cmsmasters_next_arrow\\\"><span><\/span><\/span>\" ] } );} );<\/script>\n<div id=\"cmsmasters_slider_69d1642a3fdaa\" class=\"cmsmasters_content_slider cmsmasters_owl_slider owl-carousel\">\n<div class=\"cmsmasters_content_slider_item\"><img width=\"524\" height=\"560\" src=\"https:\/\/www.delta-box.com\/es\/wp-content\/uploads\/sites\/3\/2016\/10\/delta-box_balizaje_mastiles-indicadores-de-viento.jpg\" class=\"attachment-full size-full\" alt=\"delta-box_balizaje_mastiles-indicadores-de-viento\" loading=\"lazy\" srcset=\"https:\/\/www.delta-box.com\/es\/wp-content\/uploads\/sites\/3\/2016\/10\/delta-box_balizaje_mastiles-indicadores-de-viento.jpg 524w, https:\/\/www.delta-box.com\/es\/wp-content\/uploads\/sites\/3\/2016\/10\/delta-box_balizaje_mastiles-indicadores-de-viento-281x300.jpg 281w\" sizes=\"(max-width: 524px) 100vw, 524px\" \/><\/div><\/div>\n<\/div>\n<\/div>\n<div class=\"cmsmasters_column two_third\">\n<div class=\"cmsmasters_text\">\n<p>Nuestros m\u00e1stiles indicadores de viento simplificados se componen de un sistema fijo o abatible de una altura de 4 metros y propuestos con una veleta de di\u00e1metro 30,40 o 50cm.<\/p>\n<p>Est\u00e1n equipados con una veleta simple de acero inoxidable. Si es necesario, la iluminaci\u00f3n de esta manga puede estar realizada con proyectores externos situados en el suelo.<\/p>\n<p>El dise\u00f1o de nuestros m\u00e1stiles permite una instalaci\u00f3n f\u00e1cil y r\u00e1pida.<\/p>\n<\/div>\n<\/div>\n<\/div>\n<\/div>\n<\/div>\n<\/div>\n<\/div>\n<div id=\"cmsmasters_row_69d1642a408c4\" class=\"cmsmasters_row cmsmasters_color_scheme_default general-title cmsmasters_row_top_default cmsmasters_row_bot_default cmsmasters_row_boxed\">\n<div class=\"cmsmasters_row_outer_parent\">\n<div class=\"cmsmasters_row_outer\">\n<div class=\"cmsmasters_row_inner\">\n<div class=\"cmsmasters_row_margin\">\n<div class=\"cmsmasters_column one_first\">\n<div class=\"cmsmasters_text\">\n<h2>Los diferentes <span style=\"color: #f1363d;\">\u00e1mbitos de aplicaci\u00f3n<\/span><\/h2>\n<\/div>\n<\/div>\n<\/div>\n<\/div>\n<\/div>\n<\/div>\n<\/div>\n<div id=\"cmsmasters_row_69d1642a40976\" class=\"cmsmasters_row cmsmasters_color_scheme_default cmsmasters_row_top_default cmsmasters_row_bot_default cmsmasters_row_boxed\">\n<div class=\"cmsmasters_row_outer_parent\">\n<div class=\"cmsmasters_row_outer\">\n<div class=\"cmsmasters_row_inner\">\n<div class=\"cmsmasters_row_margin\">\n<div class=\"cmsmasters_column one_first\">\n<div class=\"cmsmasters_text\">\n<p>Nuestros m\u00e1stiles indicadores de viento simplificados suelen estar dedicados a los industriales y sitios clasificados SEVESO (Directiva Europea). Pueden estar instalados en el suelo como en edificio.<br \/>\nPara una soluci\u00f3n completa, Delta Box propone tambi\u00e9n con el m\u00e1stil indicador de viento simplificado las <a href=\"http:\/\/www.delta-box.com\/es\/balizaje\/manga-de-viento\/\">mangas de viento<\/a> de color rojo y blanco correspondientes.<\/p>\n<\/div>\n<\/div>\n<\/div>\n<\/div>\n<\/div>\n<\/div>\n<\/div>\n<div id=\"cmsmasters_row_69d1642a409e8\" class=\"cmsmasters_row cmsmasters_color_scheme_default cmsmasters_row_top_default cmsmasters_row_bot_default cmsmasters_row_boxed\">\n<div class=\"cmsmasters_row_outer_parent\">\n<div class=\"cmsmasters_row_outer\">\n<div class=\"cmsmasters_row_inner\">\n<div class=\"cmsmasters_row_margin\">\n<div class=\"cmsmasters_column one_first\">\n<div class=\"cmsmasters_text\">\n<div class=\"row-produit-app-col\">\n<div class=\"produit-app-col\"><a href=\"http:\/\/www.delta-box.com\/es\/aplicaciones\/balizaje-aeropuerto\/\"><img loading=\"lazy\" class=\"alignnone\" src=\"http:\/\/www.delta-box.com\/es\/wp-content\/uploads\/sites\/3\/2017\/08\/delta-box_balizaje_picto-balizaje-aeropuerto-y-helipuerto.png\" alt=\"delta-box_balizaje_picto-balizaje-aeropuerto-y-helipuerto\" width=\"120\" height=\"120\" \/><\/a><\/div>\n<div class=\"produit-app-col\"><a href=\"http:\/\/www.delta-box.com\/es\/aplicaciones\/balizaje-aereo-de-edificios\/\"><img src=\"http:\/\/www.delta-box.com\/es\/wp-content\/uploads\/sites\/3\/2017\/08\/delta-box_balizaje_picto-balizaje-aereo-de-edificios.png\" alt=\"delta-box_balizaje_picto-balizaje-aereo-de-edificios\" \/><\/a><\/div>\n<div class=\"produit-app-col\"><a href=\"http:\/\/www.delta-box.com\/es\/aplicaciones\/balizaje-aereo-para-chimeneas\/\"><img src=\"http:\/\/www.delta-box.com\/es\/wp-content\/uploads\/sites\/3\/2017\/08\/delta-box_balizaje_picto-balizaje-aereo-para-chimeneas.png\" alt=\"delta-box_balizaje_picto-balizaje-aereo-para-chimeneas.png\" \/><\/a><\/div>\n<\/div>\n<\/div>\n<\/div>\n<\/div>\n<\/div>\n<\/div>\n<\/div>\n<\/div>\n<div id=\"cmsmasters_row_69d1642a40a8c\" class=\"cmsmasters_row cmsmasters_color_scheme_default general-title cmsmasters_row_top_default cmsmasters_row_bot_default cmsmasters_row_boxed\">\n<div class=\"cmsmasters_row_outer_parent\">\n<div class=\"cmsmasters_row_outer\">\n<div class=\"cmsmasters_row_inner\">\n<div class=\"cmsmasters_row_margin\">\n<div class=\"cmsmasters_column one_first\">\n<div class=\"cmsmasters_text\">\n<h2>Las caracter\u00edsticas\u00a0<span style=\"color: #f1363d;\">t\u00e9cnicas<\/span><\/h2>\n<\/div>\n<\/div>\n<\/div>\n<\/div>\n<\/div>\n<\/div>\n<\/div>\n<div id=\"cmsmasters_row_69d1642a40af5\" class=\"cmsmasters_row cmsmasters_color_scheme_default cmsmasters_row_top_default cmsmasters_row_bot_default cmsmasters_row_boxed\">\n<div class=\"cmsmasters_row_outer_parent\">\n<div class=\"cmsmasters_row_outer\">\n<div class=\"cmsmasters_row_inner\">\n<div class=\"cmsmasters_row_margin\">\n<div class=\"cmsmasters_column one_first\">\n<div class=\"cmsmasters_text\">\n<div class=\"caracteristique-tech-produit\">\n<div class=\"row-table\">\n<div class=\"heading-table\">Mecanicas<\/div>\n<div class=\"label-table\">Altura<\/div>\n<div class=\"description-table\">4 metros<\/div>\n<div class=\"label-table\">Abatible<\/div>\n<div class=\"description-table\">Fijo o abatible<\/div>\n<div class=\"label-table\">Protecci\u00f3n<\/div>\n<div class=\"description-table\">Acero galvanizado<\/div>\n<div class=\"label-table\">Pintura<\/div>\n<div class=\"description-table\">Blanco<\/div>\n<div class=\"label-table\">Fijaci\u00f3n<\/div>\n<div class=\"description-table\">Con hierro &#8220;U&#8221;<\/div>\n<div class=\"label-table\">Veleta<\/div>\n<div class=\"description-table\">Di\u00e1metro 30 cm<br \/>\nDi\u00e1metro 40 cm<br \/>\nDi\u00e1metro 50 cm<\/div>\n<div class=\"label-table\">Tirantes de fijaci\u00f3n<\/div>\n<div class=\"description-table\">3 x 120 cm<\/div>\n<div class=\"label-table\">Z\u00f3calo de hormig\u00f3n<\/div>\n<div class=\"description-table\">600 x 600 x 800 mm<\/div>\n<\/div>\n<div class=\"row-table\">\n<div class=\"heading-table\">ENTORNO<\/div>\n<div class=\"label-table\">Humedad<\/div>\n<div class=\"description-table\">100%<\/div>\n<div class=\"label-table\">Helada<\/div>\n<div class=\"description-table\">-60\u00b0C<\/div>\n<div class=\"label-table\">Velocidad del viento<\/div>\n<div class=\"description-table\">160 Km\/h<\/div>\n<\/div>\n<div class=\"row-table\">\n<div class=\"heading-table\">CERTIFICACIONES<\/div>\n<div class=\"label-table\">CE<\/div>\n<div class=\"description-table\">EN60947-1<br \/>\nCEI60364, NF C15-100<br \/>\n2014 \/ 35 \/ UE<\/div>\n<div class=\"label-table\">OACI<\/div>\n<div class=\"description-table\">Conforme<\/div>\n<div class=\"label-table\">Calidad<\/div>\n<div class=\"description-table\">ISO 9001 ; 2008<\/div>\n<\/div>\n<div class=\"row-table\">\n<div class=\"heading-table\">Garantia<\/div>\n<div class=\"label-table\">Periodo de garant\u00eda<\/div>\n<div class=\"description-table\">1 a\u00f1o<\/div>\n<\/div>\n<\/div>\n<\/div>\n<\/div>\n<\/div>\n<\/div>\n<\/div>\n<\/div>\n<\/div>\n<div id=\"cmsmasters_row_69d1642a40c78\" class=\"cmsmasters_row cmsmasters_color_scheme_default cmsmasters_row_top_default cmsmasters_row_bot_default cmsmasters_row_boxed\">\n<div class=\"cmsmasters_row_outer_parent\">\n<div class=\"cmsmasters_row_outer\">\n<div class=\"cmsmasters_row_inner\">\n<div class=\"cmsmasters_row_margin\">\n<div class=\"cmsmasters_column one_half\">\n<div class=\"cmsmasters_text label-schema-produits\">\n<p>Dimensiones<\/p>\n<\/div>\n<div class=\"cmsmasters_img  cmsmasters_image_n\">\n<img src=\"https:\/\/www.delta-box.com\/es\/wp-content\/uploads\/sites\/3\/2016\/10\/delta-box_mastiles-indicadores-de-viento-dimensions-01.png\" alt=\"delta-box_mastiles-indicadores-de-viento-dimensions-01\" \/>\n<\/div>\n<div class=\"cmsmasters_img  cmsmasters_image_n\">\n<img src=\"https:\/\/www.delta-box.com\/es\/wp-content\/uploads\/sites\/3\/2016\/10\/delta-box_mastiles-indicadores-de-viento-dimensions-03.png\" alt=\"delta-box_mastiles-indicadores-de-viento-dimensions-03\" \/>\n<\/div>\n<\/div>\n<div class=\"cmsmasters_column one_half space-top-col-product\">\n<div class=\"cmsmasters_img  cmsmasters_image_n\">\n<img src=\"https:\/\/www.delta-box.com\/es\/wp-content\/uploads\/sites\/3\/2016\/10\/delta-box_mastiles-indicadores-de-viento-dimensions-02.jpg\" alt=\"delta-box_mastiles-indicadores-de-viento-dimensions-02\" \/>\n<\/div>\n<\/div>\n<\/div>\n<\/div>\n<\/div>\n<\/div>\n<\/div>\n<div id=\"cmsmasters_row_69d1642a41b6c\" class=\"cmsmasters_row cmsmasters_color_scheme_default cmsmasters_row_top_default cmsmasters_row_bot_default cmsmasters_row_boxed\">\n<div class=\"cmsmasters_row_outer_parent\">\n<div class=\"cmsmasters_row_outer\">\n<div class=\"cmsmasters_row_inner\">\n<div class=\"cmsmasters_row_margin\">\n<div class=\"cmsmasters_column one_first\">\n<div class=\"cmsmasters_text\">\n<div class=\"row-accessoires-produits\">\n<div class=\"accessoires-description\">\n<h4>Accesorios disponibles de instalacion<\/h4>\n<p>Manga de viento<\/p>\n<\/div>\n<\/div>\n<\/div>\n<\/div>\n<\/div>\n<\/div>\n<\/div>\n<\/div>\n<\/div>\n<div id=\"cmsmasters_row_69d1642a41c0a\" class=\"cmsmasters_row cmsmasters_color_scheme_default cmsmasters_row_top_default cmsmasters_row_bot_default cmsmasters_row_boxed\">\n<div class=\"cmsmasters_row_outer_parent\">\n<div class=\"cmsmasters_row_outer\">\n<div class=\"cmsmasters_row_inner\">\n<div class=\"cmsmasters_row_margin\">\n<div class=\"cmsmasters_column one_first\">\n<div class=\"cmsmasters_text cta-download\">\n<p><a href=\"https:\/\/www.delta-box.com\/es\/wp-content\/uploads\/sites\/3\/2021\/03\/Mastil-simplificado.pdf\" target=\"_blank\" rel=\"nofollow noopener noreferrer\">Descargar la ficha producto<\/a><\/p>\n<\/div>\n<\/div>\n<\/div>\n<\/div>\n<\/div>\n<\/div>\n<\/div>\n","protected":false},"excerpt":{"rendered":"","protected":false},"author":1,"featured_media":0,"parent":0,"menu_order":0,"comment_status":"closed","ping_status":"closed","template":"page-produits.php","meta":[],"yoast_head":"<!-- This site is optimized with the Yoast SEO plugin v15.2 - https:\/\/yoast.com\/wordpress\/plugins\/seo\/ -->\n<title>M\u00e1stiles indicadores de viento | Delta Box<\/title>\n<meta name=\"description\" content=\"Delta Box es fabricante de M\u00e1stiles indicadores de viento, m\u00e1stiles, veleta, mangas de viento,\u2026 de fabricaci\u00f3n francesa. Descubre nuestro cat\u00e1logo en l\u00ednea.\" \/>\n<meta name=\"robots\" content=\"index, follow, max-snippet:-1, max-image-preview:large, max-video-preview:-1\" \/>\n<link rel=\"canonical\" href=\"https:\/\/www.delta-box.com\/es\/balizaje\/mastiles-indicadores-de-viento\/\" \/>\n<meta property=\"og:locale\" content=\"es_ES\" \/>\n<meta property=\"og:type\" content=\"article\" \/>\n<meta property=\"og:title\" content=\"M\u00e1stiles indicadores de viento | Delta Box\" \/>\n<meta property=\"og:description\" content=\"Delta Box es fabricante de M\u00e1stiles indicadores de viento, m\u00e1stiles, veleta, mangas de viento,\u2026 de fabricaci\u00f3n francesa. Descubre nuestro cat\u00e1logo en l\u00ednea.\" \/>\n<meta property=\"og:url\" content=\"https:\/\/www.delta-box.com\/es\/balizaje\/mastiles-indicadores-de-viento\/\" \/>\n<meta property=\"og:site_name\" content=\"DeltaBox (ES)\" \/>\n<meta property=\"article:modified_time\" content=\"2021-03-15T17:18:48+00:00\" \/>\n<meta property=\"og:image\" content=\"http:\/\/www.delta-box.com\/es\/wp-content\/uploads\/sites\/3\/2017\/08\/delta-box_balizaje_picto-balizaje-aeropuerto-y-helipuerto.png\" \/>\n<meta name=\"twitter:card\" content=\"summary_large_image\" \/>\n<meta name=\"twitter:label1\" value=\"Escrito por\">\n\t<meta name=\"twitter:data1\" value=\"IkadiaDeltaBox\">\n\t<meta name=\"twitter:label2\" value=\"Tiempo de lectura\">\n\t<meta name=\"twitter:data2\" value=\"3 minutos\">\n<script type=\"application\/ld+json\" class=\"yoast-schema-graph\">{\"@context\":\"https:\/\/schema.org\",\"@graph\":[{\"@type\":\"WebSite\",\"@id\":\"https:\/\/www.delta-box.com\/es\/#website\",\"url\":\"https:\/\/www.delta-box.com\/es\/\",\"name\":\"DeltaBox (ES)\",\"description\":\"Un site utilisant WordPress\",\"potentialAction\":[{\"@type\":\"SearchAction\",\"target\":\"https:\/\/www.delta-box.com\/es\/?s={search_term_string}\",\"query-input\":\"required name=search_term_string\"}],\"inLanguage\":\"es\"},{\"@type\":\"ImageObject\",\"@id\":\"https:\/\/www.delta-box.com\/es\/balizaje\/mastiles-indicadores-de-viento\/#primaryimage\",\"inLanguage\":\"es\",\"url\":\"http:\/\/www.delta-box.com\/es\/wp-content\/uploads\/sites\/3\/2017\/08\/delta-box_balizaje_picto-balizaje-aeropuerto-y-helipuerto.png\"},{\"@type\":\"WebPage\",\"@id\":\"https:\/\/www.delta-box.com\/es\/balizaje\/mastiles-indicadores-de-viento\/#webpage\",\"url\":\"https:\/\/www.delta-box.com\/es\/balizaje\/mastiles-indicadores-de-viento\/\",\"name\":\"M\\u00e1stiles indicadores de viento | Delta Box\",\"isPartOf\":{\"@id\":\"https:\/\/www.delta-box.com\/es\/#website\"},\"primaryImageOfPage\":{\"@id\":\"https:\/\/www.delta-box.com\/es\/balizaje\/mastiles-indicadores-de-viento\/#primaryimage\"},\"datePublished\":\"2016-10-21T08:06:05+00:00\",\"dateModified\":\"2021-03-15T17:18:48+00:00\",\"description\":\"Delta Box es fabricante de M\\u00e1stiles indicadores de viento, m\\u00e1stiles, veleta, mangas de viento,\\u2026 de fabricaci\\u00f3n francesa. Descubre nuestro cat\\u00e1logo en l\\u00ednea.\",\"breadcrumb\":{\"@id\":\"https:\/\/www.delta-box.com\/es\/balizaje\/mastiles-indicadores-de-viento\/#breadcrumb\"},\"inLanguage\":\"es\",\"potentialAction\":[{\"@type\":\"ReadAction\",\"target\":[\"https:\/\/www.delta-box.com\/es\/balizaje\/mastiles-indicadores-de-viento\/\"]}]},{\"@type\":\"BreadcrumbList\",\"@id\":\"https:\/\/www.delta-box.com\/es\/balizaje\/mastiles-indicadores-de-viento\/#breadcrumb\",\"itemListElement\":[{\"@type\":\"ListItem\",\"position\":1,\"item\":{\"@type\":\"WebPage\",\"@id\":\"https:\/\/www.delta-box.com\/es\/\",\"url\":\"https:\/\/www.delta-box.com\/es\/\",\"name\":\"Inicio\"}},{\"@type\":\"ListItem\",\"position\":2,\"item\":{\"@type\":\"WebPage\",\"@id\":\"https:\/\/www.delta-box.com\/es\/balizaje\/mastiles-indicadores-de-viento\/\",\"url\":\"https:\/\/www.delta-box.com\/es\/balizaje\/mastiles-indicadores-de-viento\/\",\"name\":\"M\\u00e1stiles indicadores de viento simplificados\"}}]}]}<\/script>\n<!-- \/ Yoast SEO plugin. -->","_links":{"self":[{"href":"https:\/\/www.delta-box.com\/es\/wp-json\/wp\/v2\/pages\/7696"}],"collection":[{"href":"https:\/\/www.delta-box.com\/es\/wp-json\/wp\/v2\/pages"}],"about":[{"href":"https:\/\/www.delta-box.com\/es\/wp-json\/wp\/v2\/types\/page"}],"author":[{"embeddable":true,"href":"https:\/\/www.delta-box.com\/es\/wp-json\/wp\/v2\/users\/1"}],"replies":[{"embeddable":true,"href":"https:\/\/www.delta-box.com\/es\/wp-json\/wp\/v2\/comments?post=7696"}],"version-history":[{"count":29,"href":"https:\/\/www.delta-box.com\/es\/wp-json\/wp\/v2\/pages\/7696\/revisions"}],"predecessor-version":[{"id":9727,"href":"https:\/\/www.delta-box.com\/es\/wp-json\/wp\/v2\/pages\/7696\/revisions\/9727"}],"wp:attachment":[{"href":"https:\/\/www.delta-box.com\/es\/wp-json\/wp\/v2\/media?parent=7696"}],"curies":[{"name":"wp","href":"https:\/\/api.w.org\/{rel}","templated":true}]}}