{"id":7691,"date":"2016-10-21T10:00:22","date_gmt":"2016-10-21T08:00:22","guid":{"rendered":"http:\/\/www.delta-box.com\/es\/?page_id=7691"},"modified":"2021-03-15T18:18:11","modified_gmt":"2021-03-15T17:18:11","slug":"mats-indicateurs-de-vents-faa","status":"publish","type":"page","link":"https:\/\/www.delta-box.com\/es\/balizaje\/mastiles-indicadores-de-viento-faa\/","title":{"rendered":"M\u00e1stiles indicadores de viento FAA"},"content":{"rendered":"<style type=\"text\/css\"> \n#cmsmasters_row_69e8010682c4b .cmsmasters_row_outer_parent { \n\tpadding-top: 0px; \n} \n\n#cmsmasters_row_69e8010682c4b .cmsmasters_row_outer_parent { \n\tpadding-bottom: 10px; \n} \n\n \n#cmsmasters_heading_69e8010682cba { \n\ttext-align:left; \n\tmargin-top:0px; \n\tmargin-bottom:0px; \n} \n\n#cmsmasters_heading_69e8010682cba .cmsmasters_heading { \n\ttext-align:left; \n} \n\n#cmsmasters_heading_69e8010682cba .cmsmasters_heading, #cmsmasters_heading_69e8010682cba .cmsmasters_heading a { \n\tfont-family:'Montserrat'; \n\tfont-size:15px; \n\tfont-weight:600; \n\tfont-style:normal; \n\tcolor:#f84e57;\n} \n\n#cmsmasters_heading_69e8010682cba .cmsmasters_heading_divider { \n} \n\n \n#cmsmasters_heading_69e8010682cf7 { \n\ttext-align:left; \n\tmargin-top:0px; \n\tmargin-bottom:20px; \n} \n\n#cmsmasters_heading_69e8010682cf7 .cmsmasters_heading { \n\ttext-align:left; \n} \n\n#cmsmasters_heading_69e8010682cf7 .cmsmasters_heading, #cmsmasters_heading_69e8010682cf7 .cmsmasters_heading a { \n\tfont-size:20px; \n\tfont-weight:600; \n\tfont-style:normal; \n\tcolor:#454545;\n} \n\n#cmsmasters_heading_69e8010682cf7 .cmsmasters_heading_divider { \n} \n\n \n#cmsmasters_row_69e8010682d17 .cmsmasters_row_outer_parent { \n\tpadding-top: 0px; \n} \n\n#cmsmasters_row_69e8010682d17 .cmsmasters_row_outer_parent { \n\tpadding-bottom: 10px; \n} \n\n \n#cmsmasters_row_69e801068391d .cmsmasters_row_outer_parent { \n\tpadding-top: 30px; \n} \n\n#cmsmasters_row_69e801068391d .cmsmasters_row_outer_parent { \n\tpadding-bottom: 10px; \n} \n\n \n#cmsmasters_row_69e801068396a .cmsmasters_row_outer_parent { \n\tpadding-top: 0px; \n} \n\n#cmsmasters_row_69e801068396a .cmsmasters_row_outer_parent { \n\tpadding-bottom: 0px; \n} \n\n \n#cmsmasters_row_69e80106839b9 .cmsmasters_row_outer_parent { \n\tpadding-top: 0px; \n} \n\n#cmsmasters_row_69e80106839b9 .cmsmasters_row_outer_parent { \n\tpadding-bottom: 0px; \n} \n\n \n#cmsmasters_row_69e8010683a27 .cmsmasters_row_outer_parent { \n\tpadding-top: 30px; \n} \n\n#cmsmasters_row_69e8010683a27 .cmsmasters_row_outer_parent { \n\tpadding-bottom: 10px; \n} \n\n \n#cmsmasters_row_69e8010683a71 .cmsmasters_row_outer_parent { \n\tpadding-top: 0px; \n} \n\n#cmsmasters_row_69e8010683a71 .cmsmasters_row_outer_parent { \n\tpadding-bottom: 50px; \n} \n\n \n#cmsmasters_row_69e8010683c30 .cmsmasters_row_outer_parent { \n\tpadding-top: 0px; \n} \n\n#cmsmasters_row_69e8010683c30 .cmsmasters_row_outer_parent { \n\tpadding-bottom: 50px; \n} \n\n \n#cmsmasters_row_69e80106846cf .cmsmasters_row_outer_parent { \n\tpadding-top: 0px; \n} \n\n#cmsmasters_row_69e80106846cf .cmsmasters_row_outer_parent { \n\tpadding-bottom: 50px; \n} \n\n \n#cmsmasters_row_69e8010684754 .cmsmasters_row_outer_parent { \n\tpadding-top: 0px; \n} \n\n#cmsmasters_row_69e8010684754 .cmsmasters_row_outer_parent { \n\tpadding-bottom: 50px; \n} \n\n<\/style><div id=\"cmsmasters_row_69e8010682c4b\" class=\"cmsmasters_row cmsmasters_color_scheme_default general-title cmsmasters_row_top_default cmsmasters_row_bot_default cmsmasters_row_boxed\">\n<div class=\"cmsmasters_row_outer_parent\">\n<div class=\"cmsmasters_row_outer\">\n<div class=\"cmsmasters_row_inner\">\n<div class=\"cmsmasters_row_margin\">\n<div class=\"cmsmasters_column one_first\">\n\n<div id=\"cmsmasters_heading_69e8010682cba\" class=\"cmsmasters_heading_wrap cmsmasters_heading_align_left\">\n\t<h3 class=\"cmsmasters_heading\">Productos<\/h3>\n<\/div>\n<div id=\"cmsmasters_heading_69e8010682cf7\" class=\"cmsmasters_heading_wrap cmsmasters_heading_align_left\">\n\t<h1 class=\"cmsmasters_heading\">M\u00e1stiles indicadores de viento FAA<\/h1>\n<\/div>\n<\/div>\n<\/div>\n<\/div>\n<\/div>\n<\/div>\n<\/div>\n<div id=\"cmsmasters_row_69e8010682d17\" class=\"cmsmasters_row cmsmasters_color_scheme_default cmsmasters_row_top_default cmsmasters_row_bot_default cmsmasters_row_boxed\">\n<div class=\"cmsmasters_row_outer_parent\">\n<div class=\"cmsmasters_row_outer\">\n<div class=\"cmsmasters_row_inner\">\n<div class=\"cmsmasters_row_margin\">\n<div class=\"cmsmasters_column one_third\">\n<div class=\"cmsmasters_content_slider_wrap\" style=\"max-width:px;\">\n<script type=\"text\/javascript\">jQuery(document).ready(function () { jQuery(\"#cmsmasters_slider_69e8010682dc4.cmsmasters_content_slider\").owlCarousel( { singleItem : true, transitionStyle: false, rewindSpeed : 1000, slideSpeed : 600, autoHeight : true, paginationSpeed : \t600, autoPlay : 7000,navigationText : \t[ \"<span class=\\\"cmsmasters_prev_arrow\\\"><span><\/span><\/span>\", \"<span class=\\\"cmsmasters_next_arrow\\\"><span><\/span><\/span>\" ] } );} );<\/script>\n<div id=\"cmsmasters_slider_69e8010682dc4\" class=\"cmsmasters_content_slider cmsmasters_owl_slider owl-carousel\">\n<div class=\"cmsmasters_content_slider_item\"><img width=\"524\" height=\"560\" src=\"https:\/\/www.delta-box.com\/es\/wp-content\/uploads\/sites\/3\/2016\/10\/delta-box_balizaje_mastiles-indicadores-de-viento-faa-1.jpg\" class=\"attachment-full size-full\" alt=\"delta-box_balizaje_mastiles-indicadores-de-viento-faa-1\" loading=\"lazy\" srcset=\"https:\/\/www.delta-box.com\/es\/wp-content\/uploads\/sites\/3\/2016\/10\/delta-box_balizaje_mastiles-indicadores-de-viento-faa-1.jpg 524w, https:\/\/www.delta-box.com\/es\/wp-content\/uploads\/sites\/3\/2016\/10\/delta-box_balizaje_mastiles-indicadores-de-viento-faa-1-281x300.jpg 281w\" sizes=\"(max-width: 524px) 100vw, 524px\" \/><\/div><div class=\"cmsmasters_content_slider_item\"><img width=\"524\" height=\"560\" src=\"https:\/\/www.delta-box.com\/es\/wp-content\/uploads\/sites\/3\/2016\/10\/delta-box_balizaje_mastiles-indicadores-de-viento-faa-2.jpg\" class=\"attachment-full size-full\" alt=\"delta-box_balizaje_mastiles-indicadores-de-viento-faa-2\" loading=\"lazy\" srcset=\"https:\/\/www.delta-box.com\/es\/wp-content\/uploads\/sites\/3\/2016\/10\/delta-box_balizaje_mastiles-indicadores-de-viento-faa-2.jpg 524w, https:\/\/www.delta-box.com\/es\/wp-content\/uploads\/sites\/3\/2016\/10\/delta-box_balizaje_mastiles-indicadores-de-viento-faa-2-281x300.jpg 281w\" sizes=\"(max-width: 524px) 100vw, 524px\" \/><\/div><div class=\"cmsmasters_content_slider_item\"><img width=\"524\" height=\"560\" src=\"https:\/\/www.delta-box.com\/es\/wp-content\/uploads\/sites\/3\/2016\/10\/delta-box_balizaje_mastiles-indicadores-de-viento-faa-3.jpg\" class=\"attachment-full size-full\" alt=\"delta-box_balizaje_mastiles-indicadores-de-viento-faa-3\" loading=\"lazy\" srcset=\"https:\/\/www.delta-box.com\/es\/wp-content\/uploads\/sites\/3\/2016\/10\/delta-box_balizaje_mastiles-indicadores-de-viento-faa-3.jpg 524w, https:\/\/www.delta-box.com\/es\/wp-content\/uploads\/sites\/3\/2016\/10\/delta-box_balizaje_mastiles-indicadores-de-viento-faa-3-281x300.jpg 281w\" sizes=\"(max-width: 524px) 100vw, 524px\" \/><\/div><\/div>\n<\/div>\n<\/div>\n<div class=\"cmsmasters_column two_third\">\n<div class=\"cmsmasters_text general-list\">\n<p>Nuestros m\u00e1stiles indicadores de viento FAA abatibles de color naranja se declinan en varias versiones:<\/p>\n<ul>\n<li>Con veleta preformada di\u00e1metro 30, 45, 60, 90 o 100cm<\/li>\n<li>Con una altura de 3 o 6 metros<\/li>\n<li>Con \u00fanicamente un sistema de iluminaci\u00f3n exterior de la manga de viento una iluminaci\u00f3n completa incluyendo adem\u00e1s la baliza para la cumbre del m\u00e1stil.<\/li>\n<li>Con varias tensiones de alimentaci\u00f3n: 24-48V continua, de 110 a 240V alterna, sobre circuito de corriente 6.6 Amperios o tambi\u00e9n con su alimentaci\u00f3n solar completa.<\/li>\n<\/ul>\n<p>Nuestras iluminaciones de manga de viento y balizas Baja Intensidad LEDEO para la cumbre de los m\u00e1stiles funcionan con luces LEDs.<br \/>\nEsta tecnolog\u00eda nos permite proponer Balizas Media Intensidad con una vida \u00fatil importante (100 000 horas), robusto, estanco (IP66), y bajo consumo.<\/p>\n<\/div>\n<\/div>\n<\/div>\n<\/div>\n<\/div>\n<\/div>\n<\/div>\n<div id=\"cmsmasters_row_69e801068391d\" class=\"cmsmasters_row cmsmasters_color_scheme_default general-title cmsmasters_row_top_default cmsmasters_row_bot_default cmsmasters_row_boxed\">\n<div class=\"cmsmasters_row_outer_parent\">\n<div class=\"cmsmasters_row_outer\">\n<div class=\"cmsmasters_row_inner\">\n<div class=\"cmsmasters_row_margin\">\n<div class=\"cmsmasters_column one_first\">\n<div class=\"cmsmasters_text\">\n<h2>Los diferentes <span style=\"color: #f1363d;\">\u00e1mbitos de aplicaci\u00f3n<\/span><\/h2>\n<\/div>\n<\/div>\n<\/div>\n<\/div>\n<\/div>\n<\/div>\n<\/div>\n<div id=\"cmsmasters_row_69e801068396a\" class=\"cmsmasters_row cmsmasters_color_scheme_default cmsmasters_row_top_default cmsmasters_row_bot_default cmsmasters_row_boxed\">\n<div class=\"cmsmasters_row_outer_parent\">\n<div class=\"cmsmasters_row_outer\">\n<div class=\"cmsmasters_row_inner\">\n<div class=\"cmsmasters_row_margin\">\n<div class=\"cmsmasters_column one_first\">\n<div class=\"cmsmasters_text\">\n<p>Nuestros m\u00e1stiles indicadores de viento FAA est\u00e1n conformes con la reglamentaci\u00f3n para la navegaci\u00f3n a\u00e9rea y pueden estar instalados en el suelo como en edificio o tambi\u00e9n en fachadas gracias a las opciones que proponemos.<\/p>\n<p>Para una soluci\u00f3n completa, Delta Box propone tambi\u00e9n con el m\u00e1stil indicador de viento ICAO\/STNA las <a href=\"http:\/\/www.delta-box.com\/es\/balizaje\/manga-de-viento\/\">mangas de viento<\/a> de color naranja correspondientes.<\/p>\n<\/div>\n<\/div>\n<\/div>\n<\/div>\n<\/div>\n<\/div>\n<\/div>\n<div id=\"cmsmasters_row_69e80106839b9\" class=\"cmsmasters_row cmsmasters_color_scheme_default cmsmasters_row_top_default cmsmasters_row_bot_default cmsmasters_row_boxed\">\n<div class=\"cmsmasters_row_outer_parent\">\n<div class=\"cmsmasters_row_outer\">\n<div class=\"cmsmasters_row_inner\">\n<div class=\"cmsmasters_row_margin\">\n<div class=\"cmsmasters_column one_first\">\n<div class=\"cmsmasters_text\">\n<div class=\"row-produit-app-col\">\n<div class=\"produit-app-col\"><a href=\"http:\/\/www.delta-box.com\/es\/aplicaciones\/balizaje-aeropuerto\/\"><img loading=\"lazy\" class=\"alignnone\" src=\"http:\/\/www.delta-box.com\/es\/wp-content\/uploads\/sites\/3\/2017\/08\/delta-box_balizaje_picto-balizaje-aeropuerto-y-helipuerto.png\" alt=\"delta-box_balizaje_picto-balizaje-aeropuerto-y-helipuerto\" width=\"120\" height=\"120\" \/><\/a><\/div>\n<div class=\"produit-app-col\"><a href=\"http:\/\/www.delta-box.com\/es\/aplicaciones\/balizaje-aereo-de-edificios\/\"><img src=\"http:\/\/www.delta-box.com\/es\/wp-content\/uploads\/sites\/3\/2017\/08\/delta-box_balizaje_picto-balizaje-aereo-de-edificios.png\" alt=\"delta-box_balizaje_picto-balizaje-aereo-de-edificios\" \/><\/a><\/div>\n<div class=\"produit-app-col\"><a href=\"http:\/\/www.delta-box.com\/es\/aplicaciones\/balizaje-aereo-para-chimeneas\/\"><img src=\"http:\/\/www.delta-box.com\/es\/wp-content\/uploads\/sites\/3\/2017\/08\/delta-box_balizaje_picto-balizaje-aereo-para-chimeneas.png\" alt=\"delta-box_balizaje_picto-balizaje-aereo-para-chimeneas.png\" \/><\/a><\/div>\n<\/div>\n<\/div>\n<\/div>\n<\/div>\n<\/div>\n<\/div>\n<\/div>\n<\/div>\n<div id=\"cmsmasters_row_69e8010683a27\" class=\"cmsmasters_row cmsmasters_color_scheme_default general-title cmsmasters_row_top_default cmsmasters_row_bot_default cmsmasters_row_boxed\">\n<div class=\"cmsmasters_row_outer_parent\">\n<div class=\"cmsmasters_row_outer\">\n<div class=\"cmsmasters_row_inner\">\n<div class=\"cmsmasters_row_margin\">\n<div class=\"cmsmasters_column one_first\">\n<div class=\"cmsmasters_text\">\n<h2>Las caracter\u00edsticas <span style=\"color: #f1363d;\">t\u00e9cnicas<\/span><\/h2>\n<\/div>\n<\/div>\n<\/div>\n<\/div>\n<\/div>\n<\/div>\n<\/div>\n<div id=\"cmsmasters_row_69e8010683a71\" class=\"cmsmasters_row cmsmasters_color_scheme_default cmsmasters_row_top_default cmsmasters_row_bot_default cmsmasters_row_boxed\">\n<div class=\"cmsmasters_row_outer_parent\">\n<div class=\"cmsmasters_row_outer\">\n<div class=\"cmsmasters_row_inner\">\n<div class=\"cmsmasters_row_margin\">\n<div class=\"cmsmasters_column one_first\">\n<div class=\"cmsmasters_text\">\n<div class=\"caracteristique-tech-produit\">\n<div class=\"row-table\">\n<div class=\"heading-table\">Luminosas<\/div>\n<div class=\"label-table\">Fuente de luz<\/div>\n<div class=\"description-table\">LEDS<\/div>\n<div class=\"label-table\">Color<\/div>\n<div class=\"description-table\">Rojo<\/div>\n<div class=\"label-table\">Apertura del haz horizontal<\/div>\n<div class=\"description-table\">360\u00b0<\/div>\n<div class=\"label-table\">Apertura del haz vertical<\/div>\n<div class=\"description-table\">10\u00b0<\/div>\n<div class=\"label-table\">Intensidad efectiva<\/div>\n<div class=\"description-table\">&gt; 10 Cd<\/div>\n<div class=\"label-table\">Vida \u00fatil<\/div>\n<div class=\"description-table\">100 000 Horas<\/div>\n<\/div>\n<div class=\"row-table\">\n<div class=\"heading-table\">Electricas<\/div>\n<div class=\"label-table\">Tensi\u00f3n de alimentaci\u00f3n<\/div>\n<div class=\"description-table\">6.6A \/ 230V \/ 12V (Solar)<\/div>\n<div class=\"label-table\">Temperatura de funcionamiento<\/div>\n<div class=\"description-table\">-55\u00b0C hasta +55\u00b0C<\/div>\n<div class=\"label-table\">Consumo de energ\u00eda<\/div>\n<div class=\"description-table\">3 Vatios (balizaje de obst\u00e1culo)<br \/>\n30 Vatios (iluminaci\u00f3n exterior)<\/div>\n<div class=\"label-table\">Grado de protecci\u00f3n<\/div>\n<div class=\"description-table\">IP66<\/div>\n<\/div>\n<div class=\"row-table\">\n<div class=\"heading-table\">Mecanicas<\/div>\n<div class=\"label-table\">Altura<\/div>\n<div class=\"description-table\">3 o 6 metros<\/div>\n<div class=\"label-table\">Modelo abatible<\/div>\n<div class=\"description-table\">Pie (3m) \/ Medio (6m)<\/div>\n<div class=\"label-table\">Protecci\u00f3n<\/div>\n<div class=\"description-table\">Acero galvanizado<\/div>\n<div class=\"label-table\">Pintura<\/div>\n<div class=\"description-table\">Naranja<\/div>\n<div class=\"label-table\">Fijaci\u00f3n<\/div>\n<div class=\"description-table\">Z\u00f3calo de hormig\u00f3n<\/div>\n<div class=\"label-table\">Veleta<\/div>\n<div class=\"description-table\">30 \/ 60 \/ 90 cm<\/div>\n<div class=\"label-table\">Tirantes de fijaci\u00f3n<\/div>\n<div class=\"description-table\">Non<\/div>\n<div class=\"label-table\">Z\u00f3calo de hormig\u00f3n<\/div>\n<div class=\"description-table\">600 x 600 x 800 mm<\/div>\n<\/div>\n<div class=\"row-table\">\n<div class=\"heading-table\">Entorno<\/div>\n<div class=\"label-table\">Humedad<\/div>\n<div class=\"description-table\">100%<\/div>\n<div class=\"label-table\">Helada<\/div>\n<div class=\"description-table\">-60\u00b0C<\/div>\n<div class=\"label-table\">Velocidad del viento<\/div>\n<div class=\"description-table\">240 Km\/h<\/div>\n<\/div>\n<div class=\"row-table\">\n<div class=\"heading-table\">Certificaciones<\/div>\n<div class=\"label-table\">FAA<\/div>\n<div class=\"description-table\">Conforme<\/div>\n<div class=\"label-table\">Calidad<\/div>\n<div class=\"description-table\">ISO 9001 ; 2008<\/div>\n<\/div>\n<div class=\"row-table\">\n<div class=\"heading-table\">Garantia<\/div>\n<div class=\"label-table\">Per\u00edodo de garant\u00eda<\/div>\n<div class=\"description-table\">1 a\u00f1o<\/div>\n<\/div>\n<div class=\"row-table\">\n<div class=\"heading-table\">Opciones<\/div>\n<div class=\"label-table\">Platillo espec\u00edfico para un m\u00e1stil base abatible<\/div>\n<div class=\"description-table description-check\"><\/div>\n<div class=\"label-table\">Balizaje en la cumbre del m\u00e1stil<\/div>\n<div class=\"description-table description-check\"><\/div>\n<div class=\"label-table\">Ilumincaci\u00f3n exterior de la veleta (240V o 6.6A)<\/div>\n<div class=\"description-table description-check\"><\/div>\n<div class=\"label-table\">Pintura del m\u00e1stil<\/div>\n<div class=\"description-table description-check\"><\/div>\n<div class=\"label-table\">Frangibilidad del m\u00e1stil<\/div>\n<div class=\"description-table description-check\"><\/div>\n<div class=\"label-table\">Alimentaci\u00f3n solar<\/div>\n<div class=\"description-table description-check\"><\/div>\n<div class=\"label-table\">Fabricaci\u00f3n de acero \/ aluminio \/ fibra de vidrio<\/div>\n<div class=\"description-table description-check\"><\/div>\n<\/div>\n<\/div>\n<\/div>\n<\/div>\n<\/div>\n<\/div>\n<\/div>\n<\/div>\n<\/div>\n<div id=\"cmsmasters_row_69e8010683c30\" class=\"cmsmasters_row cmsmasters_color_scheme_default cmsmasters_row_top_default cmsmasters_row_bot_default cmsmasters_row_boxed\">\n<div class=\"cmsmasters_row_outer_parent\">\n<div class=\"cmsmasters_row_outer\">\n<div class=\"cmsmasters_row_inner\">\n<div class=\"cmsmasters_row_margin\">\n<div class=\"cmsmasters_column one_fourth\">\n<div class=\"cmsmasters_text label-schema-produits\">\n<p>Dimensiones<\/p>\n<\/div>\n<div class=\"cmsmasters_img  cmsmasters_image_n\">\n<img src=\"https:\/\/www.delta-box.com\/es\/wp-content\/uploads\/sites\/3\/2016\/10\/delta-box_mastiles-indicadores-de-viento-faa-dimensions-03.jpg\" alt=\"delta-box_mastiles-indicadores-de-viento-faa-dimensions-03\" \/>\n<\/div>\n<\/div>\n<div class=\"cmsmasters_column one_fourth space-top-col-product\">\n<div class=\"cmsmasters_img  cmsmasters_image_n\">\n<img src=\"https:\/\/www.delta-box.com\/es\/wp-content\/uploads\/sites\/3\/2016\/10\/delta-box_mastiles-indicadores-de-viento-faa-dimensions-01.jpg\" alt=\"delta-box_mastiles-indicadores-de-viento-faa-dimensions-01\" \/>\n<\/div>\n<\/div>\n<div class=\"cmsmasters_column one_fourth space-top-col-product\">\n<div class=\"cmsmasters_img  cmsmasters_image_n\">\n<img src=\"https:\/\/www.delta-box.com\/es\/wp-content\/uploads\/sites\/3\/2016\/10\/delta-box_mastiles-indicadores-de-viento-faa-dimensions-02.jpg\" alt=\"delta-box_mastiles-indicadores-de-viento-faa-dimensions-02\" \/>\n<\/div>\n<\/div>\n<div class=\"cmsmasters_column one_fourth\">\n<\/div>\n<\/div>\n<\/div>\n<\/div>\n<\/div>\n<\/div>\n<div id=\"cmsmasters_row_69e80106846cf\" class=\"cmsmasters_row cmsmasters_color_scheme_default cmsmasters_row_top_default cmsmasters_row_bot_default cmsmasters_row_boxed\">\n<div class=\"cmsmasters_row_outer_parent\">\n<div class=\"cmsmasters_row_outer\">\n<div class=\"cmsmasters_row_inner\">\n<div class=\"cmsmasters_row_margin\">\n<div class=\"cmsmasters_column one_first\">\n<div class=\"cmsmasters_text\">\n<div class=\"row-accessoires-produits\">\n<div class=\"accessoires-description\">\n<h4>Accesorios disponibles de instalacion<\/h4>\n<p>Manga de viento, kit solar<\/p>\n<\/div>\n<\/div>\n<\/div>\n<\/div>\n<\/div>\n<\/div>\n<\/div>\n<\/div>\n<\/div>\n<div id=\"cmsmasters_row_69e8010684754\" class=\"cmsmasters_row cmsmasters_color_scheme_default cmsmasters_row_top_default cmsmasters_row_bot_default cmsmasters_row_boxed\">\n<div class=\"cmsmasters_row_outer_parent\">\n<div class=\"cmsmasters_row_outer\">\n<div class=\"cmsmasters_row_inner\">\n<div class=\"cmsmasters_row_margin\">\n<div class=\"cmsmasters_column one_first\">\n<div class=\"cmsmasters_text cta-download\">\n<p><a href=\"https:\/\/www.delta-box.com\/es\/wp-content\/uploads\/sites\/3\/2021\/03\/Mastil-FAA.pdf\" target=\"_blank\" rel=\"nofollow noopener noreferrer\">Descargar la ficha producto<\/a><\/p>\n<\/div>\n<\/div>\n<\/div>\n<\/div>\n<\/div>\n<\/div>\n<\/div>\n","protected":false},"excerpt":{"rendered":"","protected":false},"author":1,"featured_media":0,"parent":0,"menu_order":0,"comment_status":"closed","ping_status":"closed","template":"page-produits.php","meta":[],"yoast_head":"<!-- This site is optimized with the Yoast SEO plugin v15.2 - https:\/\/yoast.com\/wordpress\/plugins\/seo\/ -->\n<title>M\u00e1stiles indicadores de viento FAA | Delta Box<\/title>\n<meta name=\"description\" content=\"Delta Box es fabricante de M\u00e1stiles indicadores de viento FAA: m\u00e1stiles, veletas preformadas, iluminaci\u00f3n exterior de mangas de viento, baliza obst\u00e1culo\u2026\" \/>\n<meta name=\"robots\" content=\"index, follow, max-snippet:-1, max-image-preview:large, max-video-preview:-1\" \/>\n<link rel=\"canonical\" href=\"https:\/\/www.delta-box.com\/es\/balizaje\/mastiles-indicadores-de-viento-faa\/\" \/>\n<meta property=\"og:locale\" content=\"es_ES\" \/>\n<meta property=\"og:type\" content=\"article\" \/>\n<meta property=\"og:title\" content=\"M\u00e1stiles indicadores de viento FAA | Delta Box\" \/>\n<meta property=\"og:description\" content=\"Delta Box es fabricante de M\u00e1stiles indicadores de viento FAA: m\u00e1stiles, veletas preformadas, iluminaci\u00f3n exterior de mangas de viento, baliza obst\u00e1culo\u2026\" \/>\n<meta property=\"og:url\" content=\"https:\/\/www.delta-box.com\/es\/balizaje\/mastiles-indicadores-de-viento-faa\/\" \/>\n<meta property=\"og:site_name\" content=\"DeltaBox (ES)\" \/>\n<meta property=\"article:modified_time\" content=\"2021-03-15T17:18:11+00:00\" \/>\n<meta property=\"og:image\" content=\"http:\/\/www.delta-box.com\/es\/wp-content\/uploads\/sites\/3\/2017\/08\/delta-box_balizaje_picto-balizaje-aeropuerto-y-helipuerto.png\" \/>\n<meta name=\"twitter:card\" content=\"summary_large_image\" \/>\n<meta name=\"twitter:label1\" value=\"Escrito por\">\n\t<meta name=\"twitter:data1\" value=\"IkadiaDeltaBox\">\n\t<meta name=\"twitter:label2\" value=\"Tiempo de lectura\">\n\t<meta name=\"twitter:data2\" value=\"4 minutos\">\n<script type=\"application\/ld+json\" class=\"yoast-schema-graph\">{\"@context\":\"https:\/\/schema.org\",\"@graph\":[{\"@type\":\"WebSite\",\"@id\":\"https:\/\/www.delta-box.com\/es\/#website\",\"url\":\"https:\/\/www.delta-box.com\/es\/\",\"name\":\"DeltaBox (ES)\",\"description\":\"Un site utilisant WordPress\",\"potentialAction\":[{\"@type\":\"SearchAction\",\"target\":\"https:\/\/www.delta-box.com\/es\/?s={search_term_string}\",\"query-input\":\"required name=search_term_string\"}],\"inLanguage\":\"es\"},{\"@type\":\"ImageObject\",\"@id\":\"https:\/\/www.delta-box.com\/es\/balizaje\/mastiles-indicadores-de-viento-faa\/#primaryimage\",\"inLanguage\":\"es\",\"url\":\"http:\/\/www.delta-box.com\/es\/wp-content\/uploads\/sites\/3\/2017\/08\/delta-box_balizaje_picto-balizaje-aeropuerto-y-helipuerto.png\"},{\"@type\":\"WebPage\",\"@id\":\"https:\/\/www.delta-box.com\/es\/balizaje\/mastiles-indicadores-de-viento-faa\/#webpage\",\"url\":\"https:\/\/www.delta-box.com\/es\/balizaje\/mastiles-indicadores-de-viento-faa\/\",\"name\":\"M\\u00e1stiles indicadores de viento FAA | Delta Box\",\"isPartOf\":{\"@id\":\"https:\/\/www.delta-box.com\/es\/#website\"},\"primaryImageOfPage\":{\"@id\":\"https:\/\/www.delta-box.com\/es\/balizaje\/mastiles-indicadores-de-viento-faa\/#primaryimage\"},\"datePublished\":\"2016-10-21T08:00:22+00:00\",\"dateModified\":\"2021-03-15T17:18:11+00:00\",\"description\":\"Delta Box es fabricante de M\\u00e1stiles indicadores de viento FAA: m\\u00e1stiles, veletas preformadas, iluminaci\\u00f3n exterior de mangas de viento, baliza obst\\u00e1culo\\u2026\",\"breadcrumb\":{\"@id\":\"https:\/\/www.delta-box.com\/es\/balizaje\/mastiles-indicadores-de-viento-faa\/#breadcrumb\"},\"inLanguage\":\"es\",\"potentialAction\":[{\"@type\":\"ReadAction\",\"target\":[\"https:\/\/www.delta-box.com\/es\/balizaje\/mastiles-indicadores-de-viento-faa\/\"]}]},{\"@type\":\"BreadcrumbList\",\"@id\":\"https:\/\/www.delta-box.com\/es\/balizaje\/mastiles-indicadores-de-viento-faa\/#breadcrumb\",\"itemListElement\":[{\"@type\":\"ListItem\",\"position\":1,\"item\":{\"@type\":\"WebPage\",\"@id\":\"https:\/\/www.delta-box.com\/es\/\",\"url\":\"https:\/\/www.delta-box.com\/es\/\",\"name\":\"Inicio\"}},{\"@type\":\"ListItem\",\"position\":2,\"item\":{\"@type\":\"WebPage\",\"@id\":\"https:\/\/www.delta-box.com\/es\/balizaje\/mastiles-indicadores-de-viento-faa\/\",\"url\":\"https:\/\/www.delta-box.com\/es\/balizaje\/mastiles-indicadores-de-viento-faa\/\",\"name\":\"M\\u00e1stiles indicadores de viento FAA\"}}]}]}<\/script>\n<!-- \/ Yoast SEO plugin. -->","_links":{"self":[{"href":"https:\/\/www.delta-box.com\/es\/wp-json\/wp\/v2\/pages\/7691"}],"collection":[{"href":"https:\/\/www.delta-box.com\/es\/wp-json\/wp\/v2\/pages"}],"about":[{"href":"https:\/\/www.delta-box.com\/es\/wp-json\/wp\/v2\/types\/page"}],"author":[{"embeddable":true,"href":"https:\/\/www.delta-box.com\/es\/wp-json\/wp\/v2\/users\/1"}],"replies":[{"embeddable":true,"href":"https:\/\/www.delta-box.com\/es\/wp-json\/wp\/v2\/comments?post=7691"}],"version-history":[{"count":31,"href":"https:\/\/www.delta-box.com\/es\/wp-json\/wp\/v2\/pages\/7691\/revisions"}],"predecessor-version":[{"id":9726,"href":"https:\/\/www.delta-box.com\/es\/wp-json\/wp\/v2\/pages\/7691\/revisions\/9726"}],"wp:attachment":[{"href":"https:\/\/www.delta-box.com\/es\/wp-json\/wp\/v2\/media?parent=7691"}],"curies":[{"name":"wp","href":"https:\/\/api.w.org\/{rel}","templated":true}]}}