{"id":7683,"date":"2016-10-21T09:49:49","date_gmt":"2016-10-21T07:49:49","guid":{"rendered":"http:\/\/www.delta-box.com\/es\/?page_id=7683"},"modified":"2021-03-15T18:13:44","modified_gmt":"2021-03-15T17:13:44","slug":"balisagebalisage-aerien-led-haute-intensite","status":"publish","type":"page","link":"https:\/\/www.delta-box.com\/es\/balizaje\/balizaje-aereo-led-alta-intensidad\/","title":{"rendered":"Balizaje a\u00e9reo led alta intensidad"},"content":{"rendered":"<style type=\"text\/css\"> \n#cmsmasters_row_69f44f0ad6646 .cmsmasters_row_outer_parent { \n\tpadding-top: 0px; \n} \n\n#cmsmasters_row_69f44f0ad6646 .cmsmasters_row_outer_parent { \n\tpadding-bottom: 10px; \n} \n\n \n#cmsmasters_heading_69f44f0ad6997 { \n\ttext-align:left; \n\tmargin-top:0px; \n\tmargin-bottom:0px; \n} \n\n#cmsmasters_heading_69f44f0ad6997 .cmsmasters_heading { \n\ttext-align:left; \n} \n\n#cmsmasters_heading_69f44f0ad6997 .cmsmasters_heading, #cmsmasters_heading_69f44f0ad6997 .cmsmasters_heading a { \n\tfont-family:'Montserrat'; \n\tfont-size:15px; \n\tfont-weight:600; \n\tfont-style:normal; \n\tcolor:#f84e57;\n} \n\n#cmsmasters_heading_69f44f0ad6997 .cmsmasters_heading_divider { \n} \n\n \n#cmsmasters_heading_69f44f0ad69e2 { \n\ttext-align:left; \n\tmargin-top:0px; \n\tmargin-bottom:20px; \n} \n\n#cmsmasters_heading_69f44f0ad69e2 .cmsmasters_heading { \n\ttext-align:left; \n} \n\n#cmsmasters_heading_69f44f0ad69e2 .cmsmasters_heading, #cmsmasters_heading_69f44f0ad69e2 .cmsmasters_heading a { \n\tfont-size:20px; \n\tfont-weight:600; \n\tfont-style:normal; \n\tcolor:#454545;\n} \n\n#cmsmasters_heading_69f44f0ad69e2 .cmsmasters_heading_divider { \n} \n\n \n#cmsmasters_row_69f44f0ad6b6d .cmsmasters_row_outer_parent { \n\tpadding-top: 0px; \n} \n\n#cmsmasters_row_69f44f0ad6b6d .cmsmasters_row_outer_parent { \n\tpadding-bottom: 10px; \n} \n\n \n#cmsmasters_row_69f44f0ad7fe2 .cmsmasters_row_outer_parent { \n\tpadding-top: 30px; \n} \n\n#cmsmasters_row_69f44f0ad7fe2 .cmsmasters_row_outer_parent { \n\tpadding-bottom: 10px; \n} \n\n \n#cmsmasters_row_69f44f0ad8077 .cmsmasters_row_outer_parent { \n\tpadding-top: 0px; \n} \n\n#cmsmasters_row_69f44f0ad8077 .cmsmasters_row_outer_parent { \n\tpadding-bottom: 0px; \n} \n\n \n#cmsmasters_row_69f44f0ad81b6 .cmsmasters_row_outer_parent { \n\tpadding-top: 30px; \n} \n\n#cmsmasters_row_69f44f0ad81b6 .cmsmasters_row_outer_parent { \n\tpadding-bottom: 10px; \n} \n\n \n#cmsmasters_row_69f44f0ad8222 .cmsmasters_row_outer_parent { \n\tpadding-top: 0px; \n} \n\n#cmsmasters_row_69f44f0ad8222 .cmsmasters_row_outer_parent { \n\tpadding-bottom: 0px; \n} \n\n \n#cmsmasters_row_69f44f0ad828b .cmsmasters_row_outer_parent { \n\tpadding-top: 0px; \n} \n\n#cmsmasters_row_69f44f0ad828b .cmsmasters_row_outer_parent { \n\tpadding-bottom: 0px; \n} \n\n<\/style><div id=\"cmsmasters_row_69f44f0ad6646\" class=\"cmsmasters_row cmsmasters_color_scheme_default general-title cmsmasters_row_top_default cmsmasters_row_bot_default cmsmasters_row_boxed\">\n<div class=\"cmsmasters_row_outer_parent\">\n<div class=\"cmsmasters_row_outer\">\n<div class=\"cmsmasters_row_inner\">\n<div class=\"cmsmasters_row_margin\">\n<div class=\"cmsmasters_column one_first\">\n\n<div id=\"cmsmasters_heading_69f44f0ad6997\" class=\"cmsmasters_heading_wrap cmsmasters_heading_align_left\">\n\t<h3 class=\"cmsmasters_heading\">Productos<\/h3>\n<\/div>\n<div id=\"cmsmasters_heading_69f44f0ad69e2\" class=\"cmsmasters_heading_wrap cmsmasters_heading_align_left\">\n\t<h1 class=\"cmsmasters_heading\">Balizaje a\u00e9reo led alta intensidad<\/h1>\n<\/div>\n<\/div>\n<\/div>\n<\/div>\n<\/div>\n<\/div>\n<\/div>\n<div id=\"cmsmasters_row_69f44f0ad6b6d\" class=\"cmsmasters_row cmsmasters_color_scheme_default cmsmasters_row_top_default cmsmasters_row_bot_default cmsmasters_row_boxed\">\n<div class=\"cmsmasters_row_outer_parent\">\n<div class=\"cmsmasters_row_outer\">\n<div class=\"cmsmasters_row_inner\">\n<div class=\"cmsmasters_row_margin\">\n<div class=\"cmsmasters_column one_third\">\n<div class=\"cmsmasters_content_slider_wrap\" style=\"max-width:px;\">\n<script type=\"text\/javascript\">jQuery(document).ready(function () { jQuery(\"#cmsmasters_slider_69f44f0ad6c4e.cmsmasters_content_slider\").owlCarousel( { singleItem : true, transitionStyle: false, rewindSpeed : 1000, slideSpeed : 600, autoHeight : true, paginationSpeed : \t600, autoPlay : 7000,navigationText : \t[ \"<span class=\\\"cmsmasters_prev_arrow\\\"><span><\/span><\/span>\", \"<span class=\\\"cmsmasters_next_arrow\\\"><span><\/span><\/span>\" ] } );} );<\/script>\n<div id=\"cmsmasters_slider_69f44f0ad6c4e\" class=\"cmsmasters_content_slider cmsmasters_owl_slider owl-carousel produits-slider\">\n<div class=\"cmsmasters_content_slider_item\"><img width=\"524\" height=\"560\" src=\"https:\/\/www.delta-box.com\/es\/wp-content\/uploads\/sites\/3\/2016\/10\/delta-box_balizaje_balizaje-aereo-led-alta-intensidad-slider-1.jpg\" class=\"attachment-full size-full\" alt=\"delta-box_balizaje_balizaje-aereo-led-alta-intensidad-slider-1\" loading=\"lazy\" srcset=\"https:\/\/www.delta-box.com\/es\/wp-content\/uploads\/sites\/3\/2016\/10\/delta-box_balizaje_balizaje-aereo-led-alta-intensidad-slider-1.jpg 524w, https:\/\/www.delta-box.com\/es\/wp-content\/uploads\/sites\/3\/2016\/10\/delta-box_balizaje_balizaje-aereo-led-alta-intensidad-slider-1-281x300.jpg 281w\" sizes=\"(max-width: 524px) 100vw, 524px\" \/><\/div><div class=\"cmsmasters_content_slider_item\"><img width=\"524\" height=\"560\" src=\"https:\/\/www.delta-box.com\/es\/wp-content\/uploads\/sites\/3\/2016\/10\/delta-box_balizaje_balizaje-aereo-led-alta-intensidad-slider-2.jpg\" class=\"attachment-full size-full\" alt=\"delta-box_balizaje_balizaje-aereo-led-alta-intensidad-slider-2\" loading=\"lazy\" srcset=\"https:\/\/www.delta-box.com\/es\/wp-content\/uploads\/sites\/3\/2016\/10\/delta-box_balizaje_balizaje-aereo-led-alta-intensidad-slider-2.jpg 524w, https:\/\/www.delta-box.com\/es\/wp-content\/uploads\/sites\/3\/2016\/10\/delta-box_balizaje_balizaje-aereo-led-alta-intensidad-slider-2-281x300.jpg 281w\" sizes=\"(max-width: 524px) 100vw, 524px\" \/><\/div><div class=\"cmsmasters_content_slider_item\"><img width=\"524\" height=\"560\" src=\"https:\/\/www.delta-box.com\/es\/wp-content\/uploads\/sites\/3\/2016\/10\/delta-box_balizaje_balizaje-aereo-led-alta-intensidad-slider-3.jpg\" class=\"attachment-full size-full\" alt=\"delta-box_balizaje_balizaje-aereo-led-alta-intensidad-slider-3\" loading=\"lazy\" srcset=\"https:\/\/www.delta-box.com\/es\/wp-content\/uploads\/sites\/3\/2016\/10\/delta-box_balizaje_balizaje-aereo-led-alta-intensidad-slider-3.jpg 524w, https:\/\/www.delta-box.com\/es\/wp-content\/uploads\/sites\/3\/2016\/10\/delta-box_balizaje_balizaje-aereo-led-alta-intensidad-slider-3-281x300.jpg 281w\" sizes=\"(max-width: 524px) 100vw, 524px\" \/><\/div><\/div>\n<\/div>\n<\/div>\n<div class=\"cmsmasters_column two_third\">\n<div class=\"cmsmasters_text\">\n<p>Nuestro Balizaje A\u00e9reo Alta Intensidad est\u00e1 disponible en tipo A (200 000Cd de d\u00eda, 20 000Cd al crep\u00fasculo y 2 000Cd de noche) y tipo B (100 000Cd de d\u00eda, 20 000Cd al crep\u00fasculo y 2 000Cd de noche)<br \/>\nNuestras Balizas Alta Intensidad LEDEO funcionan con luces LEDs.<br \/>\nEsta tecnolog\u00eda nos permite proponer Balizas Alta Tensi\u00f3n con una vida \u00fatil importante hasta 100 000 horas, robusto, estanco, y con un bajo consumo.<\/p>\n<p>Nuestro balizaje A\u00e9reo Leds tiene tambi\u00e9n la ventaja de integrar opciones tales como el interruptor crepuscular para un balizamiento nocturno y el contacto de fallo.<br \/>\nPara una soluci\u00f3n completa, Delta Box propone gabinetes de alimentaci\u00f3n, gabinetes de seguridad o alimentaciones solares.<\/p>\n<\/div>\n<\/div>\n<\/div>\n<\/div>\n<\/div>\n<\/div>\n<\/div>\n<div id=\"cmsmasters_row_69f44f0ad7fe2\" class=\"cmsmasters_row cmsmasters_color_scheme_default general-title cmsmasters_row_top_default cmsmasters_row_bot_default cmsmasters_row_boxed\">\n<div class=\"cmsmasters_row_outer_parent\">\n<div class=\"cmsmasters_row_outer\">\n<div class=\"cmsmasters_row_inner\">\n<div class=\"cmsmasters_row_margin\">\n<div class=\"cmsmasters_column one_first\">\n<div class=\"cmsmasters_text\">\n<h2>Los diferentes <span style=\"color: #f1363d;\">\u00e1mbitos de aplicaci\u00f3n<\/span><\/h2>\n<\/div>\n<\/div>\n<\/div>\n<\/div>\n<\/div>\n<\/div>\n<\/div>\n<div id=\"cmsmasters_row_69f44f0ad8077\" class=\"cmsmasters_row cmsmasters_color_scheme_default cmsmasters_row_top_default cmsmasters_row_bot_default cmsmasters_row_boxed\">\n<div class=\"cmsmasters_row_outer_parent\">\n<div class=\"cmsmasters_row_outer\">\n<div class=\"cmsmasters_row_inner\">\n<div class=\"cmsmasters_row_margin\">\n<div class=\"cmsmasters_column one_first\">\n<div class=\"cmsmasters_text\">\n<p>Nuestros sistemas de Balizaje A\u00e9reo Leds Alta Intensidad est\u00e1n homologados por la navegaci\u00f3n a\u00e9rea y pueden estar instalados sobre obst\u00e1culos superiores a 150 metros de altura (Torres, Obras de f\u00e1brica, Edificios, Gr\u00faas, Chimeneas). Las normas de balizaje de obst\u00e1culos a\u00e9reos est\u00e1n establecidas por la OACI (Anexo 14, Capitulo 6). \u00a0Conviene a\u00f1adir un nivel intermedio\u00a0 de fuegos cada 105 metros de altura. De igual manera, en conformidad con la reglamentaci\u00f3n, un gabinete de emergencia puede ser instalado para asegurar un balizamiento aut\u00f3nomo durante 12h en caso de corte de red.<\/p>\n<div class=\"row-produit-app-col\">\n<div class=\"produit-app-col\"><a href=\"http:\/\/www.delta-box.com\/es\/aplicaciones\/balizaje-aeropuerto\/\"><img loading=\"lazy\" class=\"alignnone\" src=\"http:\/\/www.delta-box.com\/es\/wp-content\/uploads\/sites\/3\/2017\/08\/delta-box_balizaje_picto-balizaje-aeropuerto-y-helipuerto.png\" alt=\"delta-box_balizaje_picto-balizaje-aeropuerto-y-helipuerto\" width=\"120\" height=\"120\" \/><\/a><\/div>\n<div class=\"produit-app-col\"><a href=\"http:\/\/www.delta-box.com\/es\/aplicaciones\/balizaje-aereo-de-edificios\/\"><img src=\"http:\/\/www.delta-box.com\/es\/wp-content\/uploads\/sites\/3\/2017\/08\/delta-box_balizaje_picto-balizaje-aereo-de-edificios.png\" alt=\"delta-box_balizaje_picto-balizaje-aereo-de-edificios\" \/><\/a><\/div>\n<div class=\"produit-app-col\"><a href=\"http:\/\/www.delta-box.com\/es\/aplicaciones\/balizaje-aereo-para-chimeneas\/\"><img src=\"http:\/\/www.delta-box.com\/es\/wp-content\/uploads\/sites\/3\/2017\/08\/delta-box_balizaje_picto-balizaje-aereo-para-chimeneas.png\" alt=\"delta-box_balizaje_picto-balizaje-aereo-para-chimeneas.png\" \/><\/a><\/div>\n<div class=\"produit-app-col\"><a href=\"http:\/\/www.delta-box.com\/es\/aplicaciones\/balizaje-aereo-para-eolicas\/\"><img src=\"http:\/\/www.delta-box.com\/es\/wp-content\/uploads\/sites\/3\/2017\/08\/delta-box_balizaje_picto-balizaje-aereo-para-eolicas.png\" alt=\"delta-box_balizaje_picto-balizaje-aereo-para-eolicas\" \/><\/a><\/div>\n<div class=\"produit-app-col\"><a href=\"http:\/\/www.delta-box.com\/es\/aplicaciones\/balizaje-aereo-de-gruas\/\"><img src=\"http:\/\/www.delta-box.com\/es\/wp-content\/uploads\/sites\/3\/2017\/08\/delta-box_balizaje_picto-balizaje-aereo-de-gruas.png\" alt=\"delta-box_balizaje_picto-balizaje-aereo-de-gruas\" \/><\/a><\/div>\n<div class=\"produit-app-col\"><a href=\"http:\/\/www.delta-box.com\/es\/aplicaciones\/balizaje-linea-alta-tension\/\"><img src=\"http:\/\/www.delta-box.com\/es\/wp-content\/uploads\/sites\/3\/2017\/08\/delta-box_balizaje_picto-balizaje-linea-alta-tension.png\" alt=\"delta-box_balizaje_picto-balizaje-linea-alta-tension\" \/><\/a><\/div>\n<div class=\"produit-app-col\"><a href=\"http:\/\/www.delta-box.com\/es\/aplicaciones\/balizaje-de-obras-de-ingenieria\/\"><img src=\"http:\/\/www.delta-box.com\/es\/wp-content\/uploads\/sites\/3\/2017\/08\/delta-box_balizaje_picto-balizaje-de-obras-de-ingenieria.png\" alt=\"delta-box_balizaje_picto-balizaje-de-obras-de-ingenieria\" \/><\/a><\/div>\n<div class=\"produit-app-col\"><a href=\"http:\/\/www.delta-box.com\/es\/aplicaciones\/balizaje-aereo-para-torres-de-telecomunicacion\/\"><img src=\"http:\/\/www.delta-box.com\/es\/wp-content\/uploads\/sites\/3\/2017\/08\/delta-box_balizaje_picto-balizaje-aereo-para-torres-de-telecomunicacion.png\" alt=\"delta-box_balizaje_picto-balizaje-aereo-para-torres-de-telecomunicacion\" \/><\/a><\/div>\n<\/div>\n<\/div>\n<\/div>\n<\/div>\n<\/div>\n<\/div>\n<\/div>\n<\/div>\n<div id=\"cmsmasters_row_69f44f0ad81b6\" class=\"cmsmasters_row cmsmasters_color_scheme_default general-title cmsmasters_row_top_default cmsmasters_row_bot_default cmsmasters_row_boxed\">\n<div class=\"cmsmasters_row_outer_parent\">\n<div class=\"cmsmasters_row_outer\">\n<div class=\"cmsmasters_row_inner\">\n<div class=\"cmsmasters_row_margin\">\n<div class=\"cmsmasters_column one_first\">\n<div class=\"cmsmasters_text\">\n<h2>Las caracter\u00edsticas <span style=\"color: #f1363d;\">t\u00e9cnicas<\/span><\/h2>\n<\/div>\n<\/div>\n<\/div>\n<\/div>\n<\/div>\n<\/div>\n<\/div>\n<div id=\"cmsmasters_row_69f44f0ad8222\" class=\"cmsmasters_row cmsmasters_color_scheme_default cmsmasters_row_top_default cmsmasters_row_bot_default cmsmasters_row_boxed\">\n<div class=\"cmsmasters_row_outer_parent\">\n<div class=\"cmsmasters_row_outer\">\n<div class=\"cmsmasters_row_inner\">\n<div class=\"cmsmasters_row_margin\">\n<div class=\"cmsmasters_column one_first\">\n<div class=\"cmsmasters_text\">\n<p>En la tabla abajo mencionada, encontrara los diferentes modelos relativos a nuestra gama de balizas Alta Intensidad. Haciendo clic en la imagen, tendr\u00e1 acceso a la ficha t\u00e9cnica del producto.<\/p>\n<\/div>\n<\/div>\n<\/div>\n<\/div>\n<\/div>\n<\/div>\n<\/div>\n<div id=\"cmsmasters_row_69f44f0ad828b\" class=\"cmsmasters_row cmsmasters_color_scheme_default cmsmasters_row_top_default cmsmasters_row_bot_default cmsmasters_row_boxed\">\n<div class=\"cmsmasters_row_outer_parent\">\n<div class=\"cmsmasters_row_outer\">\n<div class=\"cmsmasters_row_inner\">\n<div class=\"cmsmasters_row_margin\">\n<div class=\"cmsmasters_column one_first\">\n<div class=\"cmsmasters_text\">\n<div class=\"caracteristique-table\">\n<div class=\"caracteristique-table-technologie-header caracteristique-table-technologie-header-led\">Tecnolog\u00eda Leds<\/div>\n<div class=\"caracteristique-table-header\">Versi\u00f3n simple<\/div>\n<div class=\"caracteristique-table-col-4 caracteristique-table-col-type\">\n<div class=\"caracteristique-table-content-heading\">Tipo<\/div>\n<div class=\"caracteristique-table-content\">\n<p>Tipo A Destellante blanco 200 000 cd de d\u00eda \/ 20 000 al crep\u00fasculo \/ 2 000 cd de noche<\/p>\n<\/div>\n<div class=\"caracteristique-table-content\">\n<p>Tipo B Destellante blanco 100 000 cd de d\u00eda \/ 20 000 al crep\u00fasculo \/ 2 000 cd de noche<\/p>\n<\/div>\n<\/div>\n<div class=\"caracteristique-table-col-4\">\n<div class=\"caracteristique-table-content-heading\">Corriente continua<\/div>\n<div class=\"caracteristique-table-content\">\n<div class=\"caracteristique-table-content-cta\"><a href=\"https:\/\/www.delta-box.com\/es\/wp-content\/uploads\/sites\/3\/2021\/03\/Baliza-de-Alta-Intensidad-Tipo-A.pdf\" target=\"blank\" rel=\"nofollow noopener noreferrer\">Consultar la ficha<\/a><\/div>\n<p><img src=\"http:\/\/www.delta-box.com\/es\/wp-content\/uploads\/sites\/3\/2017\/08\/delta-box_balizaje_balizaje-aereo-led-alta-intensidad-type-a.jpg\" alt=\"delta-box_balizaje_balizaje-aereo-led-alta-intensidad-type-a\" \/><\/p>\n<\/div>\n<div class=\"caracteristique-table-content\">\n<div class=\"caracteristique-table-content-cta\"><a href=\"https:\/\/www.delta-box.com\/es\/wp-content\/uploads\/sites\/3\/2021\/03\/Baliza-de-Alta-Intensidad-Tipo-B.pdf\" target=\"blank\" rel=\"nofollow noopener noreferrer\">Consultar la ficha<\/a><\/div>\n<p><img src=\"http:\/\/www.delta-box.com\/es\/wp-content\/uploads\/sites\/3\/2017\/08\/delta-box_balizaje_balizaje-aereo-led-alta-intensidad-type-b.jpg\" alt=\"delta-box_balizaje_balizaje-aereo-led-alta-intensidad-type-b\" \/><br \/>\n<img \/><\/p>\n<\/div>\n<\/div>\n<div class=\"caracteristique-table-col-4\">\n<div class=\"caracteristique-table-content-heading\">Corriente alterna<\/div>\n<div class=\"caracteristique-table-content\">\n<div class=\"caracteristique-table-content-cta\"><a href=\"https:\/\/www.delta-box.com\/es\/wp-content\/uploads\/sites\/3\/2021\/03\/Baliza-de-Alta-Intensidad-Tipo-A.pdf\" target=\"blank\" rel=\"nofollow noopener noreferrer\">Consultar la ficha<\/a><\/div>\n<p><img src=\"http:\/\/www.delta-box.com\/es\/wp-content\/uploads\/sites\/3\/2017\/08\/delta-box_balizaje_balizaje-aereo-led-alta-intensidad-type-a.jpg\" alt=\"delta-box_balizaje_balizaje-aereo-led-alta-intensidad-type-a\" \/><\/p>\n<\/div>\n<div class=\"caracteristique-table-content\">\n<div class=\"caracteristique-table-content-cta\"><a href=\"https:\/\/www.delta-box.com\/es\/wp-content\/uploads\/sites\/3\/2021\/03\/Baliza-de-Alta-Intensidad-Tipo-B.pdf\" target=\"blank\" rel=\"nofollow noopener noreferrer\">Consultar la ficha<\/a><\/div>\n<p><img src=\"http:\/\/www.delta-box.com\/es\/wp-content\/uploads\/sites\/3\/2017\/08\/delta-box_balizaje_balizaje-aereo-led-alta-intensidad-type-b.jpg\" alt=\"delta-box_balizaje_balizaje-aereo-led-alta-intensidad-type-b\" \/><br \/>\n<img \/><\/p>\n<\/div>\n<\/div>\n<div class=\"caracteristique-table-col-4\">\n<div class=\"caracteristique-table-content-heading\">Solar<\/div>\n<div class=\"caracteristique-table-content consultation-produits\">Cont\u00e1ctenos<\/div>\n<div class=\"caracteristique-table-content consultation-produits\">Cont\u00e1ctenos<\/div>\n<\/div>\n<\/div>\n<\/div>\n<\/div>\n<\/div>\n<\/div>\n<\/div>\n<\/div>\n<\/div>\n","protected":false},"excerpt":{"rendered":"","protected":false},"author":1,"featured_media":0,"parent":0,"menu_order":0,"comment_status":"closed","ping_status":"closed","template":"page-produits.php","meta":[],"yoast_head":"<!-- This site is optimized with the Yoast SEO plugin v15.2 - https:\/\/yoast.com\/wordpress\/plugins\/seo\/ -->\n<title>Balizaje a\u00e9reo LED alta intensidad | Delta Box<\/title>\n<meta name=\"description\" content=\"Delta Box propone una amplia gama de productos de balizaje a\u00e9reo LED alta tensi\u00f3n para la navegaci\u00f3n a\u00e9rea nocturna, conformes y certificados ICAO.\" \/>\n<meta name=\"robots\" content=\"index, follow, max-snippet:-1, max-image-preview:large, max-video-preview:-1\" \/>\n<link rel=\"canonical\" href=\"https:\/\/www.delta-box.com\/es\/balizaje\/balizaje-aereo-led-alta-intensidad\/\" \/>\n<meta property=\"og:locale\" content=\"es_ES\" \/>\n<meta property=\"og:type\" content=\"article\" \/>\n<meta property=\"og:title\" content=\"Balizaje a\u00e9reo LED alta intensidad | Delta Box\" \/>\n<meta property=\"og:description\" content=\"Delta Box propone una amplia gama de productos de balizaje a\u00e9reo LED alta tensi\u00f3n para la navegaci\u00f3n a\u00e9rea nocturna, conformes y certificados ICAO.\" \/>\n<meta property=\"og:url\" content=\"https:\/\/www.delta-box.com\/es\/balizaje\/balizaje-aereo-led-alta-intensidad\/\" \/>\n<meta property=\"og:site_name\" content=\"DeltaBox (ES)\" \/>\n<meta property=\"article:modified_time\" content=\"2021-03-15T17:13:44+00:00\" \/>\n<meta property=\"og:image\" content=\"http:\/\/www.delta-box.com\/es\/wp-content\/uploads\/sites\/3\/2017\/08\/delta-box_balizaje_picto-balizaje-aeropuerto-y-helipuerto.png\" \/>\n<meta name=\"twitter:card\" content=\"summary_large_image\" \/>\n<meta name=\"twitter:label1\" value=\"Escrito por\">\n\t<meta name=\"twitter:data1\" value=\"IkadiaDeltaBox\">\n\t<meta name=\"twitter:label2\" value=\"Tiempo de lectura\">\n\t<meta name=\"twitter:data2\" value=\"3 minutos\">\n<script type=\"application\/ld+json\" class=\"yoast-schema-graph\">{\"@context\":\"https:\/\/schema.org\",\"@graph\":[{\"@type\":\"WebSite\",\"@id\":\"https:\/\/www.delta-box.com\/es\/#website\",\"url\":\"https:\/\/www.delta-box.com\/es\/\",\"name\":\"DeltaBox (ES)\",\"description\":\"Un site utilisant WordPress\",\"potentialAction\":[{\"@type\":\"SearchAction\",\"target\":\"https:\/\/www.delta-box.com\/es\/?s={search_term_string}\",\"query-input\":\"required name=search_term_string\"}],\"inLanguage\":\"es\"},{\"@type\":\"ImageObject\",\"@id\":\"https:\/\/www.delta-box.com\/es\/balizaje\/balizaje-aereo-led-alta-intensidad\/#primaryimage\",\"inLanguage\":\"es\",\"url\":\"http:\/\/www.delta-box.com\/es\/wp-content\/uploads\/sites\/3\/2017\/08\/delta-box_balizaje_picto-balizaje-aeropuerto-y-helipuerto.png\"},{\"@type\":\"WebPage\",\"@id\":\"https:\/\/www.delta-box.com\/es\/balizaje\/balizaje-aereo-led-alta-intensidad\/#webpage\",\"url\":\"https:\/\/www.delta-box.com\/es\/balizaje\/balizaje-aereo-led-alta-intensidad\/\",\"name\":\"Balizaje a\\u00e9reo LED alta intensidad | Delta Box\",\"isPartOf\":{\"@id\":\"https:\/\/www.delta-box.com\/es\/#website\"},\"primaryImageOfPage\":{\"@id\":\"https:\/\/www.delta-box.com\/es\/balizaje\/balizaje-aereo-led-alta-intensidad\/#primaryimage\"},\"datePublished\":\"2016-10-21T07:49:49+00:00\",\"dateModified\":\"2021-03-15T17:13:44+00:00\",\"description\":\"Delta Box propone una amplia gama de productos de balizaje a\\u00e9reo LED alta tensi\\u00f3n para la navegaci\\u00f3n a\\u00e9rea nocturna, conformes y certificados ICAO.\",\"breadcrumb\":{\"@id\":\"https:\/\/www.delta-box.com\/es\/balizaje\/balizaje-aereo-led-alta-intensidad\/#breadcrumb\"},\"inLanguage\":\"es\",\"potentialAction\":[{\"@type\":\"ReadAction\",\"target\":[\"https:\/\/www.delta-box.com\/es\/balizaje\/balizaje-aereo-led-alta-intensidad\/\"]}]},{\"@type\":\"BreadcrumbList\",\"@id\":\"https:\/\/www.delta-box.com\/es\/balizaje\/balizaje-aereo-led-alta-intensidad\/#breadcrumb\",\"itemListElement\":[{\"@type\":\"ListItem\",\"position\":1,\"item\":{\"@type\":\"WebPage\",\"@id\":\"https:\/\/www.delta-box.com\/es\/\",\"url\":\"https:\/\/www.delta-box.com\/es\/\",\"name\":\"Inicio\"}},{\"@type\":\"ListItem\",\"position\":2,\"item\":{\"@type\":\"WebPage\",\"@id\":\"https:\/\/www.delta-box.com\/es\/balizaje\/balizaje-aereo-led-alta-intensidad\/\",\"url\":\"https:\/\/www.delta-box.com\/es\/balizaje\/balizaje-aereo-led-alta-intensidad\/\",\"name\":\"Balizaje a\\u00e9reo led alta intensidad\"}}]}]}<\/script>\n<!-- \/ Yoast SEO plugin. -->","_links":{"self":[{"href":"https:\/\/www.delta-box.com\/es\/wp-json\/wp\/v2\/pages\/7683"}],"collection":[{"href":"https:\/\/www.delta-box.com\/es\/wp-json\/wp\/v2\/pages"}],"about":[{"href":"https:\/\/www.delta-box.com\/es\/wp-json\/wp\/v2\/types\/page"}],"author":[{"embeddable":true,"href":"https:\/\/www.delta-box.com\/es\/wp-json\/wp\/v2\/users\/1"}],"replies":[{"embeddable":true,"href":"https:\/\/www.delta-box.com\/es\/wp-json\/wp\/v2\/comments?post=7683"}],"version-history":[{"count":29,"href":"https:\/\/www.delta-box.com\/es\/wp-json\/wp\/v2\/pages\/7683\/revisions"}],"predecessor-version":[{"id":9718,"href":"https:\/\/www.delta-box.com\/es\/wp-json\/wp\/v2\/pages\/7683\/revisions\/9718"}],"wp:attachment":[{"href":"https:\/\/www.delta-box.com\/es\/wp-json\/wp\/v2\/media?parent=7683"}],"curies":[{"name":"wp","href":"https:\/\/api.w.org\/{rel}","templated":true}]}}