{"id":7603,"date":"2016-10-19T16:57:26","date_gmt":"2016-10-19T14:57:26","guid":{"rendered":"http:\/\/www.delta-box.com\/es\/?page_id=7603"},"modified":"2021-01-21T10:14:36","modified_gmt":"2021-01-21T09:14:36","slug":"balisage","status":"publish","type":"page","link":"https:\/\/www.delta-box.com\/es\/balizaje\/","title":{"rendered":"Productos"},"content":{"rendered":"<style type=\"text\/css\"> \n#cmsmasters_row_69f5d16c122ad .cmsmasters_row_outer_parent { \n\tpadding-top: 0px; \n} \n\n#cmsmasters_row_69f5d16c122ad .cmsmasters_row_outer_parent { \n\tpadding-bottom: 0px; \n} \n\n \n#cmsmasters_row_69f5d16c12388 .cmsmasters_row_outer_parent { \n\tpadding-top: 0px; \n} \n\n#cmsmasters_row_69f5d16c12388 .cmsmasters_row_outer_parent { \n\tpadding-bottom: 50px; \n} \n\n \n#cmsmasters_row_69f5d16c13614 .cmsmasters_row_outer_parent { \n\tpadding-top: 0px; \n} \n\n#cmsmasters_row_69f5d16c13614 .cmsmasters_row_outer_parent { \n\tpadding-bottom: 50px; \n} \n\n<\/style><div id=\"cmsmasters_row_69f5d16c122ad\" class=\"cmsmasters_row cmsmasters_color_scheme_default cmsmasters_row_top_default cmsmasters_row_bot_default cmsmasters_row_boxed\">\n<div class=\"cmsmasters_row_outer_parent\">\n<div class=\"cmsmasters_row_outer\">\n<div class=\"cmsmasters_row_inner\">\n<div class=\"cmsmasters_row_margin\">\n<div class=\"cmsmasters_column one_first\">\n<div class=\"cmsmasters_text general-bloc-text\">\n<h1>BALIZAJE DE OBSTACULO AEREO Y TERRENO<\/h1>\n<p>Como experto de la se\u00f1alizaci\u00f3n a\u00e9rea, fabricamos productos dedicados al balizaje diurno como nocturno. Nuestro balizaje a\u00e9reo est\u00e1 instalado sobre obst\u00e1culos como e\u00f3licas, gr\u00faas, torres entre otros. En nuestro taller, ubicado en Francia, dise\u00f1amos y montamos balizas para baja, media y alta tensi\u00f3n para las l\u00edneas alta tensi\u00f3n. Trabajamos tambi\u00e9n a menudo con el \u00e1mbito aeroportuario para el cual proponemos balizaje de pistas; m\u00e1stiles simplificados, m\u00e1stiles ICAO\/STNA, mangas de viento, balizas port\u00e1tiles y balizas sin iluminaci\u00f3n. Estamos orgullosos de proponer nuestro balizaje en Europa como en 4 otros continentes. Todos nuestros productos est\u00e1n recomendados por el organismo franc\u00e9s DGAC (Direcci\u00f3n General de la Aviaci\u00f3n Civil), lo que os asegura la conformidad de nuestro balizaje a\u00e9reo.<\/p>\n<\/div>\n<\/div>\n<\/div>\n<\/div>\n<\/div>\n<\/div>\n<\/div>\n<div id=\"cmsmasters_row_69f5d16c12388\" class=\"cmsmasters_row cmsmasters_color_scheme_default cmsmasters_row_top_default cmsmasters_row_bot_default cmsmasters_row_boxed\">\n<div class=\"cmsmasters_row_outer_parent\">\n<div class=\"cmsmasters_row_outer\">\n<div class=\"cmsmasters_row_inner\">\n<div class=\"cmsmasters_row_margin\">\n<div class=\"cmsmasters_column one_third bloc-produits\">\n<div class=\"cmsmasters_text\">\n<h2>BALIZAJE DE OBSTACULO<\/h2>\n<\/div>\n<div class=\"cmsmasters_img  cmsmasters_image_n\">\n<img src=\"https:\/\/www.delta-box.com\/es\/wp-content\/uploads\/sites\/3\/2016\/10\/delta-box_lunes-de-obstruccion.jpg\" alt=\"delta-box_lunes-de-obstruccion\" \/>\n<\/div>\n<div class=\"cmsmasters_text product-list\">\n<ul>\n<li><a href=\"http:\/\/www.delta-box.com\/es\/balizaje\/balizaje-aereo-led-baja-intensidad\/\">BAJA INTENSIDAD<\/a><\/li>\n<li><a href=\"http:\/\/www.delta-box.com\/es\/balizaje\/balizaje-aereo-led-media-intensidad\/\">MEDIA INTENSIDAD<\/a><\/li>\n<li><a href=\"http:\/\/www.delta-box.com\/es\/balizaje\/balizaje-aereo-led-alta-intensidad\/\">ALTA INTENSIDAD<\/a><\/li>\n<\/ul>\n<\/div>\n<\/div>\n<div class=\"cmsmasters_column one_third bloc-produits\">\n<div class=\"cmsmasters_text\">\n<h2>LINEA ALTA TENSION<\/h2>\n<\/div>\n<div class=\"cmsmasters_img  cmsmasters_image_n\">\n<img src=\"https:\/\/www.delta-box.com\/es\/wp-content\/uploads\/sites\/3\/2016\/10\/delta-box_balizaje_linea-de-alta-tension-1.jpg\" alt=\"\" \/>\n<\/div>\n<div class=\"cmsmasters_text product-list\">\n<ul>\n<li><a href=\"http:\/\/www.delta-box.com\/es\/balizaje\/balizaje-linea-alta-tension-bht\/\">BALIZA INDUCCION<\/a><\/li>\n<li><a href=\"http:\/\/www.delta-box.com\/es\/balizaje\/esferas-de-balizaje\/\">ESFERAS<\/a><\/li>\n<\/ul>\n<\/div>\n<\/div>\n<div class=\"cmsmasters_column one_third bloc-produits\">\n<div class=\"cmsmasters_text\">\n<h2>INDICADOR DE VIENTO<\/h2>\n<\/div>\n<div class=\"cmsmasters_img  cmsmasters_image_n\">\n<img src=\"https:\/\/www.delta-box.com\/es\/wp-content\/uploads\/sites\/3\/2016\/10\/delta-box_balizaje_indicadores-de-direccion-del-viento.jpg\" alt=\"delta-box_balizaje_indicadores-de-direccion-del-viento\" \/>\n<\/div>\n<div class=\"cmsmasters_text product-list\">\n<ul>\n<li><a href=\"http:\/\/www.delta-box.com\/es\/balizaje\/mastiles-indicadores-de-viento-icao-stna\/\">MASTILES ICAO\/STNA<\/a><\/li>\n<li><a href=\"http:\/\/www.delta-box.com\/es\/balizaje\/mastiles-indicadores-de-viento-faa\/\">MASTILES FAA<\/a><\/li>\n<li><a href=\"http:\/\/www.delta-box.com\/es\/balizaje\/mastiles-indicadores-de-viento\/\">MASTILES SIMPLIFICADOS<\/a><\/li>\n<li><a href=\"http:\/\/www.delta-box.com\/es\/balizaje\/manga-de-viento\/\">MANGAS DE VIENTO<\/a><\/li>\n<\/ul>\n<\/div>\n<\/div>\n<\/div>\n<\/div>\n<\/div>\n<\/div>\n<\/div>\n<div id=\"cmsmasters_row_69f5d16c13614\" class=\"cmsmasters_row cmsmasters_color_scheme_default cmsmasters_row_top_default cmsmasters_row_bot_default cmsmasters_row_boxed\">\n<div class=\"cmsmasters_row_outer_parent\">\n<div class=\"cmsmasters_row_outer\">\n<div class=\"cmsmasters_row_inner\">\n<div class=\"cmsmasters_row_margin\">\n<div class=\"cmsmasters_column one_third bloc-produits\">\n<div class=\"cmsmasters_text\">\n<h2>BALIZAJE DE PISTA<\/h2>\n<\/div>\n<div class=\"cmsmasters_img  cmsmasters_image_n\">\n<img src=\"https:\/\/www.delta-box.com\/es\/wp-content\/uploads\/sites\/3\/2016\/10\/delta-box_balizaje_helipuerto.jpg\" alt=\"\" \/>\n<\/div>\n<div class=\"cmsmasters_text product-list\">\n<ul>\n<li><a href=\"http:\/\/www.delta-box.com\/es\/balizaje\/balizaje-aeroportuario-portatil\/\">BALIZAJE PORTATIL<\/a><\/li>\n<li><a href=\"http:\/\/www.delta-box.com\/es\/balizaje\/balizaje-para-pistas-de-cesped\/\">BALIZAJE PARA PISTA DE CESPED<\/a><\/li>\n<\/ul>\n<\/div>\n<\/div>\n<div class=\"cmsmasters_column one_third bloc-produits\">\n<div class=\"cmsmasters_text\">\n<h2>BALIZAJE DE HELIPUERTO<\/h2>\n<\/div>\n<div class=\"cmsmasters_img  cmsmasters_image_n\">\n<a href=\"https:\/\/www.delta-box.com\/es\/wp-content\/uploads\/sites\/3\/2021\/01\/Helistation-page-produit.png\"><img src=\"https:\/\/www.delta-box.com\/es\/wp-content\/uploads\/sites\/3\/2021\/01\/Helistation-page-produit.png\" alt=\"\" \/><\/a>\n<\/div>\n<div class=\"cmsmasters_text product-list\">\n<ul>\n<li><a href=\"https:\/\/www.delta-box.com\/es\/balizaje\/balizas-empotradas-helipuerto\/\">BALIZAS EMPOTRADAS<\/a><\/li>\n<li><a href=\"https:\/\/www.delta-box.com\/es\/balizaje\/reflectores-suelo-helipuerto\/\">REFLECTORES RAS DE SUELO<\/a><\/li>\n<li><a href=\"https:\/\/www.delta-box.com\/es\/balizaje\/faro-helipuerto\/\">FARO HELIPUERTO<\/a><\/li>\n<li><a href=\"https:\/\/www.delta-box.com\/es\/balizaje\/pcl-helipuerto\/\">PILOT CONTROL LIGHTING<\/a><\/li>\n<\/ul>\n<\/div>\n<\/div>\n<div class=\"cmsmasters_column one_third bloc-produits\">\n<div class=\"cmsmasters_text\">\n<h2>GABINETES DE CONTROL<\/h2>\n<\/div>\n<div class=\"cmsmasters_img  cmsmasters_image_n\">\n<img src=\"https:\/\/www.delta-box.com\/es\/wp-content\/uploads\/sites\/3\/2016\/10\/delta-box_balizaje-alimentacion.jpg\" alt=\"\" \/>\n<\/div>\n<div class=\"cmsmasters_text product-list\">\n<ul>\n<li><a href=\"http:\/\/www.delta-box.com\/es\/balizaje\/kit-solar\/\">ALIMENTACION SOLAR<\/a><\/li>\n<li><a href=\"http:\/\/www.delta-box.com\/es\/balizaje\/alimentacion-de-seguridad\/\">ALIMENTACION DE SEGURIDAD<\/a><\/li>\n<\/ul>\n<\/div>\n<\/div>\n<\/div>\n<\/div>\n<\/div>\n<\/div>\n<\/div>\n","protected":false},"excerpt":{"rendered":"","protected":false},"author":1,"featured_media":0,"parent":0,"menu_order":0,"comment_status":"closed","ping_status":"closed","template":"","meta":[],"yoast_head":"<!-- This site is optimized with the Yoast SEO plugin v15.2 - https:\/\/yoast.com\/wordpress\/plugins\/seo\/ -->\n<title>Balizajes de obst\u00e1culos a\u00e9reos y terrenos | Delta Box<\/title>\n<meta name=\"description\" content=\"Delta Box es especialista en balizaje de obst\u00e1culos a\u00e9reos, balizajes terrenos, indicadores de viento, alimentaciones solares y l\u00edneas alta tensi\u00f3n.\" \/>\n<meta name=\"robots\" content=\"index, follow, max-snippet:-1, max-image-preview:large, max-video-preview:-1\" \/>\n<link rel=\"canonical\" href=\"https:\/\/www.delta-box.com\/es\/balizaje\/\" \/>\n<meta property=\"og:locale\" content=\"es_ES\" \/>\n<meta property=\"og:type\" content=\"article\" \/>\n<meta property=\"og:title\" content=\"Balizajes de obst\u00e1culos a\u00e9reos y terrenos | Delta Box\" \/>\n<meta property=\"og:description\" content=\"Delta Box es especialista en balizaje de obst\u00e1culos a\u00e9reos, balizajes terrenos, indicadores de viento, alimentaciones solares y l\u00edneas alta tensi\u00f3n.\" \/>\n<meta property=\"og:url\" content=\"https:\/\/www.delta-box.com\/es\/balizaje\/\" \/>\n<meta property=\"og:site_name\" content=\"DeltaBox (ES)\" \/>\n<meta property=\"article:modified_time\" content=\"2021-01-21T09:14:36+00:00\" \/>\n<meta name=\"twitter:card\" content=\"summary_large_image\" \/>\n<meta name=\"twitter:label1\" value=\"Escrito por\">\n\t<meta name=\"twitter:data1\" value=\"IkadiaDeltaBox\">\n\t<meta name=\"twitter:label2\" value=\"Tiempo de lectura\">\n\t<meta name=\"twitter:data2\" value=\"2 minutos\">\n<script type=\"application\/ld+json\" class=\"yoast-schema-graph\">{\"@context\":\"https:\/\/schema.org\",\"@graph\":[{\"@type\":\"WebSite\",\"@id\":\"https:\/\/www.delta-box.com\/es\/#website\",\"url\":\"https:\/\/www.delta-box.com\/es\/\",\"name\":\"DeltaBox (ES)\",\"description\":\"Un site utilisant WordPress\",\"potentialAction\":[{\"@type\":\"SearchAction\",\"target\":\"https:\/\/www.delta-box.com\/es\/?s={search_term_string}\",\"query-input\":\"required name=search_term_string\"}],\"inLanguage\":\"es\"},{\"@type\":\"WebPage\",\"@id\":\"https:\/\/www.delta-box.com\/es\/balizaje\/#webpage\",\"url\":\"https:\/\/www.delta-box.com\/es\/balizaje\/\",\"name\":\"Balizajes de obst\\u00e1culos a\\u00e9reos y terrenos | Delta Box\",\"isPartOf\":{\"@id\":\"https:\/\/www.delta-box.com\/es\/#website\"},\"datePublished\":\"2016-10-19T14:57:26+00:00\",\"dateModified\":\"2021-01-21T09:14:36+00:00\",\"description\":\"Delta Box es especialista en balizaje de obst\\u00e1culos a\\u00e9reos, balizajes terrenos, indicadores de viento, alimentaciones solares y l\\u00edneas alta tensi\\u00f3n.\",\"breadcrumb\":{\"@id\":\"https:\/\/www.delta-box.com\/es\/balizaje\/#breadcrumb\"},\"inLanguage\":\"es\",\"potentialAction\":[{\"@type\":\"ReadAction\",\"target\":[\"https:\/\/www.delta-box.com\/es\/balizaje\/\"]}]},{\"@type\":\"BreadcrumbList\",\"@id\":\"https:\/\/www.delta-box.com\/es\/balizaje\/#breadcrumb\",\"itemListElement\":[{\"@type\":\"ListItem\",\"position\":1,\"item\":{\"@type\":\"WebPage\",\"@id\":\"https:\/\/www.delta-box.com\/es\/\",\"url\":\"https:\/\/www.delta-box.com\/es\/\",\"name\":\"Inicio\"}},{\"@type\":\"ListItem\",\"position\":2,\"item\":{\"@type\":\"WebPage\",\"@id\":\"https:\/\/www.delta-box.com\/es\/balizaje\/\",\"url\":\"https:\/\/www.delta-box.com\/es\/balizaje\/\",\"name\":\"Productos\"}}]}]}<\/script>\n<!-- \/ Yoast SEO plugin. -->","_links":{"self":[{"href":"https:\/\/www.delta-box.com\/es\/wp-json\/wp\/v2\/pages\/7603"}],"collection":[{"href":"https:\/\/www.delta-box.com\/es\/wp-json\/wp\/v2\/pages"}],"about":[{"href":"https:\/\/www.delta-box.com\/es\/wp-json\/wp\/v2\/types\/page"}],"author":[{"embeddable":true,"href":"https:\/\/www.delta-box.com\/es\/wp-json\/wp\/v2\/users\/1"}],"replies":[{"embeddable":true,"href":"https:\/\/www.delta-box.com\/es\/wp-json\/wp\/v2\/comments?post=7603"}],"version-history":[{"count":29,"href":"https:\/\/www.delta-box.com\/es\/wp-json\/wp\/v2\/pages\/7603\/revisions"}],"predecessor-version":[{"id":9610,"href":"https:\/\/www.delta-box.com\/es\/wp-json\/wp\/v2\/pages\/7603\/revisions\/9610"}],"wp:attachment":[{"href":"https:\/\/www.delta-box.com\/es\/wp-json\/wp\/v2\/media?parent=7603"}],"curies":[{"name":"wp","href":"https:\/\/api.w.org\/{rel}","templated":true}]}}