{"id":6587,"date":"2016-03-30T12:27:25","date_gmt":"2016-03-30T10:27:25","guid":{"rendered":"http:\/\/logistic-business.cmsmasters.net\/?page_id=6587"},"modified":"2024-05-14T14:55:08","modified_gmt":"2024-05-14T12:55:08","slug":"qui-sommes-nous","status":"publish","type":"page","link":"https:\/\/www.delta-box.com\/es\/quienes-somos\/","title":{"rendered":"\u00bfQui\u00e9nes somos?"},"content":{"rendered":"<style type=\"text\/css\"> \n#cmsmasters_row_69f2e22763bf3 .cmsmasters_row_outer_parent { \n\tpadding-top: 0px; \n} \n\n#cmsmasters_row_69f2e22763bf3 .cmsmasters_row_outer_parent { \n\tpadding-bottom: 10px; \n} \n\n \n#cmsmasters_heading_69f2e22763d4a { \n\ttext-align:left; \n\tmargin-top:0px; \n\tmargin-bottom:0px; \n} \n\n#cmsmasters_heading_69f2e22763d4a .cmsmasters_heading { \n\ttext-align:left; \n} \n\n#cmsmasters_heading_69f2e22763d4a .cmsmasters_heading, #cmsmasters_heading_69f2e22763d4a .cmsmasters_heading a { \n\tfont-family:'Montserrat'; \n\tfont-size:15px; \n\tfont-weight:600; \n\tfont-style:normal; \n\tcolor:#f84e57;\n} \n\n#cmsmasters_heading_69f2e22763d4a .cmsmasters_heading_divider { \n} \n\n \n#cmsmasters_heading_69f2e22763d92 { \n\ttext-align:left; \n\tmargin-top:0px; \n\tmargin-bottom:20px; \n} \n\n#cmsmasters_heading_69f2e22763d92 .cmsmasters_heading { \n\ttext-align:left; \n} \n\n#cmsmasters_heading_69f2e22763d92 .cmsmasters_heading, #cmsmasters_heading_69f2e22763d92 .cmsmasters_heading a { \n\tfont-size:20px; \n\tfont-weight:600; \n\tfont-style:normal; \n\tcolor:#454545;\n} \n\n#cmsmasters_heading_69f2e22763d92 .cmsmasters_heading_divider { \n} \n\n \n#cmsmasters_row_69f2e22763db2 .cmsmasters_row_outer_parent { \n\tpadding-top: 0px; \n} \n\n#cmsmasters_row_69f2e22763db2 .cmsmasters_row_outer_parent { \n\tpadding-bottom: 0px; \n} \n\n \n#cmsmasters_row_69f2e22763ec0 .cmsmasters_row_outer_parent { \n\tpadding-top: 0px; \n} \n\n#cmsmasters_row_69f2e22763ec0 .cmsmasters_row_outer_parent { \n\tpadding-bottom: 10px; \n} \n\n \n#cmsmasters_row_69f2e227649e6 .cmsmasters_row_outer_parent { \n\tpadding-top: 30px; \n} \n\n#cmsmasters_row_69f2e227649e6 .cmsmasters_row_outer_parent { \n\tpadding-bottom: 10px; \n} \n\n \n#cmsmasters_row_69f2e22764a56 .cmsmasters_row_outer_parent { \n\tpadding-top: 0px; \n} \n\n#cmsmasters_row_69f2e22764a56 .cmsmasters_row_outer_parent { \n\tpadding-bottom: 0px; \n} \n\n \n#cmsmasters_row_69f2e22764fa6 .cmsmasters_row_outer_parent { \n\tpadding-top: 50px; \n} \n\n#cmsmasters_row_69f2e22764fa6 .cmsmasters_row_outer_parent { \n\tpadding-bottom: 10px; \n} \n\n \n#cmsmasters_row_69f2e2276501f .cmsmasters_row_outer_parent { \n\tpadding-top: 0px; \n} \n\n#cmsmasters_row_69f2e2276501f .cmsmasters_row_outer_parent { \n\tpadding-bottom: 0px; \n} \n\n \n#cmsmasters_row_69f2e227650a4 .cmsmasters_row_outer_parent { \n\tpadding-top: 50px; \n} \n\n#cmsmasters_row_69f2e227650a4 .cmsmasters_row_outer_parent { \n\tpadding-bottom: 10px; \n} \n\n \n#cmsmasters_row_69f2e2276510b .cmsmasters_row_outer_parent { \n\tpadding-top: 0px; \n} \n\n#cmsmasters_row_69f2e2276510b .cmsmasters_row_outer_parent { \n\tpadding-bottom: 50px; \n} \n\n \n#cmsmasters_row_69f2e22765168 .cmsmasters_row_outer_parent { \n\tpadding-top: 0px; \n} \n\n#cmsmasters_row_69f2e22765168 .cmsmasters_row_outer_parent { \n\tpadding-bottom: 50px; \n} \n\n <\/style><div id=\"cmsmasters_row_69f2e227638d4\" class=\"cmsmasters_row cmsmasters_color_scheme_default cmsmasters_row_top_default cmsmasters_row_bot_default cmsmasters_row_boxed\">\n<div class=\"cmsmasters_row_outer_parent\">\n<div class=\"cmsmasters_row_outer\">\n<div class=\"cmsmasters_row_inner\">\n<div class=\"cmsmasters_row_margin\">\n<div class=\"cmsmasters_column one_first\">\n<div class=\"custom_html\">\n<iframe class=\"deltabox-video-societe\" width=\"100%\" height=\"460\" src=\"https:\/\/www.youtube.com\/embed\/HunMLzOU4lo\" frameborder=\"0\" allow=\"accelerometer; autoplay; clipboard-write; encrypted-media; gyroscope; picture-in-picture\" allowfullscreen><\/iframe>\n<\/div>\n<\/div>\n<\/div>\n<\/div>\n<\/div>\n<\/div>\n<\/div>\n<div id=\"cmsmasters_row_69f2e22763bf3\" class=\"cmsmasters_row cmsmasters_color_scheme_default general-title cmsmasters_row_top_default cmsmasters_row_bot_default cmsmasters_row_boxed\">\n<div class=\"cmsmasters_row_outer_parent\">\n<div class=\"cmsmasters_row_outer\">\n<div class=\"cmsmasters_row_inner\">\n<div class=\"cmsmasters_row_margin\">\n<div class=\"cmsmasters_column one_first\">\n\n<div id=\"cmsmasters_heading_69f2e22763d4a\" class=\"cmsmasters_heading_wrap cmsmasters_heading_align_left\">\n\t<h3 class=\"cmsmasters_heading\">Nuestra Misi\u00f3n<\/h3>\n<\/div>\n<div id=\"cmsmasters_heading_69f2e22763d92\" class=\"cmsmasters_heading_wrap cmsmasters_heading_align_left\">\n\t<h1 class=\"cmsmasters_heading\">Deltabox es el especialista del balizaje a\u00e9reo desde hace m\u00e1s de 30 a\u00f1os<\/h1>\n<\/div>\n<\/div>\n<\/div>\n<\/div>\n<\/div>\n<\/div>\n<\/div>\n<div id=\"cmsmasters_row_69f2e22763db2\" class=\"cmsmasters_row cmsmasters_color_scheme_default cmsmasters_row_top_default cmsmasters_row_bot_default cmsmasters_row_boxed\">\n<div class=\"cmsmasters_row_outer_parent\">\n<div class=\"cmsmasters_row_outer\">\n<div class=\"cmsmasters_row_inner\">\n<div class=\"cmsmasters_row_margin\">\n<div class=\"cmsmasters_column one_first\">\n<div class=\"cmsmasters_text\">\n<p>DELTA BOX, empresa familiar innovadora, es un fabricante franc\u00e9s de dispuestos luminosos que contribuyen a la seguridad de las personas e infraestructuras entre cielo y tierra.<br \/>\nEl sentido del compromiso, de la proximidad, de la flexibilidad son los valores fundidores que nuestros colaboradores mantienen desde siempre en el acompa\u00f1amiento de nuestros clientes y socios.<br \/>\nHacer que los espacios a\u00e9reos sean m\u00e1s seguros es la misi\u00f3n que guida nuestra actividad.<\/p>\n<p>Desde su incorporaci\u00f3n al Grupo INDELEC, especializado en la Protecci\u00f3n contra Rayos, Delta Box ha conocido un ascenso r\u00e1pido tanto en t\u00e9rminos de volumen de negocios, de efectivo que de reputaci\u00f3n internacional.<\/p>\n<p>En este contexto de crecimiento, DELTA BOX se apoya sobre cuatro valores fundamentales:<\/p>\n<p>\u2013 La CONFIANZA<br \/>\n\u2013 El sentido de COMPROMISO<br \/>\n\u2013 La EXPERTICIA<br \/>\n\u2013 La AGILIDAD permanente<\/p>\n<\/div>\n<\/div>\n<\/div>\n<\/div>\n<\/div>\n<\/div>\n<\/div>\n<div id=\"cmsmasters_row_69f2e22763ec0\" class=\"cmsmasters_row cmsmasters_color_scheme_default cmsmasters_row_top_default cmsmasters_row_bot_default cmsmasters_row_boxed\">\n<div class=\"cmsmasters_row_outer_parent\">\n<div class=\"cmsmasters_row_outer\">\n<div class=\"cmsmasters_row_inner\">\n<div class=\"cmsmasters_row_margin\">\n<div class=\"cmsmasters_column one_third\">\n<div class=\"cmsmasters_content_slider_wrap\" style=\"max-width:px;\">\n<script type=\"text\/javascript\">jQuery(document).ready(function () { jQuery(\"#cmsmasters_slider_69f2e22763f7f.cmsmasters_content_slider\").owlCarousel( { singleItem : true, transitionStyle: false, rewindSpeed : 1000, slideSpeed : 600, autoHeight : true, paginationSpeed : \t600, autoPlay : 7000,navigationText : \t[ \"<span class=\\\"cmsmasters_prev_arrow\\\"><span><\/span><\/span>\", \"<span class=\\\"cmsmasters_next_arrow\\\"><span><\/span><\/span>\" ] } );} );<\/script>\n<div id=\"cmsmasters_slider_69f2e22763f7f\" class=\"cmsmasters_content_slider cmsmasters_owl_slider owl-carousel\">\n<div class=\"cmsmasters_content_slider_item\"><img width=\"1280\" height=\"791\" src=\"https:\/\/www.delta-box.com\/es\/wp-content\/uploads\/sites\/3\/2021\/01\/Batiment-2.jpg\" class=\"attachment-full size-full\" alt=\"Delta Box 1\" loading=\"lazy\" srcset=\"https:\/\/www.delta-box.com\/es\/wp-content\/uploads\/sites\/3\/2021\/01\/Batiment-2.jpg 1280w, https:\/\/www.delta-box.com\/es\/wp-content\/uploads\/sites\/3\/2021\/01\/Batiment-2-300x185.jpg 300w, https:\/\/www.delta-box.com\/es\/wp-content\/uploads\/sites\/3\/2021\/01\/Batiment-2-1024x633.jpg 1024w, https:\/\/www.delta-box.com\/es\/wp-content\/uploads\/sites\/3\/2021\/01\/Batiment-2-768x475.jpg 768w, https:\/\/www.delta-box.com\/es\/wp-content\/uploads\/sites\/3\/2021\/01\/Batiment-2-580x358.jpg 580w, https:\/\/www.delta-box.com\/es\/wp-content\/uploads\/sites\/3\/2021\/01\/Batiment-2-860x531.jpg 860w, https:\/\/www.delta-box.com\/es\/wp-content\/uploads\/sites\/3\/2021\/01\/Batiment-2-1160x717.jpg 1160w\" sizes=\"(max-width: 1280px) 100vw, 1280px\" \/><\/div><div class=\"cmsmasters_content_slider_item\"><img width=\"1280\" height=\"812\" src=\"https:\/\/www.delta-box.com\/es\/wp-content\/uploads\/sites\/3\/2021\/01\/Atelier-1.jpg\" class=\"attachment-full size-full\" alt=\"delta box atelier\" loading=\"lazy\" srcset=\"https:\/\/www.delta-box.com\/es\/wp-content\/uploads\/sites\/3\/2021\/01\/Atelier-1.jpg 1280w, https:\/\/www.delta-box.com\/es\/wp-content\/uploads\/sites\/3\/2021\/01\/Atelier-1-300x190.jpg 300w, https:\/\/www.delta-box.com\/es\/wp-content\/uploads\/sites\/3\/2021\/01\/Atelier-1-1024x650.jpg 1024w, https:\/\/www.delta-box.com\/es\/wp-content\/uploads\/sites\/3\/2021\/01\/Atelier-1-768x487.jpg 768w, https:\/\/www.delta-box.com\/es\/wp-content\/uploads\/sites\/3\/2021\/01\/Atelier-1-580x368.jpg 580w, https:\/\/www.delta-box.com\/es\/wp-content\/uploads\/sites\/3\/2021\/01\/Atelier-1-860x546.jpg 860w, https:\/\/www.delta-box.com\/es\/wp-content\/uploads\/sites\/3\/2021\/01\/Atelier-1-1160x736.jpg 1160w\" sizes=\"(max-width: 1280px) 100vw, 1280px\" \/><\/div><\/div>\n<\/div>\n<\/div>\n<div class=\"cmsmasters_column two_third\">\n<div class=\"cmsmasters_text general-list\">\n<p>Precursor en el balizaje con luces Leds, nuestra gama de productos sigue progresando gracias a la colaboraci\u00f3n estrecha entre nuestro departamento comercial y nuestro departamento Investigaci\u00f3n e Innovaci\u00f3n.<\/p>\n<p>Se declina en 5 categor\u00edas :<\/p>\n<ul>\n<li>Balizaje de obst\u00e1culo: Baja Intensidad, Media Intensidad, Alta Intensidad, Energ\u00edas alternativas<\/li>\n<li>L\u00ednea Alta Tensi\u00f3n: Esfera, Baliza Alta Tensi\u00f3n<\/li>\n<li>Sector aeroportuario: Indicadores de viento, Balizas port\u00e1tiles, Balizas de pista<\/li>\n<li>Helipuertos: Balizas Empotradas, Reflectores de Suelo, Faro de Identificaci\u00f3n, PCL<\/li>\n<li>Accesorios: Alimentaci\u00f3n solar, Alimentaci\u00f3n de reserva<\/li>\n<\/ul>\n<\/div>\n<\/div>\n<\/div>\n<\/div>\n<\/div>\n<\/div>\n<\/div>\n<div id=\"cmsmasters_row_69f2e227649e6\" class=\"cmsmasters_row cmsmasters_color_scheme_default general-title cmsmasters_row_top_default cmsmasters_row_bot_default cmsmasters_row_boxed\">\n<div class=\"cmsmasters_row_outer_parent\">\n<div class=\"cmsmasters_row_outer\">\n<div class=\"cmsmasters_row_inner\">\n<div class=\"cmsmasters_row_margin\">\n<div class=\"cmsmasters_column one_first\">\n<div class=\"cmsmasters_text\">\n<h2>Un \u00e1mbito <span style=\"color: #f1363d;\">internacional<\/span><\/h2>\n<\/div>\n<\/div>\n<\/div>\n<\/div>\n<\/div>\n<\/div>\n<\/div>\n<div id=\"cmsmasters_row_69f2e22764a56\" class=\"cmsmasters_row cmsmasters_color_scheme_default cmsmasters_row_top_default cmsmasters_row_bot_default cmsmasters_row_boxed\">\n<div class=\"cmsmasters_row_outer_parent\">\n<div class=\"cmsmasters_row_outer\">\n<div class=\"cmsmasters_row_inner\">\n<div class=\"cmsmasters_row_margin\">\n<div class=\"cmsmasters_column one_first\">\n<div class=\"aligncenter\">\n<div class=\"cmsmasters_img  cmsmasters_image_c\">\n<img src=\"https:\/\/www.delta-box.com\/es\/wp-content\/uploads\/sites\/3\/2016\/03\/delta-box_nosotros_map.png\" alt=\"delta-box_nosotros_map\" \/>\n<\/div>\n<\/div>\n<\/div>\n<\/div>\n<\/div>\n<\/div>\n<\/div>\n<\/div>\n<div id=\"cmsmasters_row_69f2e22764fa6\" class=\"cmsmasters_row cmsmasters_color_scheme_default general-title cmsmasters_row_top_default cmsmasters_row_bot_default cmsmasters_row_boxed\">\n<div class=\"cmsmasters_row_outer_parent\">\n<div class=\"cmsmasters_row_outer\">\n<div class=\"cmsmasters_row_inner\">\n<div class=\"cmsmasters_row_margin\">\n<div class=\"cmsmasters_column one_first\">\n<div class=\"cmsmasters_text\">\n<h2>Una inversi\u00f3n <span style=\"color: #f1363d;\">en la innovaci\u00f3n<\/span><\/h2>\n<\/div>\n<\/div>\n<\/div>\n<\/div>\n<\/div>\n<\/div>\n<\/div>\n<div id=\"cmsmasters_row_69f2e2276501f\" class=\"cmsmasters_row cmsmasters_color_scheme_default cmsmasters_row_top_default cmsmasters_row_bot_default cmsmasters_row_boxed\">\n<div class=\"cmsmasters_row_outer_parent\">\n<div class=\"cmsmasters_row_outer\">\n<div class=\"cmsmasters_row_inner\">\n<div class=\"cmsmasters_row_margin\">\n<div class=\"cmsmasters_column one_first\">\n<div class=\"cmsmasters_text general-list general-list-col2 without-underline\">\n<p>La cualificaci\u00f3n de Delta Box en el \u00e1mbito del balizaje a\u00e9reo procede de sus m\u00e1s de 25 a\u00f1os de experiencia en el desarrollo, fabricaci\u00f3n as\u00ed como instalaci\u00f3n de sus productos y acompa\u00f1amiento de sus clientes para resolver sus concretos problemas en el terreno.<\/p>\n<p>Pionera en la concepci\u00f3n de productos LEDs (primera homologaci\u00f3n en 1999), Delta Box tiene en su servicio interno su propio departamento de desarrollo y sus equipos de Investigaci\u00f3n y Desarrollo. Tambi\u00e9n colabora con organismos de investigaci\u00f3n fundamental y aplicada. Esto le permite proponer a sus clientes productos con tecnolog\u00eda de punta y que mejor corresponden con sus expectativas.<\/p>\n<p>La sociedad, a trav\u00e9s de su estrecha colaboraci\u00f3n entre el Departamento Comercial e el Departamento T\u00e9cnico, puede proponer a sus clientes, y eso para cada proyecto, una respuesta personalizada e adaptada a las especificaciones del sitio. Por fin, la empresa puede poner al servicio de sus clientes su competencia en:<\/p>\n<ul>\n<li>comunicaci\u00f3n de datos inal\u00e1mbricos<\/li>\n<li>fuentes de alimentaci\u00f3n aut\u00f3noma y seguridad de la maquinaria (bater\u00eda, solar, pilas de combusti\u00f3n,\u2026)<\/li>\n<li>\u00e1mbitos de se\u00f1alizaci\u00f3n luminosa<\/li>\n<li>iluminaciones especiales<\/li>\n<\/ul>\n<\/div>\n<\/div>\n<\/div>\n<\/div>\n<\/div>\n<\/div>\n<\/div>\n<div id=\"cmsmasters_row_69f2e227650a4\" class=\"cmsmasters_row cmsmasters_color_scheme_default general-title cmsmasters_row_top_default cmsmasters_row_bot_default cmsmasters_row_boxed\">\n<div class=\"cmsmasters_row_outer_parent\">\n<div class=\"cmsmasters_row_outer\">\n<div class=\"cmsmasters_row_inner\">\n<div class=\"cmsmasters_row_margin\">\n<div class=\"cmsmasters_column one_first\">\n<div class=\"cmsmasters_text\">\n<h2>UNA CALIDAD <span style=\"color: #f1363d;\">CERTIFICADA<\/span><\/h2>\n<\/div>\n<\/div>\n<\/div>\n<\/div>\n<\/div>\n<\/div>\n<\/div>\n<div id=\"cmsmasters_row_69f2e2276510b\" class=\"cmsmasters_row cmsmasters_color_scheme_default cmsmasters_row_top_default cmsmasters_row_bot_default cmsmasters_row_boxed\">\n<div class=\"cmsmasters_row_outer_parent\">\n<div class=\"cmsmasters_row_outer\">\n<div class=\"cmsmasters_row_inner\">\n<div class=\"cmsmasters_row_margin\">\n<div class=\"cmsmasters_column one_first\">\n<div class=\"cmsmasters_text\">\n<p>Todos nuestros productos de Balizaje a\u00e9reo est\u00e1n certificados por la Aviaci\u00f3n Civil Francesa y entonces en acuerdo con la reglamentaci\u00f3n de la OACI (Organizaci\u00f3n de Aviaci\u00f3n Civil Internacional), Anexo 14, Cap\u00edtulo 6, Volumen 1.<\/p>\n<p>Nuestras luces de balizaje est\u00e1n particularmente empleadas para equipar los postes radio\/de Telecomunicaciones, las e\u00f3licas, las chimeneas, las obras de f\u00e1brica, las l\u00edneas Alta Tensi\u00f3n, los edificios, las gr\u00faas, los aeropuertos\/helipuertos.<\/p>\n<p>Garantizamos una fiabilidad probada de nuestros productos, validados y probados en condiciones reales al momento de su concepci\u00f3n. Adem\u00e1s, nuestros equipos est\u00e1n probados y certificados por nuestro departamento Cualidad antes de cada entrega a nuestros clientes.<\/p>\n<p>Por fin, con el motivo de siempre satisfacer nuestros clientes, desde 2009, Delta Box certifica sus procesos seg\u00fan la norma ISO 9001 versi\u00f3n 2008.<\/p>\n<\/div>\n<\/div>\n<\/div>\n<\/div>\n<\/div>\n<\/div>\n<\/div>\n<div id=\"cmsmasters_row_69f2e22765168\" class=\"cmsmasters_row cmsmasters_color_scheme_default cmsmasters_row_top_default cmsmasters_row_bot_default cmsmasters_row_boxed\">\n<div class=\"cmsmasters_row_outer_parent\">\n<div class=\"cmsmasters_row_outer\">\n<div class=\"cmsmasters_row_inner\">\n<div class=\"cmsmasters_row_margin\">\n<div class=\"cmsmasters_column one_first\">\n \n<div class=\"cmsmasters_stats stats_mode_circles stats_type_horizontal\"><div class=\"cmsmasters_stat_wrap one_fourth\">\n<div id=\"cmsmasters_stat_69f2e22765430\" class=\"cmsmasters_stat\" data-percent=\"50\" data-bar-color=\"#f05a61\">\n<div class=\"cmsmasters_stat_inner\">\n<span class=\"cmsmasters_stat_counter_wrap\">\n<span class=\"cmsmasters_stat_counter\">100<\/span><span class=\"cmsmasters_stat_units\">%<\/span>\n<\/span>\n<\/div>\n<\/div>\n<span class=\"cmsmasters_stat_title\"> Productos probados antes de entrega<\/span>\n<\/div><div class=\"cmsmasters_stat_wrap one_fourth\">\n<div id=\"cmsmasters_stat_69f2e227654bf\" class=\"cmsmasters_stat\" data-percent=\"25\" data-bar-color=\"#f05a61\">\n<div class=\"cmsmasters_stat_inner\">\n<span class=\"cmsmasters_stat_counter_wrap\">\n<span class=\"cmsmasters_stat_counter\">50<\/span><span class=\"cmsmasters_stat_units\">%<\/span>\n<\/span>\n<\/div>\n<\/div>\n<span class=\"cmsmasters_stat_title\">Los ingresos procedentes de las exportaciones<\/span>\n<\/div><div class=\"cmsmasters_stat_wrap one_fourth\">\n<div id=\"cmsmasters_stat_69f2e2276553b\" class=\"cmsmasters_stat\" data-percent=\"50\" data-bar-color=\"#f05a61\">\n<div class=\"cmsmasters_stat_inner\">\n<span class=\"cmsmasters_stat_counter_wrap\">\n<span class=\"cmsmasters_stat_counter\">100<\/span><span class=\"cmsmasters_stat_units\">%<\/span>\n<\/span>\n<\/div>\n<\/div>\n<span class=\"cmsmasters_stat_title\">Fabricado en Francia<\/span>\n<\/div><div class=\"cmsmasters_stat_wrap one_fourth\">\n<div id=\"cmsmasters_stat_69f2e227655c9\" class=\"cmsmasters_stat\" data-percent=\"37.5\" data-bar-color=\"#f05a61\">\n<div class=\"cmsmasters_stat_inner\">\n<span class=\"cmsmasters_stat_counter_wrap\">\n<span class=\"cmsmasters_stat_counter\">75<\/span><span class=\"cmsmasters_stat_units\">%<\/span>\n<\/span>\n<\/div>\n<\/div>\n<span class=\"cmsmasters_stat_title\">Cobertura global<\/span>\n<\/div><\/div>\n<\/div>\n<\/div>\n<\/div>\n<\/div>\n<\/div>\n<\/div>\n","protected":false},"excerpt":{"rendered":"","protected":false},"author":1,"featured_media":0,"parent":0,"menu_order":0,"comment_status":"closed","ping_status":"closed","template":"","meta":[],"yoast_head":"<!-- This site is optimized with the Yoast SEO plugin v15.2 - https:\/\/yoast.com\/wordpress\/plugins\/seo\/ -->\n<title>\u00bfQui\u00e9nes somos? | Delta Box<\/title>\n<meta name=\"description\" content=\"Delta Box es especialista en balizaje a\u00e9reo para torres, l\u00edneas alta tensi\u00f3n, e\u00f3licas, chimeneas, edificios, gr\u00faas, obras de ingenier\u00eda y aeropuertos.\" \/>\n<meta name=\"robots\" content=\"index, follow, max-snippet:-1, max-image-preview:large, max-video-preview:-1\" \/>\n<link rel=\"canonical\" href=\"https:\/\/www.delta-box.com\/es\/quienes-somos\/\" \/>\n<meta property=\"og:locale\" content=\"es_ES\" \/>\n<meta property=\"og:type\" content=\"article\" \/>\n<meta property=\"og:title\" content=\"\u00bfQui\u00e9nes somos? | Delta Box\" \/>\n<meta property=\"og:description\" content=\"Delta Box es especialista en balizaje a\u00e9reo para torres, l\u00edneas alta tensi\u00f3n, e\u00f3licas, chimeneas, edificios, gr\u00faas, obras de ingenier\u00eda y aeropuertos.\" \/>\n<meta property=\"og:url\" content=\"https:\/\/www.delta-box.com\/es\/quienes-somos\/\" \/>\n<meta property=\"og:site_name\" content=\"DeltaBox (ES)\" \/>\n<meta property=\"article:modified_time\" content=\"2024-05-14T12:55:08+00:00\" \/>\n<meta name=\"twitter:card\" content=\"summary_large_image\" \/>\n<meta name=\"twitter:label1\" value=\"Escrito por\">\n\t<meta name=\"twitter:data1\" value=\"IkadiaDeltaBox\">\n\t<meta name=\"twitter:label2\" value=\"Tiempo de lectura\">\n\t<meta name=\"twitter:data2\" value=\"5 minutos\">\n<script type=\"application\/ld+json\" class=\"yoast-schema-graph\">{\"@context\":\"https:\/\/schema.org\",\"@graph\":[{\"@type\":\"WebSite\",\"@id\":\"https:\/\/www.delta-box.com\/es\/#website\",\"url\":\"https:\/\/www.delta-box.com\/es\/\",\"name\":\"DeltaBox (ES)\",\"description\":\"Un site utilisant WordPress\",\"potentialAction\":[{\"@type\":\"SearchAction\",\"target\":\"https:\/\/www.delta-box.com\/es\/?s={search_term_string}\",\"query-input\":\"required name=search_term_string\"}],\"inLanguage\":\"es\"},{\"@type\":\"WebPage\",\"@id\":\"https:\/\/www.delta-box.com\/es\/quienes-somos\/#webpage\",\"url\":\"https:\/\/www.delta-box.com\/es\/quienes-somos\/\",\"name\":\"\\u00bfQui\\u00e9nes somos? | Delta Box\",\"isPartOf\":{\"@id\":\"https:\/\/www.delta-box.com\/es\/#website\"},\"datePublished\":\"2016-03-30T10:27:25+00:00\",\"dateModified\":\"2024-05-14T12:55:08+00:00\",\"description\":\"Delta Box es especialista en balizaje a\\u00e9reo para torres, l\\u00edneas alta tensi\\u00f3n, e\\u00f3licas, chimeneas, edificios, gr\\u00faas, obras de ingenier\\u00eda y aeropuertos.\",\"breadcrumb\":{\"@id\":\"https:\/\/www.delta-box.com\/es\/quienes-somos\/#breadcrumb\"},\"inLanguage\":\"es\",\"potentialAction\":[{\"@type\":\"ReadAction\",\"target\":[\"https:\/\/www.delta-box.com\/es\/quienes-somos\/\"]}]},{\"@type\":\"BreadcrumbList\",\"@id\":\"https:\/\/www.delta-box.com\/es\/quienes-somos\/#breadcrumb\",\"itemListElement\":[{\"@type\":\"ListItem\",\"position\":1,\"item\":{\"@type\":\"WebPage\",\"@id\":\"https:\/\/www.delta-box.com\/es\/\",\"url\":\"https:\/\/www.delta-box.com\/es\/\",\"name\":\"Inicio\"}},{\"@type\":\"ListItem\",\"position\":2,\"item\":{\"@type\":\"WebPage\",\"@id\":\"https:\/\/www.delta-box.com\/es\/quienes-somos\/\",\"url\":\"https:\/\/www.delta-box.com\/es\/quienes-somos\/\",\"name\":\"\\u00bfQui\\u00e9nes somos?\"}}]}]}<\/script>\n<!-- \/ Yoast SEO plugin. -->","_links":{"self":[{"href":"https:\/\/www.delta-box.com\/es\/wp-json\/wp\/v2\/pages\/6587"}],"collection":[{"href":"https:\/\/www.delta-box.com\/es\/wp-json\/wp\/v2\/pages"}],"about":[{"href":"https:\/\/www.delta-box.com\/es\/wp-json\/wp\/v2\/types\/page"}],"author":[{"embeddable":true,"href":"https:\/\/www.delta-box.com\/es\/wp-json\/wp\/v2\/users\/1"}],"replies":[{"embeddable":true,"href":"https:\/\/www.delta-box.com\/es\/wp-json\/wp\/v2\/comments?post=6587"}],"version-history":[{"count":59,"href":"https:\/\/www.delta-box.com\/es\/wp-json\/wp\/v2\/pages\/6587\/revisions"}],"predecessor-version":[{"id":9590,"href":"https:\/\/www.delta-box.com\/es\/wp-json\/wp\/v2\/pages\/6587\/revisions\/9590"}],"wp:attachment":[{"href":"https:\/\/www.delta-box.com\/es\/wp-json\/wp\/v2\/media?parent=6587"}],"curies":[{"name":"wp","href":"https:\/\/api.w.org\/{rel}","templated":true}]}}