{"id":7720,"date":"2016-10-21T10:28:29","date_gmt":"2016-10-21T08:28:29","guid":{"rendered":"http:\/\/www.delta-box.com\/en\/?page_id=7720"},"modified":"2026-01-05T10:34:49","modified_gmt":"2026-01-05T09:34:49","slug":"markinguninterruptible-power-supply","status":"publish","type":"page","link":"https:\/\/www.delta-box.com\/en\/marking\/uninterruptible-power-supply\/","title":{"rendered":"Power Supply Cabinets &#8211; Uninterruptible Power Supply"},"content":{"rendered":"<style type=\"text\/css\"> \n#cmsmasters_row_6a091da105730 .cmsmasters_row_outer_parent { \n\tpadding-top: 0px; \n} \n\n#cmsmasters_row_6a091da105730 .cmsmasters_row_outer_parent { \n\tpadding-bottom: 10px; \n} \n\n \n#cmsmasters_heading_6a091da1059ae { \n\ttext-align:left; \n\tmargin-top:0px; \n\tmargin-bottom:0px; \n} \n\n#cmsmasters_heading_6a091da1059ae .cmsmasters_heading { \n\ttext-align:left; \n} \n\n#cmsmasters_heading_6a091da1059ae .cmsmasters_heading, #cmsmasters_heading_6a091da1059ae .cmsmasters_heading a { \n\tfont-family:'Montserrat'; \n\tfont-size:15px; \n\tfont-weight:600; \n\tfont-style:normal; \n\tcolor:#f84e57;\n} \n\n#cmsmasters_heading_6a091da1059ae .cmsmasters_heading_divider { \n} \n\n \n#cmsmasters_heading_6a091da1059e5 { \n\ttext-align:left; \n\tmargin-top:0px; \n\tmargin-bottom:20px; \n} \n\n#cmsmasters_heading_6a091da1059e5 .cmsmasters_heading { \n\ttext-align:left; \n} \n\n#cmsmasters_heading_6a091da1059e5 .cmsmasters_heading, #cmsmasters_heading_6a091da1059e5 .cmsmasters_heading a { \n\tfont-size:20px; \n\tfont-weight:600; \n\tfont-style:normal; \n\tcolor:#454545;\n} \n\n#cmsmasters_heading_6a091da1059e5 .cmsmasters_heading_divider { \n} \n\n \n#cmsmasters_row_6a091da105ac2 .cmsmasters_row_outer_parent { \n\tpadding-top: 0px; \n} \n\n#cmsmasters_row_6a091da105ac2 .cmsmasters_row_outer_parent { \n\tpadding-bottom: 10px; \n} \n\n \n#cmsmasters_row_6a091da10669a .cmsmasters_row_outer_parent { \n\tpadding-top: 30px; \n} \n\n#cmsmasters_row_6a091da10669a .cmsmasters_row_outer_parent { \n\tpadding-bottom: 10px; \n} \n\n \n#cmsmasters_row_6a091da106740 .cmsmasters_row_outer_parent { \n\tpadding-top: 0px; \n} \n\n \n#cmsmasters_row_6a091da10679b .cmsmasters_row_outer_parent { \n\tpadding-top: 0px; \n} \n\n#cmsmasters_row_6a091da10679b .cmsmasters_row_outer_parent { \n\tpadding-bottom: 0px; \n} \n\n \n#cmsmasters_row_6a091da1068c6 .cmsmasters_row_outer_parent { \n\tpadding-top: 30px; \n} \n\n#cmsmasters_row_6a091da1068c6 .cmsmasters_row_outer_parent { \n\tpadding-bottom: 10px; \n} \n\n \n#cmsmasters_row_6a091da106934 .cmsmasters_row_outer_parent { \n\tpadding-top: 0px; \n} \n\n#cmsmasters_row_6a091da106934 .cmsmasters_row_outer_parent { \n\tpadding-bottom: 50px; \n} \n\n \n#cmsmasters_row_6a091da10699a .cmsmasters_row_outer_parent { \n\tpadding-top: 0px; \n} \n\n#cmsmasters_row_6a091da10699a .cmsmasters_row_outer_parent { \n\tpadding-bottom: 50px; \n} \n\n \n#cmsmasters_row_6a091da106a7f .cmsmasters_row_outer_parent { \n\tpadding-top: 0px; \n} \n\n#cmsmasters_row_6a091da106a7f .cmsmasters_row_outer_parent { \n\tpadding-bottom: 50px; \n} \n\n<\/style><div id=\"cmsmasters_row_6a091da105730\" class=\"cmsmasters_row cmsmasters_color_scheme_default general-title cmsmasters_row_top_default cmsmasters_row_bot_default cmsmasters_row_boxed\">\n<div class=\"cmsmasters_row_outer_parent\">\n<div class=\"cmsmasters_row_outer\">\n<div class=\"cmsmasters_row_inner\">\n<div class=\"cmsmasters_row_margin\">\n<div class=\"cmsmasters_column one_first\">\n\n<div id=\"cmsmasters_heading_6a091da1059ae\" class=\"cmsmasters_heading_wrap cmsmasters_heading_align_left\">\n\t<h3 class=\"cmsmasters_heading\">Products<\/h3>\n<\/div>\n<div id=\"cmsmasters_heading_6a091da1059e5\" class=\"cmsmasters_heading_wrap cmsmasters_heading_align_left\">\n\t<h1 class=\"cmsmasters_heading\">Power Supply Cabinets &#8211; Uninterruptible Power Supply<\/h1>\n<\/div>\n<\/div>\n<\/div>\n<\/div>\n<\/div>\n<\/div>\n<\/div>\n<div id=\"cmsmasters_row_6a091da105ac2\" class=\"cmsmasters_row cmsmasters_color_scheme_default cmsmasters_row_top_default cmsmasters_row_bot_default cmsmasters_row_boxed\">\n<div class=\"cmsmasters_row_outer_parent\">\n<div class=\"cmsmasters_row_outer\">\n<div class=\"cmsmasters_row_inner\">\n<div class=\"cmsmasters_row_margin\">\n<div class=\"cmsmasters_column one_third\">\n<div class=\"cmsmasters_content_slider_wrap\" style=\"max-width:px;\">\n<script type=\"text\/javascript\">jQuery(document).ready(function () { jQuery(\"#cmsmasters_slider_6a091da105b4d.cmsmasters_content_slider\").owlCarousel( { singleItem : true, transitionStyle: false, rewindSpeed : 1000, slideSpeed : 600, autoHeight : true, paginationSpeed : \t600, autoPlay : 7000,navigationText : \t[ \"<span class=\\\"cmsmasters_prev_arrow\\\"><span><\/span><\/span>\", \"<span class=\\\"cmsmasters_next_arrow\\\"><span><\/span><\/span>\" ] } );} );<\/script>\n<div id=\"cmsmasters_slider_6a091da105b4d\" class=\"cmsmasters_content_slider cmsmasters_owl_slider owl-carousel\">\n<div class=\"cmsmasters_content_slider_item\"><img width=\"524\" height=\"560\" src=\"https:\/\/www.delta-box.com\/en\/wp-content\/uploads\/sites\/2\/2016\/10\/delta-box_uninterruptible-power-supply-slider-1.jpg\" class=\"attachment-full size-full\" alt=\"delta-box_uninterruptible-power-supply-slider-1\" loading=\"lazy\" srcset=\"https:\/\/www.delta-box.com\/en\/wp-content\/uploads\/sites\/2\/2016\/10\/delta-box_uninterruptible-power-supply-slider-1.jpg 524w, https:\/\/www.delta-box.com\/en\/wp-content\/uploads\/sites\/2\/2016\/10\/delta-box_uninterruptible-power-supply-slider-1-281x300.jpg 281w\" sizes=\"(max-width: 524px) 100vw, 524px\" \/><\/div><div class=\"cmsmasters_content_slider_item\"><img width=\"524\" height=\"560\" src=\"https:\/\/www.delta-box.com\/en\/wp-content\/uploads\/sites\/2\/2016\/10\/delta-box_uninterruptible-power-supply-slider-2.jpg\" class=\"attachment-full size-full\" alt=\"delta-box_uninterruptible-power-supply-slider-2\" loading=\"lazy\" srcset=\"https:\/\/www.delta-box.com\/en\/wp-content\/uploads\/sites\/2\/2016\/10\/delta-box_uninterruptible-power-supply-slider-2.jpg 524w, https:\/\/www.delta-box.com\/en\/wp-content\/uploads\/sites\/2\/2016\/10\/delta-box_uninterruptible-power-supply-slider-2-281x300.jpg 281w\" sizes=\"(max-width: 524px) 100vw, 524px\" \/><\/div><div class=\"cmsmasters_content_slider_item\"><img width=\"524\" height=\"560\" src=\"https:\/\/www.delta-box.com\/en\/wp-content\/uploads\/sites\/2\/2016\/10\/delta-box_uninterruptible-power-supply-slider-3.jpg\" class=\"attachment-full size-full\" alt=\"delta-box_uninterruptible-power-supply-slider-3\" loading=\"lazy\" srcset=\"https:\/\/www.delta-box.com\/en\/wp-content\/uploads\/sites\/2\/2016\/10\/delta-box_uninterruptible-power-supply-slider-3.jpg 524w, https:\/\/www.delta-box.com\/en\/wp-content\/uploads\/sites\/2\/2016\/10\/delta-box_uninterruptible-power-supply-slider-3-281x300.jpg 281w\" sizes=\"(max-width: 524px) 100vw, 524px\" \/><\/div><\/div>\n<\/div>\n<\/div>\n<div class=\"cmsmasters_column two_third\">\n<div class=\"cmsmasters_text\">\n<p>Our power controllers are designed to simplify the power distribution of the beacons. A standalone light will function on its own, through its own embedded electronics, a power controller will take purpose in configuring identical behaviour to different lights installed on the same structure.<\/p>\n<p>Our Uninterruptible Power Supply systems serve as a safety measure in case of power failure. They allow a 12-hour autonomous light functioning at the very least.<\/p>\n<p>They are composed of various batteries of different dimensions (according to the type of light to be powered).<\/p>\n<p>We offer two output voltages: 48 or 230V.<\/p>\n<p>Our cabinets are all equipped with a lightning arrester and can handle the possibility of default reporting. They are also IP66.<\/p>\n<\/div>\n<\/div>\n<\/div>\n<\/div>\n<\/div>\n<\/div>\n<\/div>\n<div id=\"cmsmasters_row_6a091da10669a\" class=\"cmsmasters_row cmsmasters_color_scheme_default general-title cmsmasters_row_top_default cmsmasters_row_bot_default cmsmasters_row_boxed\">\n<div class=\"cmsmasters_row_outer_parent\">\n<div class=\"cmsmasters_row_outer\">\n<div class=\"cmsmasters_row_inner\">\n<div class=\"cmsmasters_row_margin\">\n<div class=\"cmsmasters_column one_first\">\n<div class=\"cmsmasters_text\">\n<h2>The different <span style=\"color: #f1363d;\">product applications<\/span><\/h2>\n<\/div>\n<\/div>\n<\/div>\n<\/div>\n<\/div>\n<\/div>\n<\/div>\n<div id=\"cmsmasters_row_6a091da106740\" class=\"cmsmasters_row cmsmasters_color_scheme_default cmsmasters_row_top_default cmsmasters_row_bot_default cmsmasters_row_boxed\">\n<div class=\"cmsmasters_row_outer_parent\">\n<div class=\"cmsmasters_row_outer\">\n<div class=\"cmsmasters_row_inner\">\n<div class=\"cmsmasters_row_margin\">\n<div class=\"cmsmasters_column one_first\">\n<div class=\"cmsmasters_text\">\n<p>Les r\u00e8gles de balisage des obstacles a\u00e9riens sont \u00e9tablies par l\u2019OACI (Annexe 14, chapitre 6). En conformit\u00e9 avec la r\u00e9glementation, une armoire de secours peut \u00eatre install\u00e9e pour assurer un balisage de fa\u00e7on autonome pendant 12h en cas de coupure r\u00e9seau.<\/p>\n<\/div>\n<\/div>\n<\/div>\n<\/div>\n<\/div>\n<\/div>\n<\/div>\n<div id=\"cmsmasters_row_6a091da10679b\" class=\"cmsmasters_row cmsmasters_color_scheme_default cmsmasters_row_top_default cmsmasters_row_bot_default cmsmasters_row_boxed\">\n<div class=\"cmsmasters_row_outer_parent\">\n<div class=\"cmsmasters_row_outer\">\n<div class=\"cmsmasters_row_inner\">\n<div class=\"cmsmasters_row_margin\">\n<div class=\"cmsmasters_column one_first\">\n<div class=\"cmsmasters_text\">\n<div class=\"row-produit-app-col\">\n<div class=\"produit-app-col\"><a href=\"http:\/\/www.delta-box.com\/en\/applications\/aircraft-warning-lights-airport\"><img loading=\"lazy\" class=\"alignnone\" src=\"http:\/\/www.delta-box.com\/en\/wp-content\/uploads\/sites\/2\/2017\/08\/delta-box_marking_picto-aircraft-warning-lights-airport-and-heliport.png\" alt=\"delta-box_marking_picto-aircraft-warning-lights-airport-and-heliport\" width=\"120\" height=\"120\" \/><\/a><\/div>\n<div class=\"produit-app-col\"><a href=\"http:\/\/www.delta-box.com\/en\/applications\/aircraft-warning-lights-for-buildings\/\"><img src=\"http:\/\/www.delta-box.com\/en\/wp-content\/uploads\/sites\/2\/2017\/08\/delta-box_marking_picto-aircraft-warning-lights-for-buildings.png\" alt=\"delta-box_marking_picto-aircraft-warning-lights-for-buildings\" \/><\/a><\/div>\n<div class=\"produit-app-col\"><a href=\"http:\/\/www.delta-box.com\/en\/applications\/aircraft-warning-lights-for-stacks\/\"><img src=\"http:\/\/www.delta-box.com\/en\/wp-content\/uploads\/sites\/2\/2017\/08\/delta-box_marking_picto-aircraft-warning-lights-for-stacks.png\" alt=\"delta-box_marking_picto-aircraft-warning-lights-for-stacks\" \/><\/a><\/div>\n<div class=\"produit-app-col\"><a href=\"http:\/\/www.delta-box.com\/en\/applications\/aircraft-warning-lights-for-wind-turbines\/\"><img src=\"http:\/\/www.delta-box.com\/en\/wp-content\/uploads\/sites\/2\/2017\/08\/delta-box_marking_picto-aircraft-warning-lights-for-wind-turbines.png\" alt=\"delta-box_marking_picto-aircraft-warning-lights-for-wind-turbines\" \/><\/a><\/div>\n<div class=\"produit-app-col\"><a href=\"http:\/\/www.delta-box.com\/en\/applications\/aircraft-warning-lights-for-cranes\/\"><img src=\"http:\/\/www.delta-box.com\/en\/wp-content\/uploads\/sites\/2\/2017\/08\/delta-box_marking_picto-aircraft-warning-lights-for-cranes.png\" alt=\"delta-box_marking_picto-aircraft-warning-lights-for-cranes\" \/><\/a><\/div>\n<div class=\"produit-app-col\"><a href=\"http:\/\/www.delta-box.com\/en\/applications\/markings-for-high-voltage-line\/\"><img src=\"http:\/\/www.delta-box.com\/en\/wp-content\/uploads\/sites\/2\/2017\/08\/delta-box_marking_picto-markings-for-high-voltage-line.png\" alt=\"delta-box_marking_picto-markings-for-high-voltage-line\" \/><\/a><\/div>\n<div class=\"produit-app-col\"><a href=\"http:\/\/www.delta-box.com\/en\/applications\/awl-for-civil-engineering-structures\/\"><img src=\"http:\/\/www.delta-box.com\/en\/wp-content\/uploads\/sites\/2\/2017\/08\/delta-box_marking_picto-awl-for-civil-engineering-structures.png\" alt=\"delta-box_marking_picto-awl-for-civil-engineering-structures\" \/><\/a><\/div>\n<div class=\"produit-app-col\"><a href=\"http:\/\/www.delta-box.com\/en\/applications\/aircraft-warning-lights-for-pylons\/\"><img src=\"http:\/\/www.delta-box.com\/en\/wp-content\/uploads\/sites\/2\/2017\/08\/delta-box_marking_picto-aircraft-warning-lights-for-pylons.png\" alt=\"delta-box_marking_picto-aircraft-warning-lights-for-pylons\" \/><\/a><\/div>\n<\/div>\n<\/div>\n<\/div>\n<\/div>\n<\/div>\n<\/div>\n<\/div>\n<\/div>\n<div id=\"cmsmasters_row_6a091da1068c6\" class=\"cmsmasters_row cmsmasters_color_scheme_default general-title cmsmasters_row_top_default cmsmasters_row_bot_default cmsmasters_row_boxed\">\n<div class=\"cmsmasters_row_outer_parent\">\n<div class=\"cmsmasters_row_outer\">\n<div class=\"cmsmasters_row_inner\">\n<div class=\"cmsmasters_row_margin\">\n<div class=\"cmsmasters_column one_first\">\n<div class=\"cmsmasters_text\">\n<h2>Technical\u00a0<span style=\"color: #f1363d;\">Characteristics<\/span><\/h2>\n<\/div>\n<\/div>\n<\/div>\n<\/div>\n<\/div>\n<\/div>\n<\/div>\n<div id=\"cmsmasters_row_6a091da106934\" class=\"cmsmasters_row cmsmasters_color_scheme_default cmsmasters_row_top_default cmsmasters_row_bot_default cmsmasters_row_boxed\">\n<div class=\"cmsmasters_row_outer_parent\">\n<div class=\"cmsmasters_row_outer\">\n<div class=\"cmsmasters_row_inner\">\n<div class=\"cmsmasters_row_margin\">\n<div class=\"cmsmasters_column one_first\">\n<div class=\"cmsmasters_text\">\n<p>Our Uninterruptible Power Supply is dedicated to guarantee 12 hours autonomy in case of power supply failure. The Safebox is a UPS solution optimized for obstruction lights based on high quality batteries. Available with a 110-240V input and a 48V or 110-240V output, the UPS is equipped in standard with lightning protection and dry contacts for network and beacons alarm failure.<\/p>\n<\/div>\n<\/div>\n<\/div>\n<\/div>\n<\/div>\n<\/div>\n<\/div>\n<div id=\"cmsmasters_row_6a091da10699a\" class=\"cmsmasters_row cmsmasters_color_scheme_default cmsmasters_row_top_default cmsmasters_row_bot_default cmsmasters_row_boxed\">\n<div class=\"cmsmasters_row_outer_parent\">\n<div class=\"cmsmasters_row_outer\">\n<div class=\"cmsmasters_row_inner\">\n<div class=\"cmsmasters_row_margin\">\n<div class=\"cmsmasters_column one_half\">\n<div class=\"cmsmasters_text description-title-armoires\">\n<h3>Control cabinet <strong>for power distribution (low and medium intensity)<\/strong><\/h3>\n<\/div>\n<div class=\"cmsmasters_text cta-download\">\n<p><a href=\"https:\/\/www.delta-box.com\/en\/wp-content\/uploads\/sites\/2\/2025\/11\/11-Controllers-for-Low-Medium-Intensity-lights.pdf\" target=\"_blank\" rel=\"nofollow noopener noreferrer\">Download the technical file\u00a0<\/a><\/p>\n<\/div>\n<\/div>\n<div class=\"cmsmasters_column one_half\">\n<div class=\"cmsmasters_text description-title-armoires\">\n<h3>Control cabinet <strong>for power distribution (high intensity)<\/strong><\/h3>\n<\/div>\n<div class=\"cmsmasters_text cta-download\">\n<p><a href=\"https:\/\/www.delta-box.com\/en\/wp-content\/uploads\/sites\/2\/2025\/11\/10-Controllers-for-High-Intensity-lights.pdf\" target=\"_blank\" rel=\"nofollow noopener noreferrer\">Download the technical file<\/a><\/p>\n<\/div>\n<\/div>\n<\/div>\n<\/div>\n<\/div>\n<\/div>\n<\/div>\n<div id=\"cmsmasters_row_6a091da106a7f\" class=\"cmsmasters_row cmsmasters_color_scheme_default cmsmasters_row_top_default cmsmasters_row_bot_default cmsmasters_row_boxed\">\n<div class=\"cmsmasters_row_outer_parent\">\n<div class=\"cmsmasters_row_outer\">\n<div class=\"cmsmasters_row_inner\">\n<div class=\"cmsmasters_row_margin\">\n<div class=\"cmsmasters_column one_first\">\n<div class=\"cmsmasters_text description-title-armoires\">\n<h3>UPS system <strong>for power backup<\/strong><\/h3>\n<\/div>\n<div class=\"cmsmasters_text cta-download\">\n<p><a href=\"https:\/\/www.delta-box.com\/en\/wp-content\/uploads\/sites\/2\/2025\/11\/12-Controllers-with-UPS-Safebox.pdf\" target=\"_blank\" rel=\"nofollow noopener noreferrer\">Download the technical file\u00a0<\/a><\/p>\n<\/div>\n<\/div>\n<\/div>\n<\/div>\n<\/div>\n<\/div>\n<\/div>\n","protected":false},"excerpt":{"rendered":"","protected":false},"author":1,"featured_media":0,"parent":0,"menu_order":0,"comment_status":"closed","ping_status":"closed","template":"page-produits.php","meta":[],"yoast_head":"<!-- This site is optimized with the Yoast SEO plugin v15.2 - https:\/\/yoast.com\/wordpress\/plugins\/seo\/ -->\n<title>Uninterruptible Power Supply | Delta Box<\/title>\n<meta name=\"description\" content=\"Delta Box provides control cabinets and UPS for Aircraft Warning Lights compliant with ICAO regulation. Review our product catalogue!\" \/>\n<meta name=\"robots\" content=\"index, follow, max-snippet:-1, max-image-preview:large, max-video-preview:-1\" \/>\n<link rel=\"canonical\" href=\"https:\/\/www.delta-box.com\/en\/marking\/uninterruptible-power-supply\/\" \/>\n<meta property=\"og:locale\" content=\"en_GB\" \/>\n<meta property=\"og:type\" content=\"article\" \/>\n<meta property=\"og:title\" content=\"Uninterruptible Power Supply | Delta Box\" \/>\n<meta property=\"og:description\" content=\"Delta Box provides control cabinets and UPS for Aircraft Warning Lights compliant with ICAO regulation. Review our product catalogue!\" \/>\n<meta property=\"og:url\" content=\"https:\/\/www.delta-box.com\/en\/marking\/uninterruptible-power-supply\/\" \/>\n<meta property=\"og:site_name\" content=\"DeltaBox (EN)\" \/>\n<meta property=\"article:modified_time\" content=\"2026-01-05T09:34:49+00:00\" \/>\n<meta property=\"og:image\" content=\"http:\/\/www.delta-box.com\/en\/wp-content\/uploads\/sites\/2\/2017\/08\/delta-box_marking_picto-aircraft-warning-lights-airport-and-heliport.png\" \/>\n<meta name=\"twitter:card\" content=\"summary\" \/>\n<meta name=\"twitter:label1\" value=\"Written by\">\n\t<meta name=\"twitter:data1\" value=\"IkadiaDeltaBox\">\n\t<meta name=\"twitter:label2\" value=\"Estimated reading time\">\n\t<meta name=\"twitter:data2\" value=\"3 minutes\">\n<script type=\"application\/ld+json\" class=\"yoast-schema-graph\">{\"@context\":\"https:\/\/schema.org\",\"@graph\":[{\"@type\":\"WebSite\",\"@id\":\"https:\/\/www.delta-box.com\/en\/#website\",\"url\":\"https:\/\/www.delta-box.com\/en\/\",\"name\":\"DeltaBox (EN)\",\"description\":\"Un site utilisant WordPress\",\"potentialAction\":[{\"@type\":\"SearchAction\",\"target\":\"https:\/\/www.delta-box.com\/en\/?s={search_term_string}\",\"query-input\":\"required name=search_term_string\"}],\"inLanguage\":\"en-GB\"},{\"@type\":\"ImageObject\",\"@id\":\"https:\/\/www.delta-box.com\/en\/marking\/uninterruptible-power-supply\/#primaryimage\",\"inLanguage\":\"en-GB\",\"url\":\"http:\/\/www.delta-box.com\/en\/wp-content\/uploads\/sites\/2\/2017\/08\/delta-box_marking_picto-aircraft-warning-lights-airport-and-heliport.png\"},{\"@type\":\"WebPage\",\"@id\":\"https:\/\/www.delta-box.com\/en\/marking\/uninterruptible-power-supply\/#webpage\",\"url\":\"https:\/\/www.delta-box.com\/en\/marking\/uninterruptible-power-supply\/\",\"name\":\"Uninterruptible Power Supply | Delta Box\",\"isPartOf\":{\"@id\":\"https:\/\/www.delta-box.com\/en\/#website\"},\"primaryImageOfPage\":{\"@id\":\"https:\/\/www.delta-box.com\/en\/marking\/uninterruptible-power-supply\/#primaryimage\"},\"datePublished\":\"2016-10-21T08:28:29+00:00\",\"dateModified\":\"2026-01-05T09:34:49+00:00\",\"description\":\"Delta Box provides control cabinets and UPS for Aircraft Warning Lights compliant with ICAO regulation. Review our product catalogue!\",\"breadcrumb\":{\"@id\":\"https:\/\/www.delta-box.com\/en\/marking\/uninterruptible-power-supply\/#breadcrumb\"},\"inLanguage\":\"en-GB\",\"potentialAction\":[{\"@type\":\"ReadAction\",\"target\":[\"https:\/\/www.delta-box.com\/en\/marking\/uninterruptible-power-supply\/\"]}]},{\"@type\":\"BreadcrumbList\",\"@id\":\"https:\/\/www.delta-box.com\/en\/marking\/uninterruptible-power-supply\/#breadcrumb\",\"itemListElement\":[{\"@type\":\"ListItem\",\"position\":1,\"item\":{\"@type\":\"WebPage\",\"@id\":\"https:\/\/www.delta-box.com\/en\/\",\"url\":\"https:\/\/www.delta-box.com\/en\/\",\"name\":\"Home\"}},{\"@type\":\"ListItem\",\"position\":2,\"item\":{\"@type\":\"WebPage\",\"@id\":\"https:\/\/www.delta-box.com\/en\/marking\/uninterruptible-power-supply\/\",\"url\":\"https:\/\/www.delta-box.com\/en\/marking\/uninterruptible-power-supply\/\",\"name\":\"Power Supply Cabinets &#8211; Uninterruptible Power Supply\"}}]}]}<\/script>\n<!-- \/ Yoast SEO plugin. -->","_links":{"self":[{"href":"https:\/\/www.delta-box.com\/en\/wp-json\/wp\/v2\/pages\/7720"}],"collection":[{"href":"https:\/\/www.delta-box.com\/en\/wp-json\/wp\/v2\/pages"}],"about":[{"href":"https:\/\/www.delta-box.com\/en\/wp-json\/wp\/v2\/types\/page"}],"author":[{"embeddable":true,"href":"https:\/\/www.delta-box.com\/en\/wp-json\/wp\/v2\/users\/1"}],"replies":[{"embeddable":true,"href":"https:\/\/www.delta-box.com\/en\/wp-json\/wp\/v2\/comments?post=7720"}],"version-history":[{"count":40,"href":"https:\/\/www.delta-box.com\/en\/wp-json\/wp\/v2\/pages\/7720\/revisions"}],"predecessor-version":[{"id":9960,"href":"https:\/\/www.delta-box.com\/en\/wp-json\/wp\/v2\/pages\/7720\/revisions\/9960"}],"wp:attachment":[{"href":"https:\/\/www.delta-box.com\/en\/wp-json\/wp\/v2\/media?parent=7720"}],"curies":[{"name":"wp","href":"https:\/\/api.w.org\/{rel}","templated":true}]}}